{"id":11427,"date":"2024-09-18T02:35:30","date_gmt":"2024-09-18T02:35:30","guid":{"rendered":"https:\/\/yume-silm.com\/?post_type=product&#038;p=11427"},"modified":"2024-09-18T03:16:06","modified_gmt":"2024-09-18T03:16:06","slug":"chaqueta-de-sauna-de-fitness-de-manga-larga","status":"publish","type":"product","link":"https:\/\/yume-silm.com\/es\/producto-2\/chaqueta-de-sauna-de-fitness-de-manga-larga\/","title":{"rendered":"Chaqueta de sauna de fitness de manga larga que absorbe el sudor para hombre"},"content":{"rendered":"<h5>Caracteristicas de dise\u00f1o<\/h5>\n<ul>\n<li><strong>CONVENIENCIA:<\/strong> La chaqueta de sauna de fitness de manga larga presenta un dise\u00f1o de cremallera frontal, que es f\u00e1cil de poner y quitar, y los bolsillos con cremallera est\u00e1n dise\u00f1ados en ambos lados de la chaqueta para guardar art\u00edculos peque\u00f1os.<\/li>\n<li><strong>TEJIDO TRANSPIRABLE:<\/strong> La tela transpirable de alta elasticidad garantiza la circulaci\u00f3n del aire para evitar el sobrecalentamiento en un entorno de sauna o ejercicio de alta intensidad, manteni\u00e9ndote seco y c\u00f3modo todo el d\u00eda.<\/li>\n<li><strong>OCASI\u00d3N:<\/strong> Esta chaqueta de sauna es adecuada para fitness, running, yoga, sauna y diversos deportes al aire libre, con un aspecto tanto deportivo como informal, haci\u00e9ndote m\u00e1s deslumbrante en cualquier ocasi\u00f3n.<\/li>\n<li><strong>DISE\u00d1O APRETADO:<\/strong> Con un dise\u00f1o ergon\u00f3mico, las mallas se adaptan mejor a tu cuerpo, permiti\u00e9ndote quemar todo el cuerpo durante el ejercicio, acelerando la quema de grasa y garantizando al mismo tiempo comodidad y libertad de movimiento.<\/li>\n<\/ul>\n<h6><em>Traje de sauna para ejercicios de p\u00e9rdida de peso para hombres<\/em><\/h6>\n<ul>\n<li>\u00a1Este traje de sauna combina tela altamente el\u00e1stica y transpirable para un mejor ajuste y libertad de movimiento, y tela transpirable para mantenerte seco y c\u00f3modo durante todo el d\u00eda!<\/li>\n<\/ul>","protected":false},"excerpt":{"rendered":"<p>Ya sea en el gimnasio, la sauna o al aire libre, esta chaqueta de sauna de fitness de manga larga es la compa\u00f1era de entrenamiento ideal para ayudarlo a enfrentar f\u00e1cilmente todo tipo de desaf\u00edos deportivos.<\/p>","protected":false},"featured_media":11429,"comment_status":"open","ping_status":"closed","template":"","meta":{"site-sidebar-layout":"default","site-content-layout":"","ast-site-content-layout":"default","site-content-style":"default","site-sidebar-style":"default","ast-global-header-display":"","ast-banner-title-visibility":"","ast-main-header-display":"","ast-hfb-above-header-display":"","ast-hfb-below-header-display":"","ast-hfb-mobile-header-display":"","site-post-title":"","ast-breadcrumbs-content":"","ast-featured-img":"","footer-sml-layout":"","ast-disable-related-posts":"","theme-transparent-header-meta":"default","adv-header-id-meta":"","stick-header-meta":"default","header-above-stick-meta":"","header-main-stick-meta":"","header-below-stick-meta":"","astra-migrate-meta-layouts":"set","ast-page-background-enabled":"default","ast-page-background-meta":{"desktop":{"background-color":"","background-image":"","background-repeat":"repeat","background-position":"center center","background-size":"auto","background-attachment":"scroll","background-type":"","background-media":"","overlay-type":"","overlay-color":"","overlay-opacity":"","overlay-gradient":""},"tablet":{"background-color":"","background-image":"","background-repeat":"repeat","background-position":"center center","background-size":"auto","background-attachment":"scroll","background-type":"","background-media":"","overlay-type":"","overlay-color":"","overlay-opacity":"","overlay-gradient":""},"mobile":{"background-color":"","background-image":"","background-repeat":"repeat","background-position":"center center","background-size":"auto","background-attachment":"scroll","background-type":"","background-media":"","overlay-type":"","overlay-color":"","overlay-opacity":"","overlay-gradient":""}},"ast-content-background-meta":{"desktop":{"background-color":"var(--ast-global-color-5)","background-image":"","background-repeat":"repeat","background-position":"center center","background-size":"auto","background-attachment":"scroll","background-type":"","background-media":"","overlay-type":"","overlay-color":"","overlay-opacity":"","overlay-gradient":""},"tablet":{"background-color":"var(--ast-global-color-5)","background-image":"","background-repeat":"repeat","background-position":"center center","background-size":"auto","background-attachment":"scroll","background-type":"","background-media":"","overlay-type":"","overlay-color":"","overlay-opacity":"","overlay-gradient":""},"mobile":{"background-color":"var(--ast-global-color-5)","background-image":"","background-repeat":"repeat","background-position":"center center","background-size":"auto","background-attachment":"scroll","background-type":"","background-media":"","overlay-type":"","overlay-color":"","overlay-opacity":"","overlay-gradient":""}}},"product_brand":[],"product_cat":[65,76,97,98],"product_tag":[492,647,413,183,634,491,806,654],"class_list":{"0":"post-11427","1":"product","2":"type-product","3":"status-publish","4":"has-post-thumbnail","6":"product_cat-best-sellers","7":"product_cat-new-arrivels","8":"product_cat-sauna-suit","9":"product_cat-sauna-jacket","10":"product_tag-breathable","11":"product_tag-convenience","12":"product_tag-fitness","13":"product_tag-long-sleeve","14":"product_tag-sauna-jacket","15":"product_tag-seamless","16":"product_tag-sweat-wicking","17":"product_tag-tight","18":"pa_color-cost","19":"pa_size-2xl","20":"pa_size-3xl","21":"pa_size-4xl","22":"pa_size-l","23":"pa_size-m","24":"pa_size-xl","25":"desktop-align-center","26":"tablet-align-left","27":"mobile-align-left","28":"ast-product-gallery-layout-horizontal-slider","29":"ast-product-single-variable","30":"ast-product-tabs-layout-horizontal","31":"ast-qv-on-image","33":"first","34":"instock","35":"shipping-taxable","36":"purchasable","37":"product-type-variable"},"tiered_pricing_type":"fixed","tiered_pricing_fixed_rules":{"2":11.7,"50":11.6,"100":10.9},"tiered_pricing_product_settings":{"layout":"default","base_unit_name":{"singular":null,"plural":null},"default_variation":null},"tiered_pricing_minimum_quantity":null,"tiered_pricing_roles_data":[],"tiered_pricing_percentage_rules":[],"_links":{"self":[{"href":"https:\/\/yume-silm.com\/es\/wp-json\/wp\/v2\/product\/11427","targetHints":{"allow":["GET"]}}],"collection":[{"href":"https:\/\/yume-silm.com\/es\/wp-json\/wp\/v2\/product"}],"about":[{"href":"https:\/\/yume-silm.com\/es\/wp-json\/wp\/v2\/types\/product"}],"replies":[{"embeddable":true,"href":"https:\/\/yume-silm.com\/es\/wp-json\/wp\/v2\/comments?post=11427"}],"wp:featuredmedia":[{"embeddable":true,"href":"https:\/\/yume-silm.com\/es\/wp-json\/wp\/v2\/media\/11429"}],"wp:attachment":[{"href":"https:\/\/yume-silm.com\/es\/wp-json\/wp\/v2\/media?parent=11427"}],"wp:term":[{"taxonomy":"product_brand","embeddable":true,"href":"https:\/\/yume-silm.com\/es\/wp-json\/wp\/v2\/product_brand?post=11427"},{"taxonomy":"product_cat","embeddable":true,"href":"https:\/\/yume-silm.com\/es\/wp-json\/wp\/v2\/product_cat?post=11427"},{"taxonomy":"product_tag","embeddable":true,"href":"https:\/\/yume-silm.com\/es\/wp-json\/wp\/v2\/product_tag?post=11427"}],"curies":[{"name":"wp","href":"https:\/\/api.w.org\/{rel}","templated":true}]}}