{"id":11556,"date":"2024-09-20T05:38:18","date_gmt":"2024-09-20T05:38:18","guid":{"rendered":"https:\/\/yume-silm.com\/?post_type=product&#038;p=11556"},"modified":"2024-09-20T05:41:34","modified_gmt":"2024-09-20T05:41:34","slug":"sujetador-bbl-con-ajuste-de-apertura-frontal-sin-costuras","status":"publish","type":"product","link":"https:\/\/yume-silm.com\/es\/producto-2\/sujetador-bbl-con-ajuste-de-apertura-frontal-sin-costuras\/","title":{"rendered":"Sujetador Bbl con ajuste de apertura frontal sin costuras para mujer"},"content":{"rendered":"<h5>Caracteristicas de dise\u00f1o<\/h5>\n<ul>\n<li><strong>DISE\u00d1O DE HEBILLA DELANTERA: <\/strong>Sujetadores bbl con ajuste de apertura frontal sin costuras con dise\u00f1o de tirantes anchos, que ayudan a aliviar la presi\u00f3n de los hombros y la apertura frontal es m\u00e1s c\u00f3moda de poner y quitar, diciendo adi\u00f3s a la molestia de una hebilla trasera, adecuado para mujeres que buscan una vida c\u00f3moda.<\/li>\n<li><strong>POSTURA CORRECTA:<\/strong> Este sujetador sin costuras puede ayudar a corregir la postura de tu espalda, y la tela de malla suave y el\u00e1stica puede suavizar y ocultar la curvatura de tu espalda para que tengas una mejor postura y te veas m\u00e1s encantadora y delgada desde la espalda.<\/li>\n<li><strong>DISE\u00d1O INCONS\u00daTIL: <\/strong>Hecho de material de alta elasticidad, con tecnolog\u00eda de tejido sin costuras para evitar molestias y hendiduras, suave y transpirable, para que pueda usarlo c\u00f3modamente todo el d\u00eda, brindando una experiencia de uso suave y ajustada.<\/li>\n<li><strong>OCASI\u00d3N:<\/strong> Ya sea para actividades diarias, deportes u ocasiones de ocio, este sujetador se convertir\u00e1 en tu compa\u00f1ero \u00edntimo, brind\u00e1ndote una doble experiencia de belleza y comodidad.<\/li>\n<\/ul>\n<p><a href=\"https:\/\/yume-silm.com\/wp-content\/uploads\/2024\/09\/Womens-seamless-front-opening-adjustment-bbl-bras1.jpg\"><img fetchpriority=\"high\" decoding=\"async\" class=\"alignnone wp-image-11558 size-medium\" src=\"https:\/\/yume-silm.com\/wp-content\/uploads\/2024\/09\/Womens-seamless-front-opening-adjustment-bbl-bras1-300x300.jpg\" alt=\"Sujetador deportivo Yumesilm con ajuste frontal y sin costuras para mujer\" width=\"300\" height=\"300\" title=\"\" srcset=\"https:\/\/yume-silm.com\/wp-content\/uploads\/2024\/09\/Womens-seamless-front-opening-adjustment-bbl-bras1-300x300.jpg 300w, https:\/\/yume-silm.com\/wp-content\/uploads\/2024\/09\/Womens-seamless-front-opening-adjustment-bbl-bras1-150x150.jpg 150w, https:\/\/yume-silm.com\/wp-content\/uploads\/2024\/09\/Womens-seamless-front-opening-adjustment-bbl-bras1-768x768.jpg 768w, https:\/\/yume-silm.com\/wp-content\/uploads\/2024\/09\/Womens-seamless-front-opening-adjustment-bbl-bras1-12x12.jpg 12w, https:\/\/yume-silm.com\/wp-content\/uploads\/2024\/09\/Womens-seamless-front-opening-adjustment-bbl-bras1-100x100.jpg 100w, https:\/\/yume-silm.com\/wp-content\/uploads\/2024\/09\/Womens-seamless-front-opening-adjustment-bbl-bras1.jpg 800w\" sizes=\"(max-width: 300px) 100vw, 300px\" \/><\/a><a href=\"https:\/\/yume-silm.com\/wp-content\/uploads\/2024\/09\/Womens-seamless-front-opening-adjustment-bbl-bras5.jpg\"><img decoding=\"async\" class=\"alignnone wp-image-11561 size-medium\" src=\"https:\/\/yume-silm.com\/wp-content\/uploads\/2024\/09\/Womens-seamless-front-opening-adjustment-bbl-bras5-300x300.jpg\" alt=\"Sujetador deportivo Yumesilm con ajuste frontal y sin costuras para mujer\" width=\"300\" height=\"300\" title=\"\" srcset=\"https:\/\/yume-silm.com\/wp-content\/uploads\/2024\/09\/Womens-seamless-front-opening-adjustment-bbl-bras5-300x300.jpg 300w, https:\/\/yume-silm.com\/wp-content\/uploads\/2024\/09\/Womens-seamless-front-opening-adjustment-bbl-bras5-150x150.jpg 150w, https:\/\/yume-silm.com\/wp-content\/uploads\/2024\/09\/Womens-seamless-front-opening-adjustment-bbl-bras5-768x768.jpg 768w, https:\/\/yume-silm.com\/wp-content\/uploads\/2024\/09\/Womens-seamless-front-opening-adjustment-bbl-bras5-12x12.jpg 12w, https:\/\/yume-silm.com\/wp-content\/uploads\/2024\/09\/Womens-seamless-front-opening-adjustment-bbl-bras5-100x100.jpg 100w, https:\/\/yume-silm.com\/wp-content\/uploads\/2024\/09\/Womens-seamless-front-opening-adjustment-bbl-bras5.jpg 800w\" sizes=\"(max-width: 300px) 100vw, 300px\" \/><\/a><\/p>\n<h6><em>Sujetador postoperatorio de cobertura completa para mujer<\/em><\/h6>\n<ul>\n<li>Este sost\u00e9n quir\u00fargico posoperatorio de cobertura total evita la compresi\u00f3n del pecho despu\u00e9s de una cirug\u00eda de mama, permite que la sangre y la linfa circulen normalmente y proporciona elevaci\u00f3n y soporte \u00f3ptimos para la recuperaci\u00f3n y la comodidad posoperatorias.<\/li>\n<\/ul>","protected":false},"excerpt":{"rendered":"<p>El sujetador BBL con ajuste de apertura frontal sin costuras utiliza tecnolog\u00eda avanzada sin costuras, tela suave y agradable para la piel, reduce la fricci\u00f3n, te mantiene fresca y c\u00f3moda todo el d\u00eda y est\u00e1 dise\u00f1ado para brindar m\u00e1s opciones para las mujeres que buscan comodidad, soporte y facilidad de uso y extracci\u00f3n.<\/p>","protected":false},"featured_media":11557,"comment_status":"open","ping_status":"closed","template":"","meta":{"site-sidebar-layout":"default","site-content-layout":"","ast-site-content-layout":"default","site-content-style":"default","site-sidebar-style":"default","ast-global-header-display":"","ast-banner-title-visibility":"","ast-main-header-display":"","ast-hfb-above-header-display":"","ast-hfb-below-header-display":"","ast-hfb-mobile-header-display":"","site-post-title":"","ast-breadcrumbs-content":"","ast-featured-img":"","footer-sml-layout":"","ast-disable-related-posts":"","theme-transparent-header-meta":"default","adv-header-id-meta":"","stick-header-meta":"default","header-above-stick-meta":"","header-main-stick-meta":"","header-below-stick-meta":"","astra-migrate-meta-layouts":"set","ast-page-background-enabled":"default","ast-page-background-meta":{"desktop":{"background-color":"","background-image":"","background-repeat":"repeat","background-position":"center center","background-size":"auto","background-attachment":"scroll","background-type":"","background-media":"","overlay-type":"","overlay-color":"","overlay-opacity":"","overlay-gradient":""},"tablet":{"background-color":"","background-image":"","background-repeat":"repeat","background-position":"center center","background-size":"auto","background-attachment":"scroll","background-type":"","background-media":"","overlay-type":"","overlay-color":"","overlay-opacity":"","overlay-gradient":""},"mobile":{"background-color":"","background-image":"","background-repeat":"repeat","background-position":"center center","background-size":"auto","background-attachment":"scroll","background-type":"","background-media":"","overlay-type":"","overlay-color":"","overlay-opacity":"","overlay-gradient":""}},"ast-content-background-meta":{"desktop":{"background-color":"var(--ast-global-color-5)","background-image":"","background-repeat":"repeat","background-position":"center center","background-size":"auto","background-attachment":"scroll","background-type":"","background-media":"","overlay-type":"","overlay-color":"","overlay-opacity":"","overlay-gradient":""},"tablet":{"background-color":"var(--ast-global-color-5)","background-image":"","background-repeat":"repeat","background-position":"center center","background-size":"auto","background-attachment":"scroll","background-type":"","background-media":"","overlay-type":"","overlay-color":"","overlay-opacity":"","overlay-gradient":""},"mobile":{"background-color":"var(--ast-global-color-5)","background-image":"","background-repeat":"repeat","background-position":"center center","background-size":"auto","background-attachment":"scroll","background-type":"","background-media":"","overlay-type":"","overlay-color":"","overlay-opacity":"","overlay-gradient":""}}},"product_brand":[],"product_cat":[65,76,259,583],"product_tag":[194,983,986,982,984,693,981,985,491],"class_list":{"0":"post-11556","1":"product","2":"type-product","3":"status-publish","4":"has-post-thumbnail","6":"product_cat-best-sellers","7":"product_cat-new-arrivels","8":"product_cat-lingerie","9":"product_cat-plus-size-underwear","10":"product_tag-adjustable","11":"product_tag-bbl","12":"product_tag-correct-posture","13":"product_tag-front-opening","14":"product_tag-full-coverage","15":"product_tag-high-elastic","16":"product_tag-plussize","17":"product_tag-postoperative-bra","18":"product_tag-seamless","19":"pa_color-beige","20":"pa_color-black","21":"pa_size-2xl","22":"pa_size-3xl","23":"pa_size-4xl","24":"pa_size-l","25":"pa_size-m","26":"pa_size-s","27":"pa_size-xl","28":"desktop-align-center","29":"tablet-align-left","30":"mobile-align-left","31":"ast-product-gallery-layout-horizontal-slider","32":"ast-product-single-variable","33":"ast-product-tabs-layout-horizontal","34":"ast-qv-on-image","36":"first","37":"instock","38":"shipping-taxable","39":"purchasable","40":"product-type-variable"},"tiered_pricing_type":"fixed","tiered_pricing_fixed_rules":{"2":8,"50":7.5,"100":7},"tiered_pricing_product_settings":{"layout":"default","base_unit_name":{"singular":null,"plural":null},"default_variation":null},"tiered_pricing_minimum_quantity":null,"tiered_pricing_roles_data":[],"tiered_pricing_percentage_rules":[],"_links":{"self":[{"href":"https:\/\/yume-silm.com\/es\/wp-json\/wp\/v2\/product\/11556","targetHints":{"allow":["GET"]}}],"collection":[{"href":"https:\/\/yume-silm.com\/es\/wp-json\/wp\/v2\/product"}],"about":[{"href":"https:\/\/yume-silm.com\/es\/wp-json\/wp\/v2\/types\/product"}],"replies":[{"embeddable":true,"href":"https:\/\/yume-silm.com\/es\/wp-json\/wp\/v2\/comments?post=11556"}],"wp:featuredmedia":[{"embeddable":true,"href":"https:\/\/yume-silm.com\/es\/wp-json\/wp\/v2\/media\/11557"}],"wp:attachment":[{"href":"https:\/\/yume-silm.com\/es\/wp-json\/wp\/v2\/media?parent=11556"}],"wp:term":[{"taxonomy":"product_brand","embeddable":true,"href":"https:\/\/yume-silm.com\/es\/wp-json\/wp\/v2\/product_brand?post=11556"},{"taxonomy":"product_cat","embeddable":true,"href":"https:\/\/yume-silm.com\/es\/wp-json\/wp\/v2\/product_cat?post=11556"},{"taxonomy":"product_tag","embeddable":true,"href":"https:\/\/yume-silm.com\/es\/wp-json\/wp\/v2\/product_tag?post=11556"}],"curies":[{"name":"wp","href":"https:\/\/api.w.org\/{rel}","templated":true}]}}