{"id":11581,"date":"2024-09-20T06:12:45","date_gmt":"2024-09-20T06:12:45","guid":{"rendered":"https:\/\/yume-silm.com\/?post_type=product&#038;p=11581"},"modified":"2024-09-20T06:14:57","modified_gmt":"2024-09-20T06:14:57","slug":"sujetador-de-maternidad-sin-aros-y-con-soporte-suave-para-lactancia","status":"publish","type":"product","link":"https:\/\/yume-silm.com\/es\/producto-2\/sujetador-de-maternidad-sin-aros-y-con-soporte-suave-para-lactancia\/","title":{"rendered":"Sujetador de maternidad sin aros y con soporte suave para lactancia para mujer"},"content":{"rendered":"<h5>Caracteristicas de dise\u00f1o<\/h5>\n<ul>\n<li><strong>DISE\u00d1O SIN CABLES:<\/strong> El sujetador de maternidad sin aros con soporte suave para lactancia est\u00e1 equipado con un acolchado transpirable y f\u00e1cilmente ajustable, que es suave y c\u00f3modo, lo que le brinda una experiencia de uso c\u00f3moda, sin presi\u00f3n y es adecuado para uso a largo plazo.<\/li>\n<li><strong>ENFERMER\u00cdA CONVENIENTE:<\/strong> El sujetador de maternidad est\u00e1 equipado con tirantes ajustables y una hebilla de lactancia de un solo paso, que puede maximizar el contacto piel con piel con el beb\u00e9 durante la lactancia.<\/li>\n<li><strong>SUAVE Y TRANSPIRABLE:<\/strong> Hecho de tela suave y transpirable, puede reducir la irritaci\u00f3n y brindar la m\u00e1xima comodidad para la mam\u00e1 y el beb\u00e9, permiti\u00e9ndole adaptarse mejor a los cambios en su cuerpo durante el embarazo y la lactancia.<\/li>\n<li><strong>USAR:<\/strong> El dise\u00f1o de escote en V realza la curva del pecho y se puede utilizar como sost\u00e9n de lactancia, sost\u00e9n de maternidad, sost\u00e9n para dormir, sost\u00e9n diario y sost\u00e9n deportivo de bajo impacto.<\/li>\n<\/ul>\n<p><a href=\"https:\/\/yume-silm.com\/wp-content\/uploads\/2024\/09\/Womens-nursing-soft-support-no-wire-maternity-bras4.jpg\"><img fetchpriority=\"high\" decoding=\"async\" class=\"alignnone wp-image-11586 size-medium\" src=\"https:\/\/yume-silm.com\/wp-content\/uploads\/2024\/09\/Womens-nursing-soft-support-no-wire-maternity-bras4-300x300.jpg\" alt=\"Sujetador de maternidad Yumesilm de lactancia suave y sin aros para mujer\" width=\"300\" height=\"300\" title=\"\" srcset=\"https:\/\/yume-silm.com\/wp-content\/uploads\/2024\/09\/Womens-nursing-soft-support-no-wire-maternity-bras4-300x300.jpg 300w, https:\/\/yume-silm.com\/wp-content\/uploads\/2024\/09\/Womens-nursing-soft-support-no-wire-maternity-bras4-150x150.jpg 150w, https:\/\/yume-silm.com\/wp-content\/uploads\/2024\/09\/Womens-nursing-soft-support-no-wire-maternity-bras4-768x768.jpg 768w, https:\/\/yume-silm.com\/wp-content\/uploads\/2024\/09\/Womens-nursing-soft-support-no-wire-maternity-bras4-12x12.jpg 12w, https:\/\/yume-silm.com\/wp-content\/uploads\/2024\/09\/Womens-nursing-soft-support-no-wire-maternity-bras4-100x100.jpg 100w, https:\/\/yume-silm.com\/wp-content\/uploads\/2024\/09\/Womens-nursing-soft-support-no-wire-maternity-bras4.jpg 800w\" sizes=\"(max-width: 300px) 100vw, 300px\" \/><\/a><a href=\"https:\/\/yume-silm.com\/wp-content\/uploads\/2024\/09\/Womens-nursing-soft-support-no-wire-maternity-bras3.jpg\"><img decoding=\"async\" class=\"alignnone wp-image-11587 size-medium\" src=\"https:\/\/yume-silm.com\/wp-content\/uploads\/2024\/09\/Womens-nursing-soft-support-no-wire-maternity-bras3-300x300.jpg\" alt=\"Sujetador de maternidad sin aros y con soporte suave para lactancia para mujer\" width=\"300\" height=\"300\" title=\"\" srcset=\"https:\/\/yume-silm.com\/wp-content\/uploads\/2024\/09\/Womens-nursing-soft-support-no-wire-maternity-bras3-300x300.jpg 300w, https:\/\/yume-silm.com\/wp-content\/uploads\/2024\/09\/Womens-nursing-soft-support-no-wire-maternity-bras3-150x150.jpg 150w, https:\/\/yume-silm.com\/wp-content\/uploads\/2024\/09\/Womens-nursing-soft-support-no-wire-maternity-bras3-768x768.jpg 768w, https:\/\/yume-silm.com\/wp-content\/uploads\/2024\/09\/Womens-nursing-soft-support-no-wire-maternity-bras3-12x12.jpg 12w, https:\/\/yume-silm.com\/wp-content\/uploads\/2024\/09\/Womens-nursing-soft-support-no-wire-maternity-bras3-100x100.jpg 100w, https:\/\/yume-silm.com\/wp-content\/uploads\/2024\/09\/Womens-nursing-soft-support-no-wire-maternity-bras3.jpg 800w\" sizes=\"(max-width: 300px) 100vw, 300px\" \/><\/a><\/p>\n<h6><em>Sujetador de maternidad transpirable sin costuras para mujer<\/em><\/h6>\n<ul>\n<li>El sujetador de mujer se adapta a la curva del pecho, es ligero y no ejerce presi\u00f3n, lo que le permite disfrutar de un cuidado libre y c\u00f3modo durante el embarazo y la lactancia, garantizando un ajuste ce\u00f1ido y comodidad en todo momento.<\/li>\n<\/ul>","protected":false},"excerpt":{"rendered":"<p>Ya sea que la lactancia materna con sujetador de maternidad sin varilla y soporte suave sea un d\u00eda ajetreado o una noche tranquila, este sujetador es un compa\u00f1ero ideal para las mujeres embarazadas y en per\u00edodo de lactancia, brind\u00e1ndole tranquilidad e irradiando el suave brillo de la maternidad en todo momento.<\/p>","protected":false},"featured_media":11582,"comment_status":"open","ping_status":"closed","template":"","meta":{"site-sidebar-layout":"default","site-content-layout":"","ast-site-content-layout":"default","site-content-style":"default","site-sidebar-style":"default","ast-global-header-display":"","ast-banner-title-visibility":"","ast-main-header-display":"","ast-hfb-above-header-display":"","ast-hfb-below-header-display":"","ast-hfb-mobile-header-display":"","site-post-title":"","ast-breadcrumbs-content":"","ast-featured-img":"","footer-sml-layout":"","ast-disable-related-posts":"","theme-transparent-header-meta":"default","adv-header-id-meta":"","stick-header-meta":"default","header-above-stick-meta":"","header-main-stick-meta":"","header-below-stick-meta":"","astra-migrate-meta-layouts":"set","ast-page-background-enabled":"default","ast-page-background-meta":{"desktop":{"background-color":"","background-image":"","background-repeat":"repeat","background-position":"center center","background-size":"auto","background-attachment":"scroll","background-type":"","background-media":"","overlay-type":"","overlay-color":"","overlay-opacity":"","overlay-gradient":""},"tablet":{"background-color":"","background-image":"","background-repeat":"repeat","background-position":"center center","background-size":"auto","background-attachment":"scroll","background-type":"","background-media":"","overlay-type":"","overlay-color":"","overlay-opacity":"","overlay-gradient":""},"mobile":{"background-color":"","background-image":"","background-repeat":"repeat","background-position":"center center","background-size":"auto","background-attachment":"scroll","background-type":"","background-media":"","overlay-type":"","overlay-color":"","overlay-opacity":"","overlay-gradient":""}},"ast-content-background-meta":{"desktop":{"background-color":"var(--ast-global-color-5)","background-image":"","background-repeat":"repeat","background-position":"center center","background-size":"auto","background-attachment":"scroll","background-type":"","background-media":"","overlay-type":"","overlay-color":"","overlay-opacity":"","overlay-gradient":""},"tablet":{"background-color":"var(--ast-global-color-5)","background-image":"","background-repeat":"repeat","background-position":"center center","background-size":"auto","background-attachment":"scroll","background-type":"","background-media":"","overlay-type":"","overlay-color":"","overlay-opacity":"","overlay-gradient":""},"mobile":{"background-color":"var(--ast-global-color-5)","background-image":"","background-repeat":"repeat","background-position":"center center","background-size":"auto","background-attachment":"scroll","background-type":"","background-media":"","overlay-type":"","overlay-color":"","overlay-opacity":"","overlay-gradient":""}}},"product_brand":[],"product_cat":[65,76,259,583],"product_tag":[990,492,844,987,988,491,687,989],"class_list":{"0":"post-11581","1":"product","2":"type-product","3":"status-publish","4":"has-post-thumbnail","6":"product_cat-best-sellers","7":"product_cat-new-arrivels","8":"product_cat-lingerie","9":"product_cat-plus-size-underwear","10":"product_tag-breastfeeding","11":"product_tag-breathable","12":"product_tag-convenient","13":"product_tag-maternity-bra","14":"product_tag-no-wire","15":"product_tag-seamless","16":"product_tag-soft","17":"product_tag-v-neck","18":"pa_color-beige","19":"pa_color-black","20":"pa_color-purple","21":"pa_size-2xl","22":"pa_size-l","23":"pa_size-m","24":"pa_size-s","25":"pa_size-xl","26":"desktop-align-center","27":"tablet-align-left","28":"mobile-align-left","29":"ast-product-gallery-layout-horizontal-slider","30":"ast-product-single-variable","31":"ast-product-tabs-layout-horizontal","32":"ast-qv-on-image","34":"first","35":"instock","36":"shipping-taxable","37":"purchasable","38":"product-type-variable"},"tiered_pricing_type":"fixed","tiered_pricing_fixed_rules":{"2":8.45,"50":8,"100":7.5},"tiered_pricing_product_settings":{"layout":"default","base_unit_name":{"singular":null,"plural":null},"default_variation":null},"tiered_pricing_minimum_quantity":null,"tiered_pricing_roles_data":[],"tiered_pricing_percentage_rules":[],"_links":{"self":[{"href":"https:\/\/yume-silm.com\/es\/wp-json\/wp\/v2\/product\/11581","targetHints":{"allow":["GET"]}}],"collection":[{"href":"https:\/\/yume-silm.com\/es\/wp-json\/wp\/v2\/product"}],"about":[{"href":"https:\/\/yume-silm.com\/es\/wp-json\/wp\/v2\/types\/product"}],"replies":[{"embeddable":true,"href":"https:\/\/yume-silm.com\/es\/wp-json\/wp\/v2\/comments?post=11581"}],"wp:featuredmedia":[{"embeddable":true,"href":"https:\/\/yume-silm.com\/es\/wp-json\/wp\/v2\/media\/11582"}],"wp:attachment":[{"href":"https:\/\/yume-silm.com\/es\/wp-json\/wp\/v2\/media?parent=11581"}],"wp:term":[{"taxonomy":"product_brand","embeddable":true,"href":"https:\/\/yume-silm.com\/es\/wp-json\/wp\/v2\/product_brand?post=11581"},{"taxonomy":"product_cat","embeddable":true,"href":"https:\/\/yume-silm.com\/es\/wp-json\/wp\/v2\/product_cat?post=11581"},{"taxonomy":"product_tag","embeddable":true,"href":"https:\/\/yume-silm.com\/es\/wp-json\/wp\/v2\/product_tag?post=11581"}],"curies":[{"name":"wp","href":"https:\/\/api.w.org\/{rel}","templated":true}]}}