{"id":12186,"date":"2024-09-28T09:11:02","date_gmt":"2024-09-28T09:11:02","guid":{"rendered":"https:\/\/yume-silm.com\/?post_type=product&#038;p=12186"},"modified":"2024-12-11T05:54:50","modified_gmt":"2024-12-11T05:54:50","slug":"vendaje-recortador-de-muslos","status":"publish","type":"product","link":"https:\/\/yume-silm.com\/es\/producto-2\/vendaje-recortador-de-muslos\/","title":{"rendered":"Vendaje reductor de muslos con vaporizador para sauna deportiva"},"content":{"rendered":"<h5>Caracteristicas de dise\u00f1o<\/h5>\n<ul>\n<li><strong>MOLDEADO EFICIENTE:<\/strong> Vendaje recortador de muslosEl dise\u00f1o de correa patentado proporciona un soporte fuerte, tensa eficazmente los muslos y da forma a l\u00edneas elegantes.<\/li>\n<li><strong>PROMUEVE LA TRANSPIRACI\u00d3N:<\/strong> El uso de material transpirable ayuda a aumentar la temperatura corporal, acelerar la transpiraci\u00f3n y descargar r\u00e1pidamente el exceso de agua para lograr un efecto sauna.<\/li>\n<li><strong>AJUSTE C\u00d3MODO:<\/strong> El material el\u00e1stico asegura que las correas est\u00e9n cerca de la piel, sean c\u00f3modas de usar, no se resbalen f\u00e1cilmente y sean adecuadas para diversas escenas deportivas.<\/li>\n<li><strong>AJUSTE CONVENIENTE:<\/strong> El dise\u00f1o de la correa ajustable es adecuado para diferentes formas de cuerpo y es f\u00e1cil encontrar el ajuste m\u00e1s c\u00f3modo.<\/li>\n<\/ul>\n<p><a href=\"https:\/\/yume-silm.com\/wp-content\/uploads\/2024\/09\/Sports-sauna-sweat-steamer-thigh-trimmer-bandage5.jpg\"><img fetchpriority=\"high\" decoding=\"async\" class=\"alignnone wp-image-12195 size-medium\" src=\"https:\/\/yume-silm.com\/wp-content\/uploads\/2024\/09\/Sports-sauna-sweat-steamer-thigh-trimmer-bandage5-300x300.jpg\" alt=\"Sauna deportiva, vaporizador de sudor, vendaje reductor de muslos\" width=\"300\" height=\"300\" title=\"\" srcset=\"https:\/\/yume-silm.com\/wp-content\/uploads\/2024\/09\/Sports-sauna-sweat-steamer-thigh-trimmer-bandage5-300x300.jpg 300w, https:\/\/yume-silm.com\/wp-content\/uploads\/2024\/09\/Sports-sauna-sweat-steamer-thigh-trimmer-bandage5-150x150.jpg 150w, https:\/\/yume-silm.com\/wp-content\/uploads\/2024\/09\/Sports-sauna-sweat-steamer-thigh-trimmer-bandage5-768x768.jpg 768w, https:\/\/yume-silm.com\/wp-content\/uploads\/2024\/09\/Sports-sauna-sweat-steamer-thigh-trimmer-bandage5-12x12.jpg 12w, https:\/\/yume-silm.com\/wp-content\/uploads\/2024\/09\/Sports-sauna-sweat-steamer-thigh-trimmer-bandage5-100x100.jpg 100w, https:\/\/yume-silm.com\/wp-content\/uploads\/2024\/09\/Sports-sauna-sweat-steamer-thigh-trimmer-bandage5.jpg 800w\" sizes=\"(max-width: 300px) 100vw, 300px\" \/><\/a> <a href=\"https:\/\/yume-silm.com\/wp-content\/uploads\/2024\/09\/Sports-sauna-sweat-steamer-thigh-trimmer-bandage4.jpg\"><img decoding=\"async\" class=\"alignnone wp-image-12194 size-medium\" src=\"https:\/\/yume-silm.com\/wp-content\/uploads\/2024\/09\/Sports-sauna-sweat-steamer-thigh-trimmer-bandage4-300x300.jpg\" alt=\"Sauna deportiva, vaporizador de sudor, vendaje reductor de muslos\" width=\"300\" height=\"300\" title=\"\" srcset=\"https:\/\/yume-silm.com\/wp-content\/uploads\/2024\/09\/Sports-sauna-sweat-steamer-thigh-trimmer-bandage4-300x300.jpg 300w, https:\/\/yume-silm.com\/wp-content\/uploads\/2024\/09\/Sports-sauna-sweat-steamer-thigh-trimmer-bandage4-150x150.jpg 150w, https:\/\/yume-silm.com\/wp-content\/uploads\/2024\/09\/Sports-sauna-sweat-steamer-thigh-trimmer-bandage4-768x768.jpg 768w, https:\/\/yume-silm.com\/wp-content\/uploads\/2024\/09\/Sports-sauna-sweat-steamer-thigh-trimmer-bandage4-12x12.jpg 12w, https:\/\/yume-silm.com\/wp-content\/uploads\/2024\/09\/Sports-sauna-sweat-steamer-thigh-trimmer-bandage4-100x100.jpg 100w, https:\/\/yume-silm.com\/wp-content\/uploads\/2024\/09\/Sports-sauna-sweat-steamer-thigh-trimmer-bandage4.jpg 800w\" sizes=\"(max-width: 300px) 100vw, 300px\" \/><\/a><\/p>\n<h6><em>Cintur\u00f3n moldeador corporal adelgazante de sauna<\/em><\/h6>\n<ul>\n<li>Llevar este cintur\u00f3n moldeador de sauna puede ayudarte a acelerar la p\u00e9rdida de peso. Su dise\u00f1o simple y moderno te permite mantenerte a la moda mientras haces ejercicio.<\/li>\n<\/ul>","protected":false},"excerpt":{"rendered":"<p>Ya sea que el vendaje recortador de muslos sea un ejercicio diario o una sesi\u00f3n de vapor en la sauna, \u00a1las correas adelgazantes de muslos con vapor en la sauna deportiva son su compa\u00f1ero ideal para moldear!<\/p>","protected":false},"featured_media":12190,"comment_status":"open","ping_status":"closed","template":"","meta":{"site-sidebar-layout":"default","site-content-layout":"","ast-site-content-layout":"default","site-content-style":"default","site-sidebar-style":"default","ast-global-header-display":"","ast-banner-title-visibility":"","ast-main-header-display":"","ast-hfb-above-header-display":"","ast-hfb-below-header-display":"","ast-hfb-mobile-header-display":"","site-post-title":"","ast-breadcrumbs-content":"","ast-featured-img":"","footer-sml-layout":"","ast-disable-related-posts":"","theme-transparent-header-meta":"default","adv-header-id-meta":"","stick-header-meta":"default","header-above-stick-meta":"","header-main-stick-meta":"","header-below-stick-meta":"","astra-migrate-meta-layouts":"set","ast-page-background-enabled":"default","ast-page-background-meta":{"desktop":{"background-color":"","background-image":"","background-repeat":"repeat","background-position":"center center","background-size":"auto","background-attachment":"scroll","background-type":"","background-media":"","overlay-type":"","overlay-color":"","overlay-opacity":"","overlay-gradient":""},"tablet":{"background-color":"","background-image":"","background-repeat":"repeat","background-position":"center center","background-size":"auto","background-attachment":"scroll","background-type":"","background-media":"","overlay-type":"","overlay-color":"","overlay-opacity":"","overlay-gradient":""},"mobile":{"background-color":"","background-image":"","background-repeat":"repeat","background-position":"center center","background-size":"auto","background-attachment":"scroll","background-type":"","background-media":"","overlay-type":"","overlay-color":"","overlay-opacity":"","overlay-gradient":""}},"ast-content-background-meta":{"desktop":{"background-color":"var(--ast-global-color-5)","background-image":"","background-repeat":"repeat","background-position":"center center","background-size":"auto","background-attachment":"scroll","background-type":"","background-media":"","overlay-type":"","overlay-color":"","overlay-opacity":"","overlay-gradient":""},"tablet":{"background-color":"var(--ast-global-color-5)","background-image":"","background-repeat":"repeat","background-position":"center center","background-size":"auto","background-attachment":"scroll","background-type":"","background-media":"","overlay-type":"","overlay-color":"","overlay-opacity":"","overlay-gradient":""},"mobile":{"background-color":"var(--ast-global-color-5)","background-image":"","background-repeat":"repeat","background-position":"center center","background-size":"auto","background-attachment":"scroll","background-type":"","background-media":"","overlay-type":"","overlay-color":"","overlay-opacity":"","overlay-gradient":""}}},"product_brand":[],"product_cat":[65,76,97,626],"product_tag":[492,646,701,1035,535,1034,558],"class_list":{"0":"post-12186","1":"product","2":"type-product","3":"status-publish","4":"has-post-thumbnail","6":"product_cat-best-sellers","7":"product_cat-new-arrivels","8":"product_cat-sauna-suit","9":"product_cat-sauna-accessories","10":"product_tag-breathable","11":"product_tag-comfortable","12":"product_tag-fashionable","13":"product_tag-sauna-sweat-belt","14":"product_tag-slimming","15":"product_tag-thigh-trimmer","16":"product_tag-weight-loss","17":"pa_color-silver","18":"pa_size-free","19":"desktop-align-center","20":"tablet-align-left","21":"mobile-align-left","22":"ast-product-gallery-layout-horizontal-slider","23":"ast-product-single-variable","24":"ast-product-tabs-layout-horizontal","25":"ast-qv-on-image","27":"first","28":"instock","29":"shipping-taxable","30":"purchasable","31":"product-type-variable"},"tiered_pricing_type":"fixed","tiered_pricing_fixed_rules":{"10":3.7,"50":3.2,"100":2.9},"tiered_pricing_product_settings":{"layout":"default","base_unit_name":{"singular":null,"plural":null},"default_variation":null},"tiered_pricing_minimum_quantity":null,"tiered_pricing_roles_data":[],"tiered_pricing_percentage_rules":[],"_links":{"self":[{"href":"https:\/\/yume-silm.com\/es\/wp-json\/wp\/v2\/product\/12186","targetHints":{"allow":["GET"]}}],"collection":[{"href":"https:\/\/yume-silm.com\/es\/wp-json\/wp\/v2\/product"}],"about":[{"href":"https:\/\/yume-silm.com\/es\/wp-json\/wp\/v2\/types\/product"}],"replies":[{"embeddable":true,"href":"https:\/\/yume-silm.com\/es\/wp-json\/wp\/v2\/comments?post=12186"}],"wp:featuredmedia":[{"embeddable":true,"href":"https:\/\/yume-silm.com\/es\/wp-json\/wp\/v2\/media\/12190"}],"wp:attachment":[{"href":"https:\/\/yume-silm.com\/es\/wp-json\/wp\/v2\/media?parent=12186"}],"wp:term":[{"taxonomy":"product_brand","embeddable":true,"href":"https:\/\/yume-silm.com\/es\/wp-json\/wp\/v2\/product_brand?post=12186"},{"taxonomy":"product_cat","embeddable":true,"href":"https:\/\/yume-silm.com\/es\/wp-json\/wp\/v2\/product_cat?post=12186"},{"taxonomy":"product_tag","embeddable":true,"href":"https:\/\/yume-silm.com\/es\/wp-json\/wp\/v2\/product_tag?post=12186"}],"curies":[{"name":"wp","href":"https:\/\/api.w.org\/{rel}","templated":true}]}}