{"id":12198,"date":"2024-09-28T09:31:08","date_gmt":"2024-09-28T09:31:08","guid":{"rendered":"https:\/\/yume-silm.com\/?post_type=product&#038;p=12198"},"modified":"2024-12-11T05:55:06","modified_gmt":"2024-12-11T05:55:06","slug":"vendaje-para-brazo-para-bajar-de-peso","status":"publish","type":"product","link":"https:\/\/yume-silm.com\/es\/producto-2\/vendaje-para-brazo-para-bajar-de-peso\/","title":{"rendered":"Vendaje moldeador de compresi\u00f3n para brazos para bajar de peso para mujeres"},"content":{"rendered":"<h5>Caracteristicas de dise\u00f1o<\/h5>\n<ul>\n<li><strong>COMPRESI\u00d3N EFICIENTE:<\/strong> El vendaje para el brazo para bajar de peso puede brindar un soporte ideal, ayudar a tensar la piel del brazo y dar forma a curvas atractivas.<\/li>\n<li><strong>P\u00c9RDIDA DE PESO:<\/strong> Acelera la quema de calor\u00edas de los brazos y ayuda a dar forma y tonificar la apariencia de la grasa rebelde de los brazos, lo que le permite tener brazos delgados perfectos en el menor tiempo posible.<\/li>\n<li><strong>TEJIDO TRANSPIRABLE:<\/strong> Hecho de tela transpirable y suave, garantiza un uso c\u00f3modo durante mucho tiempo, ayudando a aliviar el dolor y la fatiga.<\/li>\n<li><strong>RECUPERACI\u00d3N POSTOPERATORIA:<\/strong> Esto se puede utilizar para apoyar los m\u00fasculos y las articulaciones, reducir la hinchaz\u00f3n, aliviar el dolor de las articulaciones y mantener las articulaciones estables.<\/li>\n<\/ul>\n<h6><em>Pulsera adelgazante de alta elasticidad para mujer<\/em><\/h6>\n<ul>\n<li>Esta pulsera para mujer utiliza materiales de compresi\u00f3n de alta tecnolog\u00eda para moldear eficazmente las l\u00edneas del brazo y reducir el exceso de grasa, lo que le permite mostrar confianza en cualquier ocasi\u00f3n.<\/li>\n<\/ul>","protected":false},"excerpt":{"rendered":"<p>Nuestra faja reductora de peso est\u00e1 dise\u00f1ada para mujeres que buscan un cuerpo perfecto, \u00a1permiti\u00e9ndoles irradiar confianza y lucir elegantes! Con materiales de compresi\u00f3n de alta tecnolog\u00eda, moldea eficazmente la l\u00ednea de los brazos y reduce el exceso de grasa, permiti\u00e9ndoles lucir seguras en cualquier ocasi\u00f3n.<\/p>","protected":false},"featured_media":12199,"comment_status":"open","ping_status":"closed","template":"","meta":{"site-sidebar-layout":"default","site-content-layout":"","ast-site-content-layout":"default","site-content-style":"default","site-sidebar-style":"default","ast-global-header-display":"","ast-banner-title-visibility":"","ast-main-header-display":"","ast-hfb-above-header-display":"","ast-hfb-below-header-display":"","ast-hfb-mobile-header-display":"","site-post-title":"","ast-breadcrumbs-content":"","ast-featured-img":"","footer-sml-layout":"","ast-disable-related-posts":"","theme-transparent-header-meta":"default","adv-header-id-meta":"","stick-header-meta":"default","header-above-stick-meta":"","header-main-stick-meta":"","header-below-stick-meta":"","astra-migrate-meta-layouts":"set","ast-page-background-enabled":"default","ast-page-background-meta":{"desktop":{"background-color":"","background-image":"","background-repeat":"repeat","background-position":"center center","background-size":"auto","background-attachment":"scroll","background-type":"","background-media":"","overlay-type":"","overlay-color":"","overlay-opacity":"","overlay-gradient":""},"tablet":{"background-color":"","background-image":"","background-repeat":"repeat","background-position":"center center","background-size":"auto","background-attachment":"scroll","background-type":"","background-media":"","overlay-type":"","overlay-color":"","overlay-opacity":"","overlay-gradient":""},"mobile":{"background-color":"","background-image":"","background-repeat":"repeat","background-position":"center center","background-size":"auto","background-attachment":"scroll","background-type":"","background-media":"","overlay-type":"","overlay-color":"","overlay-opacity":"","overlay-gradient":""}},"ast-content-background-meta":{"desktop":{"background-color":"var(--ast-global-color-5)","background-image":"","background-repeat":"repeat","background-position":"center center","background-size":"auto","background-attachment":"scroll","background-type":"","background-media":"","overlay-type":"","overlay-color":"","overlay-opacity":"","overlay-gradient":""},"tablet":{"background-color":"var(--ast-global-color-5)","background-image":"","background-repeat":"repeat","background-position":"center center","background-size":"auto","background-attachment":"scroll","background-type":"","background-media":"","overlay-type":"","overlay-color":"","overlay-opacity":"","overlay-gradient":""},"mobile":{"background-color":"var(--ast-global-color-5)","background-image":"","background-repeat":"repeat","background-position":"center center","background-size":"auto","background-attachment":"scroll","background-type":"","background-media":"","overlay-type":"","overlay-color":"","overlay-opacity":"","overlay-gradient":""}}},"product_brand":[],"product_cat":[65,76,97,626],"product_tag":[492,739,693,1036,535,558,1037],"class_list":{"0":"post-12198","1":"product","2":"type-product","3":"status-publish","4":"has-post-thumbnail","6":"product_cat-best-sellers","7":"product_cat-new-arrivels","8":"product_cat-sauna-suit","9":"product_cat-sauna-accessories","10":"product_tag-breathable","11":"product_tag-high-compression","12":"product_tag-high-elastic","13":"product_tag-postoperative-recovery","14":"product_tag-slimming","15":"product_tag-weight-loss","16":"product_tag-wristband","17":"pa_color-black","18":"pa_color-skin","19":"pa_size-free","20":"desktop-align-center","21":"tablet-align-left","22":"mobile-align-left","23":"ast-product-gallery-layout-horizontal-slider","24":"ast-product-single-variable","25":"ast-product-tabs-layout-horizontal","26":"ast-qv-on-image","28":"first","29":"instock","30":"shipping-taxable","31":"purchasable","32":"product-type-variable"},"tiered_pricing_type":"fixed","tiered_pricing_fixed_rules":{"10":1.5,"50":1,"100":0.7},"tiered_pricing_product_settings":{"layout":"default","base_unit_name":{"singular":null,"plural":null},"default_variation":null},"tiered_pricing_minimum_quantity":null,"tiered_pricing_roles_data":[],"tiered_pricing_percentage_rules":[],"_links":{"self":[{"href":"https:\/\/yume-silm.com\/es\/wp-json\/wp\/v2\/product\/12198","targetHints":{"allow":["GET"]}}],"collection":[{"href":"https:\/\/yume-silm.com\/es\/wp-json\/wp\/v2\/product"}],"about":[{"href":"https:\/\/yume-silm.com\/es\/wp-json\/wp\/v2\/types\/product"}],"replies":[{"embeddable":true,"href":"https:\/\/yume-silm.com\/es\/wp-json\/wp\/v2\/comments?post=12198"}],"wp:featuredmedia":[{"embeddable":true,"href":"https:\/\/yume-silm.com\/es\/wp-json\/wp\/v2\/media\/12199"}],"wp:attachment":[{"href":"https:\/\/yume-silm.com\/es\/wp-json\/wp\/v2\/media?parent=12198"}],"wp:term":[{"taxonomy":"product_brand","embeddable":true,"href":"https:\/\/yume-silm.com\/es\/wp-json\/wp\/v2\/product_brand?post=12198"},{"taxonomy":"product_cat","embeddable":true,"href":"https:\/\/yume-silm.com\/es\/wp-json\/wp\/v2\/product_cat?post=12198"},{"taxonomy":"product_tag","embeddable":true,"href":"https:\/\/yume-silm.com\/es\/wp-json\/wp\/v2\/product_tag?post=12198"}],"curies":[{"name":"wp","href":"https:\/\/api.w.org\/{rel}","templated":true}]}}