{"id":12208,"date":"2024-09-29T03:25:47","date_gmt":"2024-09-29T03:25:47","guid":{"rendered":"https:\/\/yume-silm.com\/?post_type=product&#038;p=12208"},"modified":"2024-09-29T03:29:40","modified_gmt":"2024-09-29T03:29:40","slug":"cinturon-de-sudor-para-brazos-de-sauna","status":"publish","type":"product","link":"https:\/\/yume-silm.com\/es\/producto-2\/cinturon-de-sudor-para-brazos-de-sauna\/","title":{"rendered":"Cintur\u00f3n de sudoraci\u00f3n para ejercicios de brazos tipo sauna para mujeres al por mayor"},"content":{"rendered":"<h5>Caracteristicas de dise\u00f1o<\/h5>\n<ul>\n<li><strong>MATERIAL DE CALEFACCI\u00d3N:<\/strong> El cintur\u00f3n de sudoraci\u00f3n para brazos de sauna est\u00e1 dise\u00f1ado con materiales especiales, puede aumentar eficazmente la temperatura del brazo, promover la sudoraci\u00f3n local y ayudarlo a quemar grasa r\u00e1pidamente durante el ejercicio.<\/li>\n<li><strong>AJUSTE C\u00d3MODO:<\/strong> Fabricado en tejido suave y el\u00e1stico, se ajusta perfectamente al brazo sin afectar la actividad, permiti\u00e9ndote ser m\u00e1s libre durante el ejercicio.<\/li>\n<li><strong>DISE\u00d1O SIMPLE:<\/strong> El dise\u00f1o es simple y f\u00e1cil de usar, lo que le permite disfrutar de un ejercicio divertido en diferentes ocasiones.<\/li>\n<li><strong>DISE\u00d1O AJUSTABLE:<\/strong> Se puede adaptar a diferentes tama\u00f1os de brazos para garantizar una comodidad \u00f3ptima, permiti\u00e9ndole concentrarse en el ejercicio sin preocuparse por la restricci\u00f3n.<\/li>\n<\/ul>\n<h6><em>Recortador de brazos con vapor para mujeres<\/em><\/h6>\n<ul>\n<li>Consiga este recortador de brazos con vapor para obtener los mejores resultados en sus ejercicios. Est\u00e1 dise\u00f1ado para quienes buscan un cuerpo perfecto y le permite tener el cuerpo ideal.<\/li>\n<\/ul>","protected":false},"excerpt":{"rendered":"<p>\u00a1Elige el cintur\u00f3n de sudoraci\u00f3n para brazos de sauna para que cada ejercicio est\u00e9 lleno de motivaci\u00f3n y moldee f\u00e1cilmente los elegantes brazos de tus sue\u00f1os!<\/p>","protected":false},"featured_media":12209,"comment_status":"open","ping_status":"closed","template":"","meta":{"site-sidebar-layout":"default","site-content-layout":"","ast-site-content-layout":"default","site-content-style":"default","site-sidebar-style":"default","ast-global-header-display":"","ast-banner-title-visibility":"","ast-main-header-display":"","ast-hfb-above-header-display":"","ast-hfb-below-header-display":"","ast-hfb-mobile-header-display":"","site-post-title":"","ast-breadcrumbs-content":"","ast-featured-img":"","footer-sml-layout":"","ast-disable-related-posts":"","theme-transparent-header-meta":"default","adv-header-id-meta":"","stick-header-meta":"default","header-above-stick-meta":"","header-main-stick-meta":"","header-below-stick-meta":"","astra-migrate-meta-layouts":"set","ast-page-background-enabled":"default","ast-page-background-meta":{"desktop":{"background-color":"","background-image":"","background-repeat":"repeat","background-position":"center center","background-size":"auto","background-attachment":"scroll","background-type":"","background-media":"","overlay-type":"","overlay-color":"","overlay-opacity":"","overlay-gradient":""},"tablet":{"background-color":"","background-image":"","background-repeat":"repeat","background-position":"center center","background-size":"auto","background-attachment":"scroll","background-type":"","background-media":"","overlay-type":"","overlay-color":"","overlay-opacity":"","overlay-gradient":""},"mobile":{"background-color":"","background-image":"","background-repeat":"repeat","background-position":"center center","background-size":"auto","background-attachment":"scroll","background-type":"","background-media":"","overlay-type":"","overlay-color":"","overlay-opacity":"","overlay-gradient":""}},"ast-content-background-meta":{"desktop":{"background-color":"var(--ast-global-color-5)","background-image":"","background-repeat":"repeat","background-position":"center center","background-size":"auto","background-attachment":"scroll","background-type":"","background-media":"","overlay-type":"","overlay-color":"","overlay-opacity":"","overlay-gradient":""},"tablet":{"background-color":"var(--ast-global-color-5)","background-image":"","background-repeat":"repeat","background-position":"center center","background-size":"auto","background-attachment":"scroll","background-type":"","background-media":"","overlay-type":"","overlay-color":"","overlay-opacity":"","overlay-gradient":""},"mobile":{"background-color":"var(--ast-global-color-5)","background-image":"","background-repeat":"repeat","background-position":"center center","background-size":"auto","background-attachment":"scroll","background-type":"","background-media":"","overlay-type":"","overlay-color":"","overlay-opacity":"","overlay-gradient":""}}},"product_brand":[],"product_cat":[65,76,97,626],"product_tag":[194,1039,646,1041,687,1040,1038],"class_list":{"0":"post-12208","1":"product","2":"type-product","3":"status-publish","4":"has-post-thumbnail","6":"product_cat-best-sellers","7":"product_cat-new-arrivels","8":"product_cat-sauna-suit","9":"product_cat-sauna-accessories","10":"product_tag-adjustable","11":"product_tag-arm-trimmer","12":"product_tag-comfortable","13":"product_tag-simple-design","14":"product_tag-soft","15":"product_tag-sweat-belt","16":"product_tag-sweat-steam","17":"pa_color-black","18":"pa_color-pink","19":"pa_color-red","20":"pa_color-yellow","21":"pa_size-free","22":"desktop-align-center","23":"tablet-align-left","24":"mobile-align-left","25":"ast-product-gallery-layout-horizontal-slider","26":"ast-product-single-variable","27":"ast-product-tabs-layout-horizontal","28":"ast-qv-on-image","30":"first","31":"instock","32":"shipping-taxable","33":"purchasable","34":"product-type-variable"},"tiered_pricing_type":"fixed","tiered_pricing_fixed_rules":{"10":1.8,"50":1.5,"100":1.3},"tiered_pricing_product_settings":{"layout":"default","base_unit_name":{"singular":null,"plural":null},"default_variation":null},"tiered_pricing_minimum_quantity":null,"tiered_pricing_roles_data":[],"tiered_pricing_percentage_rules":[],"_links":{"self":[{"href":"https:\/\/yume-silm.com\/es\/wp-json\/wp\/v2\/product\/12208","targetHints":{"allow":["GET"]}}],"collection":[{"href":"https:\/\/yume-silm.com\/es\/wp-json\/wp\/v2\/product"}],"about":[{"href":"https:\/\/yume-silm.com\/es\/wp-json\/wp\/v2\/types\/product"}],"replies":[{"embeddable":true,"href":"https:\/\/yume-silm.com\/es\/wp-json\/wp\/v2\/comments?post=12208"}],"wp:featuredmedia":[{"embeddable":true,"href":"https:\/\/yume-silm.com\/es\/wp-json\/wp\/v2\/media\/12209"}],"wp:attachment":[{"href":"https:\/\/yume-silm.com\/es\/wp-json\/wp\/v2\/media?parent=12208"}],"wp:term":[{"taxonomy":"product_brand","embeddable":true,"href":"https:\/\/yume-silm.com\/es\/wp-json\/wp\/v2\/product_brand?post=12208"},{"taxonomy":"product_cat","embeddable":true,"href":"https:\/\/yume-silm.com\/es\/wp-json\/wp\/v2\/product_cat?post=12208"},{"taxonomy":"product_tag","embeddable":true,"href":"https:\/\/yume-silm.com\/es\/wp-json\/wp\/v2\/product_tag?post=12208"}],"curies":[{"name":"wp","href":"https:\/\/api.w.org\/{rel}","templated":true}]}}