{"id":12217,"date":"2024-09-29T05:10:14","date_gmt":"2024-09-29T05:10:14","guid":{"rendered":"https:\/\/yume-silm.com\/?post_type=product&#038;p=12217"},"modified":"2025-07-21T01:53:43","modified_gmt":"2025-07-21T01:53:43","slug":"2-pares-de-entrenadores-de-muslos-para-sauna","status":"publish","type":"product","link":"https:\/\/yume-silm.com\/es\/producto-2\/2-pares-de-entrenadores-de-muslos-para-sauna\/","title":{"rendered":"Venta al por mayor de 2 pares de entrenadores de muslos para sauna y fitness"},"content":{"rendered":"<h5>Caracteristicas de dise\u00f1o<\/h5>\n<ul>\n<li><strong>EFECTO SAUNA \u00daNICO<\/strong>:El entrenador de muslos de sauna de 2 pares ayuda a promover la circulaci\u00f3n sangu\u00ednea, acelera el metabolismo, ayuda a quemar m\u00e1s grasa durante el ejercicio y logra un efecto de modelado corporal m\u00e1s r\u00e1pido.<\/li>\n<li><strong>AJUSTE PERFECTO:<\/strong> Fabricado en tejido suave y transpirable, se adapta perfectamente a la curva del muslo, garantizando comodidad y libertad durante el ejercicio, haciendo que cada entrenamiento est\u00e9 lleno de motivaci\u00f3n.<\/li>\n<li><strong>OCASI\u00d3N<\/strong>:Se puede utilizar para sentadillas, prensas de piernas, estiramientos y otros entrenamientos para ayudar a fortalecer la fuerza de los m\u00fasculos del muslo y dar forma a l\u00edneas perfectas de las piernas.<\/li>\n<li><strong>F\u00c1CIL DE LIMPIAR:<\/strong> El material es resistente al desgaste y f\u00e1cil de limpiar, lo que garantiza que se mantenga limpio e higi\u00e9nico despu\u00e9s de cada uso, acompa\u00f1\u00e1ndote en cada recorrido de entrenamiento.<\/li>\n<\/ul>\n<h6><em>Sauna para moldear los muslos\u00a0<span style=\"font-size: 16px; font-weight: 400;\">S<\/span><span style=\"font-size: 16px;\">puertos Prote<\/span><span style=\"font-size: 16px;\">m\u00e9dico<\/span><\/em><\/h6>\n<ul>\n<li>\u00a1Toma este protector deportivo de sauna y perm\u00edtanos hacer que cada entrenamiento est\u00e9 lleno de desaf\u00edos y diversi\u00f3n, comience su viaje de modelado y avance hacia un estilo de vida m\u00e1s saludable!<\/li>\n<\/ul>","protected":false},"excerpt":{"rendered":"<p>\u00a1Mejora tu rendimiento de entrenamiento y moldea tu figura con facilidad! Nuestros dos pares de entrenadores de muslos de sauna, especialmente dise\u00f1ados, te ayudan a disfrutar de una experiencia c\u00f3moda durante el ejercicio y a mejorar tu rendimiento.<\/p>","protected":false},"featured_media":12218,"comment_status":"open","ping_status":"closed","template":"","meta":{"site-sidebar-layout":"default","site-content-layout":"","ast-site-content-layout":"default","site-content-style":"default","site-sidebar-style":"default","ast-global-header-display":"","ast-banner-title-visibility":"","ast-main-header-display":"","ast-hfb-above-header-display":"","ast-hfb-below-header-display":"","ast-hfb-mobile-header-display":"","site-post-title":"","ast-breadcrumbs-content":"","ast-featured-img":"","footer-sml-layout":"","ast-disable-related-posts":"","theme-transparent-header-meta":"default","adv-header-id-meta":"","stick-header-meta":"default","header-above-stick-meta":"","header-main-stick-meta":"","header-below-stick-meta":"","astra-migrate-meta-layouts":"set","ast-page-background-enabled":"default","ast-page-background-meta":{"desktop":{"background-color":"","background-image":"","background-repeat":"repeat","background-position":"center center","background-size":"auto","background-attachment":"scroll","background-type":"","background-media":"","overlay-type":"","overlay-color":"","overlay-opacity":"","overlay-gradient":""},"tablet":{"background-color":"","background-image":"","background-repeat":"repeat","background-position":"center center","background-size":"auto","background-attachment":"scroll","background-type":"","background-media":"","overlay-type":"","overlay-color":"","overlay-opacity":"","overlay-gradient":""},"mobile":{"background-color":"","background-image":"","background-repeat":"repeat","background-position":"center center","background-size":"auto","background-attachment":"scroll","background-type":"","background-media":"","overlay-type":"","overlay-color":"","overlay-opacity":"","overlay-gradient":""}},"ast-content-background-meta":{"desktop":{"background-color":"var(--ast-global-color-5)","background-image":"","background-repeat":"repeat","background-position":"center center","background-size":"auto","background-attachment":"scroll","background-type":"","background-media":"","overlay-type":"","overlay-color":"","overlay-opacity":"","overlay-gradient":""},"tablet":{"background-color":"var(--ast-global-color-5)","background-image":"","background-repeat":"repeat","background-position":"center center","background-size":"auto","background-attachment":"scroll","background-type":"","background-media":"","overlay-type":"","overlay-color":"","overlay-opacity":"","overlay-gradient":""},"mobile":{"background-color":"var(--ast-global-color-5)","background-image":"","background-repeat":"repeat","background-position":"center center","background-size":"auto","background-attachment":"scroll","background-type":"","background-media":"","overlay-type":"","overlay-color":"","overlay-opacity":"","overlay-gradient":""}}},"product_brand":[],"product_cat":[76,65,97,626],"product_tag":[492,699,1045,1042,1043,1044],"class_list":{"0":"post-12217","1":"product","2":"type-product","3":"status-publish","4":"has-post-thumbnail","6":"product_cat-new-arrivels","7":"product_cat-best-sellers","8":"product_cat-sauna-suit","9":"product_cat-sauna-accessories","10":"product_tag-breathable","11":"product_tag-comfort","12":"product_tag-sauna-fitness","13":"product_tag-sports-protector","14":"product_tag-thigh-shaping","15":"product_tag-thigh-trainer","16":"pa_color-yellow","17":"pa_size-free","18":"desktop-align-center","19":"tablet-align-left","20":"mobile-align-left","21":"ast-product-gallery-layout-horizontal-slider","22":"ast-product-single-variable","23":"ast-product-tabs-layout-horizontal","24":"ast-qv-on-image","26":"first","27":"instock","28":"shipping-taxable","29":"purchasable","30":"product-type-variable"},"tiered_pricing_type":"fixed","tiered_pricing_fixed_rules":{"10":3,"50":2.5,"100":2},"tiered_pricing_product_settings":{"layout":"default","base_unit_name":{"singular":null,"plural":null},"default_variation":null},"tiered_pricing_minimum_quantity":null,"tiered_pricing_roles_data":[],"tiered_pricing_percentage_rules":[],"_links":{"self":[{"href":"https:\/\/yume-silm.com\/es\/wp-json\/wp\/v2\/product\/12217","targetHints":{"allow":["GET"]}}],"collection":[{"href":"https:\/\/yume-silm.com\/es\/wp-json\/wp\/v2\/product"}],"about":[{"href":"https:\/\/yume-silm.com\/es\/wp-json\/wp\/v2\/types\/product"}],"replies":[{"embeddable":true,"href":"https:\/\/yume-silm.com\/es\/wp-json\/wp\/v2\/comments?post=12217"}],"wp:featuredmedia":[{"embeddable":true,"href":"https:\/\/yume-silm.com\/es\/wp-json\/wp\/v2\/media\/12218"}],"wp:attachment":[{"href":"https:\/\/yume-silm.com\/es\/wp-json\/wp\/v2\/media?parent=12217"}],"wp:term":[{"taxonomy":"product_brand","embeddable":true,"href":"https:\/\/yume-silm.com\/es\/wp-json\/wp\/v2\/product_brand?post=12217"},{"taxonomy":"product_cat","embeddable":true,"href":"https:\/\/yume-silm.com\/es\/wp-json\/wp\/v2\/product_cat?post=12217"},{"taxonomy":"product_tag","embeddable":true,"href":"https:\/\/yume-silm.com\/es\/wp-json\/wp\/v2\/product_tag?post=12217"}],"curies":[{"name":"wp","href":"https:\/\/api.w.org\/{rel}","templated":true}]}}