{"id":12224,"date":"2024-09-30T03:20:48","date_gmt":"2024-09-30T03:20:48","guid":{"rendered":"https:\/\/yume-silm.com\/?post_type=product&#038;p=12224"},"modified":"2025-06-06T05:47:34","modified_gmt":"2025-06-06T05:47:34","slug":"cinturon-de-entrenamiento-de-brazos-con-vapor-de-sudor","status":"publish","type":"product","link":"https:\/\/yume-silm.com\/es\/producto-2\/cinturon-de-entrenamiento-de-brazos-con-vapor-de-sudor\/","title":{"rendered":"Cintur\u00f3n de entrenamiento de brazos con vapor y sudor ajustable para sauna"},"content":{"rendered":"<h5>Caracteristicas de dise\u00f1o<\/h5>\n<ul>\n<li><strong>RENDIMIENTO AJUSTABLE:<\/strong> El cintur\u00f3n de entrenamiento de brazos con vapor de sudor es muy liviano y f\u00e1cil de transportar, puede ajustar la tensi\u00f3n de acuerdo con su nivel de comodidad, lo que le permite estar m\u00e1s c\u00f3modo y libre al hacer ejercicio.<\/li>\n<li><strong>P\u00c9RDIDA DE PESO: <\/strong>Puede maximizar los resultados de su entrenamiento, acelerar la quema de grasa del brazo, reducir r\u00e1pidamente el peso del agua del brazo y acelerar la p\u00e9rdida de peso.<\/li>\n<li><strong>AJUSTE PERFECTO:<\/strong> \u00a1Cada recortador de brazos tiene una banda m\u00e1gica ajustable para adaptarse al contorno y la flexi\u00f3n de sus b\u00edceps, acelerar la quema de calor\u00edas, quemar la grasa del brazo y hacer que sus brazos sean m\u00e1s delgados!<\/li>\n<li><strong>OCASIONES:<\/strong> Pueden adaptarse perfectamente a tus brazos y moverse contigo cuando haces ejercicio en el gimnasio, haces yoga, aer\u00f3bicos, montas en bicicleta o haces recados.<\/li>\n<\/ul>\n<h6><em>Vendaje adelgazante de mano de alta elasticidad para sauna<\/em><\/h6>\n<ul>\n<li>Este vendaje de mano para sauna utiliza material de compresi\u00f3n de alta tecnolog\u00eda para dar forma efectiva a las l\u00edneas del brazo y reducir el exceso de grasa, lo que le permite mostrar confianza en cualquier ocasi\u00f3n.<\/li>\n<\/ul>","protected":false},"excerpt":{"rendered":"<p>Tome este cintur\u00f3n de entrenamiento de brazos con vapor de sudor y perm\u00edtanos hacer que cada entrenamiento est\u00e9 lleno de desaf\u00edos y diversi\u00f3n, comience su viaje de modelado y avance hacia una vida m\u00e1s saludable.<\/p>","protected":false},"featured_media":12225,"comment_status":"open","ping_status":"closed","template":"","meta":{"site-sidebar-layout":"default","site-content-layout":"","ast-site-content-layout":"default","site-content-style":"default","site-sidebar-style":"default","ast-global-header-display":"","ast-banner-title-visibility":"","ast-main-header-display":"","ast-hfb-above-header-display":"","ast-hfb-below-header-display":"","ast-hfb-mobile-header-display":"","site-post-title":"","ast-breadcrumbs-content":"","ast-featured-img":"","footer-sml-layout":"","ast-disable-related-posts":"","theme-transparent-header-meta":"default","adv-header-id-meta":"","stick-header-meta":"default","header-above-stick-meta":"","header-main-stick-meta":"","header-below-stick-meta":"","astra-migrate-meta-layouts":"set","ast-page-background-enabled":"default","ast-page-background-meta":{"desktop":{"background-color":"","background-image":"","background-repeat":"repeat","background-position":"center center","background-size":"auto","background-attachment":"scroll","background-type":"","background-media":"","overlay-type":"","overlay-color":"","overlay-opacity":"","overlay-gradient":""},"tablet":{"background-color":"","background-image":"","background-repeat":"repeat","background-position":"center center","background-size":"auto","background-attachment":"scroll","background-type":"","background-media":"","overlay-type":"","overlay-color":"","overlay-opacity":"","overlay-gradient":""},"mobile":{"background-color":"","background-image":"","background-repeat":"repeat","background-position":"center center","background-size":"auto","background-attachment":"scroll","background-type":"","background-media":"","overlay-type":"","overlay-color":"","overlay-opacity":"","overlay-gradient":""}},"ast-content-background-meta":{"desktop":{"background-color":"var(--ast-global-color-5)","background-image":"","background-repeat":"repeat","background-position":"center center","background-size":"auto","background-attachment":"scroll","background-type":"","background-media":"","overlay-type":"","overlay-color":"","overlay-opacity":"","overlay-gradient":""},"tablet":{"background-color":"var(--ast-global-color-5)","background-image":"","background-repeat":"repeat","background-position":"center center","background-size":"auto","background-attachment":"scroll","background-type":"","background-media":"","overlay-type":"","overlay-color":"","overlay-opacity":"","overlay-gradient":""},"mobile":{"background-color":"var(--ast-global-color-5)","background-image":"","background-repeat":"repeat","background-position":"center center","background-size":"auto","background-attachment":"scroll","background-type":"","background-media":"","overlay-type":"","overlay-color":"","overlay-opacity":"","overlay-gradient":""}}},"product_brand":[],"product_cat":[65,76,97,626],"product_tag":[194,1046,1047,1048,739,693,548,535,1038,558],"class_list":{"0":"post-12224","1":"product","2":"type-product","3":"status-publish","4":"has-post-thumbnail","6":"product_cat-best-sellers","7":"product_cat-new-arrivels","8":"product_cat-sauna-suit","9":"product_cat-sauna-accessories","10":"product_tag-adjustable","11":"product_tag-arm-training-belt","12":"product_tag-fit-perfect","13":"product_tag-hand-bandage","14":"product_tag-high-compression","15":"product_tag-high-elastic","16":"product_tag-sauna-sweat","17":"product_tag-slimming","18":"product_tag-sweat-steam","19":"product_tag-weight-loss","20":"pa_color-blue","21":"pa_color-silver","22":"pa_size-free","23":"desktop-align-center","24":"tablet-align-left","25":"mobile-align-left","26":"ast-product-gallery-layout-horizontal-slider","27":"ast-product-single-variable","28":"ast-product-tabs-layout-horizontal","29":"ast-qv-on-image","31":"first","32":"instock","33":"shipping-taxable","34":"purchasable","35":"product-type-variable"},"tiered_pricing_type":"fixed","tiered_pricing_fixed_rules":{"10":2.7,"50":2.5,"100":2},"tiered_pricing_product_settings":{"layout":"default","base_unit_name":{"singular":null,"plural":null},"default_variation":null},"tiered_pricing_minimum_quantity":null,"tiered_pricing_roles_data":[],"tiered_pricing_percentage_rules":[],"_links":{"self":[{"href":"https:\/\/yume-silm.com\/es\/wp-json\/wp\/v2\/product\/12224","targetHints":{"allow":["GET"]}}],"collection":[{"href":"https:\/\/yume-silm.com\/es\/wp-json\/wp\/v2\/product"}],"about":[{"href":"https:\/\/yume-silm.com\/es\/wp-json\/wp\/v2\/types\/product"}],"replies":[{"embeddable":true,"href":"https:\/\/yume-silm.com\/es\/wp-json\/wp\/v2\/comments?post=12224"}],"wp:featuredmedia":[{"embeddable":true,"href":"https:\/\/yume-silm.com\/es\/wp-json\/wp\/v2\/media\/12225"}],"wp:attachment":[{"href":"https:\/\/yume-silm.com\/es\/wp-json\/wp\/v2\/media?parent=12224"}],"wp:term":[{"taxonomy":"product_brand","embeddable":true,"href":"https:\/\/yume-silm.com\/es\/wp-json\/wp\/v2\/product_brand?post=12224"},{"taxonomy":"product_cat","embeddable":true,"href":"https:\/\/yume-silm.com\/es\/wp-json\/wp\/v2\/product_cat?post=12224"},{"taxonomy":"product_tag","embeddable":true,"href":"https:\/\/yume-silm.com\/es\/wp-json\/wp\/v2\/product_tag?post=12224"}],"curies":[{"name":"wp","href":"https:\/\/api.w.org\/{rel}","templated":true}]}}