{"id":12236,"date":"2024-09-30T03:45:57","date_gmt":"2024-09-30T03:45:57","guid":{"rendered":"https:\/\/yume-silm.com\/?post_type=product&#038;p=12236"},"modified":"2024-09-30T03:47:42","modified_gmt":"2024-09-30T03:47:42","slug":"banda-de-sudor-moldeadora-de-compresion-para-brazos","status":"publish","type":"product","link":"https:\/\/yume-silm.com\/es\/producto-2\/banda-de-sudor-moldeadora-de-compresion-para-brazos\/","title":{"rendered":"Banda de compresi\u00f3n para el brazo al por mayor"},"content":{"rendered":"<h5>Caracteristicas de dise\u00f1o<\/h5>\n<ul>\n<li><strong>DISE\u00d1O DE COMPRESI\u00d3N: <\/strong>La banda para el sudor moldeadora de compresi\u00f3n de brazos tiene una estructura de compresi\u00f3n \u00fanica, mejora eficazmente el soporte de los m\u00fasculos del brazo, ayuda a dar forma a l\u00edneas elegantes y muestra r\u00e1pidamente brazos hermosos.<\/li>\n<li><strong>P\u00c9RDIDA DE PESO: <\/strong>Adopta materiales de alta tecnolog\u00eda para aumentar la temperatura local, promover la descarga del sudor, ayudarlo a quemar m\u00e1s calor\u00edas durante el ejercicio y acelerar el proceso de modelado.<\/li>\n<li><strong>AJUSTE C\u00d3MODO:<\/strong> La tela suave y el\u00e1stica se adapta perfectamente al brazo, ya sea entrenamiento de fuerza, correr o yoga, puede moverse libremente sin ninguna sensaci\u00f3n de restricci\u00f3n.<\/li>\n<li><strong>OCASI\u00d3N:<\/strong> Dise\u00f1o liviano, f\u00e1cil de usar, adecuado para el ejercicio diario, ejercicio en casa o deportes al aire libre, lo que le permite disfrutar de un ejercicio eficiente en cualquier momento y en cualquier lugar.<\/li>\n<\/ul>\n<h6><em>Banda para el sudor para adelgazar los brazos<\/em><\/h6>\n<ul>\n<li>Usa nuestra banda de sudor para brazos durante el ejercicio para reducir el exceso de grasa. Est\u00e1 hecha de tela el\u00e1stica y suave, lo que te permite ejercitarte con mayor libertad.<\/li>\n<\/ul>","protected":false},"excerpt":{"rendered":"<p>\u00a1Mejora tus resultados de entrenamiento y consigue unos brazos firmes! Nuestra banda de compresi\u00f3n para brazos est\u00e1 dise\u00f1ada para quienes buscan un cuerpo hermoso, haciendo que cada ejercicio sea m\u00e1s eficiente y c\u00f3modo.<\/p>","protected":false},"featured_media":12237,"comment_status":"open","ping_status":"closed","template":"","meta":{"site-sidebar-layout":"default","site-content-layout":"","ast-site-content-layout":"default","site-content-style":"default","site-sidebar-style":"default","ast-global-header-display":"","ast-banner-title-visibility":"","ast-main-header-display":"","ast-hfb-above-header-display":"","ast-hfb-below-header-display":"","ast-hfb-mobile-header-display":"","site-post-title":"","ast-breadcrumbs-content":"","ast-featured-img":"","footer-sml-layout":"","ast-disable-related-posts":"","theme-transparent-header-meta":"default","adv-header-id-meta":"","stick-header-meta":"default","header-above-stick-meta":"","header-main-stick-meta":"","header-below-stick-meta":"","astra-migrate-meta-layouts":"set","ast-page-background-enabled":"default","ast-page-background-meta":{"desktop":{"background-color":"","background-image":"","background-repeat":"repeat","background-position":"center center","background-size":"auto","background-attachment":"scroll","background-type":"","background-media":"","overlay-type":"","overlay-color":"","overlay-opacity":"","overlay-gradient":""},"tablet":{"background-color":"","background-image":"","background-repeat":"repeat","background-position":"center center","background-size":"auto","background-attachment":"scroll","background-type":"","background-media":"","overlay-type":"","overlay-color":"","overlay-opacity":"","overlay-gradient":""},"mobile":{"background-color":"","background-image":"","background-repeat":"repeat","background-position":"center center","background-size":"auto","background-attachment":"scroll","background-type":"","background-media":"","overlay-type":"","overlay-color":"","overlay-opacity":"","overlay-gradient":""}},"ast-content-background-meta":{"desktop":{"background-color":"var(--ast-global-color-5)","background-image":"","background-repeat":"repeat","background-position":"center center","background-size":"auto","background-attachment":"scroll","background-type":"","background-media":"","overlay-type":"","overlay-color":"","overlay-opacity":"","overlay-gradient":""},"tablet":{"background-color":"var(--ast-global-color-5)","background-image":"","background-repeat":"repeat","background-position":"center center","background-size":"auto","background-attachment":"scroll","background-type":"","background-media":"","overlay-type":"","overlay-color":"","overlay-opacity":"","overlay-gradient":""},"mobile":{"background-color":"var(--ast-global-color-5)","background-image":"","background-repeat":"repeat","background-position":"center center","background-size":"auto","background-attachment":"scroll","background-type":"","background-media":"","overlay-type":"","overlay-color":"","overlay-opacity":"","overlay-gradient":""}}},"product_brand":[],"product_cat":[65,76,97,626],"product_tag":[1050,646,1049,535,687,1051,558,185],"class_list":{"0":"post-12236","1":"product","2":"type-product","3":"status-publish","4":"has-post-thumbnail","6":"product_cat-best-sellers","7":"product_cat-new-arrivels","8":"product_cat-sauna-suit","9":"product_cat-sauna-accessories","10":"product_tag-arm-compression","11":"product_tag-comfortable","12":"product_tag-shaper-sweatband","13":"product_tag-slimming","14":"product_tag-soft","15":"product_tag-training-sweatband","16":"product_tag-weight-loss","17":"product_tag-workout","18":"pa_color-yellow","19":"pa_size-2xl","20":"pa_size-l","21":"pa_size-m","22":"pa_size-s","23":"pa_size-xl","24":"desktop-align-center","25":"tablet-align-left","26":"mobile-align-left","27":"ast-product-gallery-layout-horizontal-slider","28":"ast-product-single-variable","29":"ast-product-tabs-layout-horizontal","30":"ast-qv-on-image","32":"first","33":"instock","34":"shipping-taxable","35":"purchasable","36":"product-type-variable"},"tiered_pricing_type":"fixed","tiered_pricing_fixed_rules":{"10":2.2,"50":1.8,"100":1.5},"tiered_pricing_product_settings":{"layout":"default","base_unit_name":{"singular":null,"plural":null},"default_variation":null},"tiered_pricing_minimum_quantity":null,"tiered_pricing_roles_data":[],"tiered_pricing_percentage_rules":[],"_links":{"self":[{"href":"https:\/\/yume-silm.com\/es\/wp-json\/wp\/v2\/product\/12236","targetHints":{"allow":["GET"]}}],"collection":[{"href":"https:\/\/yume-silm.com\/es\/wp-json\/wp\/v2\/product"}],"about":[{"href":"https:\/\/yume-silm.com\/es\/wp-json\/wp\/v2\/types\/product"}],"replies":[{"embeddable":true,"href":"https:\/\/yume-silm.com\/es\/wp-json\/wp\/v2\/comments?post=12236"}],"wp:featuredmedia":[{"embeddable":true,"href":"https:\/\/yume-silm.com\/es\/wp-json\/wp\/v2\/media\/12237"}],"wp:attachment":[{"href":"https:\/\/yume-silm.com\/es\/wp-json\/wp\/v2\/media?parent=12236"}],"wp:term":[{"taxonomy":"product_brand","embeddable":true,"href":"https:\/\/yume-silm.com\/es\/wp-json\/wp\/v2\/product_brand?post=12236"},{"taxonomy":"product_cat","embeddable":true,"href":"https:\/\/yume-silm.com\/es\/wp-json\/wp\/v2\/product_cat?post=12236"},{"taxonomy":"product_tag","embeddable":true,"href":"https:\/\/yume-silm.com\/es\/wp-json\/wp\/v2\/product_tag?post=12236"}],"curies":[{"name":"wp","href":"https:\/\/api.w.org\/{rel}","templated":true}]}}