{"id":12386,"date":"2024-10-10T06:23:28","date_gmt":"2024-10-10T06:23:28","guid":{"rendered":"https:\/\/yume-silm.com\/?post_type=product&#038;p=12386"},"modified":"2024-10-10T06:25:39","modified_gmt":"2024-10-10T06:25:39","slug":"ortesis-de-cadera-para-aliviar-la-ciatica","status":"publish","type":"product","link":"https:\/\/yume-silm.com\/es\/producto-2\/ortesis-de-cadera-para-aliviar-la-ciatica\/","title":{"rendered":"Ortesis de cadera para aliviar la ci\u00e1tica y perder peso"},"content":{"rendered":"<h5>Caracteristicas de dise\u00f1o<\/h5>\n<ul>\n<li><strong>ALIVIO DEL DOLOR:<\/strong> El dise\u00f1o especial del protector de cadera se puede utilizar para aliviar la ci\u00e1tica, promoviendo as\u00ed una r\u00e1pida recuperaci\u00f3n de lesiones en la ingle, cu\u00e1driceps, espalda baja y tendones de la corva, as\u00ed como ci\u00e1tica.<\/li>\n<li><strong>MATERIALES DE CALIDAD PREMIUM:<\/strong> El marco de soporte de cadera est\u00e1 cuidadosamente elaborado con neopreno para garantizar la combinaci\u00f3n perfecta de suavidad, transpirabilidad y durabilidad para un soporte y comodidad incomparables.<\/li>\n<li><strong>DISE\u00d1O ANTIDESLIZANTE:<\/strong> El dise\u00f1o antideslizante eficaz mantiene el soporte de compresi\u00f3n de la cadera firme y estacionario durante cualquier actividad.<\/li>\n<li><strong>RECUPERACI\u00d3N ACELERADA:<\/strong> El dise\u00f1o \u00fanico promueve eficazmente la circulaci\u00f3n sangu\u00ednea, lo mantiene estable durante el ejercicio y ayuda con la p\u00e9rdida de peso y el contorno corporal.<\/li>\n<\/ul>\n<h6><em>Vendaje de compresi\u00f3n inguinal ajustable para hombres y mujeres<\/em><\/h6>\n<ul>\n<li>Use este vendaje de compresi\u00f3n de ingle ajustable para ayudar a reducir la presi\u00f3n y el dolor en la ingle, el dise\u00f1o altamente el\u00e1stico asegura una compresi\u00f3n y soporte m\u00e1s efectivos para diferentes tipos de cuerpo.<\/li>\n<\/ul>","protected":false},"excerpt":{"rendered":"<p>Este soporte de cadera para aliviar la ci\u00e1tica ayuda a promover una postura adecuada, aliviando eficazmente la presi\u00f3n en la espalda baja y mejorando la comodidad y la calidez de los entrenamientos.<\/p>","protected":false},"featured_media":12387,"comment_status":"open","ping_status":"closed","template":"","meta":{"site-sidebar-layout":"default","site-content-layout":"","ast-site-content-layout":"default","site-content-style":"default","site-sidebar-style":"default","ast-global-header-display":"","ast-banner-title-visibility":"","ast-main-header-display":"","ast-hfb-above-header-display":"","ast-hfb-below-header-display":"","ast-hfb-mobile-header-display":"","site-post-title":"","ast-breadcrumbs-content":"","ast-featured-img":"","footer-sml-layout":"","ast-disable-related-posts":"","theme-transparent-header-meta":"default","adv-header-id-meta":"","stick-header-meta":"default","header-above-stick-meta":"","header-main-stick-meta":"","header-below-stick-meta":"","astra-migrate-meta-layouts":"set","ast-page-background-enabled":"default","ast-page-background-meta":{"desktop":{"background-color":"","background-image":"","background-repeat":"repeat","background-position":"center center","background-size":"auto","background-attachment":"scroll","background-type":"","background-media":"","overlay-type":"","overlay-color":"","overlay-opacity":"","overlay-gradient":""},"tablet":{"background-color":"","background-image":"","background-repeat":"repeat","background-position":"center center","background-size":"auto","background-attachment":"scroll","background-type":"","background-media":"","overlay-type":"","overlay-color":"","overlay-opacity":"","overlay-gradient":""},"mobile":{"background-color":"","background-image":"","background-repeat":"repeat","background-position":"center center","background-size":"auto","background-attachment":"scroll","background-type":"","background-media":"","overlay-type":"","overlay-color":"","overlay-opacity":"","overlay-gradient":""}},"ast-content-background-meta":{"desktop":{"background-color":"var(--ast-global-color-5)","background-image":"","background-repeat":"repeat","background-position":"center center","background-size":"auto","background-attachment":"scroll","background-type":"","background-media":"","overlay-type":"","overlay-color":"","overlay-opacity":"","overlay-gradient":""},"tablet":{"background-color":"var(--ast-global-color-5)","background-image":"","background-repeat":"repeat","background-position":"center center","background-size":"auto","background-attachment":"scroll","background-type":"","background-media":"","overlay-type":"","overlay-color":"","overlay-opacity":"","overlay-gradient":""},"mobile":{"background-color":"var(--ast-global-color-5)","background-image":"","background-repeat":"repeat","background-position":"center center","background-size":"auto","background-attachment":"scroll","background-type":"","background-media":"","overlay-type":"","overlay-color":"","overlay-opacity":"","overlay-gradient":""}}},"product_brand":[],"product_cat":[65,76,97,626],"product_tag":[194,646,489,1055,1054,558,185],"class_list":{"0":"post-12386","1":"product","2":"type-product","3":"status-publish","4":"has-post-thumbnail","6":"product_cat-best-sellers","7":"product_cat-new-arrivels","8":"product_cat-sauna-suit","9":"product_cat-sauna-accessories","10":"product_tag-adjustable","11":"product_tag-comfortable","12":"product_tag-compression","13":"product_tag-non-slip-design","14":"product_tag-pain-relife","15":"product_tag-weight-loss","16":"product_tag-workout","17":"pa_color-color1","18":"pa_color-color2","19":"pa_size-free","20":"desktop-align-center","21":"tablet-align-left","22":"mobile-align-left","23":"ast-product-gallery-layout-horizontal-slider","24":"ast-product-single-variable","25":"ast-product-tabs-layout-horizontal","26":"ast-qv-on-image","28":"first","29":"instock","30":"shipping-taxable","31":"purchasable","32":"product-type-variable"},"tiered_pricing_type":"fixed","tiered_pricing_fixed_rules":{"10":2.5,"50":2.3,"100":2},"tiered_pricing_product_settings":{"layout":"default","base_unit_name":{"singular":null,"plural":null},"default_variation":null},"tiered_pricing_minimum_quantity":null,"tiered_pricing_roles_data":[],"tiered_pricing_percentage_rules":[],"_links":{"self":[{"href":"https:\/\/yume-silm.com\/es\/wp-json\/wp\/v2\/product\/12386","targetHints":{"allow":["GET"]}}],"collection":[{"href":"https:\/\/yume-silm.com\/es\/wp-json\/wp\/v2\/product"}],"about":[{"href":"https:\/\/yume-silm.com\/es\/wp-json\/wp\/v2\/types\/product"}],"replies":[{"embeddable":true,"href":"https:\/\/yume-silm.com\/es\/wp-json\/wp\/v2\/comments?post=12386"}],"wp:featuredmedia":[{"embeddable":true,"href":"https:\/\/yume-silm.com\/es\/wp-json\/wp\/v2\/media\/12387"}],"wp:attachment":[{"href":"https:\/\/yume-silm.com\/es\/wp-json\/wp\/v2\/media?parent=12386"}],"wp:term":[{"taxonomy":"product_brand","embeddable":true,"href":"https:\/\/yume-silm.com\/es\/wp-json\/wp\/v2\/product_brand?post=12386"},{"taxonomy":"product_cat","embeddable":true,"href":"https:\/\/yume-silm.com\/es\/wp-json\/wp\/v2\/product_cat?post=12386"},{"taxonomy":"product_tag","embeddable":true,"href":"https:\/\/yume-silm.com\/es\/wp-json\/wp\/v2\/product_tag?post=12386"}],"curies":[{"name":"wp","href":"https:\/\/api.w.org\/{rel}","templated":true}]}}