{"id":12399,"date":"2024-10-14T06:36:38","date_gmt":"2024-10-14T06:36:38","guid":{"rendered":"https:\/\/yume-silm.com\/?post_type=product&#038;p=12399"},"modified":"2025-09-23T01:28:39","modified_gmt":"2025-09-23T01:28:39","slug":"chaleco-de-fitness-para-control-de-abdomen","status":"publish","type":"product","link":"https:\/\/yume-silm.com\/es\/producto-2\/chaleco-de-fitness-para-control-de-abdomen\/","title":{"rendered":"Chaleco de fitness moldeador de abdomen de compresi\u00f3n para hombre"},"content":{"rendered":"<h5>Caracteristicas de dise\u00f1o<\/h5>\n<ul>\n<li><strong>DISE\u00d1O DE CONTROL ABDOMINAL:<\/strong> La tecnolog\u00eda cient\u00edfica de corte y compresi\u00f3n del chaleco de fitness con control de abdomen tensa eficazmente el abdomen, crea una l\u00ednea abdominal firme y plana, resalta los contornos musculares del pecho y el abdomen y crea una figura m\u00e1s robusta para usted.<\/li>\n<li><strong>TEJIDO TRANSPIRABLE DE ALTA EL\u00c1STICA:<\/strong> El tejido altamente el\u00e1stico se adapta al cuerpo y facilita el movimiento. Su dise\u00f1o transpirable te mantiene seco y c\u00f3modo durante el ejercicio, permiti\u00e9ndote mantenerte c\u00f3modo y seco todo el d\u00eda.<\/li>\n<li><strong>MEJORAR EL RENDIMIENTO DEPORTIVO:<\/strong> El dise\u00f1o de compresi\u00f3n razonable ayuda a estabilizar los m\u00fasculos centrales, mejora la estabilidad y la potencia durante el ejercicio y reduce el riesgo de lesiones deportivas.<\/li>\n<li><strong>DISE\u00d1O INCONS\u00daTIL:<\/strong> Tecnolog\u00eda sin costuras de alta tecnolog\u00eda, ligera y se adapta a la piel sin dejar rastros, asegurando un ajuste perfecto con el cuerpo, se puede ocultar perfectamente debajo de cualquiera de tus prendas, asegurando que el usuario se sienta relajado y c\u00f3modo en las actividades diarias.<\/li>\n<\/ul>\n<h6><em>Chaleco adelgazante transpirable de secado r\u00e1pido para hombre<\/em><\/h6>\n<ul>\n<li>Ya sea que lo use durante el ejercicio o el uso diario, este chaleco para hombre puede brindarle el m\u00e1ximo soporte y comodidad para ayudarlo a mostrar la mejor forma de su cuerpo.<\/li>\n<\/ul>","protected":false},"excerpt":{"rendered":"<p>Este chaleco de fitness con control abdominal est\u00e1 dise\u00f1ado para hombres que buscan una figura perfecta. Utiliza tejido de compresi\u00f3n de alta tecnolog\u00eda para ayudar a moldear una curva abdominal m\u00e1s firme y plana, definiendo cada m\u00fasculo.<\/p>","protected":false},"featured_media":12401,"comment_status":"open","ping_status":"closed","template":"","meta":{"site-sidebar-layout":"default","site-content-layout":"","ast-site-content-layout":"default","site-content-style":"default","site-sidebar-style":"default","ast-global-header-display":"","ast-banner-title-visibility":"","ast-main-header-display":"","ast-hfb-above-header-display":"","ast-hfb-below-header-display":"","ast-hfb-mobile-header-display":"","site-post-title":"","ast-breadcrumbs-content":"","ast-featured-img":"","footer-sml-layout":"","ast-disable-related-posts":"","theme-transparent-header-meta":"default","adv-header-id-meta":"","stick-header-meta":"default","header-above-stick-meta":"","header-main-stick-meta":"","header-below-stick-meta":"","astra-migrate-meta-layouts":"set","ast-page-background-enabled":"default","ast-page-background-meta":{"desktop":{"background-color":"","background-image":"","background-repeat":"repeat","background-position":"center center","background-size":"auto","background-attachment":"scroll","background-type":"","background-media":"","overlay-type":"","overlay-color":"","overlay-opacity":"","overlay-gradient":""},"tablet":{"background-color":"","background-image":"","background-repeat":"repeat","background-position":"center center","background-size":"auto","background-attachment":"scroll","background-type":"","background-media":"","overlay-type":"","overlay-color":"","overlay-opacity":"","overlay-gradient":""},"mobile":{"background-color":"","background-image":"","background-repeat":"repeat","background-position":"center center","background-size":"auto","background-attachment":"scroll","background-type":"","background-media":"","overlay-type":"","overlay-color":"","overlay-opacity":"","overlay-gradient":""}},"ast-content-background-meta":{"desktop":{"background-color":"var(--ast-global-color-5)","background-image":"","background-repeat":"repeat","background-position":"center center","background-size":"auto","background-attachment":"scroll","background-type":"","background-media":"","overlay-type":"","overlay-color":"","overlay-opacity":"","overlay-gradient":""},"tablet":{"background-color":"var(--ast-global-color-5)","background-image":"","background-repeat":"repeat","background-position":"center center","background-size":"auto","background-attachment":"scroll","background-type":"","background-media":"","overlay-type":"","overlay-color":"","overlay-opacity":"","overlay-gradient":""},"mobile":{"background-color":"var(--ast-global-color-5)","background-image":"","background-repeat":"repeat","background-position":"center center","background-size":"auto","background-attachment":"scroll","background-type":"","background-media":"","overlay-type":"","overlay-color":"","overlay-opacity":"","overlay-gradient":""}}},"product_brand":[],"product_cat":[65,76,85,86],"product_tag":[662,492,961,693,1056,778,491,500],"class_list":{"0":"post-12399","1":"product","2":"type-product","3":"status-publish","4":"has-post-thumbnail","6":"product_cat-best-sellers","7":"product_cat-new-arrivels","8":"product_cat-wholesale-mens-shapewear","9":"product_cat-wholesale-men-sliming-vest","10":"product_tag-abdominal","11":"product_tag-breathable","12":"product_tag-fitness-vest","13":"product_tag-high-elastic","14":"product_tag-high-tech-compression","15":"product_tag-quick-dry","16":"product_tag-seamless","17":"product_tag-tummy-control","18":"pa_color-black","19":"pa_color-blue","20":"pa_color-green","21":"pa_color-red","22":"pa_color-white","23":"pa_size-2xl","24":"pa_size-l","25":"pa_size-m","26":"pa_size-s","27":"pa_size-xl","28":"desktop-align-center","29":"tablet-align-left","30":"mobile-align-left","31":"ast-product-gallery-layout-horizontal-slider","32":"ast-product-single-variable","33":"ast-product-tabs-layout-horizontal","34":"ast-qv-on-image","36":"first","37":"instock","38":"shipping-taxable","39":"purchasable","40":"product-type-variable"},"tiered_pricing_type":"fixed","tiered_pricing_fixed_rules":{"2":5,"50":4.5,"100":4},"tiered_pricing_product_settings":{"layout":"default","base_unit_name":{"singular":null,"plural":null},"default_variation":null},"tiered_pricing_minimum_quantity":null,"tiered_pricing_roles_data":[],"tiered_pricing_percentage_rules":[],"_links":{"self":[{"href":"https:\/\/yume-silm.com\/es\/wp-json\/wp\/v2\/product\/12399","targetHints":{"allow":["GET"]}}],"collection":[{"href":"https:\/\/yume-silm.com\/es\/wp-json\/wp\/v2\/product"}],"about":[{"href":"https:\/\/yume-silm.com\/es\/wp-json\/wp\/v2\/types\/product"}],"replies":[{"embeddable":true,"href":"https:\/\/yume-silm.com\/es\/wp-json\/wp\/v2\/comments?post=12399"}],"wp:featuredmedia":[{"embeddable":true,"href":"https:\/\/yume-silm.com\/es\/wp-json\/wp\/v2\/media\/12401"}],"wp:attachment":[{"href":"https:\/\/yume-silm.com\/es\/wp-json\/wp\/v2\/media?parent=12399"}],"wp:term":[{"taxonomy":"product_brand","embeddable":true,"href":"https:\/\/yume-silm.com\/es\/wp-json\/wp\/v2\/product_brand?post=12399"},{"taxonomy":"product_cat","embeddable":true,"href":"https:\/\/yume-silm.com\/es\/wp-json\/wp\/v2\/product_cat?post=12399"},{"taxonomy":"product_tag","embeddable":true,"href":"https:\/\/yume-silm.com\/es\/wp-json\/wp\/v2\/product_tag?post=12399"}],"curies":[{"name":"wp","href":"https:\/\/api.w.org\/{rel}","templated":true}]}}