{"id":12632,"date":"2024-10-25T08:58:47","date_gmt":"2024-10-25T08:58:47","guid":{"rendered":"https:\/\/yume-silm.com\/?post_type=product&#038;p=12632"},"modified":"2024-11-27T00:48:02","modified_gmt":"2024-11-27T00:48:02","slug":"pantalones-cortos-elasticos-que-levantan-la-cadera-para-hombre","status":"publish","type":"product","link":"https:\/\/yume-silm.com\/es\/producto-2\/pantalones-cortos-elasticos-que-levantan-la-cadera-para-hombre\/","title":{"rendered":"Pantalones cortos el\u00e1sticos moldeadores de cuerpo con relleno y realce de cadera para hombre"},"content":{"rendered":"<h5>Caracteristicas de dise\u00f1o<\/h5>\n<ul>\n<li><strong>SOPORTE DE ENTREPIERNA 3D:<\/strong> Los pantalones cortos el\u00e1sticos de levantamiento de cadera para hombres tienen un dise\u00f1o de apertura de entrepierna que es flexible y cambiante, el dise\u00f1o de bolsillo de contorno se adapta perfectamente a las caracter\u00edsticas fisiol\u00f3gicas masculinas y el dise\u00f1o de apertura lateral de la entrepierna es conveniente para que los hombres vayan al ba\u00f1o.<\/li>\n<li><strong>LEVANTAMIENTO DE CADERA Y MOLDEADO CORPORAL:<\/strong> Puede agregar almohadillas falsas para ayudarlo a levantar perfectamente sus caderas, aumentar el empuje adicional en sus caderas y mejorar efectivamente las curvas de su cadera.<\/li>\n<li><strong>ALMOHADILLAS DESMONTABLES:<\/strong> Las almohadillas extra\u00edbles est\u00e1n hechas de tela el\u00e1stica, que es f\u00e1cil de usar y ajustar para lograr un buen ajuste, y pueden proporcionar amortiguaci\u00f3n para las caderas al andar en bicicleta, hacer fitness u otros deportes.<\/li>\n<li><strong>ADELGAZAMIENTO Y TENSI\u00d3N DE MUSLOS:<\/strong> Los pantalones cortos moldeadores est\u00e1n hechos de tela el\u00e1stica ajustada, que ayuda a adelgazar y tensar los muslos, refuerzo de doble l\u00ednea y antideslizante.<\/li>\n<\/ul>\n<h6><em>Pantalones cortos sexys y gruesos que levantan la cadera para hombre<\/em><\/h6>\n<ul>\n<li>Estos pantalones cortos levantadores de cadera est\u00e1n hechos de fibra de poli\u00e9ster + elastano, que es agradable para la piel y transpirable, de alta calidad, muy suave y c\u00f3modo de usar, lo que lo hace c\u00f3modo mientras da forma a su curva de cadera perfecta y figura sexy.<\/li>\n<\/ul>","protected":false},"excerpt":{"rendered":"<p>Estos pantalones cortos el\u00e1sticos de levantamiento de cadera para hombres son invisibles debajo de tus pantalones favoritos y pueden lograr el efecto de modelado corporal perfecto, adecuado para diversas ocasiones como trabajo, citas, fiestas, deportes o uso diario.<\/p>","protected":false},"featured_media":12698,"comment_status":"open","ping_status":"closed","template":"","meta":{"site-sidebar-layout":"default","site-content-layout":"","ast-site-content-layout":"default","site-content-style":"default","site-sidebar-style":"default","ast-global-header-display":"","ast-banner-title-visibility":"","ast-main-header-display":"","ast-hfb-above-header-display":"","ast-hfb-below-header-display":"","ast-hfb-mobile-header-display":"","site-post-title":"","ast-breadcrumbs-content":"","ast-featured-img":"","footer-sml-layout":"","ast-disable-related-posts":"","theme-transparent-header-meta":"default","adv-header-id-meta":"","stick-header-meta":"default","header-above-stick-meta":"","header-main-stick-meta":"","header-below-stick-meta":"","astra-migrate-meta-layouts":"set","ast-page-background-enabled":"default","ast-page-background-meta":{"desktop":{"background-color":"","background-image":"","background-repeat":"repeat","background-position":"center center","background-size":"auto","background-attachment":"scroll","background-type":"","background-media":"","overlay-type":"","overlay-color":"","overlay-opacity":"","overlay-gradient":""},"tablet":{"background-color":"","background-image":"","background-repeat":"repeat","background-position":"center center","background-size":"auto","background-attachment":"scroll","background-type":"","background-media":"","overlay-type":"","overlay-color":"","overlay-opacity":"","overlay-gradient":""},"mobile":{"background-color":"","background-image":"","background-repeat":"repeat","background-position":"center center","background-size":"auto","background-attachment":"scroll","background-type":"","background-media":"","overlay-type":"","overlay-color":"","overlay-opacity":"","overlay-gradient":""}},"ast-content-background-meta":{"desktop":{"background-color":"var(--ast-global-color-5)","background-image":"","background-repeat":"repeat","background-position":"center center","background-size":"auto","background-attachment":"scroll","background-type":"","background-media":"","overlay-type":"","overlay-color":"","overlay-opacity":"","overlay-gradient":""},"tablet":{"background-color":"var(--ast-global-color-5)","background-image":"","background-repeat":"repeat","background-position":"center center","background-size":"auto","background-attachment":"scroll","background-type":"","background-media":"","overlay-type":"","overlay-color":"","overlay-opacity":"","overlay-gradient":""},"mobile":{"background-color":"var(--ast-global-color-5)","background-image":"","background-repeat":"repeat","background-position":"center center","background-size":"auto","background-attachment":"scroll","background-type":"","background-media":"","overlay-type":"","overlay-color":"","overlay-opacity":"","overlay-gradient":""}}},"product_brand":[],"product_cat":[65,76,85,87],"product_tag":[1076,844,1075,811,665,145,535,1077],"class_list":{"0":"post-12632","1":"product","2":"type-product","3":"status-publish","4":"has-post-thumbnail","6":"product_cat-best-sellers","7":"product_cat-new-arrivels","8":"product_cat-wholesale-mens-shapewear","9":"product_cat-wholesale-men-control-panties","10":"product_tag-3d-crotch-support","11":"product_tag-convenient","12":"product_tag-elastic-shorts","13":"product_tag-hip-lifting","14":"product_tag-non-slip","15":"product_tag-sexy","16":"product_tag-slimming","17":"product_tag-tightening-thighs","18":"pa_color-beige","19":"pa_color-black","20":"pa_size-2xl","21":"pa_size-3xl","22":"pa_size-4xl","23":"pa_size-5xl","24":"pa_size-6xl","25":"pa_size-l","26":"pa_size-m","27":"pa_size-s","28":"pa_size-xl","29":"desktop-align-center","30":"tablet-align-left","31":"mobile-align-left","32":"ast-product-gallery-layout-horizontal-slider","33":"ast-product-single-variable","34":"ast-product-tabs-layout-horizontal","35":"ast-qv-on-image","37":"first","38":"instock","39":"shipping-taxable","40":"purchasable","41":"product-type-variable"},"tiered_pricing_type":"fixed","tiered_pricing_fixed_rules":{"2":7.5,"50":7,"100":6.5},"tiered_pricing_product_settings":{"layout":"default","base_unit_name":{"singular":null,"plural":null},"default_variation":null},"tiered_pricing_minimum_quantity":null,"tiered_pricing_roles_data":[],"tiered_pricing_percentage_rules":[],"_links":{"self":[{"href":"https:\/\/yume-silm.com\/es\/wp-json\/wp\/v2\/product\/12632","targetHints":{"allow":["GET"]}}],"collection":[{"href":"https:\/\/yume-silm.com\/es\/wp-json\/wp\/v2\/product"}],"about":[{"href":"https:\/\/yume-silm.com\/es\/wp-json\/wp\/v2\/types\/product"}],"replies":[{"embeddable":true,"href":"https:\/\/yume-silm.com\/es\/wp-json\/wp\/v2\/comments?post=12632"}],"wp:featuredmedia":[{"embeddable":true,"href":"https:\/\/yume-silm.com\/es\/wp-json\/wp\/v2\/media\/12698"}],"wp:attachment":[{"href":"https:\/\/yume-silm.com\/es\/wp-json\/wp\/v2\/media?parent=12632"}],"wp:term":[{"taxonomy":"product_brand","embeddable":true,"href":"https:\/\/yume-silm.com\/es\/wp-json\/wp\/v2\/product_brand?post=12632"},{"taxonomy":"product_cat","embeddable":true,"href":"https:\/\/yume-silm.com\/es\/wp-json\/wp\/v2\/product_cat?post=12632"},{"taxonomy":"product_tag","embeddable":true,"href":"https:\/\/yume-silm.com\/es\/wp-json\/wp\/v2\/product_tag?post=12632"}],"curies":[{"name":"wp","href":"https:\/\/api.w.org\/{rel}","templated":true}]}}