{"id":12763,"date":"2024-10-31T08:16:24","date_gmt":"2024-10-31T08:16:24","guid":{"rendered":"https:\/\/yume-silm.com\/?post_type=product&#038;p=12763"},"modified":"2025-05-26T00:52:31","modified_gmt":"2025-05-26T00:52:31","slug":"vestido-de-mujer-con-tirantes-finos","status":"publish","type":"product","link":"https:\/\/yume-silm.com\/es\/producto-2\/vestido-de-mujer-con-tirantes-finos\/","title":{"rendered":"Vestido moldeador con tirantes finos ajustables y sin costuras para mujer"},"content":{"rendered":"<h5>Caracteristicas de dise\u00f1o<\/h5>\n<ul>\n<li><strong>CONTROL ABDOMINAL:<\/strong> Proporciona soporte multidireccional, controla suavemente el abdomen y la cintura, mejora la elasticidad de la envoltura de la cintura y el abdomen y suaviza bien los bultos y protuberancias, dando forma a una figura m\u00e1s perfecta para usted.<\/li>\n<li><strong>DISE\u00d1O INCONS\u00daTIL:<\/strong> Este vestido de tirantes finos para mujer no tiene sost\u00e9n incorporado, as\u00ed que puedes usarlo. Incorpora tecnolog\u00eda avanzada sin costuras para adaptarse a la curva del cuerpo, reducir la fricci\u00f3n y mejorar la comodidad, permiti\u00e9ndote disfrutar de una experiencia c\u00f3moda todo el d\u00eda.<\/li>\n<li><strong>TIRANTES DE ESPAGUETI AJUSTABLES:<\/strong> El dise\u00f1o de tirantes finos no solo agrega un sentido de moda, sino que tambi\u00e9n se puede ajustar seg\u00fan sus necesidades, se adapta perfectamente a diferentes formas de cuerpo y garantiza el soporte y la comodidad adecuados.<\/li>\n<li><strong>EFECTO MOLDEADOR CORPORAL:<\/strong> El corte moldeador corporal especialmente dise\u00f1ado delinea curvas encantadoras, mejora la confianza en uno mismo, lo que le permite mostrar un encanto elegante en varias ocasiones, y el dobladillo del vestido tambi\u00e9n adopta un dise\u00f1o antideslizante, por lo que no tiene que preocuparse por enrollarse al caminar.<\/li>\n<li><strong>OCASI\u00d3N:<\/strong> Esta faja moldeadora te permite moverte con libertad entre la multitud. Su dise\u00f1o sin costuras ayuda a reducir la curva de la ropa interior y se puede ocultar bajo la falda exterior, permiti\u00e9ndote usarla en diversas ocasiones, como bailes, trabajo, citas, clubes, etc.<\/li>\n<\/ul>\n<h6><em>Vestido de una pieza con tirantes que controla el abdomen para mujer<\/em><\/h6>\n<ul>\n<li>Este vestido de una pieza con tirantes para mujer es la opci\u00f3n perfecta para el d\u00eda a d\u00eda, ya que combina moda y funcionalidad. Su tejido ligero y dise\u00f1o entallado se complementan, moldeando con elegancia tus hermosas curvas y proporcionando un control abdominal \u00f3ptimo para aumentar tu confianza.<\/li>\n<\/ul>","protected":false},"excerpt":{"rendered":"<p>Con este vestido de tirantes finos para mujer, experimentar\u00e1s la combinaci\u00f3n perfecta de elegancia y comodidad. Dise\u00f1ado para la mujer moderna, combina moda y funcionalidad, permiti\u00e9ndote mostrar confianza y ser t\u00fa misma en cualquier ocasi\u00f3n.<\/p>","protected":false},"featured_media":12764,"comment_status":"open","ping_status":"closed","template":"","meta":{"site-sidebar-layout":"default","site-content-layout":"","ast-site-content-layout":"default","site-content-style":"default","site-sidebar-style":"default","ast-global-header-display":"","ast-banner-title-visibility":"","ast-main-header-display":"","ast-hfb-above-header-display":"","ast-hfb-below-header-display":"","ast-hfb-mobile-header-display":"","site-post-title":"","ast-breadcrumbs-content":"","ast-featured-img":"","footer-sml-layout":"","ast-disable-related-posts":"","theme-transparent-header-meta":"default","adv-header-id-meta":"","stick-header-meta":"default","header-above-stick-meta":"","header-main-stick-meta":"","header-below-stick-meta":"","astra-migrate-meta-layouts":"set","ast-page-background-enabled":"default","ast-page-background-meta":{"desktop":{"background-color":"","background-image":"","background-repeat":"repeat","background-position":"center center","background-size":"auto","background-attachment":"scroll","background-type":"","background-media":"","overlay-type":"","overlay-color":"","overlay-opacity":"","overlay-gradient":""},"tablet":{"background-color":"","background-image":"","background-repeat":"repeat","background-position":"center center","background-size":"auto","background-attachment":"scroll","background-type":"","background-media":"","overlay-type":"","overlay-color":"","overlay-opacity":"","overlay-gradient":""},"mobile":{"background-color":"","background-image":"","background-repeat":"repeat","background-position":"center center","background-size":"auto","background-attachment":"scroll","background-type":"","background-media":"","overlay-type":"","overlay-color":"","overlay-opacity":"","overlay-gradient":""}},"ast-content-background-meta":{"desktop":{"background-color":"var(--ast-global-color-5)","background-image":"","background-repeat":"repeat","background-position":"center center","background-size":"auto","background-attachment":"scroll","background-type":"","background-media":"","overlay-type":"","overlay-color":"","overlay-opacity":"","overlay-gradient":""},"tablet":{"background-color":"var(--ast-global-color-5)","background-image":"","background-repeat":"repeat","background-position":"center center","background-size":"auto","background-attachment":"scroll","background-type":"","background-media":"","overlay-type":"","overlay-color":"","overlay-opacity":"","overlay-gradient":""},"mobile":{"background-color":"var(--ast-global-color-5)","background-image":"","background-repeat":"repeat","background-position":"center center","background-size":"auto","background-attachment":"scroll","background-type":"","background-media":"","overlay-type":"","overlay-color":"","overlay-opacity":"","overlay-gradient":""}}},"product_brand":[],"product_cat":[65,76,77,79,78],"product_tag":[499,701,148,491,1085,500],"class_list":{"0":"post-12763","1":"product","2":"type-product","3":"status-publish","4":"has-post-thumbnail","6":"product_cat-best-sellers","7":"product_cat-new-arrivels","8":"product_cat-wholesale-womens-shapewear","9":"product_cat-wholesale-seemless-shaperwear","10":"product_cat-wholesale-full-body-shaper","11":"product_tag-confidence","12":"product_tag-fashionable","13":"product_tag-one-piece","14":"product_tag-seamless","15":"product_tag-spaghetti-strap","16":"product_tag-tummy-control","17":"pa_color-beige","18":"pa_color-black","19":"pa_color-pink","20":"pa_size-2xl","21":"pa_size-3xl","22":"pa_size-l","23":"pa_size-m","24":"pa_size-s","25":"pa_size-xl","26":"desktop-align-center","27":"tablet-align-left","28":"mobile-align-left","29":"ast-product-gallery-layout-horizontal-slider","30":"ast-product-single-variable","31":"ast-product-tabs-layout-horizontal","32":"ast-qv-on-image","34":"first","35":"instock","36":"shipping-taxable","37":"purchasable","38":"product-type-variable"},"tiered_pricing_type":"fixed","tiered_pricing_fixed_rules":{"5":5.5,"50":5,"100":4.5},"tiered_pricing_product_settings":{"layout":"default","base_unit_name":{"singular":null,"plural":null},"default_variation":null},"tiered_pricing_minimum_quantity":null,"tiered_pricing_roles_data":[],"tiered_pricing_percentage_rules":[],"_links":{"self":[{"href":"https:\/\/yume-silm.com\/es\/wp-json\/wp\/v2\/product\/12763","targetHints":{"allow":["GET"]}}],"collection":[{"href":"https:\/\/yume-silm.com\/es\/wp-json\/wp\/v2\/product"}],"about":[{"href":"https:\/\/yume-silm.com\/es\/wp-json\/wp\/v2\/types\/product"}],"replies":[{"embeddable":true,"href":"https:\/\/yume-silm.com\/es\/wp-json\/wp\/v2\/comments?post=12763"}],"wp:featuredmedia":[{"embeddable":true,"href":"https:\/\/yume-silm.com\/es\/wp-json\/wp\/v2\/media\/12764"}],"wp:attachment":[{"href":"https:\/\/yume-silm.com\/es\/wp-json\/wp\/v2\/media?parent=12763"}],"wp:term":[{"taxonomy":"product_brand","embeddable":true,"href":"https:\/\/yume-silm.com\/es\/wp-json\/wp\/v2\/product_brand?post=12763"},{"taxonomy":"product_cat","embeddable":true,"href":"https:\/\/yume-silm.com\/es\/wp-json\/wp\/v2\/product_cat?post=12763"},{"taxonomy":"product_tag","embeddable":true,"href":"https:\/\/yume-silm.com\/es\/wp-json\/wp\/v2\/product_tag?post=12763"}],"curies":[{"name":"wp","href":"https:\/\/api.w.org\/{rel}","templated":true}]}}