{"id":12929,"date":"2024-11-08T01:04:21","date_gmt":"2024-11-08T01:04:21","guid":{"rendered":"https:\/\/yume-silm.com\/?post_type=product&#038;p=12929"},"modified":"2024-12-18T06:55:18","modified_gmt":"2024-12-18T06:55:18","slug":"ropa-interior-a-prueba-de-golpes-bragas-de-cintura-baja","status":"publish","type":"product","link":"https:\/\/yume-silm.com\/es\/producto-2\/ropa-interior-a-prueba-de-golpes-bragas-de-cintura-baja\/","title":{"rendered":"Conjunto de yoga con braguitas de cintura baja, transpirables, con hombros en diagonal y cuello halter, a prueba de golpes"},"content":{"rendered":"<h5>Caracteristicas de dise\u00f1o<\/h5>\n<ul>\n<li><strong>DISE\u00d1O DE CUELLO HALTER CON HOMBROS OBLICUOS:<\/strong> La braguita de cintura baja a prueba de golpes es simple y elegante, lo que mejora el soporte del cuello, libera la presi\u00f3n de los hombros y te hace sentir m\u00e1s libre y c\u00f3modo durante el ejercicio.<\/li>\n<li><strong>TECNOLOG\u00cdA A PRUEBA DE GOLPES:<\/strong> La ropa interior adopta una tela profesional a prueba de golpes para brindar un fuerte soporte, reducir la vibraci\u00f3n durante el ejercicio, ayudar a mantener el pecho estable y mejorar el efecto del ejercicio.<\/li>\n<li><strong>TRANSPIRABLE Y C\u00d3MODO:<\/strong> Se selecciona la tela con excelente transpirabilidad para absorber r\u00e1pidamente el sudor y mantener la piel seca, por lo que no tiene que preocuparse por la congesti\u00f3n y la incomodidad durante el ejercicio.<\/li>\n<li><strong>BRAGUITA DE CINTURA BAJA:<\/strong> El dise\u00f1o de cintura baja da forma a una cintura esbelta, que es c\u00f3moda y ajustada, no se resbala f\u00e1cilmente y queda libre durante el ejercicio.<\/li>\n<li><strong>TEJIDO DE ALTA EL\u00c1STICA:<\/strong> Elasticidad total, se adapta a la curva del cuerpo, proporciona el m\u00e1ximo espacio de actividad y no restringe el movimiento.<\/li>\n<\/ul>\n<h6><em>Conjunto de chaleco de fitness c\u00f3modo y resistente a los golpes para mujer<\/em><\/h6>\n<ul>\n<li>Ponte nuestro c\u00f3modo conjunto de chaleco deportivo antigolpes para mujer, dise\u00f1ado para ejercicios de alta intensidad. Fabricado con tejido antigolpes de alta elasticidad, reduce eficazmente la vibraci\u00f3n del pecho durante el ejercicio y proporciona un soporte completo. Su dise\u00f1o de cintura baja se ajusta perfectamente, facilitando cada movimiento y brindando una experiencia de libertad y libertad.<\/li>\n<\/ul>","protected":false},"excerpt":{"rendered":"<p>Superando los l\u00edmites de la comodidad y la funcionalidad, esta braguita de cintura baja a prueba de golpes combina telas de primera calidad y una artesan\u00eda innovadora para brindar soporte y comodidad total, haciendo que cada movimiento est\u00e9 lleno de energ\u00eda y confianza.<\/p>","protected":false},"featured_media":12933,"comment_status":"open","ping_status":"closed","template":"","meta":{"site-sidebar-layout":"default","site-content-layout":"","ast-site-content-layout":"default","site-content-style":"default","site-sidebar-style":"default","ast-global-header-display":"","ast-banner-title-visibility":"","ast-main-header-display":"","ast-hfb-above-header-display":"","ast-hfb-below-header-display":"","ast-hfb-mobile-header-display":"","site-post-title":"","ast-breadcrumbs-content":"","ast-featured-img":"","footer-sml-layout":"","ast-disable-related-posts":"","theme-transparent-header-meta":"default","adv-header-id-meta":"","stick-header-meta":"default","header-above-stick-meta":"","header-main-stick-meta":"","header-below-stick-meta":"","astra-migrate-meta-layouts":"set","ast-page-background-enabled":"default","ast-page-background-meta":{"desktop":{"background-color":"","background-image":"","background-repeat":"repeat","background-position":"center center","background-size":"auto","background-attachment":"scroll","background-type":"","background-media":"","overlay-type":"","overlay-color":"","overlay-opacity":"","overlay-gradient":""},"tablet":{"background-color":"","background-image":"","background-repeat":"repeat","background-position":"center center","background-size":"auto","background-attachment":"scroll","background-type":"","background-media":"","overlay-type":"","overlay-color":"","overlay-opacity":"","overlay-gradient":""},"mobile":{"background-color":"","background-image":"","background-repeat":"repeat","background-position":"center center","background-size":"auto","background-attachment":"scroll","background-type":"","background-media":"","overlay-type":"","overlay-color":"","overlay-opacity":"","overlay-gradient":""}},"ast-content-background-meta":{"desktop":{"background-color":"var(--ast-global-color-5)","background-image":"","background-repeat":"repeat","background-position":"center center","background-size":"auto","background-attachment":"scroll","background-type":"","background-media":"","overlay-type":"","overlay-color":"","overlay-opacity":"","overlay-gradient":""},"tablet":{"background-color":"var(--ast-global-color-5)","background-image":"","background-repeat":"repeat","background-position":"center center","background-size":"auto","background-attachment":"scroll","background-type":"","background-media":"","overlay-type":"","overlay-color":"","overlay-opacity":"","overlay-gradient":""},"mobile":{"background-color":"var(--ast-global-color-5)","background-image":"","background-repeat":"repeat","background-position":"center center","background-size":"auto","background-attachment":"scroll","background-type":"","background-media":"","overlay-type":"","overlay-color":"","overlay-opacity":"","overlay-gradient":""}}},"product_brand":[],"product_cat":[65,76,259,583],"product_tag":[492,646,1103,413,1104,693,1105,786],"class_list":{"0":"post-12929","1":"product","2":"type-product","3":"status-publish","4":"has-post-thumbnail","6":"product_cat-best-sellers","7":"product_cat-new-arrivels","8":"product_cat-lingerie","9":"product_cat-plus-size-underwear","10":"product_tag-breathable","11":"product_tag-comfortable","12":"product_tag-diagonal-shoulder","13":"product_tag-fitness","14":"product_tag-halter-neck","15":"product_tag-high-elastic","16":"product_tag-low-waist-panty","17":"product_tag-shockproof","18":"pa_color-black","19":"pa_color-blue","20":"pa_color-brown","21":"pa_color-deep-green","22":"pa_color-white","23":"pa_size-2xl","24":"pa_size-l","25":"pa_size-m","26":"pa_size-xl","27":"desktop-align-center","28":"tablet-align-left","29":"mobile-align-left","30":"ast-product-gallery-layout-horizontal-slider","31":"ast-product-single-variable","32":"ast-product-tabs-layout-horizontal","33":"ast-qv-on-image","35":"first","36":"instock","37":"shipping-taxable","38":"purchasable","39":"product-type-variable"},"tiered_pricing_type":"fixed","tiered_pricing_fixed_rules":{"5":3.15,"50":2.8,"100":2.45},"tiered_pricing_product_settings":{"layout":"default","base_unit_name":{"singular":null,"plural":null},"default_variation":null},"tiered_pricing_minimum_quantity":null,"tiered_pricing_roles_data":[],"tiered_pricing_percentage_rules":[],"_links":{"self":[{"href":"https:\/\/yume-silm.com\/es\/wp-json\/wp\/v2\/product\/12929","targetHints":{"allow":["GET"]}}],"collection":[{"href":"https:\/\/yume-silm.com\/es\/wp-json\/wp\/v2\/product"}],"about":[{"href":"https:\/\/yume-silm.com\/es\/wp-json\/wp\/v2\/types\/product"}],"replies":[{"embeddable":true,"href":"https:\/\/yume-silm.com\/es\/wp-json\/wp\/v2\/comments?post=12929"}],"wp:featuredmedia":[{"embeddable":true,"href":"https:\/\/yume-silm.com\/es\/wp-json\/wp\/v2\/media\/12933"}],"wp:attachment":[{"href":"https:\/\/yume-silm.com\/es\/wp-json\/wp\/v2\/media?parent=12929"}],"wp:term":[{"taxonomy":"product_brand","embeddable":true,"href":"https:\/\/yume-silm.com\/es\/wp-json\/wp\/v2\/product_brand?post=12929"},{"taxonomy":"product_cat","embeddable":true,"href":"https:\/\/yume-silm.com\/es\/wp-json\/wp\/v2\/product_cat?post=12929"},{"taxonomy":"product_tag","embeddable":true,"href":"https:\/\/yume-silm.com\/es\/wp-json\/wp\/v2\/product_tag?post=12929"}],"curies":[{"name":"wp","href":"https:\/\/api.w.org\/{rel}","templated":true}]}}