{"id":13155,"date":"2024-11-23T02:41:55","date_gmt":"2024-11-23T02:41:55","guid":{"rendered":"https:\/\/yume-silm.com\/?post_type=product&#038;p=13155"},"modified":"2025-05-26T00:39:29","modified_gmt":"2025-05-26T00:39:29","slug":"cinturon-de-soporte-de-cintura-ajustable-al-por-mayor","status":"publish","type":"product","link":"https:\/\/yume-silm.com\/es\/producto-2\/cinturon-de-soporte-de-cintura-ajustable-al-por-mayor\/","title":{"rendered":"Cintur\u00f3n de soporte de cintura ajustable y transpirable al por mayor para protecci\u00f3n de la espalda baja."},"content":{"rendered":"<h5>Caracteristicas de dise\u00f1o<\/h5>\n<ol>\n<li><strong>Pain relief:<\/strong> The wholesale adjustable waist support belt adopts an ergonomic design to effectively relieve waist pressure.<\/li>\n<li><strong>High-quality materials:<\/strong> The waist support belt is made of selected breathable materials, which can be worn all day without burden, allowing health and comfort to go hand in hand!<\/li>\n<li><strong>Free adjustment:<\/strong> The back support belt has Velcro and a double pull strap adjustment system, which can be freely adjusted according to personal needs.<\/li>\n<li><strong>Applicable occasions:<\/strong> The waist cincher belt helps you maintain a good posture at work, exercise or daily life.<\/li>\n<\/ol>\n<h6>M\u00e9todo de mantenimiento:<\/h6>\n<ul>\n<li>The adjustable waist support belt is recommended to wash by hand and dry naturally.<\/li>\n<li>Avoid heavy objects to prevent the support belt from deforming or damaging the adhesive.<\/li>\n<li>Please remove the support belt when resting or sleeping to relax the waist muscles fully.<\/li>\n<\/ul>","protected":false},"excerpt":{"rendered":"<p>Choose this wholesale adjustable waist support belt to protect your waist firmly, relieve pressure and comfort, and support all day without burden!<\/p>","protected":false},"featured_media":13161,"comment_status":"open","ping_status":"closed","template":"","meta":{"site-sidebar-layout":"default","site-content-layout":"","ast-site-content-layout":"default","site-content-style":"default","site-sidebar-style":"default","ast-global-header-display":"","ast-banner-title-visibility":"","ast-main-header-display":"","ast-hfb-above-header-display":"","ast-hfb-below-header-display":"","ast-hfb-mobile-header-display":"","site-post-title":"","ast-breadcrumbs-content":"","ast-featured-img":"","footer-sml-layout":"","ast-disable-related-posts":"","theme-transparent-header-meta":"default","adv-header-id-meta":"","stick-header-meta":"default","header-above-stick-meta":"","header-main-stick-meta":"","header-below-stick-meta":"","astra-migrate-meta-layouts":"set","ast-page-background-enabled":"default","ast-page-background-meta":{"desktop":{"background-color":"","background-image":"","background-repeat":"repeat","background-position":"center center","background-size":"auto","background-attachment":"scroll","background-type":"","background-media":"","overlay-type":"","overlay-color":"","overlay-opacity":"","overlay-gradient":""},"tablet":{"background-color":"","background-image":"","background-repeat":"repeat","background-position":"center center","background-size":"auto","background-attachment":"scroll","background-type":"","background-media":"","overlay-type":"","overlay-color":"","overlay-opacity":"","overlay-gradient":""},"mobile":{"background-color":"","background-image":"","background-repeat":"repeat","background-position":"center center","background-size":"auto","background-attachment":"scroll","background-type":"","background-media":"","overlay-type":"","overlay-color":"","overlay-opacity":"","overlay-gradient":""}},"ast-content-background-meta":{"desktop":{"background-color":"var(--ast-global-color-5)","background-image":"","background-repeat":"repeat","background-position":"center center","background-size":"auto","background-attachment":"scroll","background-type":"","background-media":"","overlay-type":"","overlay-color":"","overlay-opacity":"","overlay-gradient":""},"tablet":{"background-color":"var(--ast-global-color-5)","background-image":"","background-repeat":"repeat","background-position":"center center","background-size":"auto","background-attachment":"scroll","background-type":"","background-media":"","overlay-type":"","overlay-color":"","overlay-opacity":"","overlay-gradient":""},"mobile":{"background-color":"var(--ast-global-color-5)","background-image":"","background-repeat":"repeat","background-position":"center center","background-size":"auto","background-attachment":"scroll","background-type":"","background-media":"","overlay-type":"","overlay-color":"","overlay-opacity":"","overlay-gradient":""}}},"product_brand":[],"product_cat":[65,76,90,93,95],"product_tag":[194,855,492,646,1125],"class_list":{"0":"post-13155","1":"product","2":"type-product","3":"status-publish","4":"has-post-thumbnail","6":"product_cat-best-sellers","7":"product_cat-new-arrivels","8":"product_cat-wholesale-waist-trainer","9":"product_cat-wholesale-plus-size-waist-trainer","10":"product_cat-waist-cincher","11":"product_tag-adjustable","12":"product_tag-back-support","13":"product_tag-breathable","14":"product_tag-comfortable","15":"product_tag-waist-support-belt","16":"pa_color-black","17":"pa_size-l","18":"pa_size-m","19":"pa_size-s","20":"pa_size-xl","21":"desktop-align-center","22":"tablet-align-left","23":"mobile-align-left","24":"ast-product-gallery-layout-horizontal-slider","25":"ast-product-single-variable","26":"ast-product-tabs-layout-horizontal","27":"ast-qv-on-image","29":"first","30":"instock","31":"shipping-taxable","32":"purchasable","33":"product-type-variable"},"tiered_pricing_type":"fixed","tiered_pricing_fixed_rules":{"5":8.3,"50":7.4,"100":6.5},"tiered_pricing_product_settings":{"layout":"default","base_unit_name":{"singular":null,"plural":null},"default_variation":null},"tiered_pricing_minimum_quantity":null,"tiered_pricing_roles_data":[],"tiered_pricing_percentage_rules":[],"_links":{"self":[{"href":"https:\/\/yume-silm.com\/es\/wp-json\/wp\/v2\/product\/13155","targetHints":{"allow":["GET"]}}],"collection":[{"href":"https:\/\/yume-silm.com\/es\/wp-json\/wp\/v2\/product"}],"about":[{"href":"https:\/\/yume-silm.com\/es\/wp-json\/wp\/v2\/types\/product"}],"replies":[{"embeddable":true,"href":"https:\/\/yume-silm.com\/es\/wp-json\/wp\/v2\/comments?post=13155"}],"wp:featuredmedia":[{"embeddable":true,"href":"https:\/\/yume-silm.com\/es\/wp-json\/wp\/v2\/media\/13161"}],"wp:attachment":[{"href":"https:\/\/yume-silm.com\/es\/wp-json\/wp\/v2\/media?parent=13155"}],"wp:term":[{"taxonomy":"product_brand","embeddable":true,"href":"https:\/\/yume-silm.com\/es\/wp-json\/wp\/v2\/product_brand?post=13155"},{"taxonomy":"product_cat","embeddable":true,"href":"https:\/\/yume-silm.com\/es\/wp-json\/wp\/v2\/product_cat?post=13155"},{"taxonomy":"product_tag","embeddable":true,"href":"https:\/\/yume-silm.com\/es\/wp-json\/wp\/v2\/product_tag?post=13155"}],"curies":[{"name":"wp","href":"https:\/\/api.w.org\/{rel}","templated":true}]}}