{"id":13532,"date":"2024-12-11T08:19:41","date_gmt":"2024-12-11T08:19:41","guid":{"rendered":"https:\/\/yume-silm.com\/?post_type=product&#038;p=13532"},"modified":"2025-04-09T00:44:48","modified_gmt":"2025-04-09T00:44:48","slug":"wholesale-plus-size-christmas-bow-tie-corset-top-for-women","status":"publish","type":"product","link":"https:\/\/yume-silm.com\/es\/producto-2\/wholesale-plus-size-christmas-bow-tie-corset-top-for-women\/","title":{"rendered":"Top de cors\u00e9 con lazo navide\u00f1o de talla grande para mujer al por mayor"},"content":{"rendered":"<h5>Caracteristicas de dise\u00f1o<\/h5>\n<ol>\n<li>Material Comfort: Black Christmas corset made of high-quality spandex fabric, soft, skin-friendly, and comfortable.<\/li>\n<li>Fashionable: This plus-size Christmas outfit features an elegant bow tie and white rolled hems, which easily lifts the bust and cinches the waist.<\/li>\n<li>Christmas Special: Unique Christmas gift. Perfect for cosplay, masquerade, stage performance, Halloween, Thanksgiving, and New Year&#8217;s dress-up.<\/li>\n<li>Versatile Wear: This bow tie corset top is a stylish choice for clubs, home leisure, dating, vacations, and holiday events.<\/li>\n<li>Christmas Gift: Christmas lingerie, Christmas corset, Red corset top, black corset top, Christmas bustier corset is laced up on the back, plastic boning to support.<\/li>\n<\/ol>\n<h6>M\u00e9todo de mantenimiento<\/h6>\n<ul>\n<li>Lavar a mano suavemente con agua fr\u00eda y evitar el uso de blanqueador.<\/li>\n<li>Lay flat to dry and keep away from direct sunlight or tumble drying to maintain the fabric and design\u2019s quality.<\/li>\n<\/ul>","protected":false},"excerpt":{"rendered":"<p>A festive and stylish plus size christmas bow tie corset top that combines elegance, comfort, and versatility for any holiday occasion.<\/p>","protected":false},"featured_media":13533,"comment_status":"open","ping_status":"closed","template":"","meta":{"site-sidebar-layout":"default","site-content-layout":"","ast-site-content-layout":"default","site-content-style":"default","site-sidebar-style":"default","ast-global-header-display":"","ast-banner-title-visibility":"","ast-main-header-display":"","ast-hfb-above-header-display":"","ast-hfb-below-header-display":"","ast-hfb-mobile-header-display":"","site-post-title":"","ast-breadcrumbs-content":"","ast-featured-img":"","footer-sml-layout":"","ast-disable-related-posts":"","theme-transparent-header-meta":"default","adv-header-id-meta":"","stick-header-meta":"default","header-above-stick-meta":"","header-main-stick-meta":"","header-below-stick-meta":"","astra-migrate-meta-layouts":"set","ast-page-background-enabled":"default","ast-page-background-meta":{"desktop":{"background-color":"","background-image":"","background-repeat":"repeat","background-position":"center center","background-size":"auto","background-attachment":"scroll","background-type":"","background-media":"","overlay-type":"","overlay-color":"","overlay-opacity":"","overlay-gradient":""},"tablet":{"background-color":"","background-image":"","background-repeat":"repeat","background-position":"center center","background-size":"auto","background-attachment":"scroll","background-type":"","background-media":"","overlay-type":"","overlay-color":"","overlay-opacity":"","overlay-gradient":""},"mobile":{"background-color":"","background-image":"","background-repeat":"repeat","background-position":"center center","background-size":"auto","background-attachment":"scroll","background-type":"","background-media":"","overlay-type":"","overlay-color":"","overlay-opacity":"","overlay-gradient":""}},"ast-content-background-meta":{"desktop":{"background-color":"var(--ast-global-color-5)","background-image":"","background-repeat":"repeat","background-position":"center center","background-size":"auto","background-attachment":"scroll","background-type":"","background-media":"","overlay-type":"","overlay-color":"","overlay-opacity":"","overlay-gradient":""},"tablet":{"background-color":"var(--ast-global-color-5)","background-image":"","background-repeat":"repeat","background-position":"center center","background-size":"auto","background-attachment":"scroll","background-type":"","background-media":"","overlay-type":"","overlay-color":"","overlay-opacity":"","overlay-gradient":""},"mobile":{"background-color":"var(--ast-global-color-5)","background-image":"","background-repeat":"repeat","background-position":"center center","background-size":"auto","background-attachment":"scroll","background-type":"","background-media":"","overlay-type":"","overlay-color":"","overlay-opacity":"","overlay-gradient":""}}},"product_brand":[],"product_cat":[1071,1072,65,76,90,93,95],"product_tag":[1165,490,1010,134],"class_list":{"0":"post-13532","1":"product","2":"type-product","3":"status-publish","4":"has-post-thumbnail","6":"product_cat-sale","7":"product_cat-bulk-savings","8":"product_cat-best-sellers","9":"product_cat-new-arrivels","10":"product_cat-wholesale-waist-trainer","11":"product_cat-wholesale-plus-size-waist-trainer","12":"product_cat-waist-cincher","13":"product_tag-christmas","14":"product_tag-corset","15":"product_tag-plus-size-lingerie","16":"product_tag-tummy-tucker","17":"pa_color-black","18":"pa_color-red","19":"pa_size-2xl","20":"pa_size-3xl","21":"pa_size-4xl","22":"pa_size-5xl","23":"pa_size-6xl","24":"pa_size-l","25":"pa_size-m","26":"pa_size-s","27":"pa_size-xl","28":"pa_size-xs","29":"desktop-align-center","30":"tablet-align-left","31":"mobile-align-left","32":"ast-product-gallery-layout-horizontal-slider","33":"ast-product-single-variable","34":"ast-product-tabs-layout-horizontal","35":"ast-qv-on-image","37":"first","38":"instock","39":"shipping-taxable","40":"purchasable","41":"product-type-variable"},"tiered_pricing_type":"fixed","tiered_pricing_fixed_rules":{"10":9.9},"tiered_pricing_product_settings":{"layout":"default","base_unit_name":{"singular":null,"plural":null},"default_variation":null},"tiered_pricing_minimum_quantity":null,"tiered_pricing_roles_data":[],"tiered_pricing_percentage_rules":[],"_links":{"self":[{"href":"https:\/\/yume-silm.com\/es\/wp-json\/wp\/v2\/product\/13532","targetHints":{"allow":["GET"]}}],"collection":[{"href":"https:\/\/yume-silm.com\/es\/wp-json\/wp\/v2\/product"}],"about":[{"href":"https:\/\/yume-silm.com\/es\/wp-json\/wp\/v2\/types\/product"}],"replies":[{"embeddable":true,"href":"https:\/\/yume-silm.com\/es\/wp-json\/wp\/v2\/comments?post=13532"}],"wp:featuredmedia":[{"embeddable":true,"href":"https:\/\/yume-silm.com\/es\/wp-json\/wp\/v2\/media\/13533"}],"wp:attachment":[{"href":"https:\/\/yume-silm.com\/es\/wp-json\/wp\/v2\/media?parent=13532"}],"wp:term":[{"taxonomy":"product_brand","embeddable":true,"href":"https:\/\/yume-silm.com\/es\/wp-json\/wp\/v2\/product_brand?post=13532"},{"taxonomy":"product_cat","embeddable":true,"href":"https:\/\/yume-silm.com\/es\/wp-json\/wp\/v2\/product_cat?post=13532"},{"taxonomy":"product_tag","embeddable":true,"href":"https:\/\/yume-silm.com\/es\/wp-json\/wp\/v2\/product_tag?post=13532"}],"curies":[{"name":"wp","href":"https:\/\/api.w.org\/{rel}","templated":true}]}}