{"id":14025,"date":"2024-12-20T03:39:12","date_gmt":"2024-12-20T03:39:12","guid":{"rendered":"https:\/\/yume-silm.com\/?post_type=product&#038;p=14025"},"modified":"2024-12-20T03:40:19","modified_gmt":"2024-12-20T03:40:19","slug":"sujetador-transpirable-de-copa-completa-de-talla-grande","status":"publish","type":"product","link":"https:\/\/yume-silm.com\/es\/producto-2\/sujetador-transpirable-de-copa-completa-de-talla-grande\/","title":{"rendered":"Sujetador de copa completa con encaje transpirable y hebilla delantera para mujer, talla grande, venta al por mayor"},"content":{"rendered":"<h5>Caracter\u00edsticas<\/h5>\n<ol>\n<li><strong>Dise\u00f1o de taza completa:<\/strong> El sujetador transpirable de copa completa de talla grande tiene un dise\u00f1o de cobertura total con fuerte soporte y estabilidad.<\/li>\n<li><strong>Cierre frontal:<\/strong> El sujetador transpirable de talla grande adopta un dise\u00f1o de cierre frontal, que es m\u00e1s c\u00f3modo de poner y quitar.<\/li>\n<li><strong>Tela de encaje:<\/strong> El sujetador de encaje de talla grande se combina con efectos decorativos de tela transpirable de encaje, que es c\u00f3modo y sexy.<\/li>\n<li><strong>Ocasi\u00f3n:<\/strong> El sujetador de talla grande es adecuado para mujeres embarazadas, madres lactantes y otras mujeres de talla grande.<\/li>\n<\/ol>\n<h6><em>M\u00e9todo de mantenimiento:<\/em><\/h6>\n<ul>\n<li>Use agua tibia y detergente ZTE para lavar a mano suavemente para proteger la tela de encaje.<\/li>\n<li>Gu\u00e1rdelo doblado o colocado en posici\u00f3n horizontal para evitar que varias prendas se junten y as\u00ed evitar deformaciones.<\/li>\n<li>El reemplazo regular, como cada 3 a 6 meses, protege mejor la forma del seno.<\/li>\n<\/ul>","protected":false},"excerpt":{"rendered":"<p>Ya sea que use un sost\u00e9n transpirable de copa completa de talla grande a diario o en ocasiones especiales, este sost\u00e9n es suficiente para brindarle un ajuste perfecto y una confianza duradera.<\/p>","protected":false},"featured_media":14033,"comment_status":"open","ping_status":"closed","template":"","meta":{"site-sidebar-layout":"default","site-content-layout":"","ast-site-content-layout":"default","site-content-style":"default","site-sidebar-style":"default","ast-global-header-display":"","ast-banner-title-visibility":"","ast-main-header-display":"","ast-hfb-above-header-display":"","ast-hfb-below-header-display":"","ast-hfb-mobile-header-display":"","site-post-title":"","ast-breadcrumbs-content":"","ast-featured-img":"","footer-sml-layout":"","ast-disable-related-posts":"","theme-transparent-header-meta":"default","adv-header-id-meta":"","stick-header-meta":"default","header-above-stick-meta":"","header-main-stick-meta":"","header-below-stick-meta":"","astra-migrate-meta-layouts":"set","ast-page-background-enabled":"default","ast-page-background-meta":{"desktop":{"background-color":"","background-image":"","background-repeat":"repeat","background-position":"center center","background-size":"auto","background-attachment":"scroll","background-type":"","background-media":"","overlay-type":"","overlay-color":"","overlay-opacity":"","overlay-gradient":""},"tablet":{"background-color":"","background-image":"","background-repeat":"repeat","background-position":"center center","background-size":"auto","background-attachment":"scroll","background-type":"","background-media":"","overlay-type":"","overlay-color":"","overlay-opacity":"","overlay-gradient":""},"mobile":{"background-color":"","background-image":"","background-repeat":"repeat","background-position":"center center","background-size":"auto","background-attachment":"scroll","background-type":"","background-media":"","overlay-type":"","overlay-color":"","overlay-opacity":"","overlay-gradient":""}},"ast-content-background-meta":{"desktop":{"background-color":"var(--ast-global-color-5)","background-image":"","background-repeat":"repeat","background-position":"center center","background-size":"auto","background-attachment":"scroll","background-type":"","background-media":"","overlay-type":"","overlay-color":"","overlay-opacity":"","overlay-gradient":""},"tablet":{"background-color":"var(--ast-global-color-5)","background-image":"","background-repeat":"repeat","background-position":"center center","background-size":"auto","background-attachment":"scroll","background-type":"","background-media":"","overlay-type":"","overlay-color":"","overlay-opacity":"","overlay-gradient":""},"mobile":{"background-color":"var(--ast-global-color-5)","background-image":"","background-repeat":"repeat","background-position":"center center","background-size":"auto","background-attachment":"scroll","background-type":"","background-media":"","overlay-type":"","overlay-color":"","overlay-opacity":"","overlay-gradient":""}}},"product_brand":[],"product_cat":[65,76,259,583],"product_tag":[492,646,1022,1187,400,145],"class_list":{"0":"post-14025","1":"product","2":"type-product","3":"status-publish","4":"has-post-thumbnail","6":"product_cat-best-sellers","7":"product_cat-new-arrivels","8":"product_cat-lingerie","9":"product_cat-plus-size-underwear","10":"product_tag-breathable","11":"product_tag-comfortable","12":"product_tag-front-clasp","13":"product_tag-full-cup-design","14":"product_tag-plus-size-bra","15":"product_tag-sexy","16":"pa_color-black","17":"pa_color-khaki","18":"pa_color-white","19":"pa_size-1xl","20":"pa_size-2xl","21":"pa_size-3xl","22":"pa_size-4xl","23":"pa_size-5xl","24":"pa_size-xl","25":"desktop-align-center","26":"tablet-align-left","27":"mobile-align-left","28":"ast-product-gallery-layout-horizontal-slider","29":"ast-product-single-variable","30":"ast-product-tabs-layout-horizontal","31":"ast-qv-on-image","33":"first","34":"instock","35":"shipping-taxable","36":"purchasable","37":"product-type-variable"},"tiered_pricing_type":"fixed","tiered_pricing_fixed_rules":{"5":6.3,"50":5.6,"100":4.9},"tiered_pricing_product_settings":{"layout":"default","base_unit_name":{"singular":null,"plural":null},"default_variation":null},"tiered_pricing_minimum_quantity":null,"tiered_pricing_roles_data":[],"tiered_pricing_percentage_rules":[],"_links":{"self":[{"href":"https:\/\/yume-silm.com\/es\/wp-json\/wp\/v2\/product\/14025","targetHints":{"allow":["GET"]}}],"collection":[{"href":"https:\/\/yume-silm.com\/es\/wp-json\/wp\/v2\/product"}],"about":[{"href":"https:\/\/yume-silm.com\/es\/wp-json\/wp\/v2\/types\/product"}],"replies":[{"embeddable":true,"href":"https:\/\/yume-silm.com\/es\/wp-json\/wp\/v2\/comments?post=14025"}],"wp:featuredmedia":[{"embeddable":true,"href":"https:\/\/yume-silm.com\/es\/wp-json\/wp\/v2\/media\/14033"}],"wp:attachment":[{"href":"https:\/\/yume-silm.com\/es\/wp-json\/wp\/v2\/media?parent=14025"}],"wp:term":[{"taxonomy":"product_brand","embeddable":true,"href":"https:\/\/yume-silm.com\/es\/wp-json\/wp\/v2\/product_brand?post=14025"},{"taxonomy":"product_cat","embeddable":true,"href":"https:\/\/yume-silm.com\/es\/wp-json\/wp\/v2\/product_cat?post=14025"},{"taxonomy":"product_tag","embeddable":true,"href":"https:\/\/yume-silm.com\/es\/wp-json\/wp\/v2\/product_tag?post=14025"}],"curies":[{"name":"wp","href":"https:\/\/api.w.org\/{rel}","templated":true}]}}