{"id":14052,"date":"2024-12-20T06:24:19","date_gmt":"2024-12-20T06:24:19","guid":{"rendered":"https:\/\/yume-silm.com\/?post_type=product&#038;p=14052"},"modified":"2025-09-23T01:28:32","modified_gmt":"2025-09-23T01:28:32","slug":"conjunto-de-yoga-sexy-para-mujer","status":"publish","type":"product","link":"https:\/\/yume-silm.com\/es\/producto-2\/conjunto-de-yoga-sexy-para-mujer\/","title":{"rendered":"Conjunto de camiseta sin mangas y pantalones cortos de yoga de mezclilla con estampado de leopardo para mujer al por mayor"},"content":{"rendered":"<h5>Caracter\u00edsticas<\/h5>\n<ol>\n<li><strong>Pantalones cortos con estampado de leopardo:<\/strong> El conjunto de yoga sexy para mujer utiliza un dise\u00f1o \u00fanico con estampado de leopardo combinado con un estilo de mezclilla para mostrar tu actitud de moda.<\/li>\n<li><strong>Belleza de vuelta:<\/strong> El traje de fitness adopta un dise\u00f1o de espalda cruzada y los detalles huecos a\u00f1aden sensualidad, haciendo que tu espalda sea m\u00e1s sexy.<\/li>\n<li><strong>Tela:<\/strong> El traje de yoga transpirable est\u00e1 hecho de tejidos suaves y el\u00e1sticos, que se adaptan perfectamente a la piel y brindan una amplia libertad de movimiento.<\/li>\n<li><strong>Ocasi\u00f3n:<\/strong> Los trajes de yoga se pueden usar en clases de yoga, gimnasios, ocio diario u otros deportes que pueden hacerte m\u00e1s encantador.<\/li>\n<\/ol>\n<h6><em>M\u00e9todo de mantenimiento:<\/em><\/h6>\n<ul>\n<li>Para proteger el color y la tela del patr\u00f3n, se recomienda lavar a mano con agua fr\u00eda.<\/li>\n<li>Coloque el traje en posici\u00f3n horizontal para que se seque, mantenga su forma y elasticidad y d\u00e9jelo secar naturalmente.<\/li>\n<li>Evite el contacto con objetos afilados y gu\u00e1rdelo en un lugar seco y ventilado colg\u00e1ndolo o dobl\u00e1ndolo.<\/li>\n<\/ul>","protected":false},"excerpt":{"rendered":"<p>Con este sexy conjunto de yoga para mujer, lucir\u00e1s un estilo deportivo sin perder el estilo urbano. Convi\u00e9rtete en el centro de atenci\u00f3n.<\/p>","protected":false},"featured_media":14065,"comment_status":"open","ping_status":"closed","template":"","meta":{"site-sidebar-layout":"default","site-content-layout":"","ast-site-content-layout":"default","site-content-style":"default","site-sidebar-style":"default","ast-global-header-display":"","ast-banner-title-visibility":"","ast-main-header-display":"","ast-hfb-above-header-display":"","ast-hfb-below-header-display":"","ast-hfb-mobile-header-display":"","site-post-title":"","ast-breadcrumbs-content":"","ast-featured-img":"","footer-sml-layout":"","ast-disable-related-posts":"","theme-transparent-header-meta":"default","adv-header-id-meta":"","stick-header-meta":"default","header-above-stick-meta":"","header-main-stick-meta":"","header-below-stick-meta":"","astra-migrate-meta-layouts":"set","ast-page-background-enabled":"default","ast-page-background-meta":{"desktop":{"background-color":"","background-image":"","background-repeat":"repeat","background-position":"center center","background-size":"auto","background-attachment":"scroll","background-type":"","background-media":"","overlay-type":"","overlay-color":"","overlay-opacity":"","overlay-gradient":""},"tablet":{"background-color":"","background-image":"","background-repeat":"repeat","background-position":"center center","background-size":"auto","background-attachment":"scroll","background-type":"","background-media":"","overlay-type":"","overlay-color":"","overlay-opacity":"","overlay-gradient":""},"mobile":{"background-color":"","background-image":"","background-repeat":"repeat","background-position":"center center","background-size":"auto","background-attachment":"scroll","background-type":"","background-media":"","overlay-type":"","overlay-color":"","overlay-opacity":"","overlay-gradient":""}},"ast-content-background-meta":{"desktop":{"background-color":"var(--ast-global-color-5)","background-image":"","background-repeat":"repeat","background-position":"center center","background-size":"auto","background-attachment":"scroll","background-type":"","background-media":"","overlay-type":"","overlay-color":"","overlay-opacity":"","overlay-gradient":""},"tablet":{"background-color":"var(--ast-global-color-5)","background-image":"","background-repeat":"repeat","background-position":"center center","background-size":"auto","background-attachment":"scroll","background-type":"","background-media":"","overlay-type":"","overlay-color":"","overlay-opacity":"","overlay-gradient":""},"mobile":{"background-color":"var(--ast-global-color-5)","background-image":"","background-repeat":"repeat","background-position":"center center","background-size":"auto","background-attachment":"scroll","background-type":"","background-media":"","overlay-type":"","overlay-color":"","overlay-opacity":"","overlay-gradient":""}}},"product_brand":[],"product_cat":[65,76,734,735,736],"product_tag":[1192,701,1193,145],"class_list":{"0":"post-14052","1":"product","2":"type-product","3":"status-publish","4":"has-post-thumbnail","6":"product_cat-best-sellers","7":"product_cat-new-arrivels","8":"product_cat-yoga-suits","9":"product_cat-yoga-tops","10":"product_cat-yoga-shorts","11":"product_tag-beautiful-back-design","12":"product_tag-fashionable","13":"product_tag-leopard-print-shorts","14":"product_tag-sexy","15":"pa_size-l","16":"pa_size-m","17":"pa_size-s","18":"desktop-align-center","19":"tablet-align-left","20":"mobile-align-left","21":"ast-product-gallery-layout-horizontal-slider","22":"ast-product-single-variable","23":"ast-product-tabs-layout-horizontal","24":"ast-qv-on-image","26":"first","27":"instock","28":"shipping-taxable","29":"purchasable","30":"product-type-variable"},"tiered_pricing_type":"fixed","tiered_pricing_fixed_rules":[],"tiered_pricing_product_settings":{"layout":"default","base_unit_name":{"singular":null,"plural":null},"default_variation":null},"tiered_pricing_minimum_quantity":null,"tiered_pricing_roles_data":[],"tiered_pricing_percentage_rules":[],"_links":{"self":[{"href":"https:\/\/yume-silm.com\/es\/wp-json\/wp\/v2\/product\/14052","targetHints":{"allow":["GET"]}}],"collection":[{"href":"https:\/\/yume-silm.com\/es\/wp-json\/wp\/v2\/product"}],"about":[{"href":"https:\/\/yume-silm.com\/es\/wp-json\/wp\/v2\/types\/product"}],"replies":[{"embeddable":true,"href":"https:\/\/yume-silm.com\/es\/wp-json\/wp\/v2\/comments?post=14052"}],"wp:featuredmedia":[{"embeddable":true,"href":"https:\/\/yume-silm.com\/es\/wp-json\/wp\/v2\/media\/14065"}],"wp:attachment":[{"href":"https:\/\/yume-silm.com\/es\/wp-json\/wp\/v2\/media?parent=14052"}],"wp:term":[{"taxonomy":"product_brand","embeddable":true,"href":"https:\/\/yume-silm.com\/es\/wp-json\/wp\/v2\/product_brand?post=14052"},{"taxonomy":"product_cat","embeddable":true,"href":"https:\/\/yume-silm.com\/es\/wp-json\/wp\/v2\/product_cat?post=14052"},{"taxonomy":"product_tag","embeddable":true,"href":"https:\/\/yume-silm.com\/es\/wp-json\/wp\/v2\/product_tag?post=14052"}],"curies":[{"name":"wp","href":"https:\/\/api.w.org\/{rel}","templated":true}]}}