{"id":14125,"date":"2024-12-28T03:13:49","date_gmt":"2024-12-28T03:13:49","guid":{"rendered":"https:\/\/yume-silm.com\/?post_type=product&#038;p=14125"},"modified":"2026-04-12T03:04:45","modified_gmt":"2026-04-12T03:04:45","slug":"cinturon-de-recuperacion-pelvica-posparto-para-mujeres","status":"publish","type":"product","link":"https:\/\/yume-silm.com\/es\/producto-2\/cinturon-de-recuperacion-pelvica-posparto-para-mujeres\/","title":{"rendered":"Cintur\u00f3n de recuperaci\u00f3n p\u00e9lvica con velcro de doble capa y soporte posparto de cintura alta para mujer, venta al por mayor"},"content":{"rendered":"<h5>Caracter\u00edsticas<\/h5>\n<ol>\n<li><strong>Dise\u00f1o de cintura alta:<\/strong> El cintur\u00f3n de recuperaci\u00f3n p\u00e9lvica posparto para mujeres se ajusta a la l\u00ednea de la cintura y el abdomen para ayudar a recuperar los m\u00fasculos sueltos despu\u00e9s del parto.<\/li>\n<li><strong>Velcro de doble capa:<\/strong> El cintur\u00f3n de doble capa ajusta de forma flexible la tensi\u00f3n seg\u00fan las necesidades personales para garantizar un ajuste c\u00f3modo.<\/li>\n<li><strong>Recuperaci\u00f3n p\u00e9lvica:<\/strong> El cintur\u00f3n de recuperaci\u00f3n p\u00e9lvica ayuda a estabilizar la pelvis para aliviar la presi\u00f3n posparto que ayuda a restaurar la forma natural del cuerpo.<\/li>\n<li><strong>Ocasi\u00f3n:<\/strong> Este cintur\u00f3n de recuperaci\u00f3n p\u00e9lvica se puede utilizar para la recuperaci\u00f3n posparto diaria, ejercicio ligero o relajaci\u00f3n en el hogar, lo que ayuda a aliviar la fatiga.<\/li>\n<\/ol>\n<h6><em>M\u00e9todo de mantenimiento<\/em><\/h6>\n<ul>\n<li>Se recomienda lavar a mano para proteger la elasticidad y comodidad de la tela.<\/li>\n<li>Coloque la banda abdominal plana para que se seque para mantener su forma y elasticidad y d\u00e9jela secar naturalmente.<\/li>\n<li>Evitar el contacto con objetos punzantes, guardar en lugar seco y ventilado colg\u00e1ndolo o dobl\u00e1ndolo.<\/li>\n<\/ul>","protected":false},"excerpt":{"rendered":"<p>El cintur\u00f3n de recuperaci\u00f3n p\u00e9lvica posparto para mujeres est\u00e1 dise\u00f1ado para que las nuevas madres ayuden a la recuperaci\u00f3n corporal posparto y brinden apoyo cient\u00edfico y efectivo.<\/p>","protected":false},"featured_media":14131,"comment_status":"open","ping_status":"closed","template":"","meta":{"site-sidebar-layout":"default","site-content-layout":"","ast-site-content-layout":"default","site-content-style":"default","site-sidebar-style":"default","ast-global-header-display":"","ast-banner-title-visibility":"","ast-main-header-display":"","ast-hfb-above-header-display":"","ast-hfb-below-header-display":"","ast-hfb-mobile-header-display":"","site-post-title":"","ast-breadcrumbs-content":"","ast-featured-img":"","footer-sml-layout":"","ast-disable-related-posts":"","theme-transparent-header-meta":"default","adv-header-id-meta":"","stick-header-meta":"default","header-above-stick-meta":"","header-main-stick-meta":"","header-below-stick-meta":"","astra-migrate-meta-layouts":"set","ast-page-background-enabled":"default","ast-page-background-meta":{"desktop":{"background-color":"","background-image":"","background-repeat":"repeat","background-position":"center center","background-size":"auto","background-attachment":"scroll","background-type":"","background-media":"","overlay-type":"","overlay-color":"","overlay-opacity":"","overlay-gradient":""},"tablet":{"background-color":"","background-image":"","background-repeat":"repeat","background-position":"center center","background-size":"auto","background-attachment":"scroll","background-type":"","background-media":"","overlay-type":"","overlay-color":"","overlay-opacity":"","overlay-gradient":""},"mobile":{"background-color":"","background-image":"","background-repeat":"repeat","background-position":"center center","background-size":"auto","background-attachment":"scroll","background-type":"","background-media":"","overlay-type":"","overlay-color":"","overlay-opacity":"","overlay-gradient":""}},"ast-content-background-meta":{"desktop":{"background-color":"var(--ast-global-color-5)","background-image":"","background-repeat":"repeat","background-position":"center center","background-size":"auto","background-attachment":"scroll","background-type":"","background-media":"","overlay-type":"","overlay-color":"","overlay-opacity":"","overlay-gradient":""},"tablet":{"background-color":"var(--ast-global-color-5)","background-image":"","background-repeat":"repeat","background-position":"center center","background-size":"auto","background-attachment":"scroll","background-type":"","background-media":"","overlay-type":"","overlay-color":"","overlay-opacity":"","overlay-gradient":""},"mobile":{"background-color":"var(--ast-global-color-5)","background-image":"","background-repeat":"repeat","background-position":"center center","background-size":"auto","background-attachment":"scroll","background-type":"","background-media":"","overlay-type":"","overlay-color":"","overlay-opacity":"","overlay-gradient":""}}},"product_brand":[],"product_cat":[65,76,90,95],"product_tag":[662,139,1201,1200],"class_list":{"0":"post-14125","1":"product","2":"type-product","3":"status-publish","4":"has-post-thumbnail","6":"product_cat-best-sellers","7":"product_cat-new-arrivels","8":"product_cat-wholesale-waist-trainer","9":"product_cat-waist-cincher","10":"product_tag-abdominal","11":"product_tag-high-waist","12":"product_tag-pelvic-recovery-belt","13":"product_tag-postpartum-support","14":"pa_color-beige","15":"pa_size-one-size","16":"desktop-align-center","17":"tablet-align-left","18":"mobile-align-left","19":"ast-product-gallery-layout-horizontal-slider","20":"ast-product-single-variable","21":"ast-product-tabs-layout-horizontal","22":"ast-qv-on-image","24":"first","25":"instock","26":"shipping-taxable","27":"purchasable","28":"product-type-variable"},"tiered_pricing_type":"fixed","tiered_pricing_fixed_rules":{"5":3.42,"50":3.04,"100":2.66},"tiered_pricing_product_settings":{"layout":"default","base_unit_name":{"singular":null,"plural":null},"default_variation":null},"tiered_pricing_minimum_quantity":null,"tiered_pricing_roles_data":[],"tiered_pricing_percentage_rules":[],"_links":{"self":[{"href":"https:\/\/yume-silm.com\/es\/wp-json\/wp\/v2\/product\/14125","targetHints":{"allow":["GET"]}}],"collection":[{"href":"https:\/\/yume-silm.com\/es\/wp-json\/wp\/v2\/product"}],"about":[{"href":"https:\/\/yume-silm.com\/es\/wp-json\/wp\/v2\/types\/product"}],"replies":[{"embeddable":true,"href":"https:\/\/yume-silm.com\/es\/wp-json\/wp\/v2\/comments?post=14125"}],"wp:featuredmedia":[{"embeddable":true,"href":"https:\/\/yume-silm.com\/es\/wp-json\/wp\/v2\/media\/14131"}],"wp:attachment":[{"href":"https:\/\/yume-silm.com\/es\/wp-json\/wp\/v2\/media?parent=14125"}],"wp:term":[{"taxonomy":"product_brand","embeddable":true,"href":"https:\/\/yume-silm.com\/es\/wp-json\/wp\/v2\/product_brand?post=14125"},{"taxonomy":"product_cat","embeddable":true,"href":"https:\/\/yume-silm.com\/es\/wp-json\/wp\/v2\/product_cat?post=14125"},{"taxonomy":"product_tag","embeddable":true,"href":"https:\/\/yume-silm.com\/es\/wp-json\/wp\/v2\/product_tag?post=14125"}],"curies":[{"name":"wp","href":"https:\/\/api.w.org\/{rel}","templated":true}]}}