{"id":14186,"date":"2025-01-02T03:25:15","date_gmt":"2025-01-02T03:25:15","guid":{"rendered":"https:\/\/yume-silm.com\/?post_type=product&#038;p=14186"},"modified":"2025-09-13T01:23:07","modified_gmt":"2025-09-13T01:23:07","slug":"cinturon-ajustable-de-fitness-para-mujer","status":"publish","type":"product","link":"https:\/\/yume-silm.com\/es\/producto-2\/cinturon-ajustable-de-fitness-para-mujer\/","title":{"rendered":"Cintur\u00f3n deportivo ajustable para adelgazar abdominales para mujer al por mayor"},"content":{"rendered":"<h5>Caracter\u00edsticas<\/h5>\n<ol>\n<li><strong>Multifuncional:<\/strong> El cintur\u00f3n de fitness ajustable para mujer integra funciones de adelgazamiento, soporte y protecci\u00f3n que mejoran el soporte de la parte central.<\/li>\n<li><strong>Ajustable:<\/strong> El cintur\u00f3n adelgazante adopta un dise\u00f1o de velcro fuerte, con el que puede ajustar la tensi\u00f3n seg\u00fan sus necesidades para garantizar un ajuste seguro.<\/li>\n<li><strong>P\u00e9rdida de peso:<\/strong> El entrenador de cintura abdominal promueve la sudoraci\u00f3n del vientre, lo que ayuda a quemar el exceso de grasa y le ayuda a alcanzar r\u00e1pidamente sus objetivos de fitness.<\/li>\n<li><strong>Ocasi\u00f3n:<\/strong> La faja deportiva para la cintura es adecuada para yoga, entrenamiento de fuerza y otros deportes y puede usarse como ayuda diaria para moldear el cuerpo.<\/li>\n<\/ol>\n<h6><em>M\u00e9todo de mantenimiento:<\/em><\/h6>\n<ul>\n<li>Para proteger la elasticidad y comodidad de la tela, se recomienda utilizar lavado a mano con agua fr\u00eda.<\/li>\n<li>Coloque la banda abdominal plana para que se seque, mantenga su forma y elasticidad y d\u00e9jela secar naturalmente.<\/li>\n<li>Evitar el contacto con objetos punzantes, guardar en lugar seco y ventilado colg\u00e1ndolo o dobl\u00e1ndolo.<\/li>\n<\/ul>","protected":false},"excerpt":{"rendered":"<p>El cintur\u00f3n de fitness ajustable para mujeres no solo puede mejorar tu rendimiento deportivo, sino que tambi\u00e9n puedes ayudarte a dar forma a una encantadora curva de cintura y abdomen.<\/p>","protected":false},"featured_media":14204,"comment_status":"open","ping_status":"closed","template":"","meta":{"site-sidebar-layout":"default","site-content-layout":"","ast-site-content-layout":"default","site-content-style":"default","site-sidebar-style":"default","ast-global-header-display":"","ast-banner-title-visibility":"","ast-main-header-display":"","ast-hfb-above-header-display":"","ast-hfb-below-header-display":"","ast-hfb-mobile-header-display":"","site-post-title":"","ast-breadcrumbs-content":"","ast-featured-img":"","footer-sml-layout":"","ast-disable-related-posts":"","theme-transparent-header-meta":"default","adv-header-id-meta":"","stick-header-meta":"default","header-above-stick-meta":"","header-main-stick-meta":"","header-below-stick-meta":"","astra-migrate-meta-layouts":"set","ast-page-background-enabled":"default","ast-page-background-meta":{"desktop":{"background-color":"","background-image":"","background-repeat":"repeat","background-position":"center center","background-size":"auto","background-attachment":"scroll","background-type":"","background-media":"","overlay-type":"","overlay-color":"","overlay-opacity":"","overlay-gradient":""},"tablet":{"background-color":"","background-image":"","background-repeat":"repeat","background-position":"center center","background-size":"auto","background-attachment":"scroll","background-type":"","background-media":"","overlay-type":"","overlay-color":"","overlay-opacity":"","overlay-gradient":""},"mobile":{"background-color":"","background-image":"","background-repeat":"repeat","background-position":"center center","background-size":"auto","background-attachment":"scroll","background-type":"","background-media":"","overlay-type":"","overlay-color":"","overlay-opacity":"","overlay-gradient":""}},"ast-content-background-meta":{"desktop":{"background-color":"var(--ast-global-color-5)","background-image":"","background-repeat":"repeat","background-position":"center center","background-size":"auto","background-attachment":"scroll","background-type":"","background-media":"","overlay-type":"","overlay-color":"","overlay-opacity":"","overlay-gradient":""},"tablet":{"background-color":"var(--ast-global-color-5)","background-image":"","background-repeat":"repeat","background-position":"center center","background-size":"auto","background-attachment":"scroll","background-type":"","background-media":"","overlay-type":"","overlay-color":"","overlay-opacity":"","overlay-gradient":""},"mobile":{"background-color":"var(--ast-global-color-5)","background-image":"","background-repeat":"repeat","background-position":"center center","background-size":"auto","background-attachment":"scroll","background-type":"","background-media":"","overlay-type":"","overlay-color":"","overlay-opacity":"","overlay-gradient":""}}},"product_brand":[],"product_cat":[65,76,90,95],"product_tag":[1213,413,1214,558],"class_list":{"0":"post-14186","1":"product","2":"type-product","3":"status-publish","4":"has-post-thumbnail","6":"product_cat-best-sellers","7":"product_cat-new-arrivels","8":"product_cat-wholesale-waist-trainer","9":"product_cat-waist-cincher","10":"product_tag-adjustable-belt","11":"product_tag-fitness","12":"product_tag-sports-waist-cincher","13":"product_tag-weight-loss","14":"pa_color-black","15":"pa_color-purple","16":"pa_color-rose-red","17":"pa_size-l","18":"pa_size-m","19":"pa_size-s","20":"pa_size-xl","21":"desktop-align-center","22":"tablet-align-left","23":"mobile-align-left","24":"ast-product-gallery-layout-horizontal-slider","25":"ast-product-single-variable","26":"ast-product-tabs-layout-horizontal","27":"ast-qv-on-image","29":"first","30":"instock","31":"shipping-taxable","32":"purchasable","33":"product-type-variable"},"tiered_pricing_type":"fixed","tiered_pricing_fixed_rules":{"5":4.14,"50":3.68,"100":3.22},"tiered_pricing_product_settings":{"layout":"default","base_unit_name":{"singular":null,"plural":null},"default_variation":null},"tiered_pricing_minimum_quantity":null,"tiered_pricing_roles_data":[],"tiered_pricing_percentage_rules":[],"_links":{"self":[{"href":"https:\/\/yume-silm.com\/es\/wp-json\/wp\/v2\/product\/14186","targetHints":{"allow":["GET"]}}],"collection":[{"href":"https:\/\/yume-silm.com\/es\/wp-json\/wp\/v2\/product"}],"about":[{"href":"https:\/\/yume-silm.com\/es\/wp-json\/wp\/v2\/types\/product"}],"replies":[{"embeddable":true,"href":"https:\/\/yume-silm.com\/es\/wp-json\/wp\/v2\/comments?post=14186"}],"wp:featuredmedia":[{"embeddable":true,"href":"https:\/\/yume-silm.com\/es\/wp-json\/wp\/v2\/media\/14204"}],"wp:attachment":[{"href":"https:\/\/yume-silm.com\/es\/wp-json\/wp\/v2\/media?parent=14186"}],"wp:term":[{"taxonomy":"product_brand","embeddable":true,"href":"https:\/\/yume-silm.com\/es\/wp-json\/wp\/v2\/product_brand?post=14186"},{"taxonomy":"product_cat","embeddable":true,"href":"https:\/\/yume-silm.com\/es\/wp-json\/wp\/v2\/product_cat?post=14186"},{"taxonomy":"product_tag","embeddable":true,"href":"https:\/\/yume-silm.com\/es\/wp-json\/wp\/v2\/product_tag?post=14186"}],"curies":[{"name":"wp","href":"https:\/\/api.w.org\/{rel}","templated":true}]}}