{"id":1970,"date":"2023-04-28T08:24:33","date_gmt":"2023-04-28T08:24:33","guid":{"rendered":"https:\/\/yume-silm.com\/?post_type=product&#038;p=1970"},"modified":"2025-09-13T01:23:15","modified_gmt":"2025-09-13T01:23:15","slug":"faja-reductora-adelgazante-pero-elevadora","status":"publish","type":"product","link":"https:\/\/yume-silm.com\/es\/producto-2\/faja-reductora-adelgazante-pero-elevadora\/","title":{"rendered":"Pantalones cortos de cintura alta con realce de muslos de talla grande al por mayor"},"content":{"rendered":"<h5>Caracteristicas de dise\u00f1o<\/h5>\n<ul>\n<li><strong>TALLAS GRANDES:<\/strong> Our plus size high-waisted thigh-lift shorts with removable slender shoulder straps are available in a variety of sizes from S to 6XL to meet your unique size needs.<\/li>\n<li><strong>CORREA DE HOMBRO DESMONTABLE:<\/strong> La faja moldeadora de cintura de talla grande est\u00e1 equipada con correas de hombro ajustables y desmontables, lo que proporciona necesidades de uso diversificadas. Puedes usarlo solo sin tirantes, o usar pantalones cortos moldeadores de cintura alta con tirantes para brindarte un control abdominal ajustado.<\/li>\n<li><strong>CONTROL DE BARRIGA DE CINTURA ALTA:<\/strong> La faja moldeadora de cuerpo de cintura alta de talla grande con control de barriga le dar\u00e1 forma sutil a su barriga al proporcionar una compresi\u00f3n poderosa, proporcionando una apariencia de barriga suave y plana.<\/li>\n<li><strong>DECORACI\u00d3N DE ENCAJE:<\/strong> Los pantalones cortos moldeadores con cremallera lateral de cintura alta agregan detalles de encaje, lo que te hace sentir m\u00e1s atractivo y no mon\u00f3tono. El dise\u00f1o de encaje en el muslo a\u00f1ade un toque de moda y garantiza una experiencia antideslizante.<\/li>\n<li><strong>LA CONVENIENCIA PRIMERO:<\/strong> Consideramos el problema de ser inc\u00f3modo de poner y quitar cuando viajamos al aire libre, por lo que esta faja moldeadora de muslos de cintura alta adopta un dise\u00f1o de entrepierna abierta, que es muy conveniente para ir al ba\u00f1o.<\/li>\n<li><strong>GL\u00daTEOS DE MELOCOT\u00d3N:<\/strong> El dise\u00f1o de gl\u00fateos de los pantalones cortos moldeadores para levantar gl\u00fateos es muy c\u00f3modo de llevar. No s\u00f3lo puede levantar y tensar los gl\u00fateos, mostrando un contorno favorecedor; Tambi\u00e9n puede lograr la sensaci\u00f3n de comodidad que brinda la respiraci\u00f3n de la piel de las nalgas.<\/li>\n<\/ul>\n<h6><em>Abdominal control high waist plus size high-waisted thigh-lift shorts side zipper design for women<\/em><\/h6>\n<ul>\n<li>Our plus size high-waisted thigh-lift shorts with removable slender shoulder straps; are a revolution in comfort and style.<\/li>\n<li>Ideal para mayoristas que buscan calidad e innovaci\u00f3n, este body con control de abdomen corto promete personalizaci\u00f3n, entrega r\u00e1pida y una variedad de tama\u00f1os. Sum\u00e9rgete en el mundo del comercio mayorista y redefine tu inventario con esta pieza imprescindible. \u00a1Ordenar ahora!<\/li>\n<\/ul>","protected":false},"excerpt":{"rendered":"<ul>\n<li>Experience the magic of our plus size high-waisted thigh-lift shorts with removable slender shoulder straps.<\/li>\n<li>Confeccionado con tejidos transpirables, ofrece una alta compresi\u00f3n sin comprometer la comodidad.<\/li>\n<li>Sum\u00e9rgete en un mundo donde la moda se une a la funcionalidad y abraza tus curvas como nunca antes.<\/li>\n<\/ul>","protected":false},"featured_media":1972,"comment_status":"open","ping_status":"closed","template":"","meta":{"site-sidebar-layout":"default","site-content-layout":"default","ast-site-content-layout":"default","site-content-style":"default","site-sidebar-style":"default","ast-global-header-display":"","ast-banner-title-visibility":"","ast-main-header-display":"","ast-hfb-above-header-display":"","ast-hfb-below-header-display":"","ast-hfb-mobile-header-display":"","site-post-title":"","ast-breadcrumbs-content":"","ast-featured-img":"","footer-sml-layout":"","ast-disable-related-posts":"","theme-transparent-header-meta":"default","adv-header-id-meta":"","stick-header-meta":"default","header-above-stick-meta":"","header-main-stick-meta":"","header-below-stick-meta":"","astra-migrate-meta-layouts":"set","ast-page-background-enabled":"default","ast-page-background-meta":{"desktop":{"background-color":"","background-image":"","background-repeat":"repeat","background-position":"center center","background-size":"auto","background-attachment":"scroll","background-type":"","background-media":"","overlay-type":"","overlay-color":"","overlay-opacity":"","overlay-gradient":""},"tablet":{"background-color":"","background-image":"","background-repeat":"repeat","background-position":"center center","background-size":"auto","background-attachment":"scroll","background-type":"","background-media":"","overlay-type":"","overlay-color":"","overlay-opacity":"","overlay-gradient":""},"mobile":{"background-color":"","background-image":"","background-repeat":"repeat","background-position":"center center","background-size":"auto","background-attachment":"scroll","background-type":"","background-media":"","overlay-type":"","overlay-color":"","overlay-opacity":"","overlay-gradient":""}},"ast-content-background-meta":{"desktop":{"background-color":"var(--ast-global-color-5)","background-image":"","background-repeat":"repeat","background-position":"center center","background-size":"auto","background-attachment":"scroll","background-type":"","background-media":"","overlay-type":"","overlay-color":"","overlay-opacity":"","overlay-gradient":""},"tablet":{"background-color":"var(--ast-global-color-5)","background-image":"","background-repeat":"repeat","background-position":"center center","background-size":"auto","background-attachment":"scroll","background-type":"","background-media":"","overlay-type":"","overlay-color":"","overlay-opacity":"","overlay-gradient":""},"mobile":{"background-color":"var(--ast-global-color-5)","background-image":"","background-repeat":"repeat","background-position":"center center","background-size":"auto","background-attachment":"scroll","background-type":"","background-media":"","overlay-type":"","overlay-color":"","overlay-opacity":"","overlay-gradient":""}}},"product_brand":[],"product_cat":[65,76,77,1092,80],"product_tag":[137,139,134],"class_list":{"0":"post-1970","1":"product","2":"type-product","3":"status-publish","4":"has-post-thumbnail","6":"product_cat-best-sellers","7":"product_cat-new-arrivels","8":"product_cat-wholesale-womens-shapewear","9":"product_cat-plus-size-shapewear","10":"product_cat-wholesale-butt-lift-underwear","11":"product_tag-butt-lift","12":"product_tag-high-waist","13":"product_tag-tummy-tucker","14":"pa_color-beige","15":"pa_color-black","16":"pa_size-4xl","17":"pa_size-5xl","18":"pa_size-6xl","19":"pa_size-l","20":"pa_size-m","21":"pa_size-s","22":"pa_size-xl","23":"pa_size-xxl","24":"pa_size-xxxl","25":"desktop-align-center","26":"tablet-align-left","27":"mobile-align-left","28":"ast-product-gallery-layout-horizontal-slider","29":"ast-product-single-variable","30":"ast-product-tabs-layout-horizontal","31":"ast-qv-on-image","33":"first","34":"instock","35":"sale","36":"shipping-taxable","37":"purchasable","38":"product-type-variable"},"tiered_pricing_type":"fixed","tiered_pricing_fixed_rules":{"5":11.52,"50":10.5,"100":9.6},"tiered_pricing_product_settings":{"layout":"default","base_unit_name":{"singular":null,"plural":null},"default_variation":{}},"tiered_pricing_minimum_quantity":null,"tiered_pricing_roles_data":[],"tiered_pricing_percentage_rules":[],"_links":{"self":[{"href":"https:\/\/yume-silm.com\/es\/wp-json\/wp\/v2\/product\/1970","targetHints":{"allow":["GET"]}}],"collection":[{"href":"https:\/\/yume-silm.com\/es\/wp-json\/wp\/v2\/product"}],"about":[{"href":"https:\/\/yume-silm.com\/es\/wp-json\/wp\/v2\/types\/product"}],"replies":[{"embeddable":true,"href":"https:\/\/yume-silm.com\/es\/wp-json\/wp\/v2\/comments?post=1970"}],"wp:featuredmedia":[{"embeddable":true,"href":"https:\/\/yume-silm.com\/es\/wp-json\/wp\/v2\/media\/1972"}],"wp:attachment":[{"href":"https:\/\/yume-silm.com\/es\/wp-json\/wp\/v2\/media?parent=1970"}],"wp:term":[{"taxonomy":"product_brand","embeddable":true,"href":"https:\/\/yume-silm.com\/es\/wp-json\/wp\/v2\/product_brand?post=1970"},{"taxonomy":"product_cat","embeddable":true,"href":"https:\/\/yume-silm.com\/es\/wp-json\/wp\/v2\/product_cat?post=1970"},{"taxonomy":"product_tag","embeddable":true,"href":"https:\/\/yume-silm.com\/es\/wp-json\/wp\/v2\/product_tag?post=1970"}],"curies":[{"name":"wp","href":"https:\/\/api.w.org\/{rel}","templated":true}]}}