{"id":2031,"date":"2023-05-06T07:47:38","date_gmt":"2023-05-06T07:47:38","guid":{"rendered":"https:\/\/yume-silm.com\/?post_type=product&#038;p=2031"},"modified":"2025-09-13T01:23:11","modified_gmt":"2025-09-13T01:23:11","slug":"plus-size-shapewear-for-women-tummy-control-thigh-bodysuit","status":"publish","type":"product","link":"https:\/\/yume-silm.com\/es\/producto-2\/plus-size-shapewear-for-women-tummy-control-thigh-bodysuit\/","title":{"rendered":"Fajas moldeadoras de muslo con control de barriga de talla grande al por mayor"},"content":{"rendered":"<h5>Caracteristicas de dise\u00f1o<\/h5>\n<ul>\n<li><strong>APTO PARA BA\u00d1OS:<\/strong> Puedes ver que este pantal\u00f3n corto con forma de muslo con control de barriga de talla grande tiene un dise\u00f1o de entrepierna abierta, lo que facilita ir al ba\u00f1o sin tener que quitarse toda la faja. Resuelve tu verg\u00fcenza cuando viajas.<\/li>\n<li><strong>PERSONALIZADO:<\/strong> Con tama\u00f1os m\u00e1s grandes y tres filas de cierres de gancho y bucle en la posici\u00f3n del est\u00f3mago para un ajuste personalizado, nuestro body moldeador de muslo con control de barriga de talla grande est\u00e1 dise\u00f1ado para adaptarse a la forma \u00fanica de su cuerpo. Aseg\u00farese de obtener la forma correcta en el lugar correcto, como levantamiento de cadera y plenitud de senos, as\u00ed como modelado de muslos e incluso control de abdomen.<\/li>\n<li><strong>LEVANTAMIENTO DE CADERA:<\/strong> Nuestra ropa interior moldeadora de talla grande para mujer levanta y reafirma tus caderas para una apariencia m\u00e1s completa. Por supuesto, los gl\u00fateos tambi\u00e9n son transpirables, por lo que te sentir\u00e1s m\u00e1s c\u00f3moda y sentir\u00e1s tu piel respirar en todo momento.<\/li>\n<li><strong>ALTA CALIDAD Y CONFORT:<\/strong> Esta faja moldeadora de cors\u00e9 m\u00e1s delgada de talla grande est\u00e1 hecha de material de alta calidad, una mezcla de nailon y spandex, que no solo es agradable para la piel y liviano, sino que tambi\u00e9n tiene una elasticidad y durabilidad obvias para un uso duradero.<\/li>\n<li><strong>COMBINACI\u00d3N PERFECTA DE MODA Y FUNCI\u00d3N:<\/strong> Mientras que este body moldeador de talla grande adelgaza y da forma a tu cuerpo, el elegante detalle de encaje a\u00f1ade un toque de estilo para garantizar que te veas tan bien como te sientes cuando lo usas.<\/li>\n<\/ul>\n<h6><em>Los pantalones cortos del body moldeador con control de barriga con cremallera se pueden abrir sin entrepierna para mujeres<\/em><\/h6>\n<ul>\n<li>Nuestro body moldeador de muslo con control de barriga de talla grande personifica la funcionalidad de las reuniones de moda.<\/li>\n<li>Este pantal\u00f3n corto con forma de cuerpo es imprescindible para los mayoristas que buscan ofrecer calidad, estilo e innovaci\u00f3n.<\/li>\n<li>Con opciones de personalizaci\u00f3n, una variedad de tama\u00f1os y la promesa de entrega r\u00e1pida, es hora de aumentar su inventario.<\/li>\n<li>Sum\u00e9rgete en el mundo mayorista con esta pieza destacada. \u00a1Ordenar hoy!<\/li>\n<\/ul>","protected":false},"excerpt":{"rendered":"<p>Descubra el encanto de nuestro body moldeador de muslos con control de barriga de talla grande. Hecho de spandex y nailon de primera calidad, ofrece una compresi\u00f3n impecable. Eleva tus curvas, adelgaza tus muslos y adopta una silueta que transmite confianza y elegancia.<\/p>","protected":false},"featured_media":2032,"comment_status":"open","ping_status":"closed","template":"","meta":{"site-sidebar-layout":"default","site-content-layout":"default","ast-site-content-layout":"default","site-content-style":"default","site-sidebar-style":"default","ast-global-header-display":"","ast-banner-title-visibility":"","ast-main-header-display":"","ast-hfb-above-header-display":"","ast-hfb-below-header-display":"","ast-hfb-mobile-header-display":"","site-post-title":"","ast-breadcrumbs-content":"","ast-featured-img":"","footer-sml-layout":"","ast-disable-related-posts":"","theme-transparent-header-meta":"default","adv-header-id-meta":"","stick-header-meta":"default","header-above-stick-meta":"","header-main-stick-meta":"","header-below-stick-meta":"","astra-migrate-meta-layouts":"set","ast-page-background-enabled":"default","ast-page-background-meta":{"desktop":{"background-color":"","background-image":"","background-repeat":"repeat","background-position":"center center","background-size":"auto","background-attachment":"scroll","background-type":"","background-media":"","overlay-type":"","overlay-color":"","overlay-opacity":"","overlay-gradient":""},"tablet":{"background-color":"","background-image":"","background-repeat":"repeat","background-position":"center center","background-size":"auto","background-attachment":"scroll","background-type":"","background-media":"","overlay-type":"","overlay-color":"","overlay-opacity":"","overlay-gradient":""},"mobile":{"background-color":"","background-image":"","background-repeat":"repeat","background-position":"center center","background-size":"auto","background-attachment":"scroll","background-type":"","background-media":"","overlay-type":"","overlay-color":"","overlay-opacity":"","overlay-gradient":""}},"ast-content-background-meta":{"desktop":{"background-color":"var(--ast-global-color-5)","background-image":"","background-repeat":"repeat","background-position":"center center","background-size":"auto","background-attachment":"scroll","background-type":"","background-media":"","overlay-type":"","overlay-color":"","overlay-opacity":"","overlay-gradient":""},"tablet":{"background-color":"var(--ast-global-color-5)","background-image":"","background-repeat":"repeat","background-position":"center center","background-size":"auto","background-attachment":"scroll","background-type":"","background-media":"","overlay-type":"","overlay-color":"","overlay-opacity":"","overlay-gradient":""},"mobile":{"background-color":"var(--ast-global-color-5)","background-image":"","background-repeat":"repeat","background-position":"center center","background-size":"auto","background-attachment":"scroll","background-type":"","background-media":"","overlay-type":"","overlay-color":"","overlay-opacity":"","overlay-gradient":""}}},"product_brand":[],"product_cat":[65,77,1092,78],"product_tag":[135,137,141,154],"class_list":{"0":"post-2031","1":"product","2":"type-product","3":"status-publish","4":"has-post-thumbnail","6":"product_cat-best-sellers","7":"product_cat-wholesale-womens-shapewear","8":"product_cat-plus-size-shapewear","9":"product_cat-wholesale-full-body-shaper","10":"product_tag-all-in-one","11":"product_tag-butt-lift","12":"product_tag-plus-size","13":"product_tag-with-hooks","14":"pa_color-beige","15":"pa_color-black","16":"pa_size-4xl","17":"pa_size-5xl","18":"pa_size-6xl","19":"pa_size-l","20":"pa_size-m","21":"pa_size-s","22":"pa_size-xl","23":"pa_size-xxl","24":"pa_size-xxxl","25":"desktop-align-center","26":"tablet-align-left","27":"mobile-align-left","28":"ast-product-gallery-layout-horizontal-slider","29":"ast-product-single-variable","30":"ast-product-tabs-layout-horizontal","31":"ast-qv-on-image","33":"first","34":"instock","35":"shipping-taxable","36":"purchasable","37":"product-type-variable"},"tiered_pricing_type":"fixed","tiered_pricing_fixed_rules":{"10":13.74,"50":13.06,"100":12.39},"tiered_pricing_product_settings":{"layout":"default","base_unit_name":{"singular":null,"plural":null},"default_variation":{}},"tiered_pricing_minimum_quantity":null,"tiered_pricing_roles_data":[],"tiered_pricing_percentage_rules":[],"_links":{"self":[{"href":"https:\/\/yume-silm.com\/es\/wp-json\/wp\/v2\/product\/2031","targetHints":{"allow":["GET"]}}],"collection":[{"href":"https:\/\/yume-silm.com\/es\/wp-json\/wp\/v2\/product"}],"about":[{"href":"https:\/\/yume-silm.com\/es\/wp-json\/wp\/v2\/types\/product"}],"replies":[{"embeddable":true,"href":"https:\/\/yume-silm.com\/es\/wp-json\/wp\/v2\/comments?post=2031"}],"wp:featuredmedia":[{"embeddable":true,"href":"https:\/\/yume-silm.com\/es\/wp-json\/wp\/v2\/media\/2032"}],"wp:attachment":[{"href":"https:\/\/yume-silm.com\/es\/wp-json\/wp\/v2\/media?parent=2031"}],"wp:term":[{"taxonomy":"product_brand","embeddable":true,"href":"https:\/\/yume-silm.com\/es\/wp-json\/wp\/v2\/product_brand?post=2031"},{"taxonomy":"product_cat","embeddable":true,"href":"https:\/\/yume-silm.com\/es\/wp-json\/wp\/v2\/product_cat?post=2031"},{"taxonomy":"product_tag","embeddable":true,"href":"https:\/\/yume-silm.com\/es\/wp-json\/wp\/v2\/product_tag?post=2031"}],"curies":[{"name":"wp","href":"https:\/\/api.w.org\/{rel}","templated":true}]}}