{"id":2069,"date":"2023-05-06T08:29:45","date_gmt":"2023-05-06T08:29:45","guid":{"rendered":"https:\/\/yume-silm.com\/?post_type=product&#038;p=2069"},"modified":"2025-06-06T05:48:09","modified_gmt":"2025-06-06T05:48:09","slug":"traje-sudadera-corpino-camiseta-fitness-para-hombre","status":"publish","type":"product","link":"https:\/\/yume-silm.com\/es\/producto-2\/traje-sudadera-corpino-camiseta-fitness-para-hombre\/","title":{"rendered":"Chaleco adelgazante del sudor del neopreno de la camisa de la sauna de los hombres al por mayor"},"content":{"rendered":"<h5>Caracteristicas de dise\u00f1o<\/h5>\n<ul>\n<li><strong>VENTAJA DE ALTA ELASTICIDAD:<\/strong> La elasticidad del traje de sauna moldeador de cuerpo con chaleco deportivo para hombre permite un rango m\u00e1s amplio de movimiento sin sentirse restringido y puede adaptarse a cada movimiento.<\/li>\n<li><strong>M\u00daLTIPLES OPCIONES DE COLOR:<\/strong> Nuestras camisas de sauna para hombre est\u00e1n disponibles en azul y plateado para satisfacer sus preferencias de estilo personales.<\/li>\n<li><strong>ABSORCI\u00d3N DE HUMEDAD Y SUDORACI\u00d3N:<\/strong> Traje de sauna de manga corta de neopreno de alta calidad para hombres, sin olores desagradables, se puede utilizar varias veces. Las caracter\u00edsticas de la parte superior de la sauna de ejercicio de gimnasio de sauna de no deformaci\u00f3n, suavidad, ultraligero, de secado r\u00e1pido, saludable, que absorbe la humedad, etc. son obvias, con buena durabilidad y comodidad agradable para la piel.<\/li>\n<li><strong>COMPA\u00d1ERO DE APTITUD PERFECTO:<\/strong> La camiseta ajustada para sauna cubre perfectamente tu est\u00f3mago y pecho, y la fuerte compresi\u00f3n de la camiseta sin mangas para sauna te har\u00e1 lucir m\u00e1s ajustada y con m\u00e1s forma en general. Al mismo tiempo, proporciona apoyo a tu espalda y mejora gradualmente tu postura a medida que haces ejercicio, haci\u00e9ndote m\u00e1s en\u00e9rgico y atractivo.<\/li>\n<li>Las camisetas sin mangas para sauna fitness para hombre son perfectas para usarlas durante los entrenamientos, el yoga, el fitness, la carrera e incluso durante el tiempo libre y el trabajo. Al mismo tiempo, puedes combinarlos con una dieta sensata y ejercicio para estar m\u00e1s saludable.<\/li>\n<\/ul>\n<h6><em>Camisetas sin mangas atl\u00e9ticas ardientes gordas del entrenamiento de la camiseta del sudor de la sauna de la compresi\u00f3n de los hombres<\/em><\/h6>\n<p>Nuestro moldeador corporal de sudor para traje de sauna para hombre es la combinaci\u00f3n perfecta de moda y funcionalidad. Para los mayoristas que buscan ofrecer soluciones de acondicionamiento f\u00edsico innovadoras, este chaleco deportivo de neopreno con camisa de sauna adelgazante para hombres se destaca por sus caracter\u00edsticas y beneficios \u00fanicos. Con opciones de personalizaci\u00f3n, una variedad de tama\u00f1os y la promesa de entrega r\u00e1pida, es imprescindible agregarlo a su inventario. Sum\u00e9rgete en el mundo mayorista con esta pieza excepcional. \u00a1Ordenar hoy!<\/p>","protected":false},"excerpt":{"rendered":"<p>Mejora tu actividad f\u00edsica con nuestro chaleco de neopreno para adelgazar para sauna para hombre. Dise\u00f1ada para atrapar el calor y aumentar la temperatura central, esta camiseta sin mangas moldeadora de cuerpo promueve la sudoraci\u00f3n, ayudando en la eliminaci\u00f3n de toxinas y la p\u00e9rdida de peso temporal. Sum\u00e9rgete en una experiencia de entrenamiento que sea a la vez efectiva y c\u00f3moda.<\/p>","protected":false},"featured_media":2073,"comment_status":"open","ping_status":"closed","template":"","meta":{"site-sidebar-layout":"default","site-content-layout":"default","ast-site-content-layout":"default","site-content-style":"default","site-sidebar-style":"default","ast-global-header-display":"","ast-banner-title-visibility":"","ast-main-header-display":"","ast-hfb-above-header-display":"","ast-hfb-below-header-display":"","ast-hfb-mobile-header-display":"","site-post-title":"","ast-breadcrumbs-content":"","ast-featured-img":"","footer-sml-layout":"","ast-disable-related-posts":"","theme-transparent-header-meta":"default","adv-header-id-meta":"","stick-header-meta":"default","header-above-stick-meta":"","header-main-stick-meta":"","header-below-stick-meta":"","astra-migrate-meta-layouts":"set","ast-page-background-enabled":"default","ast-page-background-meta":{"desktop":{"background-color":"","background-image":"","background-repeat":"repeat","background-position":"center center","background-size":"auto","background-attachment":"scroll","background-type":"","background-media":"","overlay-type":"","overlay-color":"","overlay-opacity":"","overlay-gradient":""},"tablet":{"background-color":"","background-image":"","background-repeat":"repeat","background-position":"center center","background-size":"auto","background-attachment":"scroll","background-type":"","background-media":"","overlay-type":"","overlay-color":"","overlay-opacity":"","overlay-gradient":""},"mobile":{"background-color":"","background-image":"","background-repeat":"repeat","background-position":"center center","background-size":"auto","background-attachment":"scroll","background-type":"","background-media":"","overlay-type":"","overlay-color":"","overlay-opacity":"","overlay-gradient":""}},"ast-content-background-meta":{"desktop":{"background-color":"var(--ast-global-color-5)","background-image":"","background-repeat":"repeat","background-position":"center center","background-size":"auto","background-attachment":"scroll","background-type":"","background-media":"","overlay-type":"","overlay-color":"","overlay-opacity":"","overlay-gradient":""},"tablet":{"background-color":"var(--ast-global-color-5)","background-image":"","background-repeat":"repeat","background-position":"center center","background-size":"auto","background-attachment":"scroll","background-type":"","background-media":"","overlay-type":"","overlay-color":"","overlay-opacity":"","overlay-gradient":""},"mobile":{"background-color":"var(--ast-global-color-5)","background-image":"","background-repeat":"repeat","background-position":"center center","background-size":"auto","background-attachment":"scroll","background-type":"","background-media":"","overlay-type":"","overlay-color":"","overlay-opacity":"","overlay-gradient":""}}},"product_brand":[],"product_cat":[97,100],"product_tag":[169,141,167,166,185,184],"class_list":{"0":"post-2069","1":"product","2":"type-product","3":"status-publish","4":"has-post-thumbnail","6":"product_cat-sauna-suit","7":"product_cat-sauna-tops","8":"product_tag-fitness-shirt","9":"product_tag-plus-size","10":"product_tag-sauna-suit","11":"product_tag-sauna-vest","12":"product_tag-workout","13":"product_tag-zipper","14":"pa_color-blue","15":"pa_color-sliver","16":"pa_size-2xl-3xl","17":"pa_size-4xl-5xl","18":"pa_size-l-xl","19":"pa_size-s-m","20":"desktop-align-center","21":"tablet-align-left","22":"mobile-align-left","23":"ast-product-gallery-layout-horizontal-slider","24":"ast-product-single-variable","25":"ast-product-tabs-layout-horizontal","26":"ast-qv-on-image","28":"first","29":"instock","30":"shipping-taxable","31":"purchasable","32":"product-type-variable"},"tiered_pricing_type":"fixed","tiered_pricing_fixed_rules":{"10":4.2,"50":4,"300":3.8},"tiered_pricing_product_settings":{"layout":"default","base_unit_name":{"singular":null,"plural":null},"default_variation":{}},"tiered_pricing_minimum_quantity":null,"tiered_pricing_roles_data":[],"tiered_pricing_percentage_rules":[],"_links":{"self":[{"href":"https:\/\/yume-silm.com\/es\/wp-json\/wp\/v2\/product\/2069","targetHints":{"allow":["GET"]}}],"collection":[{"href":"https:\/\/yume-silm.com\/es\/wp-json\/wp\/v2\/product"}],"about":[{"href":"https:\/\/yume-silm.com\/es\/wp-json\/wp\/v2\/types\/product"}],"replies":[{"embeddable":true,"href":"https:\/\/yume-silm.com\/es\/wp-json\/wp\/v2\/comments?post=2069"}],"wp:featuredmedia":[{"embeddable":true,"href":"https:\/\/yume-silm.com\/es\/wp-json\/wp\/v2\/media\/2073"}],"wp:attachment":[{"href":"https:\/\/yume-silm.com\/es\/wp-json\/wp\/v2\/media?parent=2069"}],"wp:term":[{"taxonomy":"product_brand","embeddable":true,"href":"https:\/\/yume-silm.com\/es\/wp-json\/wp\/v2\/product_brand?post=2069"},{"taxonomy":"product_cat","embeddable":true,"href":"https:\/\/yume-silm.com\/es\/wp-json\/wp\/v2\/product_cat?post=2069"},{"taxonomy":"product_tag","embeddable":true,"href":"https:\/\/yume-silm.com\/es\/wp-json\/wp\/v2\/product_tag?post=2069"}],"curies":[{"name":"wp","href":"https:\/\/api.w.org\/{rel}","templated":true}]}}