{"id":2076,"date":"2023-05-06T09:30:17","date_gmt":"2023-05-06T09:30:17","guid":{"rendered":"https:\/\/yume-silm.com\/?post_type=product&#038;p=2076"},"modified":"2024-05-20T05:25:38","modified_gmt":"2024-05-20T05:25:38","slug":"mujeres-culo-lifter-tummy-control-body-shaper-fajas-colombianas","status":"publish","type":"product","link":"https:\/\/yume-silm.com\/es\/producto-2\/mujeres-culo-lifter-tummy-control-body-shaper-fajas-colombianas\/","title":{"rendered":"Venta al por mayor Fajas colombianas moldeadoras de cuerpo con control de barriga y levantador de gl\u00fateos para mujer"},"content":{"rendered":"<h5>Caracteristicas de dise\u00f1o<\/h5>\n<ul>\n<li><strong>MATERIALES DE ALTA CALIDAD:<\/strong> Estas fajas colombianas para levantar gl\u00fateos y control de barriga est\u00e1n hechas de nailon y spandex, lo que proporciona el equilibrio perfecto entre elasticidad, soporte y transpirabilidad. Experimente una comodidad duradera sobre la piel.<\/li>\n<li><strong>F\u00c1CIL DE USAR:<\/strong> El moldeador de cuerpo invisible de bragas levantadoras de gl\u00fateos colombianos adopta un dise\u00f1o de gancho de una sola fila para que sea m\u00e1s f\u00e1cil de usar y garantizar un mejor efecto de modelado del cuerpo. La cintura alta del levantador de gl\u00fateos para mujer con cremallera estira la l\u00ednea del busto.<\/li>\n<li><strong>MEJORAMIENTO DE Gl\u00fateos:<\/strong> Los pantalones cortos moldeadores de cintura alta para mujer con control de barriga tienen un dise\u00f1o \u00fanico que levanta y acent\u00faa los gl\u00fateos, proporcionando una apariencia naturalmente m\u00e1s completa y cincelada.<\/li>\n<li><strong>ADECUADO PARA CADA OCASI\u00d3N:<\/strong> Ya sea en la vida diaria, el trabajo, fiestas o eventos especiales, este moldeador corporal con control de barriga para mujer se puede combinar con cada atuendo y ocasi\u00f3n.<\/li>\n<li><strong>FORMA EFECTIVA:<\/strong> Esta ropa interior moldeadora para levantar gl\u00fateos proporciona control de barriga y levantamiento de gl\u00fateos, asegurando que no haya bultos, protuberancias o protuberancias para una hermosa figura de curvas.<\/li>\n<\/ul>\n<h6><em>Ropa interior de mujer de talla grande para levantar gl\u00fateos para un mejor control de la barriga abdominal.<\/em><\/h6>\n<ul>\n<li>Nuestro moldeador corporal para mujer con control de barriga y levantamiento de gl\u00fateos es el ep\u00edtome de la sofisticaci\u00f3n y la funcionalidad.<\/li>\n<li>Para los mayoristas que buscan ofrecer productos de primer nivel que combinen calidad con estilo, esta faja moldeadora de cadera de talla grande es imprescindible.<\/li>\n<li>Con opciones de personalizaci\u00f3n, una variedad de tama\u00f1os y la promesa de una entrega r\u00e1pida, es hora de mejorar su colecci\u00f3n. Sum\u00e9rgete en el mundo del comercio mayorista con esta pieza destacada. \u00a1Ordenar hoy!<\/li>\n<\/ul>","protected":false},"excerpt":{"rendered":"<p>Eleva tu silueta con nuestras fajas colombianas moldeadoras de cuerpo con control de barriga para mujer. Meticulosamente elaborado con nailon y spandex, este moldeador de cuerpo potenciador de cadera de talla grande realza tus curvas y ofrece una combinaci\u00f3n perfecta de comodidad y estilo. Sum\u00e9rgete en una experiencia transformadora que redefine la elegancia y la confianza.<\/p>","protected":false},"featured_media":2086,"comment_status":"open","ping_status":"closed","template":"","meta":{"site-sidebar-layout":"default","site-content-layout":"default","ast-site-content-layout":"default","site-content-style":"default","site-sidebar-style":"default","ast-global-header-display":"","ast-banner-title-visibility":"","ast-main-header-display":"","ast-hfb-above-header-display":"","ast-hfb-below-header-display":"","ast-hfb-mobile-header-display":"","site-post-title":"","ast-breadcrumbs-content":"","ast-featured-img":"","footer-sml-layout":"","ast-disable-related-posts":"","theme-transparent-header-meta":"default","adv-header-id-meta":"","stick-header-meta":"default","header-above-stick-meta":"","header-main-stick-meta":"","header-below-stick-meta":"","astra-migrate-meta-layouts":"set","ast-page-background-enabled":"default","ast-page-background-meta":{"desktop":{"background-color":"","background-image":"","background-repeat":"repeat","background-position":"center center","background-size":"auto","background-attachment":"scroll","background-type":"","background-media":"","overlay-type":"","overlay-color":"","overlay-opacity":"","overlay-gradient":""},"tablet":{"background-color":"","background-image":"","background-repeat":"repeat","background-position":"center center","background-size":"auto","background-attachment":"scroll","background-type":"","background-media":"","overlay-type":"","overlay-color":"","overlay-opacity":"","overlay-gradient":""},"mobile":{"background-color":"","background-image":"","background-repeat":"repeat","background-position":"center center","background-size":"auto","background-attachment":"scroll","background-type":"","background-media":"","overlay-type":"","overlay-color":"","overlay-opacity":"","overlay-gradient":""}},"ast-content-background-meta":{"desktop":{"background-color":"var(--ast-global-color-5)","background-image":"","background-repeat":"repeat","background-position":"center center","background-size":"auto","background-attachment":"scroll","background-type":"","background-media":"","overlay-type":"","overlay-color":"","overlay-opacity":"","overlay-gradient":""},"tablet":{"background-color":"var(--ast-global-color-5)","background-image":"","background-repeat":"repeat","background-position":"center center","background-size":"auto","background-attachment":"scroll","background-type":"","background-media":"","overlay-type":"","overlay-color":"","overlay-opacity":"","overlay-gradient":""},"mobile":{"background-color":"var(--ast-global-color-5)","background-image":"","background-repeat":"repeat","background-position":"center center","background-size":"auto","background-attachment":"scroll","background-type":"","background-media":"","overlay-type":"","overlay-color":"","overlay-opacity":"","overlay-gradient":""}}},"product_brand":[],"product_cat":[65,76,77,80],"product_tag":[137,139,565,134],"class_list":{"0":"post-2076","1":"product","2":"type-product","3":"status-publish","4":"has-post-thumbnail","6":"product_cat-best-sellers","7":"product_cat-new-arrivels","8":"product_cat-wholesale-womens-shapewear","9":"product_cat-wholesale-butt-lift-underwear","10":"product_tag-butt-lift","11":"product_tag-high-waist","12":"product_tag-open-butt","13":"product_tag-tummy-tucker","14":"pa_color-black","15":"pa_size-l","16":"pa_size-m","17":"pa_size-s","18":"pa_size-xs","19":"pa_size-xxl","20":"pa_size-xxxl","21":"desktop-align-center","22":"tablet-align-left","23":"mobile-align-left","24":"ast-product-gallery-layout-horizontal-slider","25":"ast-product-single-variable","26":"ast-product-tabs-layout-horizontal","27":"ast-qv-on-image","29":"first","30":"instock","31":"shipping-taxable","32":"purchasable","33":"product-type-variable"},"tiered_pricing_type":"fixed","tiered_pricing_fixed_rules":{"5":9.3,"50":8.5,"500":7.89},"tiered_pricing_product_settings":{"layout":"default","base_unit_name":{"singular":null,"plural":null},"default_variation":{}},"tiered_pricing_minimum_quantity":null,"tiered_pricing_roles_data":[],"tiered_pricing_percentage_rules":[],"_links":{"self":[{"href":"https:\/\/yume-silm.com\/es\/wp-json\/wp\/v2\/product\/2076","targetHints":{"allow":["GET"]}}],"collection":[{"href":"https:\/\/yume-silm.com\/es\/wp-json\/wp\/v2\/product"}],"about":[{"href":"https:\/\/yume-silm.com\/es\/wp-json\/wp\/v2\/types\/product"}],"replies":[{"embeddable":true,"href":"https:\/\/yume-silm.com\/es\/wp-json\/wp\/v2\/comments?post=2076"}],"wp:featuredmedia":[{"embeddable":true,"href":"https:\/\/yume-silm.com\/es\/wp-json\/wp\/v2\/media\/2086"}],"wp:attachment":[{"href":"https:\/\/yume-silm.com\/es\/wp-json\/wp\/v2\/media?parent=2076"}],"wp:term":[{"taxonomy":"product_brand","embeddable":true,"href":"https:\/\/yume-silm.com\/es\/wp-json\/wp\/v2\/product_brand?post=2076"},{"taxonomy":"product_cat","embeddable":true,"href":"https:\/\/yume-silm.com\/es\/wp-json\/wp\/v2\/product_cat?post=2076"},{"taxonomy":"product_tag","embeddable":true,"href":"https:\/\/yume-silm.com\/es\/wp-json\/wp\/v2\/product_tag?post=2076"}],"curies":[{"name":"wp","href":"https:\/\/api.w.org\/{rel}","templated":true}]}}