{"id":2148,"date":"2023-05-09T08:19:07","date_gmt":"2023-05-09T08:19:07","guid":{"rendered":"https:\/\/yume-silm.com\/?post_type=product&#038;p=2148"},"modified":"2024-04-24T05:59:11","modified_gmt":"2024-04-24T05:59:11","slug":"traje-sauna-para-hombre-sudadera-manga-larga-camisa-sauna","status":"publish","type":"product","link":"https:\/\/yume-silm.com\/es\/producto-2\/traje-sauna-para-hombre-sudadera-manga-larga-camisa-sauna\/","title":{"rendered":"Camisa larga de la aptitud de la manga del traje del sudor de la sauna de los hombres al por mayor"},"content":{"rendered":"<h5>Caracteristicas de dise\u00f1o<\/h5>\n<ul>\n<li><strong>CALOR R\u00c1PIDO:<\/strong> Elegir nuestro traje de sauna, gimnasio, entrenamiento, p\u00e9rdida de peso, camiseta de manga larga ayudar\u00e1 r\u00e1pidamente a activar el calor 5-10 minutos despu\u00e9s de un entrenamiento, aumentando la sudoraci\u00f3n de 3 a 5 veces, reteniendo el calor corporal y acelerando la quema de calor\u00edas.<\/li>\n<li><strong>BENEFICIOS CARDIOVASCULARES:<\/strong> Nuestro traje de sauna ligero y de alta elasticidad est\u00e1 dise\u00f1ado para promover el flujo sangu\u00edneo y la circulaci\u00f3n, mejorando la salud cardiovascular y el bienestar general.<\/li>\n<li><strong>DISE\u00d1O CONVENIENTE:<\/strong> La camiseta de entrenamiento de cintura con cremallera superior de entrenamiento de manga larga est\u00e1 dise\u00f1ada para ser f\u00e1cil de poner y quitar, con una cremallera central larga y abierta que solo necesita abrirse o cerrarse f\u00e1cilmente, lo cual es especialmente vital durante los entrenamientos.<\/li>\n<li><strong>COMPRESI\u00d3N DE SOPORTE:<\/strong> La chaqueta de traje de sauna para hombre es excelente para proporcionar compresi\u00f3n para mejorar la postura y sostener los m\u00fasculos, lo que reduce potencialmente el riesgo de lesiones.<\/li>\n<li><strong>ELEGANTE Y PR\u00c1CTICO:<\/strong> Ligera y elegante, se puede usar como chaqueta de todos los d\u00edas. La flexibilidad de la camiseta de sauna garantiza la facilidad de las actividades diarias y el revestimiento reflectante mejora la visibilidad. Los trajes de sauna son ideales para el gimnasio, los deportes, el entrenamiento y el fitness. Muy bueno para la transpiraci\u00f3n, quema de grasas y p\u00e9rdida de peso. La tela \u00fanica calienta tu n\u00facleo y atrapa el calor para mantenerte saludable.<\/li>\n<\/ul>\n<h6><em>Sudadera con traje de sauna para hombre para entrenar gimnasio<\/em><\/h6>\n<ul>\n<li>Nuestras camisetas deportivas de manga larga para sauna para hombre son la combinaci\u00f3n perfecta de estilo y funcionalidad f\u00edsica.<\/li>\n<li>Los trajes deportivos para sauna son una excelente opci\u00f3n para los mayoristas que buscan ofrecer soluciones innovadoras de ejercicio y acondicionamiento f\u00edsico.<\/li>\n<li>Con opciones de personalizaci\u00f3n, m\u00faltiples tama\u00f1os y la promesa de entrega r\u00e1pida, es una excelente adici\u00f3n a su inventario.<\/li>\n<li>Ingrese al mundo del comercio mayorista con esta excepcional pieza de fitness. \u00a1Ordenar hoy!<\/li>\n<\/ul>","protected":false},"excerpt":{"rendered":"<p>Mejora tu r\u00e9gimen de entrenamiento con nuestra camiseta deportiva de manga larga para sauna para hombre. Dise\u00f1ado para amplificar la sudoraci\u00f3n y promover el flujo sangu\u00edneo, este sauna ayuda a quemar calor\u00edas y mejorar la salud cardiovascular. Sum\u00e9rgete en un viaje de fitness que combina estilo, comodidad y eficiencia.<\/p>","protected":false},"featured_media":2174,"comment_status":"open","ping_status":"closed","template":"","meta":{"site-sidebar-layout":"default","site-content-layout":"default","ast-site-content-layout":"default","site-content-style":"default","site-sidebar-style":"default","ast-global-header-display":"","ast-banner-title-visibility":"","ast-main-header-display":"","ast-hfb-above-header-display":"","ast-hfb-below-header-display":"","ast-hfb-mobile-header-display":"","site-post-title":"","ast-breadcrumbs-content":"","ast-featured-img":"","footer-sml-layout":"","ast-disable-related-posts":"","theme-transparent-header-meta":"default","adv-header-id-meta":"","stick-header-meta":"default","header-above-stick-meta":"","header-main-stick-meta":"","header-below-stick-meta":"","astra-migrate-meta-layouts":"set","ast-page-background-enabled":"default","ast-page-background-meta":{"desktop":{"background-color":"","background-image":"","background-repeat":"repeat","background-position":"center center","background-size":"auto","background-attachment":"scroll","background-type":"","background-media":"","overlay-type":"","overlay-color":"","overlay-opacity":"","overlay-gradient":""},"tablet":{"background-color":"","background-image":"","background-repeat":"repeat","background-position":"center center","background-size":"auto","background-attachment":"scroll","background-type":"","background-media":"","overlay-type":"","overlay-color":"","overlay-opacity":"","overlay-gradient":""},"mobile":{"background-color":"","background-image":"","background-repeat":"repeat","background-position":"center center","background-size":"auto","background-attachment":"scroll","background-type":"","background-media":"","overlay-type":"","overlay-color":"","overlay-opacity":"","overlay-gradient":""}},"ast-content-background-meta":{"desktop":{"background-color":"var(--ast-global-color-5)","background-image":"","background-repeat":"repeat","background-position":"center center","background-size":"auto","background-attachment":"scroll","background-type":"","background-media":"","overlay-type":"","overlay-color":"","overlay-opacity":"","overlay-gradient":""},"tablet":{"background-color":"var(--ast-global-color-5)","background-image":"","background-repeat":"repeat","background-position":"center center","background-size":"auto","background-attachment":"scroll","background-type":"","background-media":"","overlay-type":"","overlay-color":"","overlay-opacity":"","overlay-gradient":""},"mobile":{"background-color":"var(--ast-global-color-5)","background-image":"","background-repeat":"repeat","background-position":"center center","background-size":"auto","background-attachment":"scroll","background-type":"","background-media":"","overlay-type":"","overlay-color":"","overlay-opacity":"","overlay-gradient":""}}},"product_brand":[],"product_cat":[65,76,97,98],"product_tag":[413,549,564,183,141,173,411,185,184],"class_list":{"0":"post-2148","1":"product","2":"type-product","3":"status-publish","4":"has-post-thumbnail","6":"product_cat-best-sellers","7":"product_cat-new-arrivels","8":"product_cat-sauna-suit","9":"product_cat-sauna-jacket","10":"product_tag-fitness","11":"product_tag-gym","12":"product_tag-hot","13":"product_tag-long-sleeve","14":"product_tag-plus-size","15":"product_tag-sauna-suit-for-men","16":"product_tag-sports","17":"product_tag-workout","18":"product_tag-zipper","19":"pa_color-blue","20":"pa_color-sliver","21":"pa_size-l","22":"pa_size-m","23":"pa_size-s","24":"pa_size-xl","25":"pa_size-xxl","26":"pa_size-xxxl","27":"desktop-align-center","28":"tablet-align-left","29":"mobile-align-left","30":"ast-product-gallery-layout-horizontal-slider","31":"ast-product-single-variable","32":"ast-product-tabs-layout-horizontal","33":"ast-qv-on-image","35":"first","36":"instock","37":"shipping-taxable","38":"purchasable","39":"product-type-variable"},"tiered_pricing_type":"fixed","tiered_pricing_fixed_rules":{"10":6.78,"200":6.55,"500":6.33},"tiered_pricing_product_settings":{"layout":"default","base_unit_name":{"singular":null,"plural":null},"default_variation":{}},"tiered_pricing_minimum_quantity":null,"tiered_pricing_roles_data":[],"tiered_pricing_percentage_rules":[],"_links":{"self":[{"href":"https:\/\/yume-silm.com\/es\/wp-json\/wp\/v2\/product\/2148","targetHints":{"allow":["GET"]}}],"collection":[{"href":"https:\/\/yume-silm.com\/es\/wp-json\/wp\/v2\/product"}],"about":[{"href":"https:\/\/yume-silm.com\/es\/wp-json\/wp\/v2\/types\/product"}],"replies":[{"embeddable":true,"href":"https:\/\/yume-silm.com\/es\/wp-json\/wp\/v2\/comments?post=2148"}],"wp:featuredmedia":[{"embeddable":true,"href":"https:\/\/yume-silm.com\/es\/wp-json\/wp\/v2\/media\/2174"}],"wp:attachment":[{"href":"https:\/\/yume-silm.com\/es\/wp-json\/wp\/v2\/media?parent=2148"}],"wp:term":[{"taxonomy":"product_brand","embeddable":true,"href":"https:\/\/yume-silm.com\/es\/wp-json\/wp\/v2\/product_brand?post=2148"},{"taxonomy":"product_cat","embeddable":true,"href":"https:\/\/yume-silm.com\/es\/wp-json\/wp\/v2\/product_cat?post=2148"},{"taxonomy":"product_tag","embeddable":true,"href":"https:\/\/yume-silm.com\/es\/wp-json\/wp\/v2\/product_tag?post=2148"}],"curies":[{"name":"wp","href":"https:\/\/api.w.org\/{rel}","templated":true}]}}