{"id":2150,"date":"2023-05-09T08:38:40","date_gmt":"2023-05-09T08:38:40","guid":{"rendered":"https:\/\/yume-silm.com\/?post_type=product&#038;p=2150"},"modified":"2025-06-24T05:30:05","modified_gmt":"2025-06-24T05:30:05","slug":"rodillera-deportiva-de-doble-capa-con-estructura-de-acero-7","status":"publish","type":"product","link":"https:\/\/yume-silm.com\/es\/producto-2\/rodillera-deportiva-de-doble-capa-con-estructura-de-acero-7\/","title":{"rendered":"Entrenador de cintura deportivo de doble capa con marco de acero al por mayor 7"},"content":{"rendered":"<h5>Caracteristicas de dise\u00f1o<\/h5>\n<ul>\n<li><strong>7 soportes de estructura de acero:<\/strong> El entrenador de cintura de entrenamiento garantiza un soporte y durabilidad superiores, manteniendo la forma y la eficacia del cintur\u00f3n durante el uso.<\/li>\n<li><strong>6 filas de botones:<\/strong> El cierre de bot\u00f3n ajustable del entrenador de cintura deportivo proporciona un ajuste personalizado y seguro, optimizando el efecto adelgazante en la cintura.<\/li>\n<li><strong>Dise\u00f1o de doble capa:<\/strong> El entrenador de cintura con ejercicios de huesos de acero combina dos niveles de compresi\u00f3n para una experiencia de modelado de cintura m\u00e1s efectiva y c\u00f3moda.<\/li>\n<li><strong>Malla el\u00e1stica transpirable:<\/strong> Nuestro entrenador deportivo de cintura con curvas est\u00e1 hecho de malla el\u00e1stica de alta calidad para garantizar una excelente transpirabilidad y comodidad para un uso prolongado.<\/li>\n<li><strong>Amplia gama de tama\u00f1os:<\/strong> Nuestro entrenador deportivo de cintura larga de talla grande para satisfacer las necesidades de diferentes clientes, este entrenador de cintura tiene un rango de tallas de S-6XL, lo que garantiza un ajuste perfecto para todo tipo de cuerpo.<\/li>\n<\/ul>\n<h6><em>Entrenador de cintura deportivo y fitness para mujer.<\/em><\/h6>\n<ul>\n<li>Nuestro entrenador de cintura deportivo de doble capa con estructura de acero 7 cambia las reglas del juego para quienes buscan una combinaci\u00f3n de estilo, comodidad y funcionalidad. Para los mayoristas que buscan ofrecer productos de primer nivel que combinen calidad con innovaci\u00f3n, este entrenador de cintura es imprescindible.<\/li>\n<li>Con opciones de personalizaci\u00f3n, una variedad de tama\u00f1os y la promesa de entrega r\u00e1pida, es una adici\u00f3n esencial a su inventario. Sum\u00e9rgete en el mundo del comercio mayorista con esta pieza destacada. \u00a1Ordenar hoy!<\/li>\n<\/ul>","protected":false},"excerpt":{"rendered":"<p>Transforme su experiencia de entrenamiento con nuestro entrenador de cintura deportivo de doble capa con estructura de acero 7. Dise\u00f1ado para obtener resultados \u00f3ptimos para adelgazar la cintura, este entrenador de cintura combina durabilidad, comodidad y estilo, lo que garantiza que se sienta y luzca lo mejor posible.<\/p>","protected":false},"featured_media":2171,"comment_status":"open","ping_status":"closed","template":"","meta":{"site-sidebar-layout":"default","site-content-layout":"default","ast-site-content-layout":"default","site-content-style":"default","site-sidebar-style":"default","ast-global-header-display":"","ast-banner-title-visibility":"","ast-main-header-display":"","ast-hfb-above-header-display":"","ast-hfb-below-header-display":"","ast-hfb-mobile-header-display":"","site-post-title":"","ast-breadcrumbs-content":"","ast-featured-img":"","footer-sml-layout":"","ast-disable-related-posts":"","theme-transparent-header-meta":"default","adv-header-id-meta":"","stick-header-meta":"default","header-above-stick-meta":"","header-main-stick-meta":"","header-below-stick-meta":"","astra-migrate-meta-layouts":"set","ast-page-background-enabled":"default","ast-page-background-meta":{"desktop":{"background-color":"","background-image":"","background-repeat":"repeat","background-position":"center center","background-size":"auto","background-attachment":"scroll","background-type":"","background-media":"","overlay-type":"","overlay-color":"","overlay-opacity":"","overlay-gradient":""},"tablet":{"background-color":"","background-image":"","background-repeat":"repeat","background-position":"center center","background-size":"auto","background-attachment":"scroll","background-type":"","background-media":"","overlay-type":"","overlay-color":"","overlay-opacity":"","overlay-gradient":""},"mobile":{"background-color":"","background-image":"","background-repeat":"repeat","background-position":"center center","background-size":"auto","background-attachment":"scroll","background-type":"","background-media":"","overlay-type":"","overlay-color":"","overlay-opacity":"","overlay-gradient":""}},"ast-content-background-meta":{"desktop":{"background-color":"var(--ast-global-color-5)","background-image":"","background-repeat":"repeat","background-position":"center center","background-size":"auto","background-attachment":"scroll","background-type":"","background-media":"","overlay-type":"","overlay-color":"","overlay-opacity":"","overlay-gradient":""},"tablet":{"background-color":"var(--ast-global-color-5)","background-image":"","background-repeat":"repeat","background-position":"center center","background-size":"auto","background-attachment":"scroll","background-type":"","background-media":"","overlay-type":"","overlay-color":"","overlay-opacity":"","overlay-gradient":""},"mobile":{"background-color":"var(--ast-global-color-5)","background-image":"","background-repeat":"repeat","background-position":"center center","background-size":"auto","background-attachment":"scroll","background-type":"","background-media":"","overlay-type":"","overlay-color":"","overlay-opacity":"","overlay-gradient":""}}},"product_brand":[],"product_cat":[65,76,90,92],"product_tag":[153,151,454,455,154,185],"class_list":{"0":"post-2150","1":"product","2":"type-product","3":"status-publish","4":"has-post-thumbnail","6":"product_cat-best-sellers","7":"product_cat-new-arrivels","8":"product_cat-wholesale-waist-trainer","9":"product_cat-wholesale-waist-girdle","10":"product_tag-boned","11":"product_tag-double-compression","12":"product_tag-fat-loss","13":"product_tag-hourglass-figure","14":"product_tag-with-hooks","15":"product_tag-workout","16":"pa_color-beige","17":"pa_color-black","18":"pa_size-4xl","19":"pa_size-5xl","20":"pa_size-6xl","21":"pa_size-l","22":"pa_size-m","23":"pa_size-s","24":"pa_size-xxl","25":"pa_size-xxxl","26":"desktop-align-center","27":"tablet-align-left","28":"mobile-align-left","29":"ast-product-gallery-layout-horizontal-slider","30":"ast-product-single-variable","31":"ast-product-tabs-layout-horizontal","32":"ast-qv-on-image","34":"first","35":"instock","36":"shipping-taxable","37":"purchasable","38":"product-type-variable"},"tiered_pricing_type":"fixed","tiered_pricing_fixed_rules":{"5":3.69,"50":3.69,"100":3.39},"tiered_pricing_product_settings":{"layout":"default","base_unit_name":{"singular":null,"plural":null},"default_variation":{}},"tiered_pricing_minimum_quantity":null,"tiered_pricing_roles_data":[],"tiered_pricing_percentage_rules":[],"_links":{"self":[{"href":"https:\/\/yume-silm.com\/es\/wp-json\/wp\/v2\/product\/2150","targetHints":{"allow":["GET"]}}],"collection":[{"href":"https:\/\/yume-silm.com\/es\/wp-json\/wp\/v2\/product"}],"about":[{"href":"https:\/\/yume-silm.com\/es\/wp-json\/wp\/v2\/types\/product"}],"replies":[{"embeddable":true,"href":"https:\/\/yume-silm.com\/es\/wp-json\/wp\/v2\/comments?post=2150"}],"wp:featuredmedia":[{"embeddable":true,"href":"https:\/\/yume-silm.com\/es\/wp-json\/wp\/v2\/media\/2171"}],"wp:attachment":[{"href":"https:\/\/yume-silm.com\/es\/wp-json\/wp\/v2\/media?parent=2150"}],"wp:term":[{"taxonomy":"product_brand","embeddable":true,"href":"https:\/\/yume-silm.com\/es\/wp-json\/wp\/v2\/product_brand?post=2150"},{"taxonomy":"product_cat","embeddable":true,"href":"https:\/\/yume-silm.com\/es\/wp-json\/wp\/v2\/product_cat?post=2150"},{"taxonomy":"product_tag","embeddable":true,"href":"https:\/\/yume-silm.com\/es\/wp-json\/wp\/v2\/product_tag?post=2150"}],"curies":[{"name":"wp","href":"https:\/\/api.w.org\/{rel}","templated":true}]}}