{"id":2200,"date":"2023-05-09T11:20:04","date_gmt":"2023-05-09T11:20:04","guid":{"rendered":"https:\/\/yume-silm.com\/?post_type=product&#038;p=2200"},"modified":"2024-11-20T08:00:45","modified_gmt":"2024-11-20T08:00:45","slug":"faja-traje-abdominal-mujer-entrenadora-traje-sauna","status":"publish","type":"product","link":"https:\/\/yume-silm.com\/es\/producto-2\/faja-traje-abdominal-mujer-entrenadora-traje-sauna\/","title":{"rendered":"Venta al por mayor Chaleco de la correa abdominal de la sauna del entrenador de la cintura"},"content":{"rendered":"<h5>Caracteristicas de dise\u00f1o<\/h5>\n<ul>\n<li><strong>SUDOR ACELERADO: <\/strong><span data-slate-fragment=\"JTVCJTdCJTIydHlwZSUyMiUzQSUyMnBhcmFncmFwaCUyMiUyQyUyMmNoaWxkcmVuJTIyJTNBJTVCJTdCJTIydGV4dCUyMiUzQSUyMk91ciUyMHRoaXMlMjBzYXVuYSUyMHN3ZWF0JTIwZmFqYSUyMGJvZHklMjBzaGFwZXdlYXIlMjB3YWlzdCUyMHRyYWluZXIlMjBjb3JzZXQlMjB0b3AlMjB3YWlzdGJhbmQlMjBpcyUyMHBlcmZlY3QlMjBmb3IlMjB0aGUlMjBneW0lMkMlMjBvdXRkb29yJTIwYWN0aXZpdGllcyUyQyUyMHNwb3J0cyUyQyUyMHlvZ2ElMjBhbmQlMjBtb3JlLiUyMFRoZSUyMHNsaW1taW5nJTIwZmxhdCUyMGJlbGx5JTIwc2F1bmElMjB2ZXN0JTIwd2lsbCUyMGhlbHAlMjB5b3UlMjBlYXNpbHklMjBnZXQlMjB0aGUlMjBzYXVuYSUyMGVmZmVjdCUyMGR1cmluZyUyMHlvdXIlMjB3b3Jrb3V0JTJDJTIwYWNjZWxlcmF0ZSUyMGJsb29kJTIwY2lyY3VsYXRpb24lMkMlMjBidXJuJTIwZmF0JTIwZmFzdGVyJTIwYW5kJTIwcmVkdWNlJTIwZXhjZXNzJTIwd2F0ZXIuJTIwR2V0JTIwcmlkJTIwb2YlMjBmbGFiJTIwYW5kJTIwYWNjZWxlcmF0ZSUyMHRoZSUyMHNoYXBpbmclMjBvZiUyMHlvdXIlMjBpZGVhbCUyMGN1cnZ5JTIwY2hhcm1pbmclMjBib2R5LiUyMiU3RCU1RCU3RCU1RA==\">Nuestra faja moldeadora de cuerpo para sauna, cors\u00e9 de entrenamiento de cintura, cintura superior es perfecta para el gimnasio, actividades al aire libre, deportes, yoga y m\u00e1s. El chaleco adelgazante para sauna de vientre plano te ayudar\u00e1 a obtener f\u00e1cilmente el efecto sauna durante tu entrenamiento, acelerar la circulaci\u00f3n sangu\u00ednea, quemar grasa m\u00e1s r\u00e1pido y reducir el exceso de agua. Desh\u00e1gase de la flacidez y acelere la configuraci\u00f3n de su encantador cuerpo con curvas ideal.<\/span><\/li>\n<li><b>MEJORA LA POSTURA:<\/b> Nuestro chaleco ce\u00f1idor de cintura para traje de sauna est\u00e1 dise\u00f1ado con un I-Back para brindar soporte lumbar y estabilidad superiores, reduciendo la presi\u00f3n y la tensi\u00f3n en la parte baja de la espalda y previniendo posibles lesiones. Los cinturones recortadores con doble control de barriga para adelgazar y sudar para mujeres son muy \u00fatiles para los trabajadores de oficina sedentarios y son excelentes para aliviar el dolor lumbar, proteger la columna, evitar que se encorve y ayudar a mejorar su postura.<\/li>\n<li><strong>DOBLE COMPRESI\u00d3N EN EL ABDOMEN: <\/strong>La capa interior del traje de sauna moldeador de cuerpo se ajusta naturalmente contra la piel con un cierre de cremallera; Adem\u00e1s, el vendaje exterior de doble compresi\u00f3n aplana f\u00e1cilmente su barriga para una barriga suave, que no se enrolla y que tambi\u00e9n es f\u00e1cil de usar. El traje de sauna para entrenador de cintura para mujer es perfecto para la recuperaci\u00f3n posparto, permiti\u00e9ndole volver a su mejor forma lo antes posible.<\/li>\n<li data-slate-node=\"element\"><span data-slate-node=\"text\"><span class=\"\" data-slate-leaf=\"true\"><strong>ELEGANTE Y C\u00d3MODO:<\/strong> El cintur\u00f3n reductor del chaleco para quemar grasa y faja reductora del abdomen est\u00e1 hecho de una mezcla de neopreno y poli\u00e9ster para garantizar durabilidad, flexibilidad y comodidad agradable para la piel.<\/span><\/span><\/li>\n<li data-slate-node=\"element\" data-slate-fragment=\"JTVCJTdCJTIydHlwZSUyMiUzQSUyMnBhcmFncmFwaCUyMiUyQyUyMmNoaWxkcmVuJTIyJTNBJTVCJTdCJTIydGV4dCUyMiUzQSUyMlNUWUxJU0glMjBBTkQlMjBDT01GT1JUQUJMRSUzQSUyMFRoZSUyMGJlbGx5JTIwcmVkdWNpbmclMjBzaGFwZXdlYXIlMjBidXJuJTIwZmF0JTIwdmVzdCUyMHRyaW1tZXIlMjBiZWx0JTIwaXMlMjBtYWRlJTIwZnJvbSUyMGElMjBibGVuZCUyMG9mJTIwbmVvcHJlbmUlMjBhbmQlMjBwb2x5ZXN0ZXIlMjB0byUyMGVuc3VyZSUyMGR1cmFiaWxpdHklMkMlMjBmbGV4aWJpbGl0eSUyMGFuZCUyMHNraW4tZnJpZW5kbHklMjBjb21mb3J0LiUyMiU3RCU1RCU3RCUyQyU3QiUyMnR5cGUlMjIlM0ElMjJwYXJhZ3JhcGglMjIlMkMlMjJjaGlsZHJlbiUyMiUzQSU1QiU3QiUyMnRleHQlMjIlM0ElMjJUaGUlMjB2aWJyYW50JTIwdHdvLXRvbmUlMjBjb2xvciUyMGNvbWJpbmF0aW9uJTIwY3JlYXRlcyUyMGElMjB2aXN1YWxseSUyMGFwcGVhbGluZyUyMGFuZCUyMHBlcnNvbmFsaXplZCUyMGxvb2slMjB3aXRoJTIwY3VzdG9taXphdGlvbiUyMG9wdGlvbnMuJTIwRGVzaWduZWQlMjB3aXRoJTIwYSUyMHdhaXN0YmFuZCUyMHppcHBlciUyQyUyMGl0JTIwaXMlMjBxdWljayUyMGFuZCUyMGVhc3klMjB0byUyMHB1dCUyMG9uJTJDJTIwZWxpbWluYXRpbmclMjB0aGUlMjBuZWVkJTIwZm9yJTIwdHJhZGl0aW9uYWwlMjBidWNrbGUlMjBvciUyMHN0cmFwJTIwYWRqdXN0bWVudHMuJTIyJTdEJTVEJTdEJTVE\"><span data-slate-node=\"text\"><span class=\"\" data-slate-leaf=\"true\">La vibrante combinaci\u00f3n de colores de dos tonos crea una apariencia visualmente atractiva y personalizada con opciones de personalizaci\u00f3n. Dise\u00f1ado con una cremallera en la cintura, es r\u00e1pido y f\u00e1cil de poner, eliminando la necesidad de ajustes tradicionales de hebilla o correa.<\/span><\/span><\/li>\n<\/ul>\n<h6><em>Chaleco deportivo para perder peso, para correr, hacer yoga y otros ejercicios f\u00edsicos en interiores y exteriores<\/em><\/h6>\n<ul>\n<li><span data-slate-fragment=\"JTVCJTdCJTIydHlwZSUyMiUzQSUyMnBhcmFncmFwaCUyMiUyQyUyMmNoaWxkcmVuJTIyJTNBJTVCJTdCJTIydGV4dCUyMiUzQSUyMk91ciUyMHdhaXN0JTIwdHJhaW5lciUyMHNhdW5hJTIwYWJkb21pbmFsJTIwc3RyYXAlMjB2ZXN0JTIwaXMlMjBhJTIwdGVzdGFtZW50JTIwdG8lMjB0aGUlMjBwZXJmZWN0JTIwYmxlbmQlMjBvZiUyMGZhc2hpb24lMjBhbmQlMjBmdW5jdGlvbmFsaXR5LiUyMEZvciUyMHdob2xlc2FsZXJzJTIwYWltaW5nJTIwdG8lMjBvZmZlciUyMHByb2R1Y3RzJTIwdGhhdCUyMHJlc29uYXRlJTIwd2l0aCUyMHF1YWxpdHklMkMlMjBzdHlsZSUyQyUyMGFuZCUyMGlubm92YXRpb24lMkMlMjB0aGlzJTIwc2F1bmElMjB3YWlzdCUyMHRyYWluZXIlMjB2ZXN0JTIwaXMlMjBhJTIwcHJpbWUlMjBjaG9pY2UuJTIwV2l0aCUyMGN1c3RvbWl6YXRpb24lMjBvcHRpb25zJTJDJTIwYSUyMHJhbmdlJTIwb2YlMjBzaXplcyUyQyUyMGFuZCUyMHRoZSUyMHByb21pc2UlMjBvZiUyMHN3aWZ0JTIwZGVsaXZlcnklMkMlMjBpdCdzJTIwYW4lMjBlc3NlbnRpYWwlMjBhZGRpdGlvbiUyMHRvJTIweW91ciUyMGludmVudG9yeS4lMjAlMjIlN0QlNUQlN0QlNUQ=\">Nuestro chaleco con correa abdominal para sauna y entrenador de cintura es un testimonio de la combinaci\u00f3n perfecta de moda y funcionalidad. Para los mayoristas que buscan ofrecer productos que resuenen con calidad, estilo e innovaci\u00f3n, este chaleco entrenador de cintura para sauna es la mejor opci\u00f3n. <\/span><\/li>\n<li><span data-slate-fragment=\"JTVCJTdCJTIydHlwZSUyMiUzQSUyMnBhcmFncmFwaCUyMiUyQyUyMmNoaWxkcmVuJTIyJTNBJTVCJTdCJTIydGV4dCUyMiUzQSUyMk91ciUyMHdhaXN0JTIwdHJhaW5lciUyMHNhdW5hJTIwYWJkb21pbmFsJTIwc3RyYXAlMjB2ZXN0JTIwaXMlMjBhJTIwdGVzdGFtZW50JTIwdG8lMjB0aGUlMjBwZXJmZWN0JTIwYmxlbmQlMjBvZiUyMGZhc2hpb24lMjBhbmQlMjBmdW5jdGlvbmFsaXR5LiUyMEZvciUyMHdob2xlc2FsZXJzJTIwYWltaW5nJTIwdG8lMjBvZmZlciUyMHByb2R1Y3RzJTIwdGhhdCUyMHJlc29uYXRlJTIwd2l0aCUyMHF1YWxpdHklMkMlMjBzdHlsZSUyQyUyMGFuZCUyMGlubm92YXRpb24lMkMlMjB0aGlzJTIwc2F1bmElMjB3YWlzdCUyMHRyYWluZXIlMjB2ZXN0JTIwaXMlMjBhJTIwcHJpbWUlMjBjaG9pY2UuJTIwV2l0aCUyMGN1c3RvbWl6YXRpb24lMjBvcHRpb25zJTJDJTIwYSUyMHJhbmdlJTIwb2YlMjBzaXplcyUyQyUyMGFuZCUyMHRoZSUyMHByb21pc2UlMjBvZiUyMHN3aWZ0JTIwZGVsaXZlcnklMkMlMjBpdCdzJTIwYW4lMjBlc3NlbnRpYWwlMjBhZGRpdGlvbiUyMHRvJTIweW91ciUyMGludmVudG9yeS4lMjAlMjIlN0QlNUQlN0QlNUQ=\">Con opciones de personalizaci\u00f3n, una variedad de tama\u00f1os y la promesa de entrega r\u00e1pida, es una adici\u00f3n esencial a su inventario. <\/span> Sum\u00e9rgete en el mundo del comercio mayorista con esta pieza destacada. \u00a1Ordenar hoy!<\/li>\n<\/ul>","protected":false},"excerpt":{"rendered":"<p class=\"tgt color_text_0 un-step-trans\" data-section=\"0\">Presentamos nuestro chaleco con correa abdominal para sauna, dise\u00f1ado para la mujer moderna que busca estilo y funcionalidad. Confeccionado con caucho de neopreno y poli\u00e9ster, este entrenador de cintura ofrece una compresi\u00f3n \u00f3ptima, realzando su silueta natural y garantizando comodidad.<\/p>","protected":false},"featured_media":2223,"comment_status":"open","ping_status":"closed","template":"","meta":{"site-sidebar-layout":"default","site-content-layout":"default","ast-site-content-layout":"default","site-content-style":"default","site-sidebar-style":"default","ast-global-header-display":"","ast-banner-title-visibility":"","ast-main-header-display":"","ast-hfb-above-header-display":"","ast-hfb-below-header-display":"","ast-hfb-mobile-header-display":"","site-post-title":"","ast-breadcrumbs-content":"","ast-featured-img":"","footer-sml-layout":"","ast-disable-related-posts":"","theme-transparent-header-meta":"default","adv-header-id-meta":"","stick-header-meta":"default","header-above-stick-meta":"","header-main-stick-meta":"","header-below-stick-meta":"","astra-migrate-meta-layouts":"set","ast-page-background-enabled":"default","ast-page-background-meta":{"desktop":{"background-color":"","background-image":"","background-repeat":"repeat","background-position":"center center","background-size":"auto","background-attachment":"scroll","background-type":"","background-media":"","overlay-type":"","overlay-color":"","overlay-opacity":"","overlay-gradient":""},"tablet":{"background-color":"","background-image":"","background-repeat":"repeat","background-position":"center center","background-size":"auto","background-attachment":"scroll","background-type":"","background-media":"","overlay-type":"","overlay-color":"","overlay-opacity":"","overlay-gradient":""},"mobile":{"background-color":"","background-image":"","background-repeat":"repeat","background-position":"center center","background-size":"auto","background-attachment":"scroll","background-type":"","background-media":"","overlay-type":"","overlay-color":"","overlay-opacity":"","overlay-gradient":""}},"ast-content-background-meta":{"desktop":{"background-color":"var(--ast-global-color-5)","background-image":"","background-repeat":"repeat","background-position":"center center","background-size":"auto","background-attachment":"scroll","background-type":"","background-media":"","overlay-type":"","overlay-color":"","overlay-opacity":"","overlay-gradient":""},"tablet":{"background-color":"var(--ast-global-color-5)","background-image":"","background-repeat":"repeat","background-position":"center center","background-size":"auto","background-attachment":"scroll","background-type":"","background-media":"","overlay-type":"","overlay-color":"","overlay-opacity":"","overlay-gradient":""},"mobile":{"background-color":"var(--ast-global-color-5)","background-image":"","background-repeat":"repeat","background-position":"center center","background-size":"auto","background-attachment":"scroll","background-type":"","background-media":"","overlay-type":"","overlay-color":"","overlay-opacity":"","overlay-gradient":""}}},"product_brand":[],"product_cat":[65,76,97,100,90,94,96],"product_tag":[187,135,139,186,167,214,553,185,552],"class_list":{"0":"post-2200","1":"product","2":"type-product","3":"status-publish","4":"has-post-thumbnail","6":"product_cat-best-sellers","7":"product_cat-new-arrivels","8":"product_cat-sauna-suit","9":"product_cat-sauna-tops","10":"product_cat-wholesale-waist-trainer","11":"product_cat-n-in-1-waist-trainer","12":"product_cat-sweat-waist-trainer","13":"product_tag-2-in-1","14":"product_tag-all-in-one","15":"product_tag-high-waist","16":"product_tag-padded","17":"product_tag-sauna-suit","18":"product_tag-waist-trainer","19":"product_tag-waist-trimmer","20":"product_tag-workout","21":"product_tag-workout-sweatband","22":"pa_color-black","23":"pa_color-pink","24":"pa_color-yellow","25":"pa_size-l","26":"pa_size-m","27":"pa_size-s","28":"pa_size-xl","29":"pa_size-xxl","30":"pa_size-xxxl","31":"desktop-align-center","32":"tablet-align-left","33":"mobile-align-left","34":"ast-product-gallery-layout-horizontal-slider","35":"ast-product-single-variable","36":"ast-product-tabs-layout-horizontal","37":"ast-qv-on-image","39":"first","40":"instock","41":"shipping-taxable","42":"purchasable","43":"product-type-variable"},"tiered_pricing_type":"fixed","tiered_pricing_fixed_rules":{"5":6.77,"50":6.53,"100":6.25},"tiered_pricing_product_settings":{"layout":"default","base_unit_name":{"singular":null,"plural":null},"default_variation":{}},"tiered_pricing_minimum_quantity":null,"tiered_pricing_roles_data":[],"tiered_pricing_percentage_rules":[],"_links":{"self":[{"href":"https:\/\/yume-silm.com\/es\/wp-json\/wp\/v2\/product\/2200","targetHints":{"allow":["GET"]}}],"collection":[{"href":"https:\/\/yume-silm.com\/es\/wp-json\/wp\/v2\/product"}],"about":[{"href":"https:\/\/yume-silm.com\/es\/wp-json\/wp\/v2\/types\/product"}],"replies":[{"embeddable":true,"href":"https:\/\/yume-silm.com\/es\/wp-json\/wp\/v2\/comments?post=2200"}],"wp:featuredmedia":[{"embeddable":true,"href":"https:\/\/yume-silm.com\/es\/wp-json\/wp\/v2\/media\/2223"}],"wp:attachment":[{"href":"https:\/\/yume-silm.com\/es\/wp-json\/wp\/v2\/media?parent=2200"}],"wp:term":[{"taxonomy":"product_brand","embeddable":true,"href":"https:\/\/yume-silm.com\/es\/wp-json\/wp\/v2\/product_brand?post=2200"},{"taxonomy":"product_cat","embeddable":true,"href":"https:\/\/yume-silm.com\/es\/wp-json\/wp\/v2\/product_cat?post=2200"},{"taxonomy":"product_tag","embeddable":true,"href":"https:\/\/yume-silm.com\/es\/wp-json\/wp\/v2\/product_tag?post=2200"}],"curies":[{"name":"wp","href":"https:\/\/api.w.org\/{rel}","templated":true}]}}