{"id":2228,"date":"2023-05-09T12:51:53","date_gmt":"2023-05-09T12:51:53","guid":{"rendered":"https:\/\/yume-silm.com\/?post_type=product&#038;p=2228"},"modified":"2024-08-27T01:38:18","modified_gmt":"2024-08-27T01:38:18","slug":"traje-traje-corse-traje-traje-traje-corse-hombre","status":"publish","type":"product","link":"https:\/\/yume-silm.com\/es\/producto-2\/traje-traje-corse-traje-traje-traje-corse-hombre\/","title":{"rendered":"Los hombres al por mayor sudan el cors\u00e9 del chaleco del traje de la sauna del instructor de la cintura"},"content":{"rendered":"<h5>Caracteristicas de dise\u00f1o<\/h5>\n<ul>\n<li><b>F\u00c1CIL DE USAR:<\/b> El dise\u00f1o de cremallera del moldeador corporal del traje de sauna para hombre garantiza un ajuste c\u00f3modo que es r\u00e1pido y f\u00e1cil de poner sin la necesidad de ajustes tradicionales.<\/li>\n<li><b>Resistente a la abrasi\u00f3n:<\/b> El revestimiento de PVC en el chaleco cors\u00e9 quemador de grasa del entrenador de cintura proporciona una excelente resistencia a la abrasi\u00f3n para proteger la tela y extender la vida \u00fatil del producto.<\/li>\n<li><b>MATERIAL DE ALTA ELASTICIDAD:<\/b> La combinaci\u00f3n de mezclas de spandex y nailon en el chaleco de entrenamiento de cintura para hombres para adelgazar sauna proporciona una excelente elasticidad, asegurando un ajuste c\u00f3modo y adapt\u00e1ndose a sus movimientos durante su entrenamiento.<\/li>\n<li><b>DISE\u00d1O SIN MANGAS:<\/b> Nuestro entrenador de cintura con cors\u00e9 moldeador de cuerpo para hombre ayuda a promover la transpiraci\u00f3n r\u00e1pida durante el ejercicio, asegurando que todas las partes del cuerpo, excepto la parte superior del cuerpo, sean c\u00f3modas de usar.<\/li>\n<li><b>RETENCI\u00d3N DE CALOR\u00cdAS OPTIMIZADA:<\/b> La experiencia de usar nuestra ropa interior liviana y el\u00e1stica es un pico cal\u00f3rico dentro de 10 a 15 minutos de ejercicio, con una tasa de sudoraci\u00f3n de 3 a 5 veces mayor y el doble de grasa quemada.<\/li>\n<\/ul>\n<h6><em>Camisa caliente del entrenamiento de las camisetas sin mangas de la cremallera del chaleco del instructor de la cintura del traje de la sauna de los hombres al por mayor<\/em><\/h6>\n<ul>\n<li>El cors\u00e9 de chaleco para traje de sauna con entrenador de cintura sudorosa para hombre es un testimonio de la combinaci\u00f3n perfecta de moda y funcionalidad f\u00edsica. Para los mayoristas que buscan ofrecer soluciones de fitness innovadoras, este chaleco tipo cors\u00e9 para hombre es la mejor opci\u00f3n.<\/li>\n<li>Con opciones de personalizaci\u00f3n, una variedad de tama\u00f1os y la promesa de entrega r\u00e1pida, es una adici\u00f3n esencial a su inventario. Sum\u00e9rgete en el mundo del comercio mayorista con esta pieza destacada. \u00a1Ordenar hoy!<\/li>\n<\/ul>","protected":false},"excerpt":{"rendered":"<p>Mejore su viaje de acondicionamiento f\u00edsico con nuestro cors\u00e9 de chaleco de traje de sauna para entrenador de cintura sudorosa para hombres. Confeccionado con una mezcla de spandex y nailon, este chaleco moldeador est\u00e1 dise\u00f1ado para mejorar la sudoraci\u00f3n, optimizar la quema de grasa y esculpir su f\u00edsico. Sum\u00e9rgete en una experiencia de fitness transformadora que combina estilo, comodidad y eficiencia.<\/p>","protected":false},"featured_media":2230,"comment_status":"open","ping_status":"closed","template":"","meta":{"site-sidebar-layout":"default","site-content-layout":"default","ast-site-content-layout":"default","site-content-style":"default","site-sidebar-style":"default","ast-global-header-display":"","ast-banner-title-visibility":"","ast-main-header-display":"","ast-hfb-above-header-display":"","ast-hfb-below-header-display":"","ast-hfb-mobile-header-display":"","site-post-title":"","ast-breadcrumbs-content":"","ast-featured-img":"","footer-sml-layout":"","ast-disable-related-posts":"","theme-transparent-header-meta":"default","adv-header-id-meta":"","stick-header-meta":"default","header-above-stick-meta":"","header-main-stick-meta":"","header-below-stick-meta":"","astra-migrate-meta-layouts":"set","ast-page-background-enabled":"default","ast-page-background-meta":{"desktop":{"background-color":"","background-image":"","background-repeat":"repeat","background-position":"center center","background-size":"auto","background-attachment":"scroll","background-type":"","background-media":"","overlay-type":"","overlay-color":"","overlay-opacity":"","overlay-gradient":""},"tablet":{"background-color":"","background-image":"","background-repeat":"repeat","background-position":"center center","background-size":"auto","background-attachment":"scroll","background-type":"","background-media":"","overlay-type":"","overlay-color":"","overlay-opacity":"","overlay-gradient":""},"mobile":{"background-color":"","background-image":"","background-repeat":"repeat","background-position":"center center","background-size":"auto","background-attachment":"scroll","background-type":"","background-media":"","overlay-type":"","overlay-color":"","overlay-opacity":"","overlay-gradient":""}},"ast-content-background-meta":{"desktop":{"background-color":"var(--ast-global-color-5)","background-image":"","background-repeat":"repeat","background-position":"center center","background-size":"auto","background-attachment":"scroll","background-type":"","background-media":"","overlay-type":"","overlay-color":"","overlay-opacity":"","overlay-gradient":""},"tablet":{"background-color":"var(--ast-global-color-5)","background-image":"","background-repeat":"repeat","background-position":"center center","background-size":"auto","background-attachment":"scroll","background-type":"","background-media":"","overlay-type":"","overlay-color":"","overlay-opacity":"","overlay-gradient":""},"mobile":{"background-color":"var(--ast-global-color-5)","background-image":"","background-repeat":"repeat","background-position":"center center","background-size":"auto","background-attachment":"scroll","background-type":"","background-media":"","overlay-type":"","overlay-color":"","overlay-opacity":"","overlay-gradient":""}}},"product_brand":[],"product_cat":[65,76,97,100],"product_tag":[549,551,548,166,550,185],"class_list":{"0":"post-2228","1":"product","2":"type-product","3":"status-publish","4":"has-post-thumbnail","6":"product_cat-best-sellers","7":"product_cat-new-arrivels","8":"product_cat-sauna-suit","9":"product_cat-sauna-tops","10":"product_tag-gym","11":"product_tag-mens-sweat-tank","12":"product_tag-sauna-sweat","13":"product_tag-sauna-vest","14":"product_tag-with-zipper","15":"product_tag-workout","16":"pa_color-blue","17":"pa_color-sliver","18":"pa_size-2xl-3xl","19":"pa_size-4xl-5xl","20":"pa_size-l-xl","21":"pa_size-s-m","22":"desktop-align-center","23":"tablet-align-left","24":"mobile-align-left","25":"ast-product-gallery-layout-horizontal-slider","26":"ast-product-single-variable","27":"ast-product-tabs-layout-horizontal","28":"ast-qv-on-image","30":"first","31":"instock","32":"shipping-taxable","33":"purchasable","34":"product-type-variable"},"tiered_pricing_type":"fixed","tiered_pricing_fixed_rules":{"10":3.95,"200":3.75,"2000":3.25},"tiered_pricing_product_settings":{"layout":"default","base_unit_name":{"singular":null,"plural":null},"default_variation":{}},"tiered_pricing_minimum_quantity":null,"tiered_pricing_roles_data":[],"tiered_pricing_percentage_rules":[],"_links":{"self":[{"href":"https:\/\/yume-silm.com\/es\/wp-json\/wp\/v2\/product\/2228","targetHints":{"allow":["GET"]}}],"collection":[{"href":"https:\/\/yume-silm.com\/es\/wp-json\/wp\/v2\/product"}],"about":[{"href":"https:\/\/yume-silm.com\/es\/wp-json\/wp\/v2\/types\/product"}],"replies":[{"embeddable":true,"href":"https:\/\/yume-silm.com\/es\/wp-json\/wp\/v2\/comments?post=2228"}],"wp:featuredmedia":[{"embeddable":true,"href":"https:\/\/yume-silm.com\/es\/wp-json\/wp\/v2\/media\/2230"}],"wp:attachment":[{"href":"https:\/\/yume-silm.com\/es\/wp-json\/wp\/v2\/media?parent=2228"}],"wp:term":[{"taxonomy":"product_brand","embeddable":true,"href":"https:\/\/yume-silm.com\/es\/wp-json\/wp\/v2\/product_brand?post=2228"},{"taxonomy":"product_cat","embeddable":true,"href":"https:\/\/yume-silm.com\/es\/wp-json\/wp\/v2\/product_cat?post=2228"},{"taxonomy":"product_tag","embeddable":true,"href":"https:\/\/yume-silm.com\/es\/wp-json\/wp\/v2\/product_tag?post=2228"}],"curies":[{"name":"wp","href":"https:\/\/api.w.org\/{rel}","templated":true}]}}