{"id":2248,"date":"2023-05-10T03:08:55","date_gmt":"2023-05-10T03:08:55","guid":{"rendered":"https:\/\/yume-silm.com\/?post_type=product&#038;p=2248"},"modified":"2024-05-11T05:17:47","modified_gmt":"2024-05-11T05:17:47","slug":"body-cenidor-sexy-traje-mujer-cenidor-entrenador","status":"publish","type":"product","link":"https:\/\/yume-silm.com\/es\/producto-2\/body-cenidor-sexy-traje-mujer-cenidor-entrenador\/","title":{"rendered":"Body moldeador de cuerpo de encaje sexy para mujer al por mayor"},"content":{"rendered":"<h5>Caracteristicas de dise\u00f1o<\/h5>\n<ul>\n<li><strong>LEVANTAMIENTO DE ABDOMINAL Y CADERA:<\/strong> El body de abdominoplastia se ajusta c\u00f3modamente alrededor de su cuerpo para darle forma f\u00e1cilmente. Esto se debe a que las fajas controlar\u00e1n la grasa del abdomen, mejorar\u00e1n la postura de la espalda y tambi\u00e9n evitar\u00e1n la flacidez de las caderas. Da forma f\u00e1cilmente a tu cintura, caderas y curvas de espalda.<\/li>\n<li><strong>DISE\u00d1O INCONS\u00daTIL:<\/strong> \u00bfSabes lo c\u00f3modo que es un tejido liso y sin costuras? El moldeador de cuerpo sin mangas con cuello en V te permite experimentar la belleza de la costura perfecta en todo momento, ajust\u00e1ndose a tu piel c\u00f3modamente sin rizarse. Aseg\u00farese de que no queden marcas visibles cuando la use, lo que ayudar\u00e1 a que la prenda se ajuste mejor y suavice la apariencia.<\/li>\n<li><strong>MODERNO Y VERS\u00c1TIL:<\/strong> El body de una sola pieza con escote halter y espalda descubierta tiene un dise\u00f1o de encaje sexy y elegante. Puedes combinarlo f\u00e1cilmente con tus faldas, jeans, etc. favoritos. Puedes usarlo en todas las ocasiones, como bodas, viajes, fiestas, vida diaria, etc. La figura con curvas te har\u00e1 notar.<\/li>\n<li><strong>CONVENIENTE PARA IR AL ORINO:<\/strong> \u00bfPreocupado por las molestias de ir al ba\u00f1o y traer problemas? No lo ser\u00e1. Elegir esta faja no solo te har\u00e1 bella durante todo el d\u00eda, sino que tambi\u00e9n solucionar\u00e1 el problema de ir al ba\u00f1o. Con el corchete ajustable en la entrepierna, podr\u00e1s ir al ba\u00f1o sin estar desnudo.<\/li>\n<\/ul>\n<h6><em>Body moldeador adelgazante liso de encaje de la mejor moda, mono de una pieza<\/em><\/h6>\n<ul>\n<li>NO NECESITA ROPA INTERIOR ADICIONAL: Suficiente soporte para sujetar f\u00e1cilmente sus suaves senos. Este body moldeador de encaje sexy para mujer elimina la necesidad de ropa interior adicional. Esto se debe al hecho de que tiene un sujetador sin acero con un soporte impresionante. El efecto moldeador del cuerpo puede hacer que el usuario se sienta m\u00e1s seguro de su apariencia, aumentando as\u00ed la confianza en s\u00ed mismo.<\/li>\n<\/ul>\n<p>&nbsp;<\/p>","protected":false},"excerpt":{"rendered":"<p>Mejora tu experiencia fitness con nuestros sexys bodys moldeadores de encaje para mujer. Confeccionado con una mezcla de spandex y nailon, este chaleco est\u00e1 dise\u00f1ado para mejorar la sudoraci\u00f3n, optimizar la quema de grasa y esculpir su f\u00edsico. Sum\u00e9rgete en una experiencia de fitness transformadora que combina estilo, comodidad y eficiencia.<\/p>","protected":false},"featured_media":2249,"comment_status":"open","ping_status":"closed","template":"","meta":{"site-sidebar-layout":"default","site-content-layout":"default","ast-site-content-layout":"default","site-content-style":"default","site-sidebar-style":"default","ast-global-header-display":"","ast-banner-title-visibility":"","ast-main-header-display":"","ast-hfb-above-header-display":"","ast-hfb-below-header-display":"","ast-hfb-mobile-header-display":"","site-post-title":"","ast-breadcrumbs-content":"","ast-featured-img":"","footer-sml-layout":"","ast-disable-related-posts":"","theme-transparent-header-meta":"default","adv-header-id-meta":"","stick-header-meta":"default","header-above-stick-meta":"","header-main-stick-meta":"","header-below-stick-meta":"","astra-migrate-meta-layouts":"set","ast-page-background-enabled":"default","ast-page-background-meta":{"desktop":{"background-color":"","background-image":"","background-repeat":"repeat","background-position":"center center","background-size":"auto","background-attachment":"scroll","background-type":"","background-media":"","overlay-type":"","overlay-color":"","overlay-opacity":"","overlay-gradient":""},"tablet":{"background-color":"","background-image":"","background-repeat":"repeat","background-position":"center center","background-size":"auto","background-attachment":"scroll","background-type":"","background-media":"","overlay-type":"","overlay-color":"","overlay-opacity":"","overlay-gradient":""},"mobile":{"background-color":"","background-image":"","background-repeat":"repeat","background-position":"center center","background-size":"auto","background-attachment":"scroll","background-type":"","background-media":"","overlay-type":"","overlay-color":"","overlay-opacity":"","overlay-gradient":""}},"ast-content-background-meta":{"desktop":{"background-color":"var(--ast-global-color-5)","background-image":"","background-repeat":"repeat","background-position":"center center","background-size":"auto","background-attachment":"scroll","background-type":"","background-media":"","overlay-type":"","overlay-color":"","overlay-opacity":"","overlay-gradient":""},"tablet":{"background-color":"var(--ast-global-color-5)","background-image":"","background-repeat":"repeat","background-position":"center center","background-size":"auto","background-attachment":"scroll","background-type":"","background-media":"","overlay-type":"","overlay-color":"","overlay-opacity":"","overlay-gradient":""},"mobile":{"background-color":"var(--ast-global-color-5)","background-image":"","background-repeat":"repeat","background-position":"center center","background-size":"auto","background-attachment":"scroll","background-type":"","background-media":"","overlay-type":"","overlay-color":"","overlay-opacity":"","overlay-gradient":""}}},"product_brand":[],"product_cat":[65,76,77,82],"product_tag":[419,152,148,145,134],"class_list":{"0":"post-2248","1":"product","2":"type-product","3":"status-publish","4":"has-post-thumbnail","6":"product_cat-best-sellers","7":"product_cat-new-arrivels","8":"product_cat-wholesale-womens-shapewear","9":"product_cat-wholesale-shapewear-bodysuit","10":"product_tag-bodysuit","11":"product_tag-lace-up","12":"product_tag-one-piece","13":"product_tag-sexy","14":"product_tag-tummy-tucker","15":"pa_color-black","16":"pa_color-red","17":"pa_color-white","18":"pa_size-l","19":"pa_size-m","20":"pa_size-s","21":"pa_size-xl","22":"desktop-align-center","23":"tablet-align-left","24":"mobile-align-left","25":"ast-product-gallery-layout-horizontal-slider","26":"ast-product-single-variable","27":"ast-product-tabs-layout-horizontal","28":"ast-qv-on-image","30":"first","31":"instock","32":"shipping-taxable","33":"purchasable","34":"product-type-variable"},"tiered_pricing_type":"fixed","tiered_pricing_fixed_rules":{"5":5.8,"50":5.6,"100":5.3},"tiered_pricing_product_settings":{"layout":"default","base_unit_name":{"singular":null,"plural":null},"default_variation":{}},"tiered_pricing_minimum_quantity":null,"tiered_pricing_roles_data":[],"tiered_pricing_percentage_rules":[],"_links":{"self":[{"href":"https:\/\/yume-silm.com\/es\/wp-json\/wp\/v2\/product\/2248","targetHints":{"allow":["GET"]}}],"collection":[{"href":"https:\/\/yume-silm.com\/es\/wp-json\/wp\/v2\/product"}],"about":[{"href":"https:\/\/yume-silm.com\/es\/wp-json\/wp\/v2\/types\/product"}],"replies":[{"embeddable":true,"href":"https:\/\/yume-silm.com\/es\/wp-json\/wp\/v2\/comments?post=2248"}],"wp:featuredmedia":[{"embeddable":true,"href":"https:\/\/yume-silm.com\/es\/wp-json\/wp\/v2\/media\/2249"}],"wp:attachment":[{"href":"https:\/\/yume-silm.com\/es\/wp-json\/wp\/v2\/media?parent=2248"}],"wp:term":[{"taxonomy":"product_brand","embeddable":true,"href":"https:\/\/yume-silm.com\/es\/wp-json\/wp\/v2\/product_brand?post=2248"},{"taxonomy":"product_cat","embeddable":true,"href":"https:\/\/yume-silm.com\/es\/wp-json\/wp\/v2\/product_cat?post=2248"},{"taxonomy":"product_tag","embeddable":true,"href":"https:\/\/yume-silm.com\/es\/wp-json\/wp\/v2\/product_tag?post=2248"}],"curies":[{"name":"wp","href":"https:\/\/api.w.org\/{rel}","templated":true}]}}