{"id":2271,"date":"2023-05-10T07:34:17","date_gmt":"2023-05-10T07:34:17","guid":{"rendered":"https:\/\/yume-silm.com\/?post_type=product&#038;p=2271"},"modified":"2025-05-26T00:52:34","modified_gmt":"2025-05-26T00:52:34","slug":"mayorista-cintura-alta-pero-elevadora-control-de-vientre-bragas-fajas","status":"publish","type":"product","link":"https:\/\/yume-silm.com\/es\/producto-2\/mayorista-cintura-alta-pero-elevadora-control-de-vientre-bragas-fajas\/","title":{"rendered":"Venta al por mayor Tanga moldeadora de control de barriga levantador de gl\u00fateos de cintura alta"},"content":{"rendered":"<h5>Caracteristicas de dise\u00f1o<\/h5>\n<ul>\n<li><strong>\u00daLTIMO LEVANTAMIENTO DE Gl\u00fateos:<\/strong> Dise\u00f1ado con una tanga c\u00f3moda para facilitar su uso, este tanga levantador de gl\u00fateos con control de barriga est\u00e1 dise\u00f1ado para centrarse en levantar y acentuar los gl\u00fateos para una apariencia naturalmente m\u00e1s completa y definida.<\/li>\n<li><strong>AJUSTE PERSONALIZADO:<\/strong> El moldeador corporal adelgazante de cintura alta tiene una opci\u00f3n de abdomen de cintura alta con tres filas de ganchos para apretar a\u00fan m\u00e1s el abdomen, lo que garantiza que la prenda moldeadora se mantenga firmemente en su lugar y no se deslice. Tambi\u00e9n puedes ajustar la elasticidad a voluntad. La banda para la pierna est\u00e1 dise\u00f1ada para agregar un efecto m\u00e1s completo a los gl\u00fateos y al mismo tiempo se puede ajustar libremente. Proporciona soporte natural y previene el rizado.<\/li>\n<li><strong>C\u00d3MODO E INVISIBLE:<\/strong> El realzador de gl\u00fateos con correa sexy push up para mujer est\u00e1 hecho de una mezcla de nailon y spandex de alta calidad para garantizar un peso ligero, agradable para la piel y transpirable. Mientras tanto, el moldeador levantador de gl\u00fateos con control de barriga tiene bordes sin costuras que le permiten lograr una invisibilidad natural incluso debajo de prendas ajustadas.<\/li>\n<li><strong>USO AMPLIO:<\/strong> Estos pantalones moldeadores de cors\u00e9 delgados pueden suavizar tu barriga, levantar tus caderas y crear instant\u00e1neamente una forma de reloj de arena; los pantalones cortos moldeadores de ropa interior para mujer tambi\u00e9n pueden apoyar tu espalda y mejorar tu postura; Estas bragas moldeadoras de cintura alta para levantamiento de gl\u00fateos y control de barriga tambi\u00e9n son adecuadas para la recuperaci\u00f3n posparto. Adecuado para gimnasio, correr, yoga, recuperaci\u00f3n posparto, bodas, socializaci\u00f3n y banquetes, tareas dom\u00e9sticas, oficina, etc.<\/li>\n<li>Por supuesto, esta faja moldeadora transpirable y c\u00f3moda para figura con curvas es un regalo ideal para las nuevas mam\u00e1s en ocasiones especiales como cumplea\u00f1os, Navidad, Acci\u00f3n de Gracias, Black Friday o Cyber Monday, les encantar\u00e1 y muchas gracias.<\/li>\n<\/ul>\n<h6><em>Talla grande firme triple control de barriga tanga invisible moldeador de cuerpo faja adelgazante<\/em><\/h6>\n<ul>\n<li>Nuestra tanga moldeadora de cintura alta con control de barriga es el ep\u00edtome del estilo y la funcionalidad. Para los mayoristas que buscan ofrecer productos de primer nivel que combinen calidad con innovaci\u00f3n, este levantador de gl\u00fateos moldeador de cintura de talla grande es imprescindible.<\/li>\n<li>Con opciones de personalizaci\u00f3n, una variedad de tama\u00f1os y la promesa de entrega r\u00e1pida, es una adici\u00f3n esencial a su inventario.<\/li>\n<li>Sum\u00e9rgete en el mundo de la venta al por mayor con estas bragas moldeadoras levantadoras de gl\u00fateos y control de barriga de cintura alta. \u00a1Ordenar hoy!<\/li>\n<\/ul>","protected":false},"excerpt":{"rendered":"<ul>\n<li>Descubra el poder transformador de nuestra tanga moldeadora de abdomen y levantadora de gl\u00fateos de cintura alta.<\/li>\n<li>Fabricada por expertos a partir de una mezcla de nailon y elastano, esta faja est\u00e1 dise\u00f1ada para levantar, esculpir y realzar tus curvas naturales, ofreciendo una combinaci\u00f3n perfecta de comodidad y elegancia.<\/li>\n<\/ul>","protected":false},"featured_media":2272,"comment_status":"open","ping_status":"closed","template":"","meta":{"site-sidebar-layout":"default","site-content-layout":"default","ast-site-content-layout":"default","site-content-style":"default","site-sidebar-style":"default","ast-global-header-display":"","ast-banner-title-visibility":"","ast-main-header-display":"","ast-hfb-above-header-display":"","ast-hfb-below-header-display":"","ast-hfb-mobile-header-display":"","site-post-title":"","ast-breadcrumbs-content":"","ast-featured-img":"","footer-sml-layout":"","ast-disable-related-posts":"","theme-transparent-header-meta":"default","adv-header-id-meta":"","stick-header-meta":"default","header-above-stick-meta":"","header-main-stick-meta":"","header-below-stick-meta":"","astra-migrate-meta-layouts":"set","ast-page-background-enabled":"default","ast-page-background-meta":{"desktop":{"background-color":"","background-image":"","background-repeat":"repeat","background-position":"center center","background-size":"auto","background-attachment":"scroll","background-type":"","background-media":"","overlay-type":"","overlay-color":"","overlay-opacity":"","overlay-gradient":""},"tablet":{"background-color":"","background-image":"","background-repeat":"repeat","background-position":"center center","background-size":"auto","background-attachment":"scroll","background-type":"","background-media":"","overlay-type":"","overlay-color":"","overlay-opacity":"","overlay-gradient":""},"mobile":{"background-color":"","background-image":"","background-repeat":"repeat","background-position":"center center","background-size":"auto","background-attachment":"scroll","background-type":"","background-media":"","overlay-type":"","overlay-color":"","overlay-opacity":"","overlay-gradient":""}},"ast-content-background-meta":{"desktop":{"background-color":"var(--ast-global-color-5)","background-image":"","background-repeat":"repeat","background-position":"center center","background-size":"auto","background-attachment":"scroll","background-type":"","background-media":"","overlay-type":"","overlay-color":"","overlay-opacity":"","overlay-gradient":""},"tablet":{"background-color":"var(--ast-global-color-5)","background-image":"","background-repeat":"repeat","background-position":"center center","background-size":"auto","background-attachment":"scroll","background-type":"","background-media":"","overlay-type":"","overlay-color":"","overlay-opacity":"","overlay-gradient":""},"mobile":{"background-color":"var(--ast-global-color-5)","background-image":"","background-repeat":"repeat","background-position":"center center","background-size":"auto","background-attachment":"scroll","background-type":"","background-media":"","overlay-type":"","overlay-color":"","overlay-opacity":"","overlay-gradient":""}}},"product_brand":[],"product_cat":[1071,1072,65,76,77,1092,80],"product_tag":[686,141,138,134],"class_list":{"0":"post-2271","1":"product","2":"type-product","3":"status-publish","4":"has-post-thumbnail","6":"product_cat-sale","7":"product_cat-bulk-savings","8":"product_cat-best-sellers","9":"product_cat-new-arrivels","10":"product_cat-wholesale-womens-shapewear","11":"product_cat-plus-size-shapewear","12":"product_cat-wholesale-butt-lift-underwear","13":"product_tag-butt-lifter","14":"product_tag-plus-size","15":"product_tag-thong","16":"product_tag-tummy-tucker","17":"pa_color-beige","18":"pa_color-black","19":"pa_size-4xl","20":"pa_size-5xl","21":"pa_size-6xl","22":"pa_size-l","23":"pa_size-m","24":"pa_size-s","25":"pa_size-xl","26":"pa_size-xxl","27":"pa_size-xxxl","28":"desktop-align-center","29":"tablet-align-left","30":"mobile-align-left","31":"ast-product-gallery-layout-horizontal-slider","32":"ast-product-single-variable","33":"ast-product-tabs-layout-horizontal","34":"ast-qv-on-image","36":"first","37":"instock","38":"shipping-taxable","39":"purchasable","40":"product-type-variable"},"tiered_pricing_type":"fixed","tiered_pricing_fixed_rules":{"10":9.9},"tiered_pricing_product_settings":{"layout":"default","base_unit_name":{"singular":null,"plural":null},"default_variation":{}},"tiered_pricing_minimum_quantity":null,"tiered_pricing_roles_data":[],"tiered_pricing_percentage_rules":[],"_links":{"self":[{"href":"https:\/\/yume-silm.com\/es\/wp-json\/wp\/v2\/product\/2271","targetHints":{"allow":["GET"]}}],"collection":[{"href":"https:\/\/yume-silm.com\/es\/wp-json\/wp\/v2\/product"}],"about":[{"href":"https:\/\/yume-silm.com\/es\/wp-json\/wp\/v2\/types\/product"}],"replies":[{"embeddable":true,"href":"https:\/\/yume-silm.com\/es\/wp-json\/wp\/v2\/comments?post=2271"}],"wp:featuredmedia":[{"embeddable":true,"href":"https:\/\/yume-silm.com\/es\/wp-json\/wp\/v2\/media\/2272"}],"wp:attachment":[{"href":"https:\/\/yume-silm.com\/es\/wp-json\/wp\/v2\/media?parent=2271"}],"wp:term":[{"taxonomy":"product_brand","embeddable":true,"href":"https:\/\/yume-silm.com\/es\/wp-json\/wp\/v2\/product_brand?post=2271"},{"taxonomy":"product_cat","embeddable":true,"href":"https:\/\/yume-silm.com\/es\/wp-json\/wp\/v2\/product_cat?post=2271"},{"taxonomy":"product_tag","embeddable":true,"href":"https:\/\/yume-silm.com\/es\/wp-json\/wp\/v2\/product_tag?post=2271"}],"curies":[{"name":"wp","href":"https:\/\/api.w.org\/{rel}","templated":true}]}}