{"id":2311,"date":"2023-05-10T08:57:32","date_gmt":"2023-05-10T08:57:32","guid":{"rendered":"https:\/\/yume-silm.com\/?post_type=product&#038;p=2311"},"modified":"2024-11-08T08:35:04","modified_gmt":"2024-11-08T08:35:04","slug":"4-capas-cinturon-entrenador-con-9-anti-roll-acero-costillas","status":"publish","type":"product","link":"https:\/\/yume-silm.com\/es\/producto-2\/4-capas-cinturon-entrenador-con-9-anti-roll-acero-costillas\/","title":{"rendered":"Entrenador de cintura con gancho de 4 capas al por mayor con 9 costillas de acero antideslizantes"},"content":{"rendered":"<h5>Caracteristicas de dise\u00f1o<\/h5>\n<ul>\n<li><strong>Tejido transpirable:<\/strong> El entrenador de cintura con corchetes est\u00e1 confeccionado con una mezcla de neopreno y poli\u00e9ster para garantizar comodidad durante todo el d\u00eda para cualquier actividad.<\/li>\n<li><strong>Sistema de ganchos de 4 capas:<\/strong> Los cors\u00e9s de cintura brindan un ajuste seguro y personalizable para optimizar el entrenamiento de la cintura y garantizar un ajuste perfecto.<\/li>\n<li><strong>9 nervaduras de acero antivuelco:<\/strong> El entrenador de cintura para mujer proporciona un soporte firme, mantiene la forma del cintur\u00f3n y evita que se enrolle o se frunca, asegurando una silueta suave.<\/li>\n<li><strong>Entrenamiento eficaz de la cintura:<\/strong> El moldeador de cuerpo con cintur\u00f3n deportivo ayuda a moldear una figura con curvas con el tiempo, realzando las curvas naturales y aumentando la confianza.<\/li>\n<li><strong>De m\u00faltiples fines:<\/strong> El entrenador de cintura de hueso de acero con gancho es perfecto para el uso diario, el fitness o la recuperaci\u00f3n posparto para una variedad de necesidades.<\/li>\n<\/ul>\n<h6><em><span class=\"41\" data-slate-leaf=\"true\">De las mujeres <\/span><span class=\"11\" data-slate-leaf=\"true\">entrenador de cintura de hueso de acero con gancho<\/span><\/em><\/h6>\n<ul>\n<li>En resumen, nuestro entrenador de cintura con gancho de 4 capas y 9 costillas de acero antideslizantes es un testimonio de calidad artesanal y dise\u00f1o innovador. Para los mayoristas que buscan ofrecer productos de primer nivel que combinen calidad con estilo, este entrenador de cintura es la mejor opci\u00f3n. Con opciones de personalizaci\u00f3n, una variedad de tama\u00f1os y la promesa de entrega r\u00e1pida, es una adici\u00f3n esencial a su inventario. Sum\u00e9rgete en el mundo del comercio mayorista con esta pieza destacada. \u00a1Ordenar hoy!<\/li>\n<\/ul>","protected":false},"excerpt":{"rendered":"<p>Experimente el poder transformador de nuestro entrenador de cintura con gancho de 4 capas. Elaborado con precisi\u00f3n, este entrenador de cintura est\u00e1 dise\u00f1ado para ofrecer soporte firme, mejorar su silueta y garantizar una comodidad \u00f3ptima. Sum\u00e9rgete en un mundo donde la moda se une a la funcionalidad.<\/p>","protected":false},"featured_media":2327,"comment_status":"open","ping_status":"closed","template":"","meta":{"site-sidebar-layout":"default","site-content-layout":"default","ast-site-content-layout":"default","site-content-style":"default","site-sidebar-style":"default","ast-global-header-display":"","ast-banner-title-visibility":"","ast-main-header-display":"","ast-hfb-above-header-display":"","ast-hfb-below-header-display":"","ast-hfb-mobile-header-display":"","site-post-title":"","ast-breadcrumbs-content":"","ast-featured-img":"","footer-sml-layout":"","ast-disable-related-posts":"","theme-transparent-header-meta":"default","adv-header-id-meta":"","stick-header-meta":"default","header-above-stick-meta":"","header-main-stick-meta":"","header-below-stick-meta":"","astra-migrate-meta-layouts":"set","ast-page-background-enabled":"default","ast-page-background-meta":{"desktop":{"background-color":"","background-image":"","background-repeat":"repeat","background-position":"center center","background-size":"auto","background-attachment":"scroll","background-type":"","background-media":"","overlay-type":"","overlay-color":"","overlay-opacity":"","overlay-gradient":""},"tablet":{"background-color":"","background-image":"","background-repeat":"repeat","background-position":"center center","background-size":"auto","background-attachment":"scroll","background-type":"","background-media":"","overlay-type":"","overlay-color":"","overlay-opacity":"","overlay-gradient":""},"mobile":{"background-color":"","background-image":"","background-repeat":"repeat","background-position":"center center","background-size":"auto","background-attachment":"scroll","background-type":"","background-media":"","overlay-type":"","overlay-color":"","overlay-opacity":"","overlay-gradient":""}},"ast-content-background-meta":{"desktop":{"background-color":"var(--ast-global-color-5)","background-image":"","background-repeat":"repeat","background-position":"center center","background-size":"auto","background-attachment":"scroll","background-type":"","background-media":"","overlay-type":"","overlay-color":"","overlay-opacity":"","overlay-gradient":""},"tablet":{"background-color":"var(--ast-global-color-5)","background-image":"","background-repeat":"repeat","background-position":"center center","background-size":"auto","background-attachment":"scroll","background-type":"","background-media":"","overlay-type":"","overlay-color":"","overlay-opacity":"","overlay-gradient":""},"mobile":{"background-color":"var(--ast-global-color-5)","background-image":"","background-repeat":"repeat","background-position":"center center","background-size":"auto","background-attachment":"scroll","background-type":"","background-media":"","overlay-type":"","overlay-color":"","overlay-opacity":"","overlay-gradient":""}}},"product_brand":[],"product_cat":[65,76,90,92],"product_tag":[194,153,451,149,453,452,154],"class_list":{"0":"post-2311","1":"product","2":"type-product","3":"status-publish","4":"has-post-thumbnail","6":"product_cat-best-sellers","7":"product_cat-new-arrivels","8":"product_cat-wholesale-waist-trainer","9":"product_cat-wholesale-waist-girdle","10":"product_tag-adjustable","11":"product_tag-boned","12":"product_tag-hourglass-body-shaper","13":"product_tag-long-torso","14":"product_tag-postpartum-shapewear","15":"product_tag-waist-corsets","16":"product_tag-with-hooks","17":"pa_color-beige","18":"pa_color-black","19":"pa_size-l","20":"pa_size-m","21":"pa_size-s","22":"pa_size-xl","23":"pa_size-xs","24":"pa_size-xxl","25":"pa_size-xxxl","26":"desktop-align-center","27":"tablet-align-left","28":"mobile-align-left","29":"ast-product-gallery-layout-horizontal-slider","30":"ast-product-single-variable","31":"ast-product-tabs-layout-horizontal","32":"ast-qv-on-image","34":"first","35":"instock","36":"shipping-taxable","37":"purchasable","38":"product-type-variable"},"tiered_pricing_type":"fixed","tiered_pricing_fixed_rules":{"5":5.59,"50":4.79,"100":4.09},"tiered_pricing_product_settings":{"layout":"default","base_unit_name":{"singular":null,"plural":null},"default_variation":{}},"tiered_pricing_minimum_quantity":null,"tiered_pricing_roles_data":[],"tiered_pricing_percentage_rules":[],"_links":{"self":[{"href":"https:\/\/yume-silm.com\/es\/wp-json\/wp\/v2\/product\/2311","targetHints":{"allow":["GET"]}}],"collection":[{"href":"https:\/\/yume-silm.com\/es\/wp-json\/wp\/v2\/product"}],"about":[{"href":"https:\/\/yume-silm.com\/es\/wp-json\/wp\/v2\/types\/product"}],"replies":[{"embeddable":true,"href":"https:\/\/yume-silm.com\/es\/wp-json\/wp\/v2\/comments?post=2311"}],"wp:featuredmedia":[{"embeddable":true,"href":"https:\/\/yume-silm.com\/es\/wp-json\/wp\/v2\/media\/2327"}],"wp:attachment":[{"href":"https:\/\/yume-silm.com\/es\/wp-json\/wp\/v2\/media?parent=2311"}],"wp:term":[{"taxonomy":"product_brand","embeddable":true,"href":"https:\/\/yume-silm.com\/es\/wp-json\/wp\/v2\/product_brand?post=2311"},{"taxonomy":"product_cat","embeddable":true,"href":"https:\/\/yume-silm.com\/es\/wp-json\/wp\/v2\/product_cat?post=2311"},{"taxonomy":"product_tag","embeddable":true,"href":"https:\/\/yume-silm.com\/es\/wp-json\/wp\/v2\/product_tag?post=2311"}],"curies":[{"name":"wp","href":"https:\/\/api.w.org\/{rel}","templated":true}]}}