{"id":2350,"date":"2023-05-10T12:05:41","date_gmt":"2023-05-10T12:05:41","guid":{"rendered":"https:\/\/yume-silm.com\/?post_type=product&#038;p=2350"},"modified":"2026-03-23T10:23:43","modified_gmt":"2026-03-23T10:23:43","slug":"cinturon-reductor-de-cintura-para-hombre","status":"publish","type":"product","link":"https:\/\/yume-silm.com\/es\/producto-2\/cinturon-reductor-de-cintura-para-hombre\/","title":{"rendered":"Venta al por mayor Carpetas de compresi\u00f3n abdominal postoperatoria"},"content":{"rendered":"<h5>Caracteristicas de dise\u00f1o<\/h5>\n<ul>\n<li><strong>BANDA EL\u00c1STICA DEL ABDOMEN:<\/strong> Esta faja abdominal el\u00e1stica es ligera, transpirable y tiene buena elasticidad. Las fajas posquir\u00fargicas vienen en los cl\u00e1sicos colores blanco y negro y brindar\u00e1n soporte y compresi\u00f3n c\u00f3modos.<\/li>\n<li><strong>COMPRESI\u00d3N Y SOPORTE:<\/strong> Esta carpeta de correas para cinturones ortop\u00e9dicos es muy f\u00e1cil de usar, personaliza f\u00e1cilmente el nivel de soporte y compresi\u00f3n. Tener este vendaje m\u00e1s personalizable que se adapta a tu tipo de cuerpo ayuda a reducir la apariencia de grasa abdominal y crea una silueta m\u00e1s suave y tonificada. Te mantiene c\u00f3modo sentado, de pie o acostado. Tratamiento antideslizante de silicona en la parte superior e inferior para evitar mejor que las fajas de compresi\u00f3n abdominal postoperatoria se enrollen o formen una bola.<\/li>\n<li><strong>PROMUEVE LA CURACI\u00d3N:<\/strong> La compresi\u00f3n que proporciona este cintur\u00f3n adelgazante ayuda a reducir la hinchaz\u00f3n y mejora la circulaci\u00f3n sangu\u00ednea. Es por eso que se sabe que las fajas abdominales posoperatorias promueven la curaci\u00f3n y protegen el sitio de la incisi\u00f3n despu\u00e9s de la cirug\u00eda. Sin embargo, recomendamos que siempre consulte a su m\u00e9dico o fisioterapeuta cuando utilice este adhesivo supersuave para carpetas de paneles despu\u00e9s de la cirug\u00eda, ya que las carpetas abdominales no son para todos.<\/li>\n<li><strong>ALIVIO DEL DOLOR:<\/strong> De hecho, adem\u00e1s de acelerar su recuperaci\u00f3n, las fajas de compresi\u00f3n abdominal posoperatoria de nuestra l\u00ednea de vendajes ayudan a desviar la presi\u00f3n de la parte baja de la espalda, reduciendo as\u00ed el dolor de espalda y previniendo m\u00e1s lesiones.<\/li>\n<\/ul>\n<h6><em>Faja abdominal bari\u00e1trica, faja abdominal, aparato ortop\u00e9dico para hernia estomacal y cintur\u00f3n de soporte para la espalda para hombres<\/em><\/h6>\n<ul>\n<li>Nuestras fajas de compresi\u00f3n abdominal postoperatoria son un testimonio de la calidad artesanal y el dise\u00f1o innovador.<\/li>\n<li>Con opciones de personalizaci\u00f3n, una variedad de tama\u00f1os y la promesa de entrega r\u00e1pida, es una adici\u00f3n esencial a su inventario. Sum\u00e9rgete en el mundo del comercio mayorista con esta pieza destacada. \u00a1Ordenar hoy!<\/li>\n<\/ul>","protected":false},"excerpt":{"rendered":"<p>Faja abdominal para hernias ideal para usar despu\u00e9s de abdominoplastia y liposucci\u00f3n de la parte superior e inferior del abdomen. Fajas de compresi\u00f3n abdominal postoperatoria realizadas por una mujer o un hombre, la compresi\u00f3n de estas prendas ayuda a acelerar el proceso de curaci\u00f3n, mejora la circulaci\u00f3n sangu\u00ednea, minimiza la hinchaz\u00f3n, ayuda a eliminar l\u00edquidos potencialmente da\u00f1inos del cuerpo y permite al paciente reanudar sus actividades diarias.<\/p>","protected":false},"featured_media":2355,"comment_status":"open","ping_status":"closed","template":"","meta":{"site-sidebar-layout":"default","site-content-layout":"default","ast-site-content-layout":"default","site-content-style":"default","site-sidebar-style":"default","ast-global-header-display":"","ast-banner-title-visibility":"","ast-main-header-display":"","ast-hfb-above-header-display":"","ast-hfb-below-header-display":"","ast-hfb-mobile-header-display":"","site-post-title":"","ast-breadcrumbs-content":"","ast-featured-img":"","footer-sml-layout":"","ast-disable-related-posts":"","theme-transparent-header-meta":"default","adv-header-id-meta":"","stick-header-meta":"default","header-above-stick-meta":"","header-main-stick-meta":"","header-below-stick-meta":"","astra-migrate-meta-layouts":"set","ast-page-background-enabled":"default","ast-page-background-meta":{"desktop":{"background-color":"","background-image":"","background-repeat":"repeat","background-position":"center center","background-size":"auto","background-attachment":"scroll","background-type":"","background-media":"","overlay-type":"","overlay-color":"","overlay-opacity":"","overlay-gradient":""},"tablet":{"background-color":"","background-image":"","background-repeat":"repeat","background-position":"center center","background-size":"auto","background-attachment":"scroll","background-type":"","background-media":"","overlay-type":"","overlay-color":"","overlay-opacity":"","overlay-gradient":""},"mobile":{"background-color":"","background-image":"","background-repeat":"repeat","background-position":"center center","background-size":"auto","background-attachment":"scroll","background-type":"","background-media":"","overlay-type":"","overlay-color":"","overlay-opacity":"","overlay-gradient":""}},"ast-content-background-meta":{"desktop":{"background-color":"var(--ast-global-color-5)","background-image":"","background-repeat":"repeat","background-position":"center center","background-size":"auto","background-attachment":"scroll","background-type":"","background-media":"","overlay-type":"","overlay-color":"","overlay-opacity":"","overlay-gradient":""},"tablet":{"background-color":"var(--ast-global-color-5)","background-image":"","background-repeat":"repeat","background-position":"center center","background-size":"auto","background-attachment":"scroll","background-type":"","background-media":"","overlay-type":"","overlay-color":"","overlay-opacity":"","overlay-gradient":""},"mobile":{"background-color":"var(--ast-global-color-5)","background-image":"","background-repeat":"repeat","background-position":"center center","background-size":"auto","background-attachment":"scroll","background-type":"","background-media":"","overlay-type":"","overlay-color":"","overlay-opacity":"","overlay-gradient":""}}},"product_brand":[],"product_cat":[65,76,90,95],"product_tag":[143,136,139,148,134],"class_list":{"0":"post-2350","1":"product","2":"type-product","3":"status-publish","4":"has-post-thumbnail","6":"product_cat-best-sellers","7":"product_cat-new-arrivels","8":"product_cat-wholesale-waist-trainer","9":"product_cat-waist-cincher","10":"product_tag-backless","11":"product_tag-bridal","12":"product_tag-high-waist","13":"product_tag-one-piece","14":"product_tag-tummy-tucker","15":"pa_color-black","16":"pa_color-white","17":"pa_size-l","18":"pa_size-m","19":"pa_size-xl","20":"pa_size-xxl","21":"desktop-align-center","22":"tablet-align-left","23":"mobile-align-left","24":"ast-product-gallery-layout-horizontal-slider","25":"ast-product-single-variable","26":"ast-product-tabs-layout-horizontal","27":"ast-qv-on-image","29":"first","30":"instock","31":"shipping-taxable","32":"purchasable","33":"product-type-variable"},"tiered_pricing_type":"fixed","tiered_pricing_fixed_rules":{"10":3.5,"100":3.2,"500":3},"tiered_pricing_product_settings":{"layout":"default","base_unit_name":{"singular":null,"plural":null},"default_variation":{}},"tiered_pricing_minimum_quantity":null,"tiered_pricing_roles_data":[],"tiered_pricing_percentage_rules":[],"_links":{"self":[{"href":"https:\/\/yume-silm.com\/es\/wp-json\/wp\/v2\/product\/2350","targetHints":{"allow":["GET"]}}],"collection":[{"href":"https:\/\/yume-silm.com\/es\/wp-json\/wp\/v2\/product"}],"about":[{"href":"https:\/\/yume-silm.com\/es\/wp-json\/wp\/v2\/types\/product"}],"replies":[{"embeddable":true,"href":"https:\/\/yume-silm.com\/es\/wp-json\/wp\/v2\/comments?post=2350"}],"wp:featuredmedia":[{"embeddable":true,"href":"https:\/\/yume-silm.com\/es\/wp-json\/wp\/v2\/media\/2355"}],"wp:attachment":[{"href":"https:\/\/yume-silm.com\/es\/wp-json\/wp\/v2\/media?parent=2350"}],"wp:term":[{"taxonomy":"product_brand","embeddable":true,"href":"https:\/\/yume-silm.com\/es\/wp-json\/wp\/v2\/product_brand?post=2350"},{"taxonomy":"product_cat","embeddable":true,"href":"https:\/\/yume-silm.com\/es\/wp-json\/wp\/v2\/product_cat?post=2350"},{"taxonomy":"product_tag","embeddable":true,"href":"https:\/\/yume-silm.com\/es\/wp-json\/wp\/v2\/product_tag?post=2350"}],"curies":[{"name":"wp","href":"https:\/\/api.w.org\/{rel}","templated":true}]}}