{"id":2420,"date":"2023-05-11T03:17:55","date_gmt":"2023-05-11T03:17:55","guid":{"rendered":"https:\/\/yume-silm.com\/?post_type=product&#038;p=2420"},"modified":"2024-05-11T01:49:48","modified_gmt":"2024-05-11T01:49:48","slug":"faja-de-encaje-con-hilo-de-alta-elasticidad","status":"publish","type":"product","link":"https:\/\/yume-silm.com\/es\/producto-2\/faja-de-encaje-con-hilo-de-alta-elasticidad\/","title":{"rendered":"Cincher de cintura transpirable de encaje al por mayor con alta elasticidad"},"content":{"rendered":"<h5>Caracteristicas de dise\u00f1o<\/h5>\n<ul>\n<li><strong>ENTRENADOR DE CINTURA LARGA DEL TORSO:<\/strong> El mejor entrenador de cintura para la grasa del abdomen inferior muestra un poderoso efecto moldeador de cintura. El entrenador de cintura sudorosa envuelve todo el abdomen y la cintura para lograr la figura perfecta con curvas. El torso largo del entrenador de cintura para mujer, que llega justo debajo de los senos, le permite reducir la cantidad de comida que ingiere apretando ligeramente el est\u00f3mago para una p\u00e9rdida de peso \u00f3ptima.<\/li>\n<li><strong>TRIPLE HEBILLA:<\/strong> El cors\u00e9 entrenador de cintura tiene tres capas de cierres de gancho y bucle que se conectan para formar un bucle cerrado, lo que facilita pon\u00e9rselo o quit\u00e1rselo. Tambi\u00e9n es conveniente ajustar libremente el nivel de comodidad para adaptarse a la mejor forma de su cuerpo cuando usa el entrenador de cintura Hot Shapers.<\/li>\n<li><strong>COMODIDAD TRANSPIRABLE:<\/strong> Este entrenador de cintura para sauna est\u00e1 fabricado con un tejido transpirable que permite que la piel respire, garantizando el m\u00e1ximo confort.<\/li>\n<li><strong>MODA VANGUARDISTA:<\/strong> El entrenador de cintura con curvas presenta un dise\u00f1o de hilo y un elegante ribete de encaje que agrega un toque de sofisticaci\u00f3n al aspecto general del cors\u00e9 ce\u00f1idor de cintura, ayudando a los clientes a mantenerse a la vanguardia de las tendencias de la moda.<\/li>\n<li><strong>MULTIFUNCIONALIDAD:<\/strong> Este cintur\u00f3n ce\u00f1idor es perfecto para el uso diario y eventos especiales, ya sea para el trabajo diario, compras, viajes o incluso asistir a c\u00f3cteles, citas, fiestas, etc., te enorgullecer\u00e1 de mostrar tu figura de curvas a la perfecci\u00f3n. Enriquece a los clientes. &#039; Opciones de vestuario.<\/li>\n<\/ul>\n<h6><em>Cors\u00e9 potente del entrenador de cintura para mujer con control abdominal con ribete de encaje y efecto transpirable de hilo<\/em><\/h6>\n<ul>\n<li>Nuestra faja de encaje transpirable con alta elasticidad es un testimonio de la calidad artesanal y el dise\u00f1o innovador.<\/li>\n<li>Para los mayoristas que buscan ofrecer productos de primer nivel que combinen calidad con estilo, este entrenador de cintura esculpido es la mejor opci\u00f3n.<\/li>\n<li>Con opciones de personalizaci\u00f3n, una variedad de tama\u00f1os y la promesa de entrega r\u00e1pida, es una adici\u00f3n esencial a su inventario.<\/li>\n<li>Sum\u00e9rgete en el mundo del comercio mayorista con esta pieza destacada. \u00a1Ordenar hoy!<\/li>\n<\/ul>","protected":false},"excerpt":{"rendered":"<ul>\n<li>Presentamos nuestra faja de encaje transpirable con alta elasticidad, una combinaci\u00f3n perfecta de estilo y funcionalidad.<\/li>\n<li>Confeccionado con hilo de alta elasticidad, este entrenador de cintura fitness ofrece un control superior del abdomen, complementado con una elegante decoraci\u00f3n de encaje, lo que garantiza comodidad y elegancia.<\/li>\n<\/ul>","protected":false},"featured_media":2450,"comment_status":"open","ping_status":"closed","template":"","meta":{"site-sidebar-layout":"default","site-content-layout":"default","ast-site-content-layout":"default","site-content-style":"default","site-sidebar-style":"default","ast-global-header-display":"","ast-banner-title-visibility":"","ast-main-header-display":"","ast-hfb-above-header-display":"","ast-hfb-below-header-display":"","ast-hfb-mobile-header-display":"","site-post-title":"","ast-breadcrumbs-content":"","ast-featured-img":"","footer-sml-layout":"","ast-disable-related-posts":"","theme-transparent-header-meta":"default","adv-header-id-meta":"","stick-header-meta":"default","header-above-stick-meta":"","header-main-stick-meta":"","header-below-stick-meta":"","astra-migrate-meta-layouts":"set","ast-page-background-enabled":"default","ast-page-background-meta":{"desktop":{"background-color":"","background-image":"","background-repeat":"repeat","background-position":"center center","background-size":"auto","background-attachment":"scroll","background-type":"","background-media":"","overlay-type":"","overlay-color":"","overlay-opacity":"","overlay-gradient":""},"tablet":{"background-color":"","background-image":"","background-repeat":"repeat","background-position":"center center","background-size":"auto","background-attachment":"scroll","background-type":"","background-media":"","overlay-type":"","overlay-color":"","overlay-opacity":"","overlay-gradient":""},"mobile":{"background-color":"","background-image":"","background-repeat":"repeat","background-position":"center center","background-size":"auto","background-attachment":"scroll","background-type":"","background-media":"","overlay-type":"","overlay-color":"","overlay-opacity":"","overlay-gradient":""}},"ast-content-background-meta":{"desktop":{"background-color":"var(--ast-global-color-5)","background-image":"","background-repeat":"repeat","background-position":"center center","background-size":"auto","background-attachment":"scroll","background-type":"","background-media":"","overlay-type":"","overlay-color":"","overlay-opacity":"","overlay-gradient":""},"tablet":{"background-color":"var(--ast-global-color-5)","background-image":"","background-repeat":"repeat","background-position":"center center","background-size":"auto","background-attachment":"scroll","background-type":"","background-media":"","overlay-type":"","overlay-color":"","overlay-opacity":"","overlay-gradient":""},"mobile":{"background-color":"var(--ast-global-color-5)","background-image":"","background-repeat":"repeat","background-position":"center center","background-size":"auto","background-attachment":"scroll","background-type":"","background-media":"","overlay-type":"","overlay-color":"","overlay-opacity":"","overlay-gradient":""}}},"product_brand":[],"product_cat":[76,65,90,92],"product_tag":[194,198,152,149,154],"class_list":{"0":"post-2420","1":"product","2":"type-product","3":"status-publish","4":"has-post-thumbnail","6":"product_cat-new-arrivels","7":"product_cat-best-sellers","8":"product_cat-wholesale-waist-trainer","9":"product_cat-wholesale-waist-girdle","10":"product_tag-adjustable","11":"product_tag-hourglass","12":"product_tag-lace-up","13":"product_tag-long-torso","14":"product_tag-with-hooks","15":"pa_color-beige","16":"pa_color-black","17":"pa_color-purple","18":"pa_size-l","19":"pa_size-m","20":"pa_size-s","21":"pa_size-xl","22":"pa_size-xxl","23":"pa_size-xxxl","24":"desktop-align-center","25":"tablet-align-left","26":"mobile-align-left","27":"ast-product-gallery-layout-horizontal-slider","28":"ast-product-single-variable","29":"ast-product-tabs-layout-horizontal","30":"ast-qv-on-image","32":"first","33":"instock","34":"shipping-taxable","35":"purchasable","36":"product-type-variable"},"tiered_pricing_type":"fixed","tiered_pricing_fixed_rules":{"5":3.79,"50":2.99,"100":2.59},"tiered_pricing_product_settings":{"layout":"default","base_unit_name":{"singular":null,"plural":null},"default_variation":{}},"tiered_pricing_minimum_quantity":null,"tiered_pricing_roles_data":[],"tiered_pricing_percentage_rules":[],"_links":{"self":[{"href":"https:\/\/yume-silm.com\/es\/wp-json\/wp\/v2\/product\/2420","targetHints":{"allow":["GET"]}}],"collection":[{"href":"https:\/\/yume-silm.com\/es\/wp-json\/wp\/v2\/product"}],"about":[{"href":"https:\/\/yume-silm.com\/es\/wp-json\/wp\/v2\/types\/product"}],"replies":[{"embeddable":true,"href":"https:\/\/yume-silm.com\/es\/wp-json\/wp\/v2\/comments?post=2420"}],"wp:featuredmedia":[{"embeddable":true,"href":"https:\/\/yume-silm.com\/es\/wp-json\/wp\/v2\/media\/2450"}],"wp:attachment":[{"href":"https:\/\/yume-silm.com\/es\/wp-json\/wp\/v2\/media?parent=2420"}],"wp:term":[{"taxonomy":"product_brand","embeddable":true,"href":"https:\/\/yume-silm.com\/es\/wp-json\/wp\/v2\/product_brand?post=2420"},{"taxonomy":"product_cat","embeddable":true,"href":"https:\/\/yume-silm.com\/es\/wp-json\/wp\/v2\/product_cat?post=2420"},{"taxonomy":"product_tag","embeddable":true,"href":"https:\/\/yume-silm.com\/es\/wp-json\/wp\/v2\/product_tag?post=2420"}],"curies":[{"name":"wp","href":"https:\/\/api.w.org\/{rel}","templated":true}]}}