{"id":2453,"date":"2023-05-11T03:48:03","date_gmt":"2023-05-11T03:48:03","guid":{"rendered":"https:\/\/yume-silm.com\/?post_type=product&#038;p=2453"},"modified":"2024-05-11T05:27:02","modified_gmt":"2024-05-11T05:27:02","slug":"cenidor-de-cintura-reforzado-de-doble-capa-con-ganchos-de-4-capas","status":"publish","type":"product","link":"https:\/\/yume-silm.com\/es\/producto-2\/cenidor-de-cintura-reforzado-de-doble-capa-con-ganchos-de-4-capas\/","title":{"rendered":"Venda al por mayor el recortador de cintura de goma con clip de compresi\u00f3n doble y cremallera Cincher"},"content":{"rendered":"<h5>Caracteristicas de dise\u00f1o<\/h5>\n<ul>\n<li><strong>DOBLE REFUERZO:<\/strong> El entrenador de cintura de doble compresi\u00f3n tiene soporte y durabilidad superiores para una satisfacci\u00f3n duradera para sus clientes.<\/li>\n<li><strong>AJUSTE AJUSTABLE:<\/strong> Nuestra faja de cintura tiene ganchos confiables que facilitan a los clientes encontrar el ajuste perfecto y aumentan el atractivo del producto.<\/li>\n<li><strong>FACILIDAD DE USO:<\/strong> La cremallera integrada moldeadora de cintura de doble capa garantiza la facilidad de uso, mejorando la experiencia del usuario y mejorando su reputaci\u00f3n de productos amigables para el cliente.<\/li>\n<li><strong>INCREMENTO DE VENTAS:<\/strong> Una adici\u00f3n importante, nuestra faja reductora de cintura de goma con clip y cremallera recientemente mejorada est\u00e1 dise\u00f1ada para satisfacer las \u00faltimas tendencias y demandas del mercado de prendas moldeadoras.<\/li>\n<li><strong>LA SATISFACCI\u00d3N DEL CLIENTE:<\/strong> Cors\u00e9 abdominal de cintura con cremallera de primera calidad y doble refuerzo, con su dise\u00f1o y materiales de alta calidad, se convertir\u00e1 en una de las l\u00edneas de productos favoritas de sus clientes, lo que generar\u00e1 una mayor lealtad y compras repetidas.<\/li>\n<\/ul>\n<h6><em><span class=\"111\" data-slate-leaf=\"true\">Camiseta sin mangas para entrenamiento para adelgazar <\/span><span class=\"00\" data-slate-leaf=\"true\">fajas de cintura<\/span><\/em><\/h6>\n<ul>\n<li>En resumen, nuestra doble compresi\u00f3n <span data-slate-fragment=\"JTVCJTdCJTIydHlwZSUyMiUzQSUyMnBhcmFncmFwaCUyMiUyQyUyMmNoaWxkcmVuJTIyJTNBJTVCJTdCJTIyc2VudGVuY2UlMjIlM0EyMCUyQyUyMmNoaWxkU2VudGVuY2UlMjIlM0ExJTJDJTIydGV4dCUyMiUzQSUyMmNsaXAlMjBhbmQlMjB6aXBwZXIlMjBydWJiZXIlMjB3YWlzdCUyMHRyaW1tZXIlMjBjaW5jaGVyJTIyJTdEJTVEJTdEJTVE\">faja reductora de cintura de goma con clip y cremallera<\/span> es una mezcla de estilo, comodidad y funcionalidad. Para los mayoristas que buscan ofrecer soluciones moldeadoras innovadoras, este producto se destaca.<\/li>\n<li>Con opciones de personalizaci\u00f3n, una variedad de tama\u00f1os y la promesa de entrega r\u00e1pida, es una excelente adici\u00f3n a su inventario. Deje que este excepcional chaleco deportivo, faja moldeadora de cintura con control de barriga lo lleve al mundo de la venta al por mayor. \u00a1Ordenar ahora!<\/li>\n<\/ul>","protected":false},"excerpt":{"rendered":"<p>Eleva tu colecci\u00f3n con nuestra faja reductora de cintura de goma con clip y cremallera, que cuenta con ganchos de 3 capas. Dise\u00f1ado por expertos para brindar soporte y ajuste inigualables, este moldeador de cintura promete la m\u00e1xima satisfacci\u00f3n para sus clientes.<\/p>","protected":false},"featured_media":2465,"comment_status":"open","ping_status":"closed","template":"","meta":{"site-sidebar-layout":"default","site-content-layout":"default","ast-site-content-layout":"default","site-content-style":"default","site-sidebar-style":"default","ast-global-header-display":"","ast-banner-title-visibility":"","ast-main-header-display":"","ast-hfb-above-header-display":"","ast-hfb-below-header-display":"","ast-hfb-mobile-header-display":"","site-post-title":"","ast-breadcrumbs-content":"","ast-featured-img":"","footer-sml-layout":"","ast-disable-related-posts":"","theme-transparent-header-meta":"default","adv-header-id-meta":"","stick-header-meta":"default","header-above-stick-meta":"","header-main-stick-meta":"","header-below-stick-meta":"","astra-migrate-meta-layouts":"set","ast-page-background-enabled":"default","ast-page-background-meta":{"desktop":{"background-color":"","background-image":"","background-repeat":"repeat","background-position":"center center","background-size":"auto","background-attachment":"scroll","background-type":"","background-media":"","overlay-type":"","overlay-color":"","overlay-opacity":"","overlay-gradient":""},"tablet":{"background-color":"","background-image":"","background-repeat":"repeat","background-position":"center center","background-size":"auto","background-attachment":"scroll","background-type":"","background-media":"","overlay-type":"","overlay-color":"","overlay-opacity":"","overlay-gradient":""},"mobile":{"background-color":"","background-image":"","background-repeat":"repeat","background-position":"center center","background-size":"auto","background-attachment":"scroll","background-type":"","background-media":"","overlay-type":"","overlay-color":"","overlay-opacity":"","overlay-gradient":""}},"ast-content-background-meta":{"desktop":{"background-color":"var(--ast-global-color-5)","background-image":"","background-repeat":"repeat","background-position":"center center","background-size":"auto","background-attachment":"scroll","background-type":"","background-media":"","overlay-type":"","overlay-color":"","overlay-opacity":"","overlay-gradient":""},"tablet":{"background-color":"var(--ast-global-color-5)","background-image":"","background-repeat":"repeat","background-position":"center center","background-size":"auto","background-attachment":"scroll","background-type":"","background-media":"","overlay-type":"","overlay-color":"","overlay-opacity":"","overlay-gradient":""},"mobile":{"background-color":"var(--ast-global-color-5)","background-image":"","background-repeat":"repeat","background-position":"center center","background-size":"auto","background-attachment":"scroll","background-type":"","background-media":"","overlay-type":"","overlay-color":"","overlay-opacity":"","overlay-gradient":""}}},"product_brand":[],"product_cat":[65,76,90,92],"product_tag":[153,456,151,198,457,200,149,185,184],"class_list":{"0":"post-2453","1":"product","2":"type-product","3":"status-publish","4":"has-post-thumbnail","6":"product_cat-best-sellers","7":"product_cat-new-arrivels","8":"product_cat-wholesale-waist-trainer","9":"product_cat-wholesale-waist-girdle","10":"product_tag-boned","11":"product_tag-cincher","12":"product_tag-double-compression","13":"product_tag-hourglass","14":"product_tag-large-size","15":"product_tag-latex","16":"product_tag-long-torso","17":"product_tag-workout","18":"product_tag-zipper","19":"pa_color-black","20":"pa_size-4xl","21":"pa_size-5xl","22":"pa_size-6xl","23":"pa_size-l","24":"pa_size-m","25":"pa_size-s","26":"pa_size-xl","27":"pa_size-xs","28":"pa_size-xxl","29":"pa_size-xxxl","30":"desktop-align-center","31":"tablet-align-left","32":"mobile-align-left","33":"ast-product-gallery-layout-horizontal-slider","34":"ast-product-single-variable","35":"ast-product-tabs-layout-horizontal","36":"ast-qv-on-image","38":"first","39":"instock","40":"shipping-taxable","41":"purchasable","42":"product-type-variable"},"tiered_pricing_type":"fixed","tiered_pricing_fixed_rules":{"5":7.59,"50":6.79,"100":5.49},"tiered_pricing_product_settings":{"layout":"default","base_unit_name":{"singular":null,"plural":null},"default_variation":{}},"tiered_pricing_minimum_quantity":null,"tiered_pricing_roles_data":[],"tiered_pricing_percentage_rules":[],"_links":{"self":[{"href":"https:\/\/yume-silm.com\/es\/wp-json\/wp\/v2\/product\/2453","targetHints":{"allow":["GET"]}}],"collection":[{"href":"https:\/\/yume-silm.com\/es\/wp-json\/wp\/v2\/product"}],"about":[{"href":"https:\/\/yume-silm.com\/es\/wp-json\/wp\/v2\/types\/product"}],"replies":[{"embeddable":true,"href":"https:\/\/yume-silm.com\/es\/wp-json\/wp\/v2\/comments?post=2453"}],"wp:featuredmedia":[{"embeddable":true,"href":"https:\/\/yume-silm.com\/es\/wp-json\/wp\/v2\/media\/2465"}],"wp:attachment":[{"href":"https:\/\/yume-silm.com\/es\/wp-json\/wp\/v2\/media?parent=2453"}],"wp:term":[{"taxonomy":"product_brand","embeddable":true,"href":"https:\/\/yume-silm.com\/es\/wp-json\/wp\/v2\/product_brand?post=2453"},{"taxonomy":"product_cat","embeddable":true,"href":"https:\/\/yume-silm.com\/es\/wp-json\/wp\/v2\/product_cat?post=2453"},{"taxonomy":"product_tag","embeddable":true,"href":"https:\/\/yume-silm.com\/es\/wp-json\/wp\/v2\/product_tag?post=2453"}],"curies":[{"name":"wp","href":"https:\/\/api.w.org\/{rel}","templated":true}]}}