{"id":2477,"date":"2023-05-11T08:07:09","date_gmt":"2023-05-11T08:07:09","guid":{"rendered":"https:\/\/yume-silm.com\/?post_type=product&#038;p=2477"},"modified":"2025-05-26T00:36:43","modified_gmt":"2025-05-26T00:36:43","slug":"mayorista-tummy-control-butt-lifter-con-gancho-cremallera-fajas","status":"publish","type":"product","link":"https:\/\/yume-silm.com\/es\/producto-2\/mayorista-tummy-control-butt-lifter-con-gancho-cremallera-fajas\/","title":{"rendered":"Venta al por mayor Control de barriga Butt Lifter Fajas cortas con gancho y cremallera Fajas"},"content":{"rendered":"<h5>Caracteristicas de dise\u00f1o<\/h5>\n<ul>\n<li><strong>DISE\u00d1O F\u00c1CIL DE USAR:<\/strong> La cremallera frontal del pantal\u00f3n corto moldeador de gl\u00fateos con control de barriga con fajas con cremallera de gancho es muy f\u00e1cil de usar, complementada con el dise\u00f1o de gancho interno y doble compresi\u00f3n para garantizar un ajuste c\u00f3modo para dar forma a tu figura con curvas.<\/li>\n<li><strong>ANTIDESLIZANTE Y NO RODANTE:<\/strong> El encaje de encaje corto y moldeador de cintura alta est\u00e1 dise\u00f1ado con un adhesivo antideslizante en la cintura y las piernas para garantizar un ajuste c\u00f3modo alrededor de los muslos y la barriga, evitando que la tela se doble y asegurando una apariencia sin costuras.<\/li>\n<li><strong>SOPORTE MEJORADO:<\/strong> Equipado con 4 huesos de acero en la cintura, este levantador de gl\u00fateos se mantiene firmemente en su lugar y realza tus curvas naturales sin ning\u00fan problema de rodamiento.<\/li>\n<li><strong>TRANSPIRABLE Y C\u00d3MODO:<\/strong> Los pantalones cortos moldeadores para levantar gl\u00fateos est\u00e1n hechos de una mezcla de nailon y spandex, con mayor elasticidad, incluso cuando se tiran suavemente; Se garantiza especialmente que las nalgas sean transpirables, lo que garantiza comodidad y al mismo tiempo garantiza que su piel respire m\u00e1s.<\/li>\n<li><strong>USO MULTIFUNCIONAL:<\/strong> Esta faja moldeadora de talla grande para levantamiento de cadera y control de barriga es perfecta para el uso diario u ocasiones especiales. Puedes usar este moldeador de cuerpo de cintura alta con levantamiento de abdomen y cadera para trabajar o viajar al aire libre para ir de compras. O incluso \u00fasalo temporalmente para realzar tus gl\u00fateos y hacerte sentir segura y elegante en galas, c\u00f3cteles, fiestas y m\u00e1s.<\/li>\n<\/ul>\n<h6><em>Pantalones cortos moldeadores de gran tama\u00f1o para mujer, ropa interior moldeadora con cremallera antideslizante<\/em><\/h6>\n<ul>\n<li>Nuestro pantal\u00f3n corto moldeador con control de barriga y fajas con cremallera de gancho es una combinaci\u00f3n de innovaci\u00f3n, estilo y comodidad. Para los mayoristas que buscan ofrecer productos de primer nivel que resuenen con las \u00faltimas tendencias, estos pantalones cortos moldeadores para levantar gl\u00fateos y controlar la barriga son imprescindibles.<\/li>\n<li>Con opciones de personalizaci\u00f3n, una variedad de tama\u00f1os y la promesa de entrega r\u00e1pida, es una adici\u00f3n esencial a su inventario. Sum\u00e9rgete en el mundo del comercio mayorista con esta pieza destacada. \u00a1Ordenar hoy!<\/li>\n<\/ul>","protected":false},"excerpt":{"rendered":"<p>Revela la magia de nuestro pantal\u00f3n corto moldeador con control de barriga y fajas con cremallera de gancho. Meticulosamente dise\u00f1ada para el hombre moderno, esta prenda moldeadora no solo mejora su silueta sino que tambi\u00e9n promete comodidad y capacidad de ajuste inigualables.<\/p>","protected":false},"featured_media":2503,"comment_status":"open","ping_status":"closed","template":"","meta":{"site-sidebar-layout":"default","site-content-layout":"default","ast-site-content-layout":"default","site-content-style":"default","site-sidebar-style":"default","ast-global-header-display":"","ast-banner-title-visibility":"","ast-main-header-display":"","ast-hfb-above-header-display":"","ast-hfb-below-header-display":"","ast-hfb-mobile-header-display":"","site-post-title":"","ast-breadcrumbs-content":"","ast-featured-img":"","footer-sml-layout":"","ast-disable-related-posts":"","theme-transparent-header-meta":"default","adv-header-id-meta":"","stick-header-meta":"default","header-above-stick-meta":"","header-main-stick-meta":"","header-below-stick-meta":"","astra-migrate-meta-layouts":"set","ast-page-background-enabled":"default","ast-page-background-meta":{"desktop":{"background-color":"","background-image":"","background-repeat":"repeat","background-position":"center center","background-size":"auto","background-attachment":"scroll","background-type":"","background-media":"","overlay-type":"","overlay-color":"","overlay-opacity":"","overlay-gradient":""},"tablet":{"background-color":"","background-image":"","background-repeat":"repeat","background-position":"center center","background-size":"auto","background-attachment":"scroll","background-type":"","background-media":"","overlay-type":"","overlay-color":"","overlay-opacity":"","overlay-gradient":""},"mobile":{"background-color":"","background-image":"","background-repeat":"repeat","background-position":"center center","background-size":"auto","background-attachment":"scroll","background-type":"","background-media":"","overlay-type":"","overlay-color":"","overlay-opacity":"","overlay-gradient":""}},"ast-content-background-meta":{"desktop":{"background-color":"var(--ast-global-color-5)","background-image":"","background-repeat":"repeat","background-position":"center center","background-size":"auto","background-attachment":"scroll","background-type":"","background-media":"","overlay-type":"","overlay-color":"","overlay-opacity":"","overlay-gradient":""},"tablet":{"background-color":"var(--ast-global-color-5)","background-image":"","background-repeat":"repeat","background-position":"center center","background-size":"auto","background-attachment":"scroll","background-type":"","background-media":"","overlay-type":"","overlay-color":"","overlay-opacity":"","overlay-gradient":""},"mobile":{"background-color":"var(--ast-global-color-5)","background-image":"","background-repeat":"repeat","background-position":"center center","background-size":"auto","background-attachment":"scroll","background-type":"","background-media":"","overlay-type":"","overlay-color":"","overlay-opacity":"","overlay-gradient":""}}},"product_brand":[],"product_cat":[65,76,77,1092,80],"product_tag":[153,137,139,134],"class_list":{"0":"post-2477","1":"product","2":"type-product","3":"status-publish","4":"has-post-thumbnail","6":"product_cat-best-sellers","7":"product_cat-new-arrivels","8":"product_cat-wholesale-womens-shapewear","9":"product_cat-plus-size-shapewear","10":"product_cat-wholesale-butt-lift-underwear","11":"product_tag-boned","12":"product_tag-butt-lift","13":"product_tag-high-waist","14":"product_tag-tummy-tucker","15":"pa_color-beige","16":"pa_color-black","17":"pa_size-4xl","18":"pa_size-5xl","19":"pa_size-6xl","20":"pa_size-l","21":"pa_size-m","22":"pa_size-s","23":"pa_size-xl","24":"pa_size-xs","25":"pa_size-xxl","26":"pa_size-xxxl","27":"desktop-align-center","28":"tablet-align-left","29":"mobile-align-left","30":"ast-product-gallery-layout-horizontal-slider","31":"ast-product-single-variable","32":"ast-product-tabs-layout-horizontal","33":"ast-qv-on-image","35":"first","36":"instock","37":"shipping-taxable","38":"purchasable","39":"product-type-variable"},"tiered_pricing_type":"fixed","tiered_pricing_fixed_rules":{"5":9.9,"50":9.5,"100":8.5},"tiered_pricing_product_settings":{"layout":"default","base_unit_name":{"singular":null,"plural":null},"default_variation":{}},"tiered_pricing_minimum_quantity":null,"tiered_pricing_roles_data":[],"tiered_pricing_percentage_rules":[],"_links":{"self":[{"href":"https:\/\/yume-silm.com\/es\/wp-json\/wp\/v2\/product\/2477","targetHints":{"allow":["GET"]}}],"collection":[{"href":"https:\/\/yume-silm.com\/es\/wp-json\/wp\/v2\/product"}],"about":[{"href":"https:\/\/yume-silm.com\/es\/wp-json\/wp\/v2\/types\/product"}],"replies":[{"embeddable":true,"href":"https:\/\/yume-silm.com\/es\/wp-json\/wp\/v2\/comments?post=2477"}],"wp:featuredmedia":[{"embeddable":true,"href":"https:\/\/yume-silm.com\/es\/wp-json\/wp\/v2\/media\/2503"}],"wp:attachment":[{"href":"https:\/\/yume-silm.com\/es\/wp-json\/wp\/v2\/media?parent=2477"}],"wp:term":[{"taxonomy":"product_brand","embeddable":true,"href":"https:\/\/yume-silm.com\/es\/wp-json\/wp\/v2\/product_brand?post=2477"},{"taxonomy":"product_cat","embeddable":true,"href":"https:\/\/yume-silm.com\/es\/wp-json\/wp\/v2\/product_cat?post=2477"},{"taxonomy":"product_tag","embeddable":true,"href":"https:\/\/yume-silm.com\/es\/wp-json\/wp\/v2\/product_tag?post=2477"}],"curies":[{"name":"wp","href":"https:\/\/api.w.org\/{rel}","templated":true}]}}