{"id":2526,"date":"2023-05-12T02:34:49","date_gmt":"2023-05-12T02:34:49","guid":{"rendered":"https:\/\/yume-silm.com\/?post_type=product&#038;p=2526"},"modified":"2023-12-07T01:40:31","modified_gmt":"2023-12-07T01:40:31","slug":"cinturon-sin-costuras-de-alta-elasticidad-con-silicona-antideslizante","status":"publish","type":"product","link":"https:\/\/yume-silm.com\/es\/producto-2\/cinturon-sin-costuras-de-alta-elasticidad-con-silicona-antideslizante\/","title":{"rendered":"Venda al por mayor del vientre incons\u00fatil el\u00e1stico alto antideslizante del silic\u00f3n"},"content":{"rendered":"<h5>Caracteristicas de dise\u00f1o<\/h5>\n<ul>\n<li><b>Alta elasticidad:<\/b> Este cintur\u00f3n para abdominoplastia sin costuras est\u00e1 hecho de una mezcla de nailon y spandex para garantizar un ajuste seguro y c\u00f3modo para todo tipo de cuerpo.<\/li>\n<li><b>Silicona antideslizante:<\/b> Nuestra faja cuenta con una capa antideslizante de silicona integrada que garantiza estabilidad, brindando a sus clientes la confianza para usarla debajo de cualquier atuendo.<\/li>\n<li><b>Transpirabilidad:<\/b> La banda abdominal de alta elasticidad est\u00e1 dise\u00f1ada teniendo en cuenta la transpirabilidad para garantizar comodidad durante todo el d\u00eda, lo que la convierte en la opci\u00f3n perfecta para el uso diario.<\/li>\n<li><b>Dise\u00f1o sin costuras:<\/b> La construcci\u00f3n sin costuras del cintur\u00f3n permite un ajuste suave debajo de la ropa, asegurando una apariencia suave y brillante.<\/li>\n<li><b>Personalizaci\u00f3n:<\/b> Nuestra banda para el vientre sin costuras, el\u00e1stica y antideslizante de silicona admite tama\u00f1os, colores, estilos, logotipos, empaques, etiquetas colgantes y etiquetas de cuidado personalizados para satisfacer las diferentes necesidades de los clientes mayoristas.<\/li>\n<\/ul>\n<h6><em>Faja moldeadora de cintura de silicona sin costuras<\/em><\/h6>\n<ul>\n<li>En resumen, nuestro cintur\u00f3n altamente el\u00e1stico sin costuras con silicona antideslizante es una combinaci\u00f3n de innovaci\u00f3n, estilo y comodidad. Para los mayoristas que buscan ofrecer productos de primer nivel que resuenen con las \u00faltimas tendencias, este cintur\u00f3n es imprescindible.<\/li>\n<li>Con opciones de personalizaci\u00f3n, una variedad de tama\u00f1os y la promesa de entrega r\u00e1pida, es una valiosa adici\u00f3n a su inventario. Sum\u00e9rgete en el mundo de la venta al por mayor con este accesorio excepcional. \u00a1Ordenar hoy!<\/li>\n<\/ul>","protected":false},"excerpt":{"rendered":"<p>Descubra el encanto de nuestra banda para el vientre de silicona, antideslizante, el\u00e1stica y sin costuras. Dise\u00f1ado para brindar estilo y comodidad, este cintur\u00f3n promete un ajuste c\u00f3modo, lo que garantiza que sus clientes se sientan seguros y apoyados durante todo el d\u00eda.<\/p>","protected":false},"featured_media":2537,"comment_status":"open","ping_status":"closed","template":"","meta":{"site-sidebar-layout":"default","site-content-layout":"default","ast-site-content-layout":"default","site-content-style":"default","site-sidebar-style":"default","ast-global-header-display":"","ast-banner-title-visibility":"","ast-main-header-display":"","ast-hfb-above-header-display":"","ast-hfb-below-header-display":"","ast-hfb-mobile-header-display":"","site-post-title":"","ast-breadcrumbs-content":"","ast-featured-img":"","footer-sml-layout":"","ast-disable-related-posts":"","theme-transparent-header-meta":"default","adv-header-id-meta":"","stick-header-meta":"default","header-above-stick-meta":"","header-main-stick-meta":"","header-below-stick-meta":"","astra-migrate-meta-layouts":"set","ast-page-background-enabled":"default","ast-page-background-meta":{"desktop":{"background-color":"","background-image":"","background-repeat":"repeat","background-position":"center center","background-size":"auto","background-attachment":"scroll","background-type":"","background-media":"","overlay-type":"","overlay-color":"","overlay-opacity":"","overlay-gradient":""},"tablet":{"background-color":"","background-image":"","background-repeat":"repeat","background-position":"center center","background-size":"auto","background-attachment":"scroll","background-type":"","background-media":"","overlay-type":"","overlay-color":"","overlay-opacity":"","overlay-gradient":""},"mobile":{"background-color":"","background-image":"","background-repeat":"repeat","background-position":"center center","background-size":"auto","background-attachment":"scroll","background-type":"","background-media":"","overlay-type":"","overlay-color":"","overlay-opacity":"","overlay-gradient":""}},"ast-content-background-meta":{"desktop":{"background-color":"var(--ast-global-color-5)","background-image":"","background-repeat":"repeat","background-position":"center center","background-size":"auto","background-attachment":"scroll","background-type":"","background-media":"","overlay-type":"","overlay-color":"","overlay-opacity":"","overlay-gradient":""},"tablet":{"background-color":"var(--ast-global-color-5)","background-image":"","background-repeat":"repeat","background-position":"center center","background-size":"auto","background-attachment":"scroll","background-type":"","background-media":"","overlay-type":"","overlay-color":"","overlay-opacity":"","overlay-gradient":""},"mobile":{"background-color":"var(--ast-global-color-5)","background-image":"","background-repeat":"repeat","background-position":"center center","background-size":"auto","background-attachment":"scroll","background-type":"","background-media":"","overlay-type":"","overlay-color":"","overlay-opacity":"","overlay-gradient":""}}},"product_brand":[],"product_cat":[95,90],"product_tag":[458,460,198,461,459],"class_list":{"0":"post-2526","1":"product","2":"type-product","3":"status-publish","4":"has-post-thumbnail","6":"product_cat-waist-cincher","7":"product_cat-wholesale-waist-trainer","8":"product_tag-anti-slip","9":"product_tag-high-elasticity","10":"product_tag-hourglass","11":"product_tag-pregnant-woman","12":"product_tag-silica-gel","13":"pa_color-beige","14":"pa_color-black","15":"pa_size-l","16":"pa_size-m","17":"pa_size-xl","18":"desktop-align-center","19":"tablet-align-left","20":"mobile-align-left","21":"ast-product-gallery-layout-horizontal-slider","22":"ast-product-single-variable","23":"ast-product-tabs-layout-horizontal","24":"ast-qv-on-image","26":"first","27":"instock","28":"shipping-taxable","29":"purchasable","30":"product-type-variable"},"tiered_pricing_type":"fixed","tiered_pricing_fixed_rules":{"2":2.79,"50":2.49,"300":2.09},"tiered_pricing_product_settings":{"layout":"default","base_unit_name":{"singular":null,"plural":null},"default_variation":{}},"tiered_pricing_minimum_quantity":null,"tiered_pricing_roles_data":[],"tiered_pricing_percentage_rules":[],"_links":{"self":[{"href":"https:\/\/yume-silm.com\/es\/wp-json\/wp\/v2\/product\/2526","targetHints":{"allow":["GET"]}}],"collection":[{"href":"https:\/\/yume-silm.com\/es\/wp-json\/wp\/v2\/product"}],"about":[{"href":"https:\/\/yume-silm.com\/es\/wp-json\/wp\/v2\/types\/product"}],"replies":[{"embeddable":true,"href":"https:\/\/yume-silm.com\/es\/wp-json\/wp\/v2\/comments?post=2526"}],"wp:featuredmedia":[{"embeddable":true,"href":"https:\/\/yume-silm.com\/es\/wp-json\/wp\/v2\/media\/2537"}],"wp:attachment":[{"href":"https:\/\/yume-silm.com\/es\/wp-json\/wp\/v2\/media?parent=2526"}],"wp:term":[{"taxonomy":"product_brand","embeddable":true,"href":"https:\/\/yume-silm.com\/es\/wp-json\/wp\/v2\/product_brand?post=2526"},{"taxonomy":"product_cat","embeddable":true,"href":"https:\/\/yume-silm.com\/es\/wp-json\/wp\/v2\/product_cat?post=2526"},{"taxonomy":"product_tag","embeddable":true,"href":"https:\/\/yume-silm.com\/es\/wp-json\/wp\/v2\/product_tag?post=2526"}],"curies":[{"name":"wp","href":"https:\/\/api.w.org\/{rel}","templated":true}]}}