{"id":2555,"date":"2023-05-13T03:53:08","date_gmt":"2023-05-13T03:53:08","guid":{"rendered":"https:\/\/yume-silm.com\/?post_type=product&#038;p=2555"},"modified":"2024-11-08T08:45:32","modified_gmt":"2024-11-08T08:45:32","slug":"adelgazamiento-barriga-mujeres-adelgazamiento-sauna-sudor-cinturon-para-entrenar-la-cintura","status":"publish","type":"product","link":"https:\/\/yume-silm.com\/es\/producto-2\/adelgazamiento-barriga-mujeres-adelgazamiento-sauna-sudor-cinturon-para-entrenar-la-cintura\/","title":{"rendered":"Venta al por mayor P\u00e9rdida de peso de la correa del sudor de la cintura para las mujeres"},"content":{"rendered":"<h5 data-slate-node=\"element\" data-slate-fragment=\"JTVCJTdCJTIydHlwZSUyMiUzQSUyMnBhcmFncmFwaCUyMiUyQyUyMmNoaWxkcmVuJTIyJTNBJTVCJTdCJTIydGV4dCUyMiUzQSUyMkRlc2lnbiUyMEZlYXR1cmVzJTIyJTJDJTIyc2VudGVuY2UlMjIlM0EyJTJDJTIyY2hpbGRTZW50ZW5jZSUyMiUzQTElN0QlNUQlN0QlMkMlN0IlMjJ0eXBlJTIyJTNBJTIycGFyYWdyYXBoJTIyJTJDJTIyY2hpbGRyZW4lMjIlM0ElNUIlN0IlMjJ0ZXh0JTIyJTNBJTIyJTIyJTJDJTIyc2VudGVuY2UlMjIlM0EzJTJDJTIyY2hpbGRTZW50ZW5jZSUyMiUzQTElN0QlNUQlN0QlNUQ=\"><span data-slate-node=\"text\"><span class=\"21\" data-slate-leaf=\"true\">Caracteristicas de dise\u00f1o<\/span><\/span><\/h5>\n<ul>\n<li><strong>AJUSTE FLEXIBLE:<\/strong> Los botones de tres botonaduras del entrenador de cintura sauna cintur\u00f3n adelgazante gimnasio fitness cincher vientre permiten a los usuarios ajustar la tensi\u00f3n para adaptarse a diferentes intensidades y posturas de entrenamiento.<\/li>\n<li><strong>ESTABILIDAD MEJORADA:<\/strong> El dise\u00f1o de cremallera de doble capa del moldeador de cuerpo con cintur\u00f3n delgado para sudor mejora significativamente la estabilidad de la cintura, evitando cualquier deslizamiento o desplazamiento durante el ejercicio y aliviando problemas como el dolor lumbar.<\/li>\n<li><strong>SOPORTE HUESO DE ACERO:<\/strong> Equipado con 3 huesos de acero, este cintur\u00f3n adelgazante, moldeador de cintura, recortador de abdomen, cintur\u00f3n delgado para sudar y quemador de grasa abdominal, brinda un soporte de espalda incomparable y es ideal para personas sedentarias y mam\u00e1s en posparto.<\/li>\n<li><strong>MATERIALES DE ALTA CALIDAD:<\/strong> El cintur\u00f3n deportivo para bajar de peso est\u00e1 hecho de spandex y fibras de poli\u00e9ster, que son altamente el\u00e1sticas, lo que garantiza un ajuste estable alrededor de la cintura, duradero y no se deforma f\u00e1cilmente.<\/li>\n<li><strong>LLAMAMIENTO UNIVERSAL:<\/strong> Adecuado para una variedad de ocasiones, este cintur\u00f3n para adelgazar en la cintura para mujeres ayuda a reducir la grasa abdominal y crear una impresionante figura con curvas.<\/li>\n<\/ul>\n<h6><em>Cintur\u00f3n de sudor ajustable para adelgazar para mujeres y hombres.<\/em><\/h6>\n<ul>\n<li>Nuestro cintur\u00f3n de p\u00e9rdida de peso para mujeres para cintura Trainer es una combinaci\u00f3n armoniosa de innovaci\u00f3n, estilo y funcionalidad.<\/li>\n<li>Para los mayoristas que buscan ofrecer productos de primer nivel que resuenen con las \u00faltimas tendencias, este cintur\u00f3n de ejercicio para quemar grasa con efecto sauna es indispensable.<\/li>\n<li>Con opciones de personalizaci\u00f3n, una variedad de tama\u00f1os y la promesa de entrega r\u00e1pida, es una valiosa adici\u00f3n a su inventario.<\/li>\n<li>Sum\u00e9rgete en el mundo del comercio mayorista con esta pieza destacada. \u00a1Ordenar hoy!<\/li>\n<\/ul>","protected":false},"excerpt":{"rendered":"<p>Descubra el poder transformador de nuestra recortadora adelgazante Belly Women. Este cintur\u00f3n de cintura para adelgazar para mujer, mejorado con un cierre de cremallera, est\u00e1 meticulosamente dise\u00f1ado para esculpir la cintura, asegurando una silueta tonificada y una mayor confianza durante los entrenamientos.<\/p>","protected":false},"featured_media":2620,"comment_status":"open","ping_status":"closed","template":"","meta":{"site-sidebar-layout":"default","site-content-layout":"default","ast-site-content-layout":"default","site-content-style":"default","site-sidebar-style":"default","ast-global-header-display":"","ast-banner-title-visibility":"","ast-main-header-display":"","ast-hfb-above-header-display":"","ast-hfb-below-header-display":"","ast-hfb-mobile-header-display":"","site-post-title":"","ast-breadcrumbs-content":"","ast-featured-img":"","footer-sml-layout":"","ast-disable-related-posts":"","theme-transparent-header-meta":"default","adv-header-id-meta":"","stick-header-meta":"default","header-above-stick-meta":"","header-main-stick-meta":"","header-below-stick-meta":"","astra-migrate-meta-layouts":"set","ast-page-background-enabled":"default","ast-page-background-meta":{"desktop":{"background-color":"","background-image":"","background-repeat":"repeat","background-position":"center center","background-size":"auto","background-attachment":"scroll","background-type":"","background-media":"","overlay-type":"","overlay-color":"","overlay-opacity":"","overlay-gradient":""},"tablet":{"background-color":"","background-image":"","background-repeat":"repeat","background-position":"center center","background-size":"auto","background-attachment":"scroll","background-type":"","background-media":"","overlay-type":"","overlay-color":"","overlay-opacity":"","overlay-gradient":""},"mobile":{"background-color":"","background-image":"","background-repeat":"repeat","background-position":"center center","background-size":"auto","background-attachment":"scroll","background-type":"","background-media":"","overlay-type":"","overlay-color":"","overlay-opacity":"","overlay-gradient":""}},"ast-content-background-meta":{"desktop":{"background-color":"var(--ast-global-color-5)","background-image":"","background-repeat":"repeat","background-position":"center center","background-size":"auto","background-attachment":"scroll","background-type":"","background-media":"","overlay-type":"","overlay-color":"","overlay-opacity":"","overlay-gradient":""},"tablet":{"background-color":"var(--ast-global-color-5)","background-image":"","background-repeat":"repeat","background-position":"center center","background-size":"auto","background-attachment":"scroll","background-type":"","background-media":"","overlay-type":"","overlay-color":"","overlay-opacity":"","overlay-gradient":""},"mobile":{"background-color":"var(--ast-global-color-5)","background-image":"","background-repeat":"repeat","background-position":"center center","background-size":"auto","background-attachment":"scroll","background-type":"","background-media":"","overlay-type":"","overlay-color":"","overlay-opacity":"","overlay-gradient":""}}},"product_brand":[],"product_cat":[65,76,90,92],"product_tag":[153,144,140,154,184],"class_list":{"0":"post-2555","1":"product","2":"type-product","3":"status-publish","4":"has-post-thumbnail","6":"product_cat-best-sellers","7":"product_cat-new-arrivels","8":"product_cat-wholesale-waist-trainer","9":"product_cat-wholesale-waist-girdle","10":"product_tag-boned","11":"product_tag-slip","12":"product_tag-strapless","13":"product_tag-with-hooks","14":"product_tag-zipper","15":"pa_color-black","16":"pa_color-gray","17":"pa_size-4xl","18":"pa_size-5xl","19":"pa_size-6xl","20":"pa_size-l","21":"pa_size-m","22":"pa_size-s","23":"pa_size-xl","24":"pa_size-xs","25":"pa_size-xxl","26":"pa_size-xxxl","27":"desktop-align-center","28":"tablet-align-left","29":"mobile-align-left","30":"ast-product-gallery-layout-horizontal-slider","31":"ast-product-single-variable","32":"ast-product-tabs-layout-horizontal","33":"ast-qv-on-image","35":"first","36":"instock","37":"shipping-taxable","38":"purchasable","39":"product-type-variable"},"tiered_pricing_type":"fixed","tiered_pricing_fixed_rules":{"5":6.5,"50":5.99,"100":5.25},"tiered_pricing_product_settings":{"layout":"default","base_unit_name":{"singular":null,"plural":null},"default_variation":{}},"tiered_pricing_minimum_quantity":null,"tiered_pricing_roles_data":[],"tiered_pricing_percentage_rules":[],"_links":{"self":[{"href":"https:\/\/yume-silm.com\/es\/wp-json\/wp\/v2\/product\/2555","targetHints":{"allow":["GET"]}}],"collection":[{"href":"https:\/\/yume-silm.com\/es\/wp-json\/wp\/v2\/product"}],"about":[{"href":"https:\/\/yume-silm.com\/es\/wp-json\/wp\/v2\/types\/product"}],"replies":[{"embeddable":true,"href":"https:\/\/yume-silm.com\/es\/wp-json\/wp\/v2\/comments?post=2555"}],"wp:featuredmedia":[{"embeddable":true,"href":"https:\/\/yume-silm.com\/es\/wp-json\/wp\/v2\/media\/2620"}],"wp:attachment":[{"href":"https:\/\/yume-silm.com\/es\/wp-json\/wp\/v2\/media?parent=2555"}],"wp:term":[{"taxonomy":"product_brand","embeddable":true,"href":"https:\/\/yume-silm.com\/es\/wp-json\/wp\/v2\/product_brand?post=2555"},{"taxonomy":"product_cat","embeddable":true,"href":"https:\/\/yume-silm.com\/es\/wp-json\/wp\/v2\/product_cat?post=2555"},{"taxonomy":"product_tag","embeddable":true,"href":"https:\/\/yume-silm.com\/es\/wp-json\/wp\/v2\/product_tag?post=2555"}],"curies":[{"name":"wp","href":"https:\/\/api.w.org\/{rel}","templated":true}]}}