{"id":2582,"date":"2023-05-13T02:38:06","date_gmt":"2023-05-13T02:38:06","guid":{"rendered":"https:\/\/yume-silm.com\/?post_type=product&#038;p=2582"},"modified":"2024-05-18T06:10:37","modified_gmt":"2024-05-18T06:10:37","slug":"body-tanga-talle-alto-talle-bajo-adelgazante-body-shaper","status":"publish","type":"product","link":"https:\/\/yume-silm.com\/es\/producto-2\/body-tanga-talle-alto-talle-bajo-adelgazante-body-shaper\/","title":{"rendered":"Faja nupcial al por mayor Body sin espalda que adelgaza la talladora del cuerpo"},"content":{"rendered":"<h5>Caracteristicas de dise\u00f1o<\/h5>\n<ul>\n<li><strong>A MEDIDA:<\/strong> Nuestro body moldeador de novia sin espalda para adelgazar est\u00e1 fabricado con tecnolog\u00eda de corte tridimensional 3D, que se adapta perfectamente a las curvas de tu cuerpo, soporta perfectamente tus hermosos pechos y da forma a tus delgadas curvas de cintura y cadera.<\/li>\n<li><strong>DISE\u00d1O EN FORMA DE U PROFUNDA:<\/strong> El dise\u00f1o profundo en forma de U de la ropa interior del body de moda nupcial a\u00f1ade un toque de sensualidad, perfecto para vestidos escotados y vestidos de novia.<\/li>\n<li><strong>INVISIBLE Y SIN ESTRENOS:<\/strong> El ajuste perfecto del body sin tirantes y con escote en V profundo no dejar\u00e1 marcas incluso debajo de vestidos de novia ajustados, manteniendo la l\u00ednea general perfectamente suave.<\/li>\n<li><strong>TELA SELECCIONADA:<\/strong> Nuestro body moldeador de tanga con control de barriga en V profundo est\u00e1 hecho de tela de malla ultrafina que es transpirable y c\u00f3moda, lo que garantiza un uso f\u00e1cil durante todo el d\u00eda. El tejido muy el\u00e1stico tiene una excelente elasticidad y recuperaci\u00f3n, lo que no solo es c\u00f3modo de usar, sino que tambi\u00e9n puede tensar eficazmente la cintura y el abdomen y mejorar la l\u00ednea del busto.<\/li>\n<li><strong>USO MULTIFUNCIONAL:<\/strong> La faja para vestido de novia sin costuras es invisible debajo de la ropa, adecuada para cualquier ocasi\u00f3n, desde el uso diario en la calle hasta eventos especiales como c\u00f3cteles, fiestas, citas, etc., puede mejorar su confianza y mostrar su comportamiento.<\/li>\n<\/ul>\n<h6><em>Las mejores fajas y moldeadores para novias para cualquier estilo de vestido de novia<\/em><\/h6>\n<ul>\n<li>Nuestro body moldeador de novia de cintura alta sin espalda para adelgazar es una mezcla de estilo, comodidad e innovaci\u00f3n. Para los mayoristas que buscan ofrecer productos de primer nivel que resuenen con las \u00faltimas tendencias, esta faja moldeadora de moda para mujer es imprescindible.<\/li>\n<li>Con opciones de personalizaci\u00f3n, una variedad de tama\u00f1os y la promesa de entrega r\u00e1pida, es una valiosa adici\u00f3n a su inventario. Sum\u00e9rgete en el mundo del comercio mayorista con esta excepcional faja para bodas. \u00a1Ordenar hoy!<\/li>\n<\/ul>","protected":false},"excerpt":{"rendered":"<p>Eleva la elegancia con nuestro body moldeador de novia, dise\u00f1ado para la mujer moderna. Esta faja moldeadora de cintura alta y espalda descubierta, confeccionada con tejido transpirable y tirantes ajustables, garantiza un ajuste perfecto debajo de cualquier conjunto, haciendo que cada ocasi\u00f3n sea especial.<\/p>","protected":false},"featured_media":2596,"comment_status":"open","ping_status":"closed","template":"","meta":{"site-sidebar-layout":"default","site-content-layout":"default","ast-site-content-layout":"default","site-content-style":"default","site-sidebar-style":"default","ast-global-header-display":"","ast-banner-title-visibility":"","ast-main-header-display":"","ast-hfb-above-header-display":"","ast-hfb-below-header-display":"","ast-hfb-mobile-header-display":"","site-post-title":"","ast-breadcrumbs-content":"","ast-featured-img":"","footer-sml-layout":"","ast-disable-related-posts":"","theme-transparent-header-meta":"default","adv-header-id-meta":"","stick-header-meta":"default","header-above-stick-meta":"","header-main-stick-meta":"","header-below-stick-meta":"","astra-migrate-meta-layouts":"set","ast-page-background-enabled":"default","ast-page-background-meta":{"desktop":{"background-color":"","background-image":"","background-repeat":"repeat","background-position":"center center","background-size":"auto","background-attachment":"scroll","background-type":"","background-media":"","overlay-type":"","overlay-color":"","overlay-opacity":"","overlay-gradient":""},"tablet":{"background-color":"","background-image":"","background-repeat":"repeat","background-position":"center center","background-size":"auto","background-attachment":"scroll","background-type":"","background-media":"","overlay-type":"","overlay-color":"","overlay-opacity":"","overlay-gradient":""},"mobile":{"background-color":"","background-image":"","background-repeat":"repeat","background-position":"center center","background-size":"auto","background-attachment":"scroll","background-type":"","background-media":"","overlay-type":"","overlay-color":"","overlay-opacity":"","overlay-gradient":""}},"ast-content-background-meta":{"desktop":{"background-color":"var(--ast-global-color-5)","background-image":"","background-repeat":"repeat","background-position":"center center","background-size":"auto","background-attachment":"scroll","background-type":"","background-media":"","overlay-type":"","overlay-color":"","overlay-opacity":"","overlay-gradient":""},"tablet":{"background-color":"var(--ast-global-color-5)","background-image":"","background-repeat":"repeat","background-position":"center center","background-size":"auto","background-attachment":"scroll","background-type":"","background-media":"","overlay-type":"","overlay-color":"","overlay-opacity":"","overlay-gradient":""},"mobile":{"background-color":"var(--ast-global-color-5)","background-image":"","background-repeat":"repeat","background-position":"center center","background-size":"auto","background-attachment":"scroll","background-type":"","background-media":"","overlay-type":"","overlay-color":"","overlay-opacity":"","overlay-gradient":""}}},"product_brand":[],"product_cat":[65,76,77,82],"product_tag":[135,137,619,148,138],"class_list":{"0":"post-2582","1":"product","2":"type-product","3":"status-publish","4":"has-post-thumbnail","6":"product_cat-best-sellers","7":"product_cat-new-arrivels","8":"product_cat-wholesale-womens-shapewear","9":"product_cat-wholesale-shapewear-bodysuit","10":"product_tag-all-in-one","11":"product_tag-butt-lift","12":"product_tag-deep-v","13":"product_tag-one-piece","14":"product_tag-thong","15":"pa_color-beige","16":"pa_color-black","17":"pa_size-l","18":"pa_size-m","19":"pa_size-s","20":"pa_size-xl","21":"pa_size-xxl","22":"pa_size-xxxl","23":"desktop-align-center","24":"tablet-align-left","25":"mobile-align-left","26":"ast-product-gallery-layout-horizontal-slider","27":"ast-product-single-variable","28":"ast-product-tabs-layout-horizontal","29":"ast-qv-on-image","31":"first","32":"instock","33":"shipping-taxable","34":"purchasable","35":"product-type-variable"},"tiered_pricing_type":"fixed","tiered_pricing_fixed_rules":{"5":6.8,"50":6.2,"100":5.99},"tiered_pricing_product_settings":{"layout":"default","base_unit_name":{"singular":null,"plural":null},"default_variation":{}},"tiered_pricing_minimum_quantity":null,"tiered_pricing_roles_data":[],"tiered_pricing_percentage_rules":[],"_links":{"self":[{"href":"https:\/\/yume-silm.com\/es\/wp-json\/wp\/v2\/product\/2582","targetHints":{"allow":["GET"]}}],"collection":[{"href":"https:\/\/yume-silm.com\/es\/wp-json\/wp\/v2\/product"}],"about":[{"href":"https:\/\/yume-silm.com\/es\/wp-json\/wp\/v2\/types\/product"}],"replies":[{"embeddable":true,"href":"https:\/\/yume-silm.com\/es\/wp-json\/wp\/v2\/comments?post=2582"}],"wp:featuredmedia":[{"embeddable":true,"href":"https:\/\/yume-silm.com\/es\/wp-json\/wp\/v2\/media\/2596"}],"wp:attachment":[{"href":"https:\/\/yume-silm.com\/es\/wp-json\/wp\/v2\/media?parent=2582"}],"wp:term":[{"taxonomy":"product_brand","embeddable":true,"href":"https:\/\/yume-silm.com\/es\/wp-json\/wp\/v2\/product_brand?post=2582"},{"taxonomy":"product_cat","embeddable":true,"href":"https:\/\/yume-silm.com\/es\/wp-json\/wp\/v2\/product_cat?post=2582"},{"taxonomy":"product_tag","embeddable":true,"href":"https:\/\/yume-silm.com\/es\/wp-json\/wp\/v2\/product_tag?post=2582"}],"curies":[{"name":"wp","href":"https:\/\/api.w.org\/{rel}","templated":true}]}}