{"id":2623,"date":"2023-05-13T02:51:04","date_gmt":"2023-05-13T02:51:04","guid":{"rendered":"https:\/\/yume-silm.com\/?post_type=product&#038;p=2623"},"modified":"2024-05-18T09:26:21","modified_gmt":"2024-05-18T09:26:21","slug":"venta-al-por-mayor-trajes-de-tirantes-para-mujeres-trajes-de-una-pieza-sin-costura","status":"publish","type":"product","link":"https:\/\/yume-silm.com\/es\/producto-2\/venta-al-por-mayor-trajes-de-tirantes-para-mujeres-trajes-de-una-pieza-sin-costura\/","title":{"rendered":"Body De Tanga Sin Costuras Para Mujer al por mayor"},"content":{"rendered":"<h5>Caracteristicas de dise\u00f1o<\/h5>\n<ul>\n<li><strong>TELA DE CALIDAD PREMIUM:<\/strong> Este moldeador de cuerpo tipo tanga con control de barriga est\u00e1 hecho de mezclas de nailon y spandex con alta elasticidad para garantizar un ajuste ce\u00f1ido y c\u00f3modo. Al usar este body de soporte de compresi\u00f3n de cobertura total, es f\u00e1cil crear una figura de curvas y enfatizar las curvas naturales de su cuerpo.<\/li>\n<li><strong>DISE\u00d1O DE TANGA DE MODA:<\/strong> El dise\u00f1o de tanga del body suave y delgado no solo agrega un toque de sensualidad sino que tambi\u00e9n levanta efectivamente los gl\u00fateos y realza la silueta general.<\/li>\n<li><strong>FUNCI\u00d3N CONVENIENTE:<\/strong> La entrepierna del body tipo tanga sin costuras est\u00e1 equipada con un gancho ajustable para usar en el ba\u00f1o, lo que garantiza la m\u00e1xima comodidad durante todo el d\u00eda.<\/li>\n<li><strong>DESGASTE VERS\u00c1TIL:<\/strong> Desde ropa de trabajo diaria hasta eventos especiales como citas y fiestas, este body push-up de forma ligera y sin costuras es una pieza de armario vers\u00e1til que se puede usar en una variedad de ocasiones.<\/li>\n<li><strong>OPCIONES PERSONALIZADAS:<\/strong> Nuestro body tipo tanga sin costuras para uso diario admite tama\u00f1os, colores, estilos, logotipos, empaques, etiquetas colgantes y etiquetas de cuidado personalizados para satisfacer las diferentes necesidades de nuestros clientes mayoristas.<\/li>\n<\/ul>\n<h6><em>Body moldeador de alta elasticidad, liso y sin costuras<\/em><\/h6>\n<ul>\n<li>Nuestro mono de tanga sin costuras para mujer de una pieza es una mezcla de innovaci\u00f3n, estilo y comodidad. Para los mayoristas que buscan ofrecer productos de primer nivel que resuenen con las \u00faltimas tendencias, este body es imprescindible.<\/li>\n<li>Con opciones de personalizaci\u00f3n, una variedad de tallas y la promesa de una entrega r\u00e1pida, el body tipo tanga sin costuras de una pieza es una valiosa adici\u00f3n a su inventario. Sum\u00e9rgete en el mundo del comercio mayorista con esta pieza excepcional. \u00a1Ordenar hoy!<\/li>\n<\/ul>","protected":false},"excerpt":{"rendered":"<p>Ad\u00e9ntrate en la elegancia con nuestro body tipo tanga sin costuras para mujer, un mono de una sola pieza sin costuras. Confeccionado con nailon y spandex de alta elasticidad, este body es el ep\u00edtome de la comodidad y el estilo, asegurando una silueta impecable para cada ocasi\u00f3n.<\/p>","protected":false},"featured_media":2606,"comment_status":"open","ping_status":"closed","template":"","meta":{"site-sidebar-layout":"default","site-content-layout":"default","ast-site-content-layout":"default","site-content-style":"default","site-sidebar-style":"default","ast-global-header-display":"","ast-banner-title-visibility":"","ast-main-header-display":"","ast-hfb-above-header-display":"","ast-hfb-below-header-display":"","ast-hfb-mobile-header-display":"","site-post-title":"","ast-breadcrumbs-content":"","ast-featured-img":"","footer-sml-layout":"","ast-disable-related-posts":"","theme-transparent-header-meta":"default","adv-header-id-meta":"","stick-header-meta":"default","header-above-stick-meta":"","header-main-stick-meta":"","header-below-stick-meta":"","astra-migrate-meta-layouts":"set","ast-page-background-enabled":"default","ast-page-background-meta":{"desktop":{"background-color":"","background-image":"","background-repeat":"repeat","background-position":"center center","background-size":"auto","background-attachment":"scroll","background-type":"","background-media":"","overlay-type":"","overlay-color":"","overlay-opacity":"","overlay-gradient":""},"tablet":{"background-color":"","background-image":"","background-repeat":"repeat","background-position":"center center","background-size":"auto","background-attachment":"scroll","background-type":"","background-media":"","overlay-type":"","overlay-color":"","overlay-opacity":"","overlay-gradient":""},"mobile":{"background-color":"","background-image":"","background-repeat":"repeat","background-position":"center center","background-size":"auto","background-attachment":"scroll","background-type":"","background-media":"","overlay-type":"","overlay-color":"","overlay-opacity":"","overlay-gradient":""}},"ast-content-background-meta":{"desktop":{"background-color":"var(--ast-global-color-5)","background-image":"","background-repeat":"repeat","background-position":"center center","background-size":"auto","background-attachment":"scroll","background-type":"","background-media":"","overlay-type":"","overlay-color":"","overlay-opacity":"","overlay-gradient":""},"tablet":{"background-color":"var(--ast-global-color-5)","background-image":"","background-repeat":"repeat","background-position":"center center","background-size":"auto","background-attachment":"scroll","background-type":"","background-media":"","overlay-type":"","overlay-color":"","overlay-opacity":"","overlay-gradient":""},"mobile":{"background-color":"var(--ast-global-color-5)","background-image":"","background-repeat":"repeat","background-position":"center center","background-size":"auto","background-attachment":"scroll","background-type":"","background-media":"","overlay-type":"","overlay-color":"","overlay-opacity":"","overlay-gradient":""}}},"product_brand":[],"product_cat":[65,76,77,82],"product_tag":[136,139,148,145,134],"class_list":{"0":"post-2623","1":"product","2":"type-product","3":"status-publish","4":"has-post-thumbnail","6":"product_cat-best-sellers","7":"product_cat-new-arrivels","8":"product_cat-wholesale-womens-shapewear","9":"product_cat-wholesale-shapewear-bodysuit","10":"product_tag-bridal","11":"product_tag-high-waist","12":"product_tag-one-piece","13":"product_tag-sexy","14":"product_tag-tummy-tucker","15":"pa_color-beige","16":"pa_color-black","17":"pa_color-yellow","18":"pa_size-l","19":"pa_size-m","20":"pa_size-s","21":"pa_size-xl","22":"pa_size-xxl","23":"pa_size-xxxl","24":"desktop-align-center","25":"tablet-align-left","26":"mobile-align-left","27":"ast-product-gallery-layout-horizontal-slider","28":"ast-product-single-variable","29":"ast-product-tabs-layout-horizontal","30":"ast-qv-on-image","32":"first","33":"instock","34":"shipping-taxable","35":"purchasable","36":"product-type-variable"},"tiered_pricing_type":"fixed","tiered_pricing_fixed_rules":{"5":4.8,"50":4.5,"100":4.2},"tiered_pricing_product_settings":{"layout":"default","base_unit_name":{"singular":null,"plural":null},"default_variation":{}},"tiered_pricing_minimum_quantity":null,"tiered_pricing_roles_data":[],"tiered_pricing_percentage_rules":[],"_links":{"self":[{"href":"https:\/\/yume-silm.com\/es\/wp-json\/wp\/v2\/product\/2623","targetHints":{"allow":["GET"]}}],"collection":[{"href":"https:\/\/yume-silm.com\/es\/wp-json\/wp\/v2\/product"}],"about":[{"href":"https:\/\/yume-silm.com\/es\/wp-json\/wp\/v2\/types\/product"}],"replies":[{"embeddable":true,"href":"https:\/\/yume-silm.com\/es\/wp-json\/wp\/v2\/comments?post=2623"}],"wp:featuredmedia":[{"embeddable":true,"href":"https:\/\/yume-silm.com\/es\/wp-json\/wp\/v2\/media\/2606"}],"wp:attachment":[{"href":"https:\/\/yume-silm.com\/es\/wp-json\/wp\/v2\/media?parent=2623"}],"wp:term":[{"taxonomy":"product_brand","embeddable":true,"href":"https:\/\/yume-silm.com\/es\/wp-json\/wp\/v2\/product_brand?post=2623"},{"taxonomy":"product_cat","embeddable":true,"href":"https:\/\/yume-silm.com\/es\/wp-json\/wp\/v2\/product_cat?post=2623"},{"taxonomy":"product_tag","embeddable":true,"href":"https:\/\/yume-silm.com\/es\/wp-json\/wp\/v2\/product_tag?post=2623"}],"curies":[{"name":"wp","href":"https:\/\/api.w.org\/{rel}","templated":true}]}}