{"id":2624,"date":"2023-05-13T02:50:42","date_gmt":"2023-05-13T02:50:42","guid":{"rendered":"https:\/\/yume-silm.com\/?post_type=product&#038;p=2624"},"modified":"2024-05-18T07:52:57","modified_gmt":"2024-05-18T07:52:57","slug":"entrenador-de-cintura-sin-costuras-de-alta-elasticidad","status":"publish","type":"product","link":"https:\/\/yume-silm.com\/es\/producto-2\/entrenador-de-cintura-sin-costuras-de-alta-elasticidad\/","title":{"rendered":"Entrenador de cintura sin costuras de alta elasticidad al por mayor"},"content":{"rendered":"<h5>Caracteristicas de dise\u00f1o<\/h5>\n<ul>\n<li><strong>ALTA ELASTICIDAD:<\/strong> Este cors\u00e9 de entrenamiento y entrenamiento de cintura est\u00e1 hecho de una mezcla de nailon y spandex. La faja moldeadora se puede usar una y otra vez y volver\u00e1 r\u00e1pidamente a su forma original dependiendo del tir\u00f3n de la extensi\u00f3n. Garantiza un ajuste ce\u00f1ido y el\u00e1stico para todo tipo de cuerpo.<\/li>\n<li><strong>DISE\u00d1O INCONS\u00daTIL:<\/strong> La construcci\u00f3n sin costuras del entrenador de cintura deportiva de alta elasticidad mejora la comodidad y la portabilidad y mantiene una apariencia suave y brillante debajo de cualquier prenda.<\/li>\n<li><strong>MEJORA DEL SUDOR:<\/strong> Las mejores fajas para controlar la barriga est\u00e1n dise\u00f1adas para maximizar la p\u00e9rdida de peso durante el entrenamiento al aumentar la producci\u00f3n de sudor, lo que las convierte en una excelente adici\u00f3n a la rutina de ejercicios de su cliente.<\/li>\n<li><strong>USO MULTIUSOS:<\/strong> Perfecto para entrenamientos, uso diario o apoyo posparto, este entrenador de cintura para figuras con curvas satisface una variedad de necesidades, mejorando su atractivo en el mercado.<\/li>\n<li><strong>IMPULSOR DE GANANCIAS:<\/strong> Los cors\u00e9s para usuarios cotidianos de cors\u00e9s y entrenadores de cintura satisfacen la demanda en constante cambio del mercado de fitness y actividades modernas de figura con curvas, lo que aumenta las ventas y las ganancias de su negocio.<\/li>\n<\/ul>\n<h6><em>Cors\u00e9s de entrenamiento reductor de cintura sudorosa para hombres y mujeres<\/em><\/h6>\n<ul>\n<li>Nuestro entrenador de cintura para sudor sin costuras de alta elasticidad es una combinaci\u00f3n de innovaci\u00f3n, estilo y comodidad. Para los mayoristas que buscan ofrecer productos de primer nivel que resuenen con las \u00faltimas tendencias, esta faja cinturilla es imprescindible.<\/li>\n<li>Con opciones de personalizaci\u00f3n, una variedad de tama\u00f1os y la promesa de entrega r\u00e1pida, es una valiosa adici\u00f3n a su inventario. Sum\u00e9rgete en el mundo del comercio mayorista con esta pieza excepcional. \u00a1Ordenar hoy!<\/li>\n<\/ul>","protected":false},"excerpt":{"rendered":"<p>Presentamos nuestro entrenador de cintura sudorosa sin costuras de alta elasticidad, una combinaci\u00f3n perfecta de estilo y funcionalidad. Dise\u00f1ado con tejido de alta elasticidad, garantiza un excelente ajuste, realzando tu silueta y maximizando la producci\u00f3n de sudor durante los entrenamientos.<\/p>","protected":false},"featured_media":2634,"comment_status":"open","ping_status":"closed","template":"","meta":{"site-sidebar-layout":"default","site-content-layout":"default","ast-site-content-layout":"default","site-content-style":"default","site-sidebar-style":"default","ast-global-header-display":"","ast-banner-title-visibility":"","ast-main-header-display":"","ast-hfb-above-header-display":"","ast-hfb-below-header-display":"","ast-hfb-mobile-header-display":"","site-post-title":"","ast-breadcrumbs-content":"","ast-featured-img":"","footer-sml-layout":"","ast-disable-related-posts":"","theme-transparent-header-meta":"default","adv-header-id-meta":"","stick-header-meta":"default","header-above-stick-meta":"","header-main-stick-meta":"","header-below-stick-meta":"","astra-migrate-meta-layouts":"set","ast-page-background-enabled":"default","ast-page-background-meta":{"desktop":{"background-color":"","background-image":"","background-repeat":"repeat","background-position":"center center","background-size":"auto","background-attachment":"scroll","background-type":"","background-media":"","overlay-type":"","overlay-color":"","overlay-opacity":"","overlay-gradient":""},"tablet":{"background-color":"","background-image":"","background-repeat":"repeat","background-position":"center center","background-size":"auto","background-attachment":"scroll","background-type":"","background-media":"","overlay-type":"","overlay-color":"","overlay-opacity":"","overlay-gradient":""},"mobile":{"background-color":"","background-image":"","background-repeat":"repeat","background-position":"center center","background-size":"auto","background-attachment":"scroll","background-type":"","background-media":"","overlay-type":"","overlay-color":"","overlay-opacity":"","overlay-gradient":""}},"ast-content-background-meta":{"desktop":{"background-color":"var(--ast-global-color-5)","background-image":"","background-repeat":"repeat","background-position":"center center","background-size":"auto","background-attachment":"scroll","background-type":"","background-media":"","overlay-type":"","overlay-color":"","overlay-opacity":"","overlay-gradient":""},"tablet":{"background-color":"var(--ast-global-color-5)","background-image":"","background-repeat":"repeat","background-position":"center center","background-size":"auto","background-attachment":"scroll","background-type":"","background-media":"","overlay-type":"","overlay-color":"","overlay-opacity":"","overlay-gradient":""},"mobile":{"background-color":"var(--ast-global-color-5)","background-image":"","background-repeat":"repeat","background-position":"center center","background-size":"auto","background-attachment":"scroll","background-type":"","background-media":"","overlay-type":"","overlay-color":"","overlay-opacity":"","overlay-gradient":""}}},"product_brand":[],"product_cat":[65,76,90,96,95],"product_tag":[460,149,185],"class_list":{"0":"post-2624","1":"product","2":"type-product","3":"status-publish","4":"has-post-thumbnail","6":"product_cat-best-sellers","7":"product_cat-new-arrivels","8":"product_cat-wholesale-waist-trainer","9":"product_cat-sweat-waist-trainer","10":"product_cat-waist-cincher","11":"product_tag-high-elasticity","12":"product_tag-long-torso","13":"product_tag-workout","14":"pa_color-blue","15":"pa_color-silver","16":"pa_size-4xl-5xl","17":"pa_size-l-xl","18":"pa_size-s-m","19":"pa_size-xxl-xxxl","20":"desktop-align-center","21":"tablet-align-left","22":"mobile-align-left","23":"ast-product-gallery-layout-horizontal-slider","24":"ast-product-single-variable","25":"ast-product-tabs-layout-horizontal","26":"ast-qv-on-image","28":"first","29":"instock","30":"shipping-taxable","31":"purchasable","32":"product-type-variable"},"tiered_pricing_type":"fixed","tiered_pricing_fixed_rules":{"2":2.39,"50":2.19,"100":1.99},"tiered_pricing_product_settings":{"layout":"default","base_unit_name":{"singular":null,"plural":null},"default_variation":{}},"tiered_pricing_minimum_quantity":null,"tiered_pricing_roles_data":[],"tiered_pricing_percentage_rules":[],"_links":{"self":[{"href":"https:\/\/yume-silm.com\/es\/wp-json\/wp\/v2\/product\/2624","targetHints":{"allow":["GET"]}}],"collection":[{"href":"https:\/\/yume-silm.com\/es\/wp-json\/wp\/v2\/product"}],"about":[{"href":"https:\/\/yume-silm.com\/es\/wp-json\/wp\/v2\/types\/product"}],"replies":[{"embeddable":true,"href":"https:\/\/yume-silm.com\/es\/wp-json\/wp\/v2\/comments?post=2624"}],"wp:featuredmedia":[{"embeddable":true,"href":"https:\/\/yume-silm.com\/es\/wp-json\/wp\/v2\/media\/2634"}],"wp:attachment":[{"href":"https:\/\/yume-silm.com\/es\/wp-json\/wp\/v2\/media?parent=2624"}],"wp:term":[{"taxonomy":"product_brand","embeddable":true,"href":"https:\/\/yume-silm.com\/es\/wp-json\/wp\/v2\/product_brand?post=2624"},{"taxonomy":"product_cat","embeddable":true,"href":"https:\/\/yume-silm.com\/es\/wp-json\/wp\/v2\/product_cat?post=2624"},{"taxonomy":"product_tag","embeddable":true,"href":"https:\/\/yume-silm.com\/es\/wp-json\/wp\/v2\/product_tag?post=2624"}],"curies":[{"name":"wp","href":"https:\/\/api.w.org\/{rel}","templated":true}]}}