{"id":2675,"date":"2023-05-13T03:41:44","date_gmt":"2023-05-13T03:41:44","guid":{"rendered":"https:\/\/yume-silm.com\/?post_type=product&#038;p=2675"},"modified":"2024-05-30T08:01:08","modified_gmt":"2024-05-30T08:01:08","slug":"cintura-entrenador-sudor-de-elasticidad-alta-con-cierre-de-cremallera","status":"publish","type":"product","link":"https:\/\/yume-silm.com\/es\/producto-2\/cintura-entrenador-sudor-de-elasticidad-alta-con-cierre-de-cremallera\/","title":{"rendered":"Entrenador de cintura de sudor de alta elasticidad al por mayor con cierre de cremallera"},"content":{"rendered":"<h5>Caracteristicas de dise\u00f1o<\/h5>\n<ul>\n<li><strong>MATERIALES DE CALIDAD PREMIUM:<\/strong> Este entrenador de cintura deportiva de alta elasticidad con cierre de cremallera est\u00e1 hecho de una mezcla de nailon y spandex, por lo que puede estar seguro de tirar y tirar correctamente para mayor utilidad. El revestimiento de neopreno en el interior permite una r\u00e1pida exposici\u00f3n al sudor con mayor ejercicio.<\/li>\n<li><strong>CREMALLERA F\u00c1CIL DE USAR:<\/strong> El recortador de cintura para sudor para el cintur\u00f3n de entrenamiento viene con una cremallera f\u00e1cil de usar que facilita su colocaci\u00f3n y extracci\u00f3n, mejorando la experiencia general del usuario y demostrando un compromiso con la comodidad del cliente.<\/li>\n<li><strong>SUDORACI\u00d3N MEJORADA:<\/strong> Esta faja moldeadora adelgazante de cintura est\u00e1 dise\u00f1ada para maximizar la producci\u00f3n de sudor, agregando valor a quienes hacen ejercicio y pierden peso, garantizando la satisfacci\u00f3n y lealtad del cliente.<\/li>\n<li><strong>DESGASTE MULTIFUNCIONAL:<\/strong> Ideal para entrenamientos, uso diario o apoyo posparto, esta faja moldeadora el\u00e1stica con cremallera tipo cintur\u00f3n para sudor satisface una amplia gama de necesidades de los clientes y mejora su atractivo en el mercado.<\/li>\n<li><strong>AUMENTAR LAS VENTAS:<\/strong> Con su dise\u00f1o de alta calidad y caracter\u00edsticas pr\u00e1cticas, se espera que este entrenador de cintura para mujer con revestimiento de PU el\u00e1stico aumente sus ventas y satisfaga las demandas cambiantes del mercado de fitness y fajas.<\/li>\n<\/ul>\n<h6><em>Entrenador de cintura sudorosa para sauna para hombres y mujeres.<\/em><\/h6>\n<ul>\n<li>Nuestro entrenador de cintura sudorosa de alta elasticidad con cierre de cremallera es una combinaci\u00f3n de innovaci\u00f3n, estilo y comodidad.<\/li>\n<li>Para los mayoristas que buscan ofrecer productos de primer nivel que resuenen con las \u00faltimas tendencias, este entrenador de cintura es imprescindible.<\/li>\n<li>Con opciones de personalizaci\u00f3n, una variedad de tama\u00f1os y la promesa de entrega r\u00e1pida, es una valiosa adici\u00f3n a su inventario.<\/li>\n<li>Sum\u00e9rgete en el mundo del comercio mayorista con esta pieza destacada. \u00a1Ordenar hoy!<\/li>\n<\/ul>","protected":false},"excerpt":{"rendered":"<p>Descubra la combinaci\u00f3n perfecta de estilo y funcionalidad con nuestro entrenador de cintura sudorosa de alta elasticidad. Con una cremallera f\u00e1cil de usar, este entrenador de cintura est\u00e1 dise\u00f1ado para mejorar la producci\u00f3n de sudor durante los entrenamientos, garantizando un ajuste perfecto y una mayor confianza.<\/p>","protected":false},"featured_media":2688,"comment_status":"open","ping_status":"closed","template":"","meta":{"site-sidebar-layout":"default","site-content-layout":"default","ast-site-content-layout":"default","site-content-style":"default","site-sidebar-style":"default","ast-global-header-display":"","ast-banner-title-visibility":"","ast-main-header-display":"","ast-hfb-above-header-display":"","ast-hfb-below-header-display":"","ast-hfb-mobile-header-display":"","site-post-title":"","ast-breadcrumbs-content":"","ast-featured-img":"","footer-sml-layout":"","ast-disable-related-posts":"","theme-transparent-header-meta":"default","adv-header-id-meta":"","stick-header-meta":"default","header-above-stick-meta":"","header-main-stick-meta":"","header-below-stick-meta":"","astra-migrate-meta-layouts":"set","ast-page-background-enabled":"default","ast-page-background-meta":{"desktop":{"background-color":"","background-image":"","background-repeat":"repeat","background-position":"center center","background-size":"auto","background-attachment":"scroll","background-type":"","background-media":"","overlay-type":"","overlay-color":"","overlay-opacity":"","overlay-gradient":""},"tablet":{"background-color":"","background-image":"","background-repeat":"repeat","background-position":"center center","background-size":"auto","background-attachment":"scroll","background-type":"","background-media":"","overlay-type":"","overlay-color":"","overlay-opacity":"","overlay-gradient":""},"mobile":{"background-color":"","background-image":"","background-repeat":"repeat","background-position":"center center","background-size":"auto","background-attachment":"scroll","background-type":"","background-media":"","overlay-type":"","overlay-color":"","overlay-opacity":"","overlay-gradient":""}},"ast-content-background-meta":{"desktop":{"background-color":"var(--ast-global-color-5)","background-image":"","background-repeat":"repeat","background-position":"center center","background-size":"auto","background-attachment":"scroll","background-type":"","background-media":"","overlay-type":"","overlay-color":"","overlay-opacity":"","overlay-gradient":""},"tablet":{"background-color":"var(--ast-global-color-5)","background-image":"","background-repeat":"repeat","background-position":"center center","background-size":"auto","background-attachment":"scroll","background-type":"","background-media":"","overlay-type":"","overlay-color":"","overlay-opacity":"","overlay-gradient":""},"mobile":{"background-color":"var(--ast-global-color-5)","background-image":"","background-repeat":"repeat","background-position":"center center","background-size":"auto","background-attachment":"scroll","background-type":"","background-media":"","overlay-type":"","overlay-color":"","overlay-opacity":"","overlay-gradient":""}}},"product_brand":[],"product_cat":[65,76,90,95,92],"product_tag":[633,185,184],"class_list":{"0":"post-2675","1":"product","2":"type-product","3":"status-publish","4":"has-post-thumbnail","6":"product_cat-best-sellers","7":"product_cat-new-arrivels","8":"product_cat-wholesale-waist-trainer","9":"product_cat-waist-cincher","10":"product_cat-wholesale-waist-girdle","11":"product_tag-sweat","12":"product_tag-workout","13":"product_tag-zipper","14":"pa_color-blue","15":"pa_color-sliver","16":"pa_size-2xl-3xl","17":"pa_size-4xl-5xl","18":"pa_size-l-xl","19":"pa_size-s-m","20":"desktop-align-center","21":"tablet-align-left","22":"mobile-align-left","23":"ast-product-gallery-layout-horizontal-slider","24":"ast-product-single-variable","25":"ast-product-tabs-layout-horizontal","26":"ast-qv-on-image","28":"first","29":"instock","30":"shipping-taxable","31":"purchasable","32":"product-type-variable"},"tiered_pricing_type":"fixed","tiered_pricing_fixed_rules":{"2":2.69,"50":2.49,"300":2.09},"tiered_pricing_product_settings":{"layout":"default","base_unit_name":{"singular":null,"plural":null},"default_variation":{}},"tiered_pricing_minimum_quantity":null,"tiered_pricing_roles_data":[],"tiered_pricing_percentage_rules":[],"_links":{"self":[{"href":"https:\/\/yume-silm.com\/es\/wp-json\/wp\/v2\/product\/2675","targetHints":{"allow":["GET"]}}],"collection":[{"href":"https:\/\/yume-silm.com\/es\/wp-json\/wp\/v2\/product"}],"about":[{"href":"https:\/\/yume-silm.com\/es\/wp-json\/wp\/v2\/types\/product"}],"replies":[{"embeddable":true,"href":"https:\/\/yume-silm.com\/es\/wp-json\/wp\/v2\/comments?post=2675"}],"wp:featuredmedia":[{"embeddable":true,"href":"https:\/\/yume-silm.com\/es\/wp-json\/wp\/v2\/media\/2688"}],"wp:attachment":[{"href":"https:\/\/yume-silm.com\/es\/wp-json\/wp\/v2\/media?parent=2675"}],"wp:term":[{"taxonomy":"product_brand","embeddable":true,"href":"https:\/\/yume-silm.com\/es\/wp-json\/wp\/v2\/product_brand?post=2675"},{"taxonomy":"product_cat","embeddable":true,"href":"https:\/\/yume-silm.com\/es\/wp-json\/wp\/v2\/product_cat?post=2675"},{"taxonomy":"product_tag","embeddable":true,"href":"https:\/\/yume-silm.com\/es\/wp-json\/wp\/v2\/product_tag?post=2675"}],"curies":[{"name":"wp","href":"https:\/\/api.w.org\/{rel}","templated":true}]}}