{"id":2710,"date":"2023-05-13T06:38:16","date_gmt":"2023-05-13T06:38:16","guid":{"rendered":"https:\/\/yume-silm.com\/?post_type=product&#038;p=2710"},"modified":"2024-06-11T03:38:07","modified_gmt":"2024-06-11T03:38:07","slug":"chaleco-adelgazante-control-barriga-compresion-top-top","status":"publish","type":"product","link":"https:\/\/yume-silm.com\/es\/producto-2\/chaleco-adelgazante-control-barriga-compresion-top-top\/","title":{"rendered":"Venta al por mayor Camisa de compresi\u00f3n del chaleco Shapewear de los hombres"},"content":{"rendered":"<h5>Caracteristicas de dise\u00f1o<\/h5>\n<ul>\n<li><strong>C\u00d3MODO Y TRANSPIRABLE:<\/strong> La camiseta sin mangas moldeadora para hombre est\u00e1 hecha de material c\u00f3modo y transpirable de alta calidad para garantizar que no te sientas inc\u00f3modo durante mucho tiempo.<\/li>\n<li><strong>DISE\u00d1O FORMADOR DEL CUERPO:<\/strong> Nuestra camiseta moldeadora para hombre ayuda a comprimir el exceso de grasa en el pecho, el abdomen y la espalda para lograr una apariencia m\u00e1s definida y tonificada.<\/li>\n<li><strong>ELEGANCIA INCONS\u00daTIL:<\/strong> El dise\u00f1o sin costuras de la camiseta de compresi\u00f3n para hombre proporciona un aspecto elegante debajo de la ropa, lo que la hace discreta y vers\u00e1til para cualquier ocasi\u00f3n.<\/li>\n<li><strong>POSTURA MEJORADA:<\/strong> La faja moldeadora para hombre brinda soporte a los m\u00fasculos de la parte superior del cuerpo, ayudando a corregir la postura y reducir la fatiga al estar de pie o sentado por per\u00edodos prolongados.<\/li>\n<li><strong>VERSATILIDAD \u00d3PTIMA:<\/strong> Nuestra mejor faja moldeadora de abdomen para hombres es adecuada para entrenamientos, actividades diarias, trabajo, viajes o ocio, lo que garantiza un f\u00edsico ideal mientras se mantiene un estilo de vida activo.<\/li>\n<\/ul>\n<h6><em>Chaleco de compresi\u00f3n sin costuras para hombre, control abdominal<\/em><\/h6>\n<ul>\n<li>Nuestra camiseta sin mangas de compresi\u00f3n con control de barriga para hombre es una combinaci\u00f3n perfecta de estilo, comodidad y funcionalidad.<\/li>\n<li>Para los mayoristas que buscan ofrecer productos de primera categor\u00eda acordes con las tendencias actuales, esta camiseta de compresi\u00f3n sin mangas para hombre es imprescindible.<\/li>\n<li>Con opciones de personalizaci\u00f3n, una variedad de tama\u00f1os y la promesa de entrega r\u00e1pida, es una valiosa adici\u00f3n a su inventario.<\/li>\n<li>Sum\u00e9rgete en el mundo del comercio mayorista con esta pieza destacada. \u00a1Ordenar hoy!<\/li>\n<\/ul>","protected":false},"excerpt":{"rendered":"<ul>\n<li>Experimente el poder transformador de nuestra camiseta de compresi\u00f3n para hombre.<\/li>\n<li>Confeccionada con una mezcla de nailon y spandex, esta camiseta sin mangas de compresi\u00f3n se adapta perfectamente al torso y ofrece un efecto elegante y adelgazante adecuado para entrenamientos y uso diario.<\/li>\n<\/ul>","protected":false},"featured_media":2719,"comment_status":"open","ping_status":"closed","template":"","meta":{"site-sidebar-layout":"default","site-content-layout":"default","ast-site-content-layout":"default","site-content-style":"default","site-sidebar-style":"default","ast-global-header-display":"","ast-banner-title-visibility":"","ast-main-header-display":"","ast-hfb-above-header-display":"","ast-hfb-below-header-display":"","ast-hfb-mobile-header-display":"","site-post-title":"","ast-breadcrumbs-content":"","ast-featured-img":"","footer-sml-layout":"","ast-disable-related-posts":"","theme-transparent-header-meta":"default","adv-header-id-meta":"","stick-header-meta":"default","header-above-stick-meta":"","header-main-stick-meta":"","header-below-stick-meta":"","astra-migrate-meta-layouts":"set","ast-page-background-enabled":"default","ast-page-background-meta":{"desktop":{"background-color":"","background-image":"","background-repeat":"repeat","background-position":"center center","background-size":"auto","background-attachment":"scroll","background-type":"","background-media":"","overlay-type":"","overlay-color":"","overlay-opacity":"","overlay-gradient":""},"tablet":{"background-color":"","background-image":"","background-repeat":"repeat","background-position":"center center","background-size":"auto","background-attachment":"scroll","background-type":"","background-media":"","overlay-type":"","overlay-color":"","overlay-opacity":"","overlay-gradient":""},"mobile":{"background-color":"","background-image":"","background-repeat":"repeat","background-position":"center center","background-size":"auto","background-attachment":"scroll","background-type":"","background-media":"","overlay-type":"","overlay-color":"","overlay-opacity":"","overlay-gradient":""}},"ast-content-background-meta":{"desktop":{"background-color":"var(--ast-global-color-5)","background-image":"","background-repeat":"repeat","background-position":"center center","background-size":"auto","background-attachment":"scroll","background-type":"","background-media":"","overlay-type":"","overlay-color":"","overlay-opacity":"","overlay-gradient":""},"tablet":{"background-color":"var(--ast-global-color-5)","background-image":"","background-repeat":"repeat","background-position":"center center","background-size":"auto","background-attachment":"scroll","background-type":"","background-media":"","overlay-type":"","overlay-color":"","overlay-opacity":"","overlay-gradient":""},"mobile":{"background-color":"var(--ast-global-color-5)","background-image":"","background-repeat":"repeat","background-position":"center center","background-size":"auto","background-attachment":"scroll","background-type":"","background-media":"","overlay-type":"","overlay-color":"","overlay-opacity":"","overlay-gradient":""}}},"product_brand":[],"product_cat":[85,86],"product_tag":[148,134,214,185],"class_list":{"0":"post-2710","1":"product","2":"type-product","3":"status-publish","4":"has-post-thumbnail","6":"product_cat-wholesale-mens-shapewear","7":"product_cat-wholesale-men-sliming-vest","8":"product_tag-one-piece","9":"product_tag-tummy-tucker","10":"product_tag-waist-trainer","11":"product_tag-workout","12":"pa_color-black","13":"pa_color-white","14":"pa_size-l","15":"pa_size-m","16":"pa_size-s","17":"pa_size-xl","18":"pa_size-xxl","19":"desktop-align-center","20":"tablet-align-left","21":"mobile-align-left","22":"ast-product-gallery-layout-horizontal-slider","23":"ast-product-single-variable","24":"ast-product-tabs-layout-horizontal","25":"ast-qv-on-image","27":"first","28":"instock","29":"shipping-taxable","30":"purchasable","31":"product-type-variable"},"tiered_pricing_type":"fixed","tiered_pricing_fixed_rules":{"5":1.95,"50":1.81,"100":1.65},"tiered_pricing_product_settings":{"layout":"default","base_unit_name":{"singular":null,"plural":null},"default_variation":{}},"tiered_pricing_minimum_quantity":null,"tiered_pricing_roles_data":[],"tiered_pricing_percentage_rules":[],"_links":{"self":[{"href":"https:\/\/yume-silm.com\/es\/wp-json\/wp\/v2\/product\/2710","targetHints":{"allow":["GET"]}}],"collection":[{"href":"https:\/\/yume-silm.com\/es\/wp-json\/wp\/v2\/product"}],"about":[{"href":"https:\/\/yume-silm.com\/es\/wp-json\/wp\/v2\/types\/product"}],"replies":[{"embeddable":true,"href":"https:\/\/yume-silm.com\/es\/wp-json\/wp\/v2\/comments?post=2710"}],"wp:featuredmedia":[{"embeddable":true,"href":"https:\/\/yume-silm.com\/es\/wp-json\/wp\/v2\/media\/2719"}],"wp:attachment":[{"href":"https:\/\/yume-silm.com\/es\/wp-json\/wp\/v2\/media?parent=2710"}],"wp:term":[{"taxonomy":"product_brand","embeddable":true,"href":"https:\/\/yume-silm.com\/es\/wp-json\/wp\/v2\/product_brand?post=2710"},{"taxonomy":"product_cat","embeddable":true,"href":"https:\/\/yume-silm.com\/es\/wp-json\/wp\/v2\/product_cat?post=2710"},{"taxonomy":"product_tag","embeddable":true,"href":"https:\/\/yume-silm.com\/es\/wp-json\/wp\/v2\/product_tag?post=2710"}],"curies":[{"name":"wp","href":"https:\/\/api.w.org\/{rel}","templated":true}]}}