{"id":2741,"date":"2023-05-13T07:44:51","date_gmt":"2023-05-13T07:44:51","guid":{"rendered":"https:\/\/yume-silm.com\/?post_type=product&#038;p=2741"},"modified":"2024-11-08T08:47:08","modified_gmt":"2024-11-08T08:47:08","slug":"faja-elastica-cinturon-compresion-mujeres-fajas-invisibles","status":"publish","type":"product","link":"https:\/\/yume-silm.com\/es\/producto-2\/faja-elastica-cinturon-compresion-mujeres-fajas-invisibles\/","title":{"rendered":"Faja el\u00e1stica del cuerpo del vendaje de la compresi\u00f3n de las mujeres al por mayor"},"content":{"rendered":"<h5>Caracteristicas de dise\u00f1o<\/h5>\n<ul>\n<li><strong>DISE\u00d1O DE DOBLE CAPA:<\/strong> El moldeador de cuerpo con vendaje de compresi\u00f3n el\u00e1stica para mujer tiene cremallera y el dise\u00f1o del vendaje proporciona doble forma y compresi\u00f3n de abdomen para garantizar resultados de control de abdomen m\u00e1s r\u00e1pidos y efectivos.<\/li>\n<li><strong>DESMONTABLE Y CONVENIENTE:<\/strong> Nuestro entrenador de cintura que mejor funciona ofrece elasticidad personalizable a tu gusto y la opci\u00f3n de quitar capas seg\u00fan sea necesario. Muy conveniente y f\u00e1cil de usar.<\/li>\n<li><strong>SOPORTE INFERIOR DE ESPALDA MEJORADO:<\/strong> El cors\u00e9 deportivo de Corset tiene un dise\u00f1o de cremallera interna que proporciona un ajuste c\u00f3modo, mejora el soporte y reduce el riesgo de dolor lumbar.<\/li>\n<li><strong>ESTABILIZANTE Y SEGURO:<\/strong> El dise\u00f1o extra\u00edble del entrenador de cintura Faja garantiza que el producto permanezca estable durante los entrenamientos, evitando que se resbale o se mueva.<\/li>\n<li><strong>ALIVIO MUSCULAR DE LA ESPALDA:<\/strong> Este entrenador de cintura m\u00e1s recomendado es perfecto para personas con estilos de vida sedentarios, tensi\u00f3n cr\u00f3nica en la espalda baja o quienes buscan apoyo postural.<\/li>\n<\/ul>\n<h6><em>Entrenador de cintura de control abdominal con envoltura de est\u00f3mago de compresi\u00f3n para mujer<\/em><\/h6>\n<ul>\n<li>Nuestro moldeador corporal con vendaje de compresi\u00f3n el\u00e1stica para mujer es una combinaci\u00f3n de innovaci\u00f3n, estilo y funcionalidad.<\/li>\n<li>Para los mayoristas que buscan ofrecer productos de primer nivel que resuenen con las \u00faltimas tendencias, esta faja moldeadora de vendaje de compresi\u00f3n el\u00e1stica para mujer es imprescindible.<\/li>\n<li>Con opciones de personalizaci\u00f3n, una variedad de tama\u00f1os y la promesa de entrega r\u00e1pida, es una valiosa adici\u00f3n a su inventario.<\/li>\n<li>Sum\u00e9rgete en el mundo del comercio mayorista con esta pieza destacada. \u00a1Ordenar hoy!<\/li>\n<\/ul>","protected":false},"excerpt":{"rendered":"<ul>\n<li>Revela un nuevo nivel de confianza con nuestro moldeador de compresi\u00f3n con cintur\u00f3n el\u00e1stico para mujer.<\/li>\n<li>El dise\u00f1o de doble capa moldeador de cuerpo con vendaje de compresi\u00f3n el\u00e1stica para mujer ofrece doble forma del cuerpo y compresi\u00f3n abdominal, lo que garantiza una silueta elegante que permanece discreta debajo de cualquier atuendo.<\/li>\n<\/ul>","protected":false},"featured_media":2743,"comment_status":"open","ping_status":"closed","template":"","meta":{"site-sidebar-layout":"default","site-content-layout":"default","ast-site-content-layout":"default","site-content-style":"default","site-sidebar-style":"default","ast-global-header-display":"","ast-banner-title-visibility":"","ast-main-header-display":"","ast-hfb-above-header-display":"","ast-hfb-below-header-display":"","ast-hfb-mobile-header-display":"","site-post-title":"","ast-breadcrumbs-content":"","ast-featured-img":"","footer-sml-layout":"","ast-disable-related-posts":"","theme-transparent-header-meta":"default","adv-header-id-meta":"","stick-header-meta":"default","header-above-stick-meta":"","header-main-stick-meta":"","header-below-stick-meta":"","astra-migrate-meta-layouts":"set","ast-page-background-enabled":"default","ast-page-background-meta":{"desktop":{"background-color":"","background-image":"","background-repeat":"repeat","background-position":"center center","background-size":"auto","background-attachment":"scroll","background-type":"","background-media":"","overlay-type":"","overlay-color":"","overlay-opacity":"","overlay-gradient":""},"tablet":{"background-color":"","background-image":"","background-repeat":"repeat","background-position":"center center","background-size":"auto","background-attachment":"scroll","background-type":"","background-media":"","overlay-type":"","overlay-color":"","overlay-opacity":"","overlay-gradient":""},"mobile":{"background-color":"","background-image":"","background-repeat":"repeat","background-position":"center center","background-size":"auto","background-attachment":"scroll","background-type":"","background-media":"","overlay-type":"","overlay-color":"","overlay-opacity":"","overlay-gradient":""}},"ast-content-background-meta":{"desktop":{"background-color":"var(--ast-global-color-5)","background-image":"","background-repeat":"repeat","background-position":"center center","background-size":"auto","background-attachment":"scroll","background-type":"","background-media":"","overlay-type":"","overlay-color":"","overlay-opacity":"","overlay-gradient":""},"tablet":{"background-color":"var(--ast-global-color-5)","background-image":"","background-repeat":"repeat","background-position":"center center","background-size":"auto","background-attachment":"scroll","background-type":"","background-media":"","overlay-type":"","overlay-color":"","overlay-opacity":"","overlay-gradient":""},"mobile":{"background-color":"var(--ast-global-color-5)","background-image":"","background-repeat":"repeat","background-position":"center center","background-size":"auto","background-attachment":"scroll","background-type":"","background-media":"","overlay-type":"","overlay-color":"","overlay-opacity":"","overlay-gradient":""}}},"product_brand":[],"product_cat":[65,76,90,92],"product_tag":[187,451,500],"class_list":{"0":"post-2741","1":"product","2":"type-product","3":"status-publish","4":"has-post-thumbnail","6":"product_cat-best-sellers","7":"product_cat-new-arrivels","8":"product_cat-wholesale-waist-trainer","9":"product_cat-wholesale-waist-girdle","10":"product_tag-2-in-1","11":"product_tag-hourglass-body-shaper","12":"product_tag-tummy-control","13":"pa_color-black","14":"pa_size-m","15":"pa_size-xl","16":"pa_size-xs","17":"pa_size-xxxl","18":"desktop-align-center","19":"tablet-align-left","20":"mobile-align-left","21":"ast-product-gallery-layout-horizontal-slider","22":"ast-product-single-variable","23":"ast-product-tabs-layout-horizontal","24":"ast-qv-on-image","26":"first","27":"instock","28":"shipping-taxable","29":"purchasable","30":"product-type-variable"},"tiered_pricing_type":"fixed","tiered_pricing_fixed_rules":{"5":6.45,"50":6.15,"100":5.65},"tiered_pricing_product_settings":{"layout":"default","base_unit_name":{"singular":null,"plural":null},"default_variation":{}},"tiered_pricing_minimum_quantity":null,"tiered_pricing_roles_data":[],"tiered_pricing_percentage_rules":[],"_links":{"self":[{"href":"https:\/\/yume-silm.com\/es\/wp-json\/wp\/v2\/product\/2741","targetHints":{"allow":["GET"]}}],"collection":[{"href":"https:\/\/yume-silm.com\/es\/wp-json\/wp\/v2\/product"}],"about":[{"href":"https:\/\/yume-silm.com\/es\/wp-json\/wp\/v2\/types\/product"}],"replies":[{"embeddable":true,"href":"https:\/\/yume-silm.com\/es\/wp-json\/wp\/v2\/comments?post=2741"}],"wp:featuredmedia":[{"embeddable":true,"href":"https:\/\/yume-silm.com\/es\/wp-json\/wp\/v2\/media\/2743"}],"wp:attachment":[{"href":"https:\/\/yume-silm.com\/es\/wp-json\/wp\/v2\/media?parent=2741"}],"wp:term":[{"taxonomy":"product_brand","embeddable":true,"href":"https:\/\/yume-silm.com\/es\/wp-json\/wp\/v2\/product_brand?post=2741"},{"taxonomy":"product_cat","embeddable":true,"href":"https:\/\/yume-silm.com\/es\/wp-json\/wp\/v2\/product_cat?post=2741"},{"taxonomy":"product_tag","embeddable":true,"href":"https:\/\/yume-silm.com\/es\/wp-json\/wp\/v2\/product_tag?post=2741"}],"curies":[{"name":"wp","href":"https:\/\/api.w.org\/{rel}","templated":true}]}}