{"id":2753,"date":"2023-05-13T10:25:44","date_gmt":"2023-05-13T10:25:44","guid":{"rendered":"https:\/\/yume-silm.com\/?post_type=product&#038;p=2753"},"modified":"2024-11-08T08:47:45","modified_gmt":"2024-11-08T08:47:45","slug":"lace-butt-lifter-2-in-1-bandage-wrap-waist-trainer-women","status":"publish","type":"product","link":"https:\/\/yume-silm.com\/es\/producto-2\/lace-butt-lifter-2-in-1-bandage-wrap-waist-trainer-women\/","title":{"rendered":"Levantador de gl\u00fateos de encaje para mujer al por mayor: Entrenador de cintura con vendaje 2 en 1"},"content":{"rendered":"<h5>Caracteristicas de dise\u00f1o<\/h5>\n<ul>\n<li><strong>MEJORAR LA POSTURA:<\/strong> El entrenador de cintura alta de talla grande ayuda a entrenar la coordinaci\u00f3n de los m\u00fasculos de la espalda baja, mejorar la postura corporal y aliviar el dolor de espalda.<\/li>\n<li><strong>LEVANTAMIENTO DE Gl\u00fateos:<\/strong> Utilice este entrenador de cintura con vendaje 2 en 1 para un entrenamiento espec\u00edfico que moldee una hermosa cintura y realce las curvas naturales del cuerpo.<\/li>\n<li><strong>DISE\u00d1O DE ENCAJE Y MALLA:<\/strong> El entrenador de cintura envolvente Fajas combina estilo y funcionalidad, el dise\u00f1o de encaje a\u00f1ade un toque de elegancia al tiempo que garantiza transpirabilidad.<\/li>\n<li><strong>CALIDAD PREMIUM:<\/strong> El entrenador de cintura de neopreno 2 en 1 con vendaje acoplable est\u00e1 hecho de una mezcla de spandex y poli\u00e9ster para garantizar durabilidad, flexibilidad y comodidad durante el uso.<\/li>\n<li><strong>COMODIDAD PERSONALIZABLE:<\/strong> El dise\u00f1o de bot\u00f3n envolvente permite ajustes durante el uso diario, y este dise\u00f1o del pantal\u00f3n corto moldeador de cintura delgada garantiza un ajuste c\u00f3modo.<\/li>\n<\/ul>\n<h6><em>Pantalones cortos moldeadores de control de barriga transpirables con entrenador de cintura de gran tama\u00f1o\u00a0<\/em><\/h6>\n<ul>\n<li>Nuestro entrenador de cintura envolvente 2 en 1 con encaje para mujer es una combinaci\u00f3n armoniosa de estilo, comodidad y funcionalidad.<\/li>\n<li>Para los mayoristas que buscan ofrecer productos de primer nivel que resuenen con las \u00faltimas tendencias, este entrenador de cintura es indispensable.<\/li>\n<li>Con opciones de personalizaci\u00f3n, una variedad de tama\u00f1os y la promesa de entrega r\u00e1pida, es una valiosa adici\u00f3n a su inventario.<\/li>\n<li>Sum\u00e9rgete en el mundo del comercio mayorista con esta pieza destacada. \u00a1Ordenar hoy!<\/li>\n<\/ul>","protected":false},"excerpt":{"rendered":"<p>Dise\u00f1ado con una mezcla de spandex y poli\u00e9ster, este entrenador de cintura envolvente 2 en 1 ofrece la doble funci\u00f3n de realzar los gl\u00fateos y ce\u00f1ir la cintura, al mismo tiempo que garantiza transpirabilidad y comodidad.<\/p>","protected":false},"featured_media":2765,"comment_status":"open","ping_status":"closed","template":"","meta":{"site-sidebar-layout":"default","site-content-layout":"default","ast-site-content-layout":"default","site-content-style":"default","site-sidebar-style":"default","ast-global-header-display":"","ast-banner-title-visibility":"","ast-main-header-display":"","ast-hfb-above-header-display":"","ast-hfb-below-header-display":"","ast-hfb-mobile-header-display":"","site-post-title":"","ast-breadcrumbs-content":"","ast-featured-img":"","footer-sml-layout":"","ast-disable-related-posts":"","theme-transparent-header-meta":"default","adv-header-id-meta":"","stick-header-meta":"default","header-above-stick-meta":"","header-main-stick-meta":"","header-below-stick-meta":"","astra-migrate-meta-layouts":"set","ast-page-background-enabled":"default","ast-page-background-meta":{"desktop":{"background-color":"","background-image":"","background-repeat":"repeat","background-position":"center center","background-size":"auto","background-attachment":"scroll","background-type":"","background-media":"","overlay-type":"","overlay-color":"","overlay-opacity":"","overlay-gradient":""},"tablet":{"background-color":"","background-image":"","background-repeat":"repeat","background-position":"center center","background-size":"auto","background-attachment":"scroll","background-type":"","background-media":"","overlay-type":"","overlay-color":"","overlay-opacity":"","overlay-gradient":""},"mobile":{"background-color":"","background-image":"","background-repeat":"repeat","background-position":"center center","background-size":"auto","background-attachment":"scroll","background-type":"","background-media":"","overlay-type":"","overlay-color":"","overlay-opacity":"","overlay-gradient":""}},"ast-content-background-meta":{"desktop":{"background-color":"var(--ast-global-color-5)","background-image":"","background-repeat":"repeat","background-position":"center center","background-size":"auto","background-attachment":"scroll","background-type":"","background-media":"","overlay-type":"","overlay-color":"","overlay-opacity":"","overlay-gradient":""},"tablet":{"background-color":"var(--ast-global-color-5)","background-image":"","background-repeat":"repeat","background-position":"center center","background-size":"auto","background-attachment":"scroll","background-type":"","background-media":"","overlay-type":"","overlay-color":"","overlay-opacity":"","overlay-gradient":""},"mobile":{"background-color":"var(--ast-global-color-5)","background-image":"","background-repeat":"repeat","background-position":"center center","background-size":"auto","background-attachment":"scroll","background-type":"","background-media":"","overlay-type":"","overlay-color":"","overlay-opacity":"","overlay-gradient":""}}},"product_brand":[],"product_cat":[65,76,90,94],"product_tag":[187,141,145,215,154],"class_list":{"0":"post-2753","1":"product","2":"type-product","3":"status-publish","4":"has-post-thumbnail","6":"product_cat-best-sellers","7":"product_cat-new-arrivels","8":"product_cat-wholesale-waist-trainer","9":"product_cat-n-in-1-waist-trainer","10":"product_tag-2-in-1","11":"product_tag-plus-size","12":"product_tag-sexy","13":"product_tag-snatched","14":"product_tag-with-hooks","15":"pa_color-black","16":"pa_size-4xl","17":"pa_size-5xl","18":"pa_size-6xl","19":"pa_size-l","20":"pa_size-m","21":"pa_size-s","22":"pa_size-xl","23":"pa_size-xxl","24":"pa_size-xxxl","25":"desktop-align-center","26":"tablet-align-left","27":"mobile-align-left","28":"ast-product-gallery-layout-horizontal-slider","29":"ast-product-single-variable","30":"ast-product-tabs-layout-horizontal","31":"ast-qv-on-image","33":"first","34":"instock","35":"shipping-taxable","36":"purchasable","37":"product-type-variable"},"tiered_pricing_type":"fixed","tiered_pricing_fixed_rules":{"5":11.5,"50":11.09,"100":10.25},"tiered_pricing_product_settings":{"layout":"default","base_unit_name":{"singular":null,"plural":null},"default_variation":{}},"tiered_pricing_minimum_quantity":null,"tiered_pricing_roles_data":[],"tiered_pricing_percentage_rules":[],"_links":{"self":[{"href":"https:\/\/yume-silm.com\/es\/wp-json\/wp\/v2\/product\/2753","targetHints":{"allow":["GET"]}}],"collection":[{"href":"https:\/\/yume-silm.com\/es\/wp-json\/wp\/v2\/product"}],"about":[{"href":"https:\/\/yume-silm.com\/es\/wp-json\/wp\/v2\/types\/product"}],"replies":[{"embeddable":true,"href":"https:\/\/yume-silm.com\/es\/wp-json\/wp\/v2\/comments?post=2753"}],"wp:featuredmedia":[{"embeddable":true,"href":"https:\/\/yume-silm.com\/es\/wp-json\/wp\/v2\/media\/2765"}],"wp:attachment":[{"href":"https:\/\/yume-silm.com\/es\/wp-json\/wp\/v2\/media?parent=2753"}],"wp:term":[{"taxonomy":"product_brand","embeddable":true,"href":"https:\/\/yume-silm.com\/es\/wp-json\/wp\/v2\/product_brand?post=2753"},{"taxonomy":"product_cat","embeddable":true,"href":"https:\/\/yume-silm.com\/es\/wp-json\/wp\/v2\/product_cat?post=2753"},{"taxonomy":"product_tag","embeddable":true,"href":"https:\/\/yume-silm.com\/es\/wp-json\/wp\/v2\/product_tag?post=2753"}],"curies":[{"name":"wp","href":"https:\/\/api.w.org\/{rel}","templated":true}]}}