{"id":2778,"date":"2023-05-15T02:46:04","date_gmt":"2023-05-15T02:46:04","guid":{"rendered":"https:\/\/yume-silm.com\/?post_type=product&#038;p=2778"},"modified":"2024-05-11T03:48:38","modified_gmt":"2024-05-11T03:48:38","slug":"faja-25-cinturon-cenidor-de-acero-cinturon-cintura-latex-cinturon-cintura","status":"publish","type":"product","link":"https:\/\/yume-silm.com\/es\/producto-2\/faja-25-cinturon-cenidor-de-acero-cinturon-cintura-latex-cinturon-cintura\/","title":{"rendered":"Faja De Entrenador De Cintura De L\u00e1tex Al Por Mayor: 25 Con Huesos De Acero"},"content":{"rendered":"<h5>Caracteristicas de dise\u00f1o<\/h5>\n<ul>\n<li><strong>L\u00c1TEX ALTAMENTE FLEXIBLE:<\/strong> Este cintur\u00f3n de entrenamiento de cintura de l\u00e1tex est\u00e1 hecho de l\u00e1tex de alta calidad para una elasticidad y compresibilidad \u00f3ptimas, adelgazando instant\u00e1neamente su cintura entre 7 y 12 cm.<\/li>\n<li><strong>SOPORTE SUPERIOR:<\/strong> El excelente control de compresi\u00f3n de 25 huesos de acero proporciona un soporte inigualable para la zona lumbar. Deje que este cintur\u00f3n ce\u00f1idor satisfaga las necesidades de su figura con curvas. El cintur\u00f3n ce\u00f1idor de cintura de talla grande tambi\u00e9n ayuda a mejorar la postura y aliviar el dolor lumbar causado por un estilo de vida sedentario.<\/li>\n<li><strong>COMODIDAD AJUSTABLE:<\/strong> Nuestros cinturones deportivos de cintura sudorosa est\u00e1n dise\u00f1ados con una innovadora hebilla de acero para garantizar un ajuste c\u00f3modo y se pueden ajustar libremente para una comodidad \u00f3ptima. El material de l\u00e1tex del entrenador de cintura para hombres y mujeres alivia un poco las molestias del ajuste instant\u00e1neo.<\/li>\n<li><strong>DURADERO Y RESISTENTE AL DESGASTE:<\/strong> Nuestros cinturones de entrenamiento de cintura est\u00e1n hechos de caucho de muy buena calidad, que se puede usar muchas veces para una vida \u00fatil larga y resistente al desgaste.<\/li>\n<li><strong>FIGURA DE RELOJ DE ARENA:<\/strong> El cintur\u00f3n de entrenamiento de cintura de l\u00e1tex ayuda a crear una figura perfecta con curvas en solo unos segundos. Ideal para lograr resultados de p\u00e9rdida de peso, fitness y culturismo mediante el ejercicio y una alimentaci\u00f3n sensata.<\/li>\n<\/ul>\n<h6><em>Entrenador de cintura de l\u00e1tex con cintur\u00f3n de sudor de talla grande<\/em><\/h6>\n<ul>\n<li>Nuestro cintur\u00f3n faja 25 con huesos de acero para cintura y vientre, cintur\u00f3n de entrenamiento de cintura de l\u00e1tex, es una combinaci\u00f3n armoniosa de estilo, comodidad y funcionalidad. Para los mayoristas que buscan ofrecer productos de primer nivel que resuenen con las \u00faltimas tendencias, esta faja es imprescindible.<\/li>\n<li>Con opciones de personalizaci\u00f3n, una variedad de tama\u00f1os y la promesa de una entrega r\u00e1pida, las zapatillas deportivas de cintura son una valiosa adici\u00f3n a su inventario. Sum\u00e9rgete en el mundo del comercio mayorista con esta pieza destacada. \u00a1Ordenar hoy!<\/li>\n<\/ul>","protected":false},"excerpt":{"rendered":"<p>Descubra el poder transformador de nuestro cintur\u00f3n de entrenamiento de cintura de l\u00e1tex, dise\u00f1ado para mujeres que buscan una figura con curvas. Con 25 huesos de acero, esta faja ofrece un soporte incomparable, reduciendo instant\u00e1neamente la cintura y garantizando comodidad.<\/p>","protected":false},"featured_media":2783,"comment_status":"open","ping_status":"closed","template":"","meta":{"site-sidebar-layout":"default","site-content-layout":"default","ast-site-content-layout":"default","site-content-style":"default","site-sidebar-style":"default","ast-global-header-display":"","ast-banner-title-visibility":"","ast-main-header-display":"","ast-hfb-above-header-display":"","ast-hfb-below-header-display":"","ast-hfb-mobile-header-display":"","site-post-title":"","ast-breadcrumbs-content":"","ast-featured-img":"","footer-sml-layout":"","ast-disable-related-posts":"","theme-transparent-header-meta":"default","adv-header-id-meta":"","stick-header-meta":"default","header-above-stick-meta":"","header-main-stick-meta":"","header-below-stick-meta":"","astra-migrate-meta-layouts":"set","ast-page-background-enabled":"default","ast-page-background-meta":{"desktop":{"background-color":"","background-image":"","background-repeat":"repeat","background-position":"center center","background-size":"auto","background-attachment":"scroll","background-type":"","background-media":"","overlay-type":"","overlay-color":"","overlay-opacity":"","overlay-gradient":""},"tablet":{"background-color":"","background-image":"","background-repeat":"repeat","background-position":"center center","background-size":"auto","background-attachment":"scroll","background-type":"","background-media":"","overlay-type":"","overlay-color":"","overlay-opacity":"","overlay-gradient":""},"mobile":{"background-color":"","background-image":"","background-repeat":"repeat","background-position":"center center","background-size":"auto","background-attachment":"scroll","background-type":"","background-media":"","overlay-type":"","overlay-color":"","overlay-opacity":"","overlay-gradient":""}},"ast-content-background-meta":{"desktop":{"background-color":"var(--ast-global-color-5)","background-image":"","background-repeat":"repeat","background-position":"center center","background-size":"auto","background-attachment":"scroll","background-type":"","background-media":"","overlay-type":"","overlay-color":"","overlay-opacity":"","overlay-gradient":""},"tablet":{"background-color":"var(--ast-global-color-5)","background-image":"","background-repeat":"repeat","background-position":"center center","background-size":"auto","background-attachment":"scroll","background-type":"","background-media":"","overlay-type":"","overlay-color":"","overlay-opacity":"","overlay-gradient":""},"mobile":{"background-color":"var(--ast-global-color-5)","background-image":"","background-repeat":"repeat","background-position":"center center","background-size":"auto","background-attachment":"scroll","background-type":"","background-media":"","overlay-type":"","overlay-color":"","overlay-opacity":"","overlay-gradient":""}}},"product_brand":[],"product_cat":[65,76,90,93,96,92],"product_tag":[194,153,198,200,154],"class_list":{"0":"post-2778","1":"product","2":"type-product","3":"status-publish","4":"has-post-thumbnail","6":"product_cat-best-sellers","7":"product_cat-new-arrivels","8":"product_cat-wholesale-waist-trainer","9":"product_cat-wholesale-plus-size-waist-trainer","10":"product_cat-sweat-waist-trainer","11":"product_cat-wholesale-waist-girdle","12":"product_tag-adjustable","13":"product_tag-boned","14":"product_tag-hourglass","15":"product_tag-latex","16":"product_tag-with-hooks","17":"pa_color-beige","18":"pa_color-black","19":"pa_size-4xl","20":"pa_size-5xl","21":"pa_size-6xl","22":"pa_size-l","23":"pa_size-m","24":"pa_size-s","25":"pa_size-xl","26":"pa_size-xxl","27":"pa_size-xxxl","28":"desktop-align-center","29":"tablet-align-left","30":"mobile-align-left","31":"ast-product-gallery-layout-horizontal-slider","32":"ast-product-single-variable","33":"ast-product-tabs-layout-horizontal","34":"ast-qv-on-image","36":"first","37":"instock","38":"shipping-taxable","39":"purchasable","40":"product-type-variable"},"tiered_pricing_type":"fixed","tiered_pricing_fixed_rules":{"5":8.8,"50":8.47,"100":8.13},"tiered_pricing_product_settings":{"layout":"default","base_unit_name":{"singular":null,"plural":null},"default_variation":{}},"tiered_pricing_minimum_quantity":null,"tiered_pricing_roles_data":[],"tiered_pricing_percentage_rules":[],"_links":{"self":[{"href":"https:\/\/yume-silm.com\/es\/wp-json\/wp\/v2\/product\/2778","targetHints":{"allow":["GET"]}}],"collection":[{"href":"https:\/\/yume-silm.com\/es\/wp-json\/wp\/v2\/product"}],"about":[{"href":"https:\/\/yume-silm.com\/es\/wp-json\/wp\/v2\/types\/product"}],"replies":[{"embeddable":true,"href":"https:\/\/yume-silm.com\/es\/wp-json\/wp\/v2\/comments?post=2778"}],"wp:featuredmedia":[{"embeddable":true,"href":"https:\/\/yume-silm.com\/es\/wp-json\/wp\/v2\/media\/2783"}],"wp:attachment":[{"href":"https:\/\/yume-silm.com\/es\/wp-json\/wp\/v2\/media?parent=2778"}],"wp:term":[{"taxonomy":"product_brand","embeddable":true,"href":"https:\/\/yume-silm.com\/es\/wp-json\/wp\/v2\/product_brand?post=2778"},{"taxonomy":"product_cat","embeddable":true,"href":"https:\/\/yume-silm.com\/es\/wp-json\/wp\/v2\/product_cat?post=2778"},{"taxonomy":"product_tag","embeddable":true,"href":"https:\/\/yume-silm.com\/es\/wp-json\/wp\/v2\/product_tag?post=2778"}],"curies":[{"name":"wp","href":"https:\/\/api.w.org\/{rel}","templated":true}]}}