{"id":2803,"date":"2023-05-15T03:32:50","date_gmt":"2023-05-15T03:32:50","guid":{"rendered":"https:\/\/yume-silm.com\/?post_type=product&#038;p=2803"},"modified":"2025-05-26T00:36:48","modified_gmt":"2025-05-26T00:36:48","slug":"faja-reductora-cremallera-cinturon-ventral","status":"publish","type":"product","link":"https:\/\/yume-silm.com\/es\/producto-2\/faja-reductora-cremallera-cinturon-ventral\/","title":{"rendered":"Venta al por mayor Cintur\u00f3n y cremallera del entrenador de cintura"},"content":{"rendered":"<ul>\n<li>Engrosamiento de doble capa: el mejor entrenador de cintura para mujeres, dise\u00f1ado con una doble capa para un mayor soporte y compresi\u00f3n, este cintur\u00f3n de entrenamiento de cintura y cremallera dan forma efectiva a la curva de su cuerpo.<\/li>\n<li>Uso c\u00f3modo: el entrenador de cintura Faja est\u00e1 confeccionado con materiales de poli\u00e9ster y spandex suaves y c\u00f3modos, se adapta a las curvas de su cuerpo y proporciona un ajuste c\u00f3modo.<\/li>\n<li>Dise\u00f1o elegante: los entrenamientos con estampado de leopardo a\u00f1aden un toque de moda, permiti\u00e9ndote usarlo como ropa interior o como accesorio elegante con varios atuendos.<\/li>\n<li>Transpirabilidad mejorada: el material transpirable de la faja entrenadora de cintura garantiza que se mantenga c\u00f3modo, incluso durante el uso prolongado.<\/li>\n<li>Ajuste ajustable: entrenador de cintura para mujer con su alta plasticidad, puede ajustar el entrenador de cintura a su tensi\u00f3n preferida, asegurando el mejor ajuste y efecto moldeador.<\/li>\n<\/ul>\n<p>Nuestro entrenador de cintura deportiva para mujer es una combinaci\u00f3n perfecta de estilo, comodidad y funcionalidad. Ideal para mayoristas que buscan ofrecer productos de primer nivel acordes con las tendencias actuales, este cintur\u00f3n de entrenamiento con cremallera es imprescindible. Con opciones de personalizaci\u00f3n, una variedad de tama\u00f1os y la promesa de entrega r\u00e1pida, es una valiosa adici\u00f3n a su inventario. Sum\u00e9rgete en el mundo del comercio mayorista con esta pieza destacada. \u00a1Ordenar hoy!<\/p>","protected":false},"excerpt":{"rendered":"<p>Revoluciona tu rutina de ejercicios con nuestro cintur\u00f3n deportivo y cremallera para mujer. Este cintur\u00f3n moldeador para entrenadores de cintura al por mayor cuenta con un cierre de cremallera para facilitar su uso, lo que proporciona un ajuste c\u00f3modo que realza sus curvas naturales al mismo tiempo que promueve el sudor para obtener resultados \u00f3ptimos.<\/p>","protected":false},"featured_media":2805,"comment_status":"open","ping_status":"closed","template":"","meta":{"site-sidebar-layout":"default","site-content-layout":"default","ast-site-content-layout":"default","site-content-style":"default","site-sidebar-style":"default","ast-global-header-display":"","ast-banner-title-visibility":"","ast-main-header-display":"","ast-hfb-above-header-display":"","ast-hfb-below-header-display":"","ast-hfb-mobile-header-display":"","site-post-title":"","ast-breadcrumbs-content":"","ast-featured-img":"","footer-sml-layout":"","ast-disable-related-posts":"","theme-transparent-header-meta":"default","adv-header-id-meta":"","stick-header-meta":"default","header-above-stick-meta":"","header-main-stick-meta":"","header-below-stick-meta":"","astra-migrate-meta-layouts":"set","ast-page-background-enabled":"default","ast-page-background-meta":{"desktop":{"background-color":"","background-image":"","background-repeat":"repeat","background-position":"center center","background-size":"auto","background-attachment":"scroll","background-type":"","background-media":"","overlay-type":"","overlay-color":"","overlay-opacity":"","overlay-gradient":""},"tablet":{"background-color":"","background-image":"","background-repeat":"repeat","background-position":"center center","background-size":"auto","background-attachment":"scroll","background-type":"","background-media":"","overlay-type":"","overlay-color":"","overlay-opacity":"","overlay-gradient":""},"mobile":{"background-color":"","background-image":"","background-repeat":"repeat","background-position":"center center","background-size":"auto","background-attachment":"scroll","background-type":"","background-media":"","overlay-type":"","overlay-color":"","overlay-opacity":"","overlay-gradient":""}},"ast-content-background-meta":{"desktop":{"background-color":"var(--ast-global-color-5)","background-image":"","background-repeat":"repeat","background-position":"center center","background-size":"auto","background-attachment":"scroll","background-type":"","background-media":"","overlay-type":"","overlay-color":"","overlay-opacity":"","overlay-gradient":""},"tablet":{"background-color":"var(--ast-global-color-5)","background-image":"","background-repeat":"repeat","background-position":"center center","background-size":"auto","background-attachment":"scroll","background-type":"","background-media":"","overlay-type":"","overlay-color":"","overlay-opacity":"","overlay-gradient":""},"mobile":{"background-color":"var(--ast-global-color-5)","background-image":"","background-repeat":"repeat","background-position":"center center","background-size":"auto","background-attachment":"scroll","background-type":"","background-media":"","overlay-type":"","overlay-color":"","overlay-opacity":"","overlay-gradient":""}}},"product_brand":[],"product_cat":[65,76,90,92],"product_tag":[194,151,198,215,184],"class_list":{"0":"post-2803","1":"product","2":"type-product","3":"status-publish","4":"has-post-thumbnail","6":"product_cat-best-sellers","7":"product_cat-new-arrivels","8":"product_cat-wholesale-waist-trainer","9":"product_cat-wholesale-waist-girdle","10":"product_tag-adjustable","11":"product_tag-double-compression","12":"product_tag-hourglass","13":"product_tag-snatched","14":"product_tag-zipper","15":"pa_color-red","16":"pa_color-yellow","17":"pa_size-l","18":"pa_size-m","19":"pa_size-s","20":"pa_size-xl","21":"pa_size-xxl","22":"pa_size-xxxl","23":"desktop-align-center","24":"tablet-align-left","25":"mobile-align-left","26":"ast-product-gallery-layout-horizontal-slider","27":"ast-product-single-variable","28":"ast-product-tabs-layout-horizontal","29":"ast-qv-on-image","31":"first","32":"instock","33":"shipping-taxable","34":"purchasable","35":"product-type-variable"},"tiered_pricing_type":"fixed","tiered_pricing_fixed_rules":{"20":5.5,"200":5.1,"500":4.8},"tiered_pricing_product_settings":{"layout":"default","base_unit_name":{"singular":null,"plural":null},"default_variation":{}},"tiered_pricing_minimum_quantity":null,"tiered_pricing_roles_data":[],"tiered_pricing_percentage_rules":[],"_links":{"self":[{"href":"https:\/\/yume-silm.com\/es\/wp-json\/wp\/v2\/product\/2803","targetHints":{"allow":["GET"]}}],"collection":[{"href":"https:\/\/yume-silm.com\/es\/wp-json\/wp\/v2\/product"}],"about":[{"href":"https:\/\/yume-silm.com\/es\/wp-json\/wp\/v2\/types\/product"}],"replies":[{"embeddable":true,"href":"https:\/\/yume-silm.com\/es\/wp-json\/wp\/v2\/comments?post=2803"}],"wp:featuredmedia":[{"embeddable":true,"href":"https:\/\/yume-silm.com\/es\/wp-json\/wp\/v2\/media\/2805"}],"wp:attachment":[{"href":"https:\/\/yume-silm.com\/es\/wp-json\/wp\/v2\/media?parent=2803"}],"wp:term":[{"taxonomy":"product_brand","embeddable":true,"href":"https:\/\/yume-silm.com\/es\/wp-json\/wp\/v2\/product_brand?post=2803"},{"taxonomy":"product_cat","embeddable":true,"href":"https:\/\/yume-silm.com\/es\/wp-json\/wp\/v2\/product_cat?post=2803"},{"taxonomy":"product_tag","embeddable":true,"href":"https:\/\/yume-silm.com\/es\/wp-json\/wp\/v2\/product_tag?post=2803"}],"curies":[{"name":"wp","href":"https:\/\/api.w.org\/{rel}","templated":true}]}}