{"id":2846,"date":"2023-05-15T07:05:17","date_gmt":"2023-05-15T07:05:17","guid":{"rendered":"https:\/\/yume-silm.com\/?post_type=product&#038;p=2846"},"modified":"2025-09-23T01:28:47","modified_gmt":"2025-09-23T01:28:47","slug":"faja-deslizante-con-sujetador-control-de-vientre","status":"publish","type":"product","link":"https:\/\/yume-silm.com\/es\/producto-2\/faja-deslizante-con-sujetador-control-de-vientre\/","title":{"rendered":"Vestido moldeador sin costuras al por mayor con sujetador incorporado para mujer"},"content":{"rendered":"<p>Caracteristicas de dise\u00f1o<\/p>\n<ul>\n<li><strong>DISE\u00d1O INCONS\u00daTIL:<\/strong> Nuestro sujetador tipo vestido est\u00e1 confeccionado con un tejido de malla transpirable recientemente mejorado que garantiza una apariencia suave e invisible debajo de la ropa.<\/li>\n<li><strong>SUJETADOR INTEGRADO:<\/strong> El anillo de acero de apoyo superior de la enagua del vestido moldeador de abdomen para mujer tira y recoge eficazmente los senos para mejorar su forma natural.<\/li>\n<li><strong>CORREAS AJUSTABLES:<\/strong> La combinaci\u00f3n completa de ropa interior para mujer est\u00e1 dise\u00f1ada para adaptarse a tu cuerpo mediante correas f\u00e1cilmente ajustables para garantizar la m\u00e1xima comodidad.<\/li>\n<li><strong>DESGASTE VERS\u00c1TIL:<\/strong> Nuestros vestidos moldeadores incorporados son perfectos para cualquier ocasi\u00f3n, desde vestidos casuales hasta vestidos formales, e incluso para uso diario o nocturno.<\/li>\n<li><strong>FORMA COMPLETA:<\/strong> Un vestido moldeador sin costuras con sujetador incorporado para mujer proporciona control de la barriga, soporte para la espalda y una silueta adelgazante, y esta enagua es tu opci\u00f3n ideal para aumentar tu confianza.<\/li>\n<\/ul>\n<h6>Vestido moldeador de cuerpo completo con control de barriga para uso diario para mujer<\/h6>\n<ul>\n<li>Nuestro vestido moldeador sin costuras con sujetador incorporado para mujer es imprescindible para cualquier mujer que busque una combinaci\u00f3n de estilo, comodidad y funcionalidad.<\/li>\n<li>Ideal para mayoristas que buscan ofrecer moldeadores abdominales de primer nivel, esta combinaci\u00f3n garantiza una apariencia impecable debajo de cualquier atuendo.<\/li>\n<li>Con una variedad de tama\u00f1os, opciones personalizables y entrega r\u00e1pida, es una valiosa adici\u00f3n a su inventario.<\/li>\n<li>Sum\u00e9rgete en el mundo del comercio mayorista con esta pieza destacada. \u00a1Ordenar hoy!<\/li>\n<\/ul>","protected":false},"excerpt":{"rendered":"<p>Abrace la elegancia y la comodidad con nuestro vestido moldeador sin costuras con sujetador incorporado para mujer, que cuenta con un sujetador incorporado para brindar soporte sin costuras. Confeccionada con tela de malla transpirable, esta combinaci\u00f3n brinda control de la barriga, soporte para la espalda y realza sus curvas naturales, asegurando una apariencia impecable debajo de cualquier atuendo.<\/p>","protected":false},"featured_media":2862,"comment_status":"open","ping_status":"closed","template":"","meta":{"site-sidebar-layout":"default","site-content-layout":"default","ast-site-content-layout":"default","site-content-style":"default","site-sidebar-style":"default","ast-global-header-display":"","ast-banner-title-visibility":"","ast-main-header-display":"","ast-hfb-above-header-display":"","ast-hfb-below-header-display":"","ast-hfb-mobile-header-display":"","site-post-title":"","ast-breadcrumbs-content":"","ast-featured-img":"","footer-sml-layout":"","ast-disable-related-posts":"","theme-transparent-header-meta":"default","adv-header-id-meta":"","stick-header-meta":"default","header-above-stick-meta":"","header-main-stick-meta":"","header-below-stick-meta":"","astra-migrate-meta-layouts":"set","ast-page-background-enabled":"default","ast-page-background-meta":{"desktop":{"background-color":"","background-image":"","background-repeat":"repeat","background-position":"center center","background-size":"auto","background-attachment":"scroll","background-type":"","background-media":"","overlay-type":"","overlay-color":"","overlay-opacity":"","overlay-gradient":""},"tablet":{"background-color":"","background-image":"","background-repeat":"repeat","background-position":"center center","background-size":"auto","background-attachment":"scroll","background-type":"","background-media":"","overlay-type":"","overlay-color":"","overlay-opacity":"","overlay-gradient":""},"mobile":{"background-color":"","background-image":"","background-repeat":"repeat","background-position":"center center","background-size":"auto","background-attachment":"scroll","background-type":"","background-media":"","overlay-type":"","overlay-color":"","overlay-opacity":"","overlay-gradient":""}},"ast-content-background-meta":{"desktop":{"background-color":"var(--ast-global-color-5)","background-image":"","background-repeat":"repeat","background-position":"center center","background-size":"auto","background-attachment":"scroll","background-type":"","background-media":"","overlay-type":"","overlay-color":"","overlay-opacity":"","overlay-gradient":""},"tablet":{"background-color":"var(--ast-global-color-5)","background-image":"","background-repeat":"repeat","background-position":"center center","background-size":"auto","background-attachment":"scroll","background-type":"","background-media":"","overlay-type":"","overlay-color":"","overlay-opacity":"","overlay-gradient":""},"mobile":{"background-color":"var(--ast-global-color-5)","background-image":"","background-repeat":"repeat","background-position":"center center","background-size":"auto","background-attachment":"scroll","background-type":"","background-media":"","overlay-type":"","overlay-color":"","overlay-opacity":"","overlay-gradient":""}}},"product_brand":[],"product_cat":[65,76,77,79,78],"product_tag":[194,136,640,144],"class_list":{"0":"post-2846","1":"product","2":"type-product","3":"status-publish","4":"has-post-thumbnail","6":"product_cat-best-sellers","7":"product_cat-new-arrivels","8":"product_cat-wholesale-womens-shapewear","9":"product_cat-wholesale-seemless-shaperwear","10":"product_cat-wholesale-full-body-shaper","11":"product_tag-adjustable","12":"product_tag-bridal","13":"product_tag-shapewear-dress","14":"product_tag-slip","15":"pa_color-beige","16":"pa_color-black","17":"pa_size-l","18":"pa_size-m","19":"pa_size-s","20":"pa_size-xl","21":"pa_size-xxl","22":"desktop-align-center","23":"tablet-align-left","24":"mobile-align-left","25":"ast-product-gallery-layout-horizontal-slider","26":"ast-product-single-variable","27":"ast-product-tabs-layout-horizontal","28":"ast-qv-on-image","30":"first","31":"instock","32":"shipping-taxable","33":"purchasable","34":"product-type-variable"},"tiered_pricing_type":"fixed","tiered_pricing_fixed_rules":{"5":5.7,"50":5.5,"100":5.15},"tiered_pricing_product_settings":{"layout":"default","base_unit_name":{"singular":null,"plural":null},"default_variation":{}},"tiered_pricing_minimum_quantity":null,"tiered_pricing_roles_data":[],"tiered_pricing_percentage_rules":[],"_links":{"self":[{"href":"https:\/\/yume-silm.com\/es\/wp-json\/wp\/v2\/product\/2846","targetHints":{"allow":["GET"]}}],"collection":[{"href":"https:\/\/yume-silm.com\/es\/wp-json\/wp\/v2\/product"}],"about":[{"href":"https:\/\/yume-silm.com\/es\/wp-json\/wp\/v2\/types\/product"}],"replies":[{"embeddable":true,"href":"https:\/\/yume-silm.com\/es\/wp-json\/wp\/v2\/comments?post=2846"}],"wp:featuredmedia":[{"embeddable":true,"href":"https:\/\/yume-silm.com\/es\/wp-json\/wp\/v2\/media\/2862"}],"wp:attachment":[{"href":"https:\/\/yume-silm.com\/es\/wp-json\/wp\/v2\/media?parent=2846"}],"wp:term":[{"taxonomy":"product_brand","embeddable":true,"href":"https:\/\/yume-silm.com\/es\/wp-json\/wp\/v2\/product_brand?post=2846"},{"taxonomy":"product_cat","embeddable":true,"href":"https:\/\/yume-silm.com\/es\/wp-json\/wp\/v2\/product_cat?post=2846"},{"taxonomy":"product_tag","embeddable":true,"href":"https:\/\/yume-silm.com\/es\/wp-json\/wp\/v2\/product_tag?post=2846"}],"curies":[{"name":"wp","href":"https:\/\/api.w.org\/{rel}","templated":true}]}}