{"id":2869,"date":"2023-05-16T02:28:15","date_gmt":"2023-05-16T02:28:15","guid":{"rendered":"https:\/\/yume-silm.com\/?post_type=product&#038;p=2869"},"modified":"2024-06-17T09:06:54","modified_gmt":"2024-06-17T09:06:54","slug":"camiseta-pantalon-sin-costura-control-de-barriga-para-hombre","status":"publish","type":"product","link":"https:\/\/yume-silm.com\/es\/producto-2\/camiseta-pantalon-sin-costura-control-de-barriga-para-hombre\/","title":{"rendered":"Venta al por mayor Camisa moldeadora de cuerpo para hombres: Camiseta interior m\u00e1s delgada con control de barriga"},"content":{"rendered":"<h5>Caracteristicas de dise\u00f1o<\/h5>\n<ul>\n<li><strong>MATERIALES DE CALIDAD PREMIUM:<\/strong> Nuestras camisetas interiores adelgazantes para hombre est\u00e1n hechas de una mezcla de nailon y spandex, son suaves, transpirables y el\u00e1sticas.<\/li>\n<li><strong>EXCELENTE DISE\u00d1O:<\/strong> El chaleco moldeador de cuerpo sin mangas hace que tu pecho y cintura luzcan suaves y mejora la forma general de tu cuerpo.<\/li>\n<li><strong>COMPRESI\u00d3N ABDOMINAL:<\/strong> La camiseta de compresi\u00f3n moldeadora de cuerpo para hombre aprieta eficazmente la cintura, el abdomen y el pecho para ajustar su silueta general.<\/li>\n<li><strong>C\u00d3MODO:<\/strong> Nuestra camiseta sin mangas moldeadora de cuerpo para hombre te permite usarla todo el d\u00eda sin ninguna molestia, creando curvas seguras y atractivas.<\/li>\n<li><strong>M\u00daLTIPLES COLORES A ELEGIR:<\/strong> La camiseta sin mangas de compresi\u00f3n para ropa interior con control de barriga est\u00e1 disponible en una amplia gama de colores, la camiseta moldeadora de cuerpo para hombre le brinda m\u00e1s opciones para su uso diario.<\/li>\n<\/ul>\n<h6><em>Camiseta sin mangas moldeadora para hombre, camiseta interior adelgazante<\/em><\/h6>\n<ul>\n<li>Nuestra camiseta moldeadora de cuerpo para hombre es una combinaci\u00f3n de estilo, comodidad y funcionalidad.<\/li>\n<li>Para los mayoristas que buscan ofrecer productos de primer nivel que resuenan con las \u00faltimas tendencias, esta camiseta moldeadora adelgazante es imprescindible.<\/li>\n<li>Con opciones de personalizaci\u00f3n, una variedad de tama\u00f1os y la promesa de entrega r\u00e1pida, es una valiosa adici\u00f3n a su inventario.<\/li>\n<li>Sum\u00e9rgete en el mundo del comercio mayorista con esta pieza destacada. \u00a1Ordenar hoy!<\/li>\n<\/ul>","protected":false},"excerpt":{"rendered":"<p>Aumente su confianza con nuestra camiseta moldeadora de cuerpo para hombre. Esta camiseta interior m\u00e1s delgada, dise\u00f1ada con una funci\u00f3n de control de barriga, garantiza una silueta elegante debajo de cualquier atuendo. Confeccionado con una mezcla de nailon y spandex, ofrece comodidad y un ajuste ce\u00f1ido.<\/p>","protected":false},"featured_media":2875,"comment_status":"open","ping_status":"closed","template":"","meta":{"site-sidebar-layout":"default","site-content-layout":"default","ast-site-content-layout":"default","site-content-style":"default","site-sidebar-style":"default","ast-global-header-display":"","ast-banner-title-visibility":"","ast-main-header-display":"","ast-hfb-above-header-display":"","ast-hfb-below-header-display":"","ast-hfb-mobile-header-display":"","site-post-title":"","ast-breadcrumbs-content":"","ast-featured-img":"","footer-sml-layout":"","ast-disable-related-posts":"","theme-transparent-header-meta":"default","adv-header-id-meta":"","stick-header-meta":"default","header-above-stick-meta":"","header-main-stick-meta":"","header-below-stick-meta":"","astra-migrate-meta-layouts":"set","ast-page-background-enabled":"default","ast-page-background-meta":{"desktop":{"background-color":"","background-image":"","background-repeat":"repeat","background-position":"center center","background-size":"auto","background-attachment":"scroll","background-type":"","background-media":"","overlay-type":"","overlay-color":"","overlay-opacity":"","overlay-gradient":""},"tablet":{"background-color":"","background-image":"","background-repeat":"repeat","background-position":"center center","background-size":"auto","background-attachment":"scroll","background-type":"","background-media":"","overlay-type":"","overlay-color":"","overlay-opacity":"","overlay-gradient":""},"mobile":{"background-color":"","background-image":"","background-repeat":"repeat","background-position":"center center","background-size":"auto","background-attachment":"scroll","background-type":"","background-media":"","overlay-type":"","overlay-color":"","overlay-opacity":"","overlay-gradient":""}},"ast-content-background-meta":{"desktop":{"background-color":"var(--ast-global-color-5)","background-image":"","background-repeat":"repeat","background-position":"center center","background-size":"auto","background-attachment":"scroll","background-type":"","background-media":"","overlay-type":"","overlay-color":"","overlay-opacity":"","overlay-gradient":""},"tablet":{"background-color":"var(--ast-global-color-5)","background-image":"","background-repeat":"repeat","background-position":"center center","background-size":"auto","background-attachment":"scroll","background-type":"","background-media":"","overlay-type":"","overlay-color":"","overlay-opacity":"","overlay-gradient":""},"mobile":{"background-color":"var(--ast-global-color-5)","background-image":"","background-repeat":"repeat","background-position":"center center","background-size":"auto","background-attachment":"scroll","background-type":"","background-media":"","overlay-type":"","overlay-color":"","overlay-opacity":"","overlay-gradient":""}}},"product_brand":[],"product_cat":[65,76,85,88],"product_tag":[135,136,148,134,185],"class_list":{"0":"post-2869","1":"product","2":"type-product","3":"status-publish","4":"has-post-thumbnail","6":"product_cat-best-sellers","7":"product_cat-new-arrivels","8":"product_cat-wholesale-mens-shapewear","9":"product_cat-wholesale-men-t-shirt-shaper","10":"product_tag-all-in-one","11":"product_tag-bridal","12":"product_tag-one-piece","13":"product_tag-tummy-tucker","14":"product_tag-workout","15":"pa_color-black","16":"pa_color-blue","17":"pa_color-gray","18":"pa_color-green","19":"pa_color-light-blue","20":"pa_color-orange","21":"pa_color-red","22":"pa_color-white","23":"pa_size-l","24":"pa_size-m","25":"pa_size-xl","26":"pa_size-xxl","27":"desktop-align-center","28":"tablet-align-left","29":"mobile-align-left","30":"ast-product-gallery-layout-horizontal-slider","31":"ast-product-single-variable","32":"ast-product-tabs-layout-horizontal","33":"ast-qv-on-image","35":"first","36":"instock","37":"shipping-taxable","38":"purchasable","39":"product-type-variable"},"tiered_pricing_type":"fixed","tiered_pricing_fixed_rules":{"5":7,"50":6.5,"200":6.3},"tiered_pricing_product_settings":{"layout":"default","base_unit_name":{"singular":null,"plural":null},"default_variation":{}},"tiered_pricing_minimum_quantity":null,"tiered_pricing_roles_data":[],"tiered_pricing_percentage_rules":[],"_links":{"self":[{"href":"https:\/\/yume-silm.com\/es\/wp-json\/wp\/v2\/product\/2869","targetHints":{"allow":["GET"]}}],"collection":[{"href":"https:\/\/yume-silm.com\/es\/wp-json\/wp\/v2\/product"}],"about":[{"href":"https:\/\/yume-silm.com\/es\/wp-json\/wp\/v2\/types\/product"}],"replies":[{"embeddable":true,"href":"https:\/\/yume-silm.com\/es\/wp-json\/wp\/v2\/comments?post=2869"}],"wp:featuredmedia":[{"embeddable":true,"href":"https:\/\/yume-silm.com\/es\/wp-json\/wp\/v2\/media\/2875"}],"wp:attachment":[{"href":"https:\/\/yume-silm.com\/es\/wp-json\/wp\/v2\/media?parent=2869"}],"wp:term":[{"taxonomy":"product_brand","embeddable":true,"href":"https:\/\/yume-silm.com\/es\/wp-json\/wp\/v2\/product_brand?post=2869"},{"taxonomy":"product_cat","embeddable":true,"href":"https:\/\/yume-silm.com\/es\/wp-json\/wp\/v2\/product_cat?post=2869"},{"taxonomy":"product_tag","embeddable":true,"href":"https:\/\/yume-silm.com\/es\/wp-json\/wp\/v2\/product_tag?post=2869"}],"curies":[{"name":"wp","href":"https:\/\/api.w.org\/{rel}","templated":true}]}}