{"id":2910,"date":"2023-05-16T03:13:01","date_gmt":"2023-05-16T03:13:01","guid":{"rendered":"https:\/\/yume-silm.com\/?post_type=product&#038;p=2910"},"modified":"2024-11-08T08:57:52","modified_gmt":"2024-11-08T08:57:52","slug":"chaleco-sin-costura-hombre-ultra-sudor-adelgazante","status":"publish","type":"product","link":"https:\/\/yume-silm.com\/es\/producto-2\/chaleco-sin-costura-hombre-ultra-sudor-adelgazante\/","title":{"rendered":"Venta al por mayor Chaleco en forma de I sin costuras para hombres: Faja ultradelgada para el cuerpo"},"content":{"rendered":"<h5>Caracteristicas de dise\u00f1o<\/h5>\n<ul>\n<li><strong>TELA DE CALIDAD PREMIUM:<\/strong> Este chaleco sin costuras en forma de I para hombre est\u00e1 hecho de una mezcla de spandex y nailon, inodoro, transpirable y con excelente elasticidad.<\/li>\n<li><strong>EFECTO INVISIBLE:<\/strong> El moldeador corporal sin mangas para hombres destaca por comprimir la parte superior del cuerpo para ocultar el exceso de grasa y restaurar una apariencia segura.<\/li>\n<li><strong>DISE\u00d1O ELEGANTE:<\/strong> El dise\u00f1o sin costuras del cors\u00e9 deportivo que absorbe el sudor garantiza una apariencia elegante debajo de cualquier atuendo, mientras que el tejido transpirable lo mantiene fresco durante el entrenamiento.<\/li>\n<li><strong>SOPORTE DE ESPALDA Y CENTRAL:<\/strong> Este chaleco delgado y transpirable sin costuras ayuda a mejorar la postura, reducir el estr\u00e9s en la espalda y mantener una buena forma.<\/li>\n<li><strong>DESGASTE VERS\u00c1TIL:<\/strong> La camiseta sin mangas moldeadora sin costuras en forma de I se adapta a la mayor\u00eda de la ropa de entrenamiento sudorosa, minimizando el rebote de grasa durante el ejercicio y mejorando la flexibilidad de las articulaciones.<\/li>\n<\/ul>\n<h6><em>Top moldeador de compresi\u00f3n sin costuras para hombre, moldeador de cuerpo delgado<\/em><\/h6>\n<ul>\n<li>Nuestro chaleco sin costuras en forma de I para hombre es una combinaci\u00f3n de estilo, comodidad y funcionalidad.<\/li>\n<li>Para los mayoristas que buscan ofrecer productos de primer nivel que resuenen con las \u00faltimas tendencias, esta camiseta sin mangas con forma invisible para hombre es imprescindible.<\/li>\n<li>Con opciones de personalizaci\u00f3n, una variedad de tama\u00f1os y la promesa de entrega r\u00e1pida, es una valiosa adici\u00f3n a su inventario.<\/li>\n<li>Sum\u00e9rgete en el mundo del comercio mayorista con esta pieza destacada. \u00a1Ordenar hoy!<\/li>\n<\/ul>","protected":false},"excerpt":{"rendered":"<p>Aumente su confianza con nuestro chaleco sin costuras en forma de I para hombre. Dise\u00f1ado para lograr un efecto ultrasudor y adelgazante, este moldeador corporal est\u00e1 confeccionado con una mezcla de spandex y nailon, lo que garantiza un ajuste c\u00f3modo y ce\u00f1ido. Perfecto para entrenamientos o uso diario, ofrece soporte para la espalda y el n\u00facleo, mejorando su f\u00edsico en general.<\/p>","protected":false},"featured_media":2915,"comment_status":"open","ping_status":"closed","template":"","meta":{"site-sidebar-layout":"default","site-content-layout":"default","ast-site-content-layout":"default","site-content-style":"default","site-sidebar-style":"default","ast-global-header-display":"","ast-banner-title-visibility":"","ast-main-header-display":"","ast-hfb-above-header-display":"","ast-hfb-below-header-display":"","ast-hfb-mobile-header-display":"","site-post-title":"","ast-breadcrumbs-content":"","ast-featured-img":"","footer-sml-layout":"","ast-disable-related-posts":"","theme-transparent-header-meta":"default","adv-header-id-meta":"","stick-header-meta":"default","header-above-stick-meta":"","header-main-stick-meta":"","header-below-stick-meta":"","astra-migrate-meta-layouts":"set","ast-page-background-enabled":"default","ast-page-background-meta":{"desktop":{"background-color":"","background-image":"","background-repeat":"repeat","background-position":"center center","background-size":"auto","background-attachment":"scroll","background-type":"","background-media":"","overlay-type":"","overlay-color":"","overlay-opacity":"","overlay-gradient":""},"tablet":{"background-color":"","background-image":"","background-repeat":"repeat","background-position":"center center","background-size":"auto","background-attachment":"scroll","background-type":"","background-media":"","overlay-type":"","overlay-color":"","overlay-opacity":"","overlay-gradient":""},"mobile":{"background-color":"","background-image":"","background-repeat":"repeat","background-position":"center center","background-size":"auto","background-attachment":"scroll","background-type":"","background-media":"","overlay-type":"","overlay-color":"","overlay-opacity":"","overlay-gradient":""}},"ast-content-background-meta":{"desktop":{"background-color":"var(--ast-global-color-5)","background-image":"","background-repeat":"repeat","background-position":"center center","background-size":"auto","background-attachment":"scroll","background-type":"","background-media":"","overlay-type":"","overlay-color":"","overlay-opacity":"","overlay-gradient":""},"tablet":{"background-color":"var(--ast-global-color-5)","background-image":"","background-repeat":"repeat","background-position":"center center","background-size":"auto","background-attachment":"scroll","background-type":"","background-media":"","overlay-type":"","overlay-color":"","overlay-opacity":"","overlay-gradient":""},"mobile":{"background-color":"var(--ast-global-color-5)","background-image":"","background-repeat":"repeat","background-position":"center center","background-size":"auto","background-attachment":"scroll","background-type":"","background-media":"","overlay-type":"","overlay-color":"","overlay-opacity":"","overlay-gradient":""}}},"product_brand":[],"product_cat":[65,76,85,86],"product_tag":[135,136,139,148,134],"class_list":{"0":"post-2910","1":"product","2":"type-product","3":"status-publish","4":"has-post-thumbnail","6":"product_cat-best-sellers","7":"product_cat-new-arrivels","8":"product_cat-wholesale-mens-shapewear","9":"product_cat-wholesale-men-sliming-vest","10":"product_tag-all-in-one","11":"product_tag-bridal","12":"product_tag-high-waist","13":"product_tag-one-piece","14":"product_tag-tummy-tucker","15":"pa_color-black","16":"pa_color-gray","17":"pa_color-white","18":"pa_size-l","19":"pa_size-m","20":"pa_size-s","21":"pa_size-xl","22":"pa_size-xxl","23":"desktop-align-center","24":"tablet-align-left","25":"mobile-align-left","26":"ast-product-gallery-layout-horizontal-slider","27":"ast-product-single-variable","28":"ast-product-tabs-layout-horizontal","29":"ast-qv-on-image","31":"first","32":"instock","33":"shipping-taxable","34":"purchasable","35":"product-type-variable"},"tiered_pricing_type":"fixed","tiered_pricing_fixed_rules":{"5":4.69,"50":4.2,"100":3.88},"tiered_pricing_product_settings":{"layout":"default","base_unit_name":{"singular":null,"plural":null},"default_variation":{}},"tiered_pricing_minimum_quantity":null,"tiered_pricing_roles_data":[],"tiered_pricing_percentage_rules":[],"_links":{"self":[{"href":"https:\/\/yume-silm.com\/es\/wp-json\/wp\/v2\/product\/2910","targetHints":{"allow":["GET"]}}],"collection":[{"href":"https:\/\/yume-silm.com\/es\/wp-json\/wp\/v2\/product"}],"about":[{"href":"https:\/\/yume-silm.com\/es\/wp-json\/wp\/v2\/types\/product"}],"replies":[{"embeddable":true,"href":"https:\/\/yume-silm.com\/es\/wp-json\/wp\/v2\/comments?post=2910"}],"wp:featuredmedia":[{"embeddable":true,"href":"https:\/\/yume-silm.com\/es\/wp-json\/wp\/v2\/media\/2915"}],"wp:attachment":[{"href":"https:\/\/yume-silm.com\/es\/wp-json\/wp\/v2\/media?parent=2910"}],"wp:term":[{"taxonomy":"product_brand","embeddable":true,"href":"https:\/\/yume-silm.com\/es\/wp-json\/wp\/v2\/product_brand?post=2910"},{"taxonomy":"product_cat","embeddable":true,"href":"https:\/\/yume-silm.com\/es\/wp-json\/wp\/v2\/product_cat?post=2910"},{"taxonomy":"product_tag","embeddable":true,"href":"https:\/\/yume-silm.com\/es\/wp-json\/wp\/v2\/product_tag?post=2910"}],"curies":[{"name":"wp","href":"https:\/\/api.w.org\/{rel}","templated":true}]}}