{"id":2939,"date":"2023-05-16T03:57:37","date_gmt":"2023-05-16T03:57:37","guid":{"rendered":"https:\/\/yume-silm.com\/?post_type=product&#038;p=2939"},"modified":"2024-06-19T06:02:50","modified_gmt":"2024-06-19T06:02:50","slug":"cinturon-de-cintura-alta-3-en-1-con-diseno-en-relieve-y-tira-de-velcro","status":"publish","type":"product","link":"https:\/\/yume-silm.com\/es\/producto-2\/cinturon-de-cintura-alta-3-en-1-con-diseno-en-relieve-y-tira-de-velcro\/","title":{"rendered":"Venta al por mayor Recortadora de cintura y muslos 3 en 1 de cintura alta"},"content":{"rendered":"<h5>Caracteristicas de dise\u00f1o<\/h5>\n<ul>\n<li><strong>DISE\u00d1O TRES EN UNO:<\/strong> Lo suficientemente vers\u00e1til como para adaptarse a la compresi\u00f3n de cintura, piernas y abdomen simult\u00e1neamente, este recortador de muslos de cintura alta ampliar\u00e1 su alcance en el mercado y aumentar\u00e1 su potencial de ventas.<\/li>\n<li><strong>DISE\u00d1O DE CINTURA ALTA:<\/strong> El entrenador de cintura para bajar de peso para mujeres tiene un excelente control del abdomen, lo que garantiza una silueta elegante, lo que lo convierte en un producto buscado en el mercado.<\/li>\n<li><strong>DISE\u00d1O EN RELIEVE:<\/strong> El toque delicado del recortador de cintura y muslos 3 en 1 de cintura alta atrae a los clientes preocupados por el estilo y mejora la imagen de moda de su gama de productos.<\/li>\n<li><strong>VELCRO FUERTE:<\/strong> El adelgazador de cintura con elevaci\u00f3n de cadera para quemar grasa garantiza un ajuste seguro y un rendimiento duradero, lo que mejora su reputaci\u00f3n como proveedor de productos duraderos y de alta calidad.<\/li>\n<li><strong>MIRADA CON ESTILO:<\/strong> El atractivo est\u00e9tico \u00fanico de nuestra colecci\u00f3n de fajas reductoras de cintura y muslos hace que su l\u00ednea de productos se destaque en un mercado competitivo.<\/li>\n<\/ul>\n<h6><em>Recortador de cintura y piernas 3 en 1 y entrenador de cintura levantador de gl\u00fateos para perder peso para mujeres<\/em><\/h6>\n<ul>\n<li>Nuestro recortador de cintura y muslos 3 en 1 de cintura alta es una combinaci\u00f3n de estilo, comodidad y funcionalidad.<\/li>\n<li>Para los mayoristas que buscan ofrecer productos de primer nivel que resuenen con las \u00faltimas tendencias, este moderno moldeador de fitness es imprescindible.<\/li>\n<li>Con opciones de personalizaci\u00f3n, una variedad de tama\u00f1os y la promesa de entrega r\u00e1pida, es una valiosa adici\u00f3n a su inventario.<\/li>\n<li>Sum\u00e9rgete en el mundo de la venta al por mayor con este destacado recortador de cintura y muslos. \u00a1Ordenar hoy!<\/li>\n<\/ul>","protected":false},"excerpt":{"rendered":"<ul>\n<li>Eleve su inventario con nuestro recortador de cintura y muslos 3 en 1 de cintura alta para hombres y mujeres.<\/li>\n<li>Esta banda para el sudor moldeadora de cuerpo cuenta con un dise\u00f1o en relieve, velcro resistente y una apariencia inclinada, lo que garantiza estilo y comodidad para sus clientes.<\/li>\n<\/ul>","protected":false},"featured_media":2953,"comment_status":"open","ping_status":"closed","template":"","meta":{"site-sidebar-layout":"default","site-content-layout":"default","ast-site-content-layout":"default","site-content-style":"default","site-sidebar-style":"default","ast-global-header-display":"","ast-banner-title-visibility":"","ast-main-header-display":"","ast-hfb-above-header-display":"","ast-hfb-below-header-display":"","ast-hfb-mobile-header-display":"","site-post-title":"","ast-breadcrumbs-content":"","ast-featured-img":"","footer-sml-layout":"","ast-disable-related-posts":"","theme-transparent-header-meta":"default","adv-header-id-meta":"","stick-header-meta":"default","header-above-stick-meta":"","header-main-stick-meta":"","header-below-stick-meta":"","astra-migrate-meta-layouts":"set","ast-page-background-enabled":"default","ast-page-background-meta":{"desktop":{"background-color":"","background-image":"","background-repeat":"repeat","background-position":"center center","background-size":"auto","background-attachment":"scroll","background-type":"","background-media":"","overlay-type":"","overlay-color":"","overlay-opacity":"","overlay-gradient":""},"tablet":{"background-color":"","background-image":"","background-repeat":"repeat","background-position":"center center","background-size":"auto","background-attachment":"scroll","background-type":"","background-media":"","overlay-type":"","overlay-color":"","overlay-opacity":"","overlay-gradient":""},"mobile":{"background-color":"","background-image":"","background-repeat":"repeat","background-position":"center center","background-size":"auto","background-attachment":"scroll","background-type":"","background-media":"","overlay-type":"","overlay-color":"","overlay-opacity":"","overlay-gradient":""}},"ast-content-background-meta":{"desktop":{"background-color":"var(--ast-global-color-5)","background-image":"","background-repeat":"repeat","background-position":"center center","background-size":"auto","background-attachment":"scroll","background-type":"","background-media":"","overlay-type":"","overlay-color":"","overlay-opacity":"","overlay-gradient":""},"tablet":{"background-color":"var(--ast-global-color-5)","background-image":"","background-repeat":"repeat","background-position":"center center","background-size":"auto","background-attachment":"scroll","background-type":"","background-media":"","overlay-type":"","overlay-color":"","overlay-opacity":"","overlay-gradient":""},"mobile":{"background-color":"var(--ast-global-color-5)","background-image":"","background-repeat":"repeat","background-position":"center center","background-size":"auto","background-attachment":"scroll","background-type":"","background-media":"","overlay-type":"","overlay-color":"","overlay-opacity":"","overlay-gradient":""}}},"product_brand":[],"product_cat":[76,65,90,94],"product_tag":[643,642,139,215,641,134],"class_list":{"0":"post-2939","1":"product","2":"type-product","3":"status-publish","4":"has-post-thumbnail","6":"product_cat-new-arrivels","7":"product_cat-best-sellers","8":"product_cat-wholesale-waist-trainer","9":"product_cat-n-in-1-waist-trainer","10":"product_tag-3-in-1","11":"product_tag-embossed-design","12":"product_tag-high-waist","13":"product_tag-snatched","14":"product_tag-strong-velcro","15":"product_tag-tummy-tucker","16":"pa_color-black","17":"pa_color-pink","18":"pa_color-yellow","19":"pa_size-l-xl","20":"pa_size-s-m","21":"pa_size-xxl-xxxl","22":"desktop-align-center","23":"tablet-align-left","24":"mobile-align-left","25":"ast-product-gallery-layout-horizontal-slider","26":"ast-product-single-variable","27":"ast-product-tabs-layout-horizontal","28":"ast-qv-on-image","30":"first","31":"instock","32":"shipping-taxable","33":"purchasable","34":"product-type-variable"},"tiered_pricing_type":"fixed","tiered_pricing_fixed_rules":{"2":3.59,"50":3.29,"300":3.09},"tiered_pricing_product_settings":{"layout":"default","base_unit_name":{"singular":null,"plural":null},"default_variation":{}},"tiered_pricing_minimum_quantity":null,"tiered_pricing_roles_data":[],"tiered_pricing_percentage_rules":[],"_links":{"self":[{"href":"https:\/\/yume-silm.com\/es\/wp-json\/wp\/v2\/product\/2939","targetHints":{"allow":["GET"]}}],"collection":[{"href":"https:\/\/yume-silm.com\/es\/wp-json\/wp\/v2\/product"}],"about":[{"href":"https:\/\/yume-silm.com\/es\/wp-json\/wp\/v2\/types\/product"}],"replies":[{"embeddable":true,"href":"https:\/\/yume-silm.com\/es\/wp-json\/wp\/v2\/comments?post=2939"}],"wp:featuredmedia":[{"embeddable":true,"href":"https:\/\/yume-silm.com\/es\/wp-json\/wp\/v2\/media\/2953"}],"wp:attachment":[{"href":"https:\/\/yume-silm.com\/es\/wp-json\/wp\/v2\/media?parent=2939"}],"wp:term":[{"taxonomy":"product_brand","embeddable":true,"href":"https:\/\/yume-silm.com\/es\/wp-json\/wp\/v2\/product_brand?post=2939"},{"taxonomy":"product_cat","embeddable":true,"href":"https:\/\/yume-silm.com\/es\/wp-json\/wp\/v2\/product_cat?post=2939"},{"taxonomy":"product_tag","embeddable":true,"href":"https:\/\/yume-silm.com\/es\/wp-json\/wp\/v2\/product_tag?post=2939"}],"curies":[{"name":"wp","href":"https:\/\/api.w.org\/{rel}","templated":true}]}}